{"id":4610,"date":"2022-06-02T10:45:58","date_gmt":"2022-06-02T08:45:58","guid":{"rendered":"https:\/\/visitvinkovci.com\/?page_id=4610"},"modified":"2022-07-14T07:57:32","modified_gmt":"2022-07-14T05:57:32","slug":"digitalna-pristupacnost","status":"publish","type":"page","link":"https:\/\/visitvinkovci.com\/en\/digitalna-pristupacnost\/","title":{"rendered":"Digital accessibility"},"content":{"rendered":"<section class=\"l-section wpb_row height_large width_full\"><div class=\"l-section-overlay\" style=\"background:rgba(26,26,26,0.40)\"><\/div><div class=\"l-section-h i-cf\"><div class=\"g-cols vc_row via_flex valign_middle type_default\"><div class=\"vc_col-sm-12 wpb_column vc_column_container\"><div class=\"vc_column-inner\"><div class=\"wpb_wrapper\"><h1 class=\"w-post-elm post_title us_custom_836f727b has_text_color align_center entry-title color_link_inherit\">Digital accessibility<\/h1><\/div><\/div><\/div><\/div><\/div><\/section>\n<section class=\"l-section wpb_row height_medium\"><div class=\"l-section-h i-cf\"><div class=\"g-cols vc_row via_flex valign_top type_default\"><div class=\"vc_col-sm-12 wpb_column vc_column_container\"><div class=\"vc_column-inner\"><div class=\"wpb_wrapper\"><div class=\"wpb_text_column\"><div class=\"wpb_wrapper\"><p>Tourist Board Vinkovci is obliged to ensure the accessibility of its online location in accordance with the Act on Accessibility of Websites and Software Solutions for Mobile Devices of Public Sector Bodies of the Republic of Croatia (Official Gazette 17\/19) of 23 September 2020., which transposes into national legislation the Directive (EU) 2016\/2102 of the European Parliament and the Council on the accessibility of websites and mobile applications of public sector bodies.<\/p>\n<p>This Accessibility Statement applies to the website<br \/>\n<a href=\"https:\/\/visitvinkovci.com\/en\/\">www.visitvinkovci.com<\/a> .<\/p>\n<h3>Degree of compliance<\/h3>\n<p>This network location is partially compliant with the Accessibility of Websites and Software Solutions for Public Sector Bodies Act due to the non-compliances listed below.<\/p>\n<h3>Inaccessible content<\/h3>\n<p>Exceptions to compliance are reflected in the following:<\/p>\n<ul>\n<li>some images and files do not have an appropriate text description (alt text) associated with them<\/li>\n<li>there are some images that have textual content and are not logos<\/li>\n<li>there is no possibility to change the contrast using the link on the page<\/li>\n<li>there is no possibility to increase\/decrease the font size using the link on the page<\/li>\n<li>there is no option to change the font type for easier readability for users with dyslexia<\/li>\n<li>access to individual sections of the submenu is partial and via the keyboard is partially possible<\/li>\n<li>some of the documents in .pdf format are not readable for screen readers because they are available in an image format that screen readers cannot read<\/li>\n<li>pdf files open in a new window (tab) of the browser, and .doc and .ppt files are only available as downloadable files<\/li>\n<li>some links is not underlined<\/li>\n<\/ul>\n<h3>Raising the level of accessibility<\/h3>\n<p>Tourist Board Vinkovci continues to constantly improve the accessibility of its websites and services so that people with certain disabilities, the elderly, or people with certain impairments in perception can use the websites without hindrance.<\/p>\n<p>Despite our efforts to make the contents of the website www.visitvinkovci.com accessible, some contents may not yet be fully adapted to the strictest accessibility standards. This may be the result of not finding or the current non-existence of the most appropriate and optimal technological solution.<\/p>\n<p>In the further upgrade of the website www.visitvinkovci.com, recommendations for improving accessibility will be implemented and efforts will be made to raise the level of accessibility as much as possible.<\/p>\n<h3>Preparation of this Accessibility Statement<\/h3>\n<p>This Statement was made on September 18, 2020, based on a self-assessment conducted by Tourist Board Vinkovci and with an automated accessibility check using WAVE Web Accessibility Evaluation Tool.<\/p>\n<p>Tourist Board Vinkovci will regularly revise this statement after removing the reasons why certain contents were inaccessible.<\/p>\n<h3>Feedback and contract data<\/h3>\n<p>We ask the users of these websites to inform Tourist Board Vinkovci if they notice any inconsistent content, which is not covered by this statement.<\/p>\n<p>By submitting a request to Tourist Board Vinkovci, you can receive feedback and\/or report observed irregularities in terms of the Act on Accessibility of Websites and Software Solutions for Mobile Devices of Public Sector Bodies (Official Gazette 17\/19) and Directive (EU) 2016\/2012 of the European Parliament and Council.<\/p>\n<p>You can submit a request to the information officer at Tourist Board Vinkovci:<\/p>\n<p>by phone number: 032 334 653<br \/>\nemail: info@visitvinkovci.com<br \/>\nmail address: Turisti\u010dka zajednica Vinkovci,<br \/>\nTrg bana Josipa \u0160ok\u010devi\u0107a 4, 32 100 Vinkovci<\/p>\n<h3>Procedure for monitoring the implementation of regulations<\/h3>\n<p>Supervision of the implementation of the Act on Accessibility of Websites and Software Solutions for Mobile Devices of Public Sector Bodies (Official Gazette 17\/19) is carried out by the Information Commissioner of the Republic of Croatia.<\/p>\n<p>Inspectors and other authorized officials of the Commissioner\u2019s Office carry out inspection supervision of the implementation of the Act on the Accessibility of Websites and Software Solutions for Mobile Devices of Public Sector Bodies (Official Gazette 17\/19).<\/p>\n<p>The provisions of the Law on the Right to Access to Information (Official Gazette 25\/13 and 85\/15) are applied to supervision.<\/p>\n<h3>Contact:<\/h3>\n<p>Information Commissioner<br \/>\nTrg \u017ertava fa\u0161izma 3, 10000 Zagreb<br \/>\nTelephone: 01 4609 041<br \/>\nFax: 01 4609 096<br \/>\nE-mail: <a href=\"mailto:ppi@pristupinfo.hr\">ppi@pristupinfo.hr<\/a><br \/>\n<a href=\"http:\/\/www.pristupinfo.hr\" target=\"_blank\" rel=\"noopener\">www.pristupinfo.hr<\/a><\/p>\n<\/div><\/div><\/div><\/div><\/div><\/div><\/div><\/section>","protected":false},"excerpt":{"rendered":"Digitalna pristupa\u010dnost Turisti\u010dka zajednica Vinkovci obvezna je osigurati pristupa\u010dnost svoje mre\u017ene lokacije u skladu sa Zakonom o pristupa\u010dnosti mre\u017enih stranica i programskih rje\u0161enja za pokretne ure\u0111aje tijela javnog sektora Republike...","protected":false},"author":1,"featured_media":5264,"parent":0,"menu_order":0,"comment_status":"closed","ping_status":"closed","template":"","meta":{"footnotes":""},"class_list":["post-4610","page","type-page","status-publish","has-post-thumbnail","hentry"],"acf":[],"yoast_head":"<!-- This site is optimized with the Yoast SEO plugin v27.4 - https:\/\/yoast.com\/product\/yoast-seo-wordpress\/ -->\n<title>Visit Vinkovci<\/title>\n<meta name=\"description\" content=\"Turisti\u010dka zajednica grada Vinkovaca je organizacija koja djeluje po na\u010delu destinacijskog menad\u017ementa, a osnovana je radi promicanja i razvoja turizma Republike Hrvatske i gospodarskih interesa pravnih i fizi\u010dkih osoba koje pru\u017eaju ugostiteljske usluge i usluge u turizmu ili obavljaju drugu djelatnost neposredno povezanu s turizmom na na\u010din da upravljaju destinacijom na razini grada Vinkovaca.\" \/>\n<meta name=\"robots\" content=\"index, follow, max-snippet:-1, max-image-preview:large, max-video-preview:-1\" \/>\n<link rel=\"canonical\" href=\"https:\/\/visitvinkovci.com\/en\/digitalna-pristupacnost\/\" \/>\n<meta property=\"og:locale\" content=\"en_GB\" \/>\n<meta property=\"og:type\" content=\"article\" \/>\n<meta property=\"og:title\" content=\"Visit Vinkovci\" \/>\n<meta property=\"og:description\" content=\"Turisti\u010dka zajednica grada Vinkovaca je organizacija koja djeluje po na\u010delu destinacijskog menad\u017ementa, a osnovana je radi promicanja i razvoja turizma Republike Hrvatske i gospodarskih interesa pravnih i fizi\u010dkih osoba koje pru\u017eaju ugostiteljske usluge i usluge u turizmu ili obavljaju drugu djelatnost neposredno povezanu s turizmom na na\u010din da upravljaju destinacijom na razini grada Vinkovaca.\" \/>\n<meta property=\"og:url\" content=\"https:\/\/visitvinkovci.com\/en\/digitalna-pristupacnost\/\" \/>\n<meta property=\"og:site_name\" content=\"Visit Vinkovci\" \/>\n<meta property=\"article:publisher\" content=\"https:\/\/www.facebook.com\/visitvinkovci\/\" \/>\n<meta property=\"article:modified_time\" content=\"2022-07-14T05:57:32+00:00\" \/>\n<meta property=\"og:image\" content=\"https:\/\/visitvinkovci.com\/wp-content\/uploads\/2022\/06\/o-namadokumentiGDPR-digitalna-pristupacnostpravo-na-pristup-info-1.jpg\" \/>\n\t<meta property=\"og:image:width\" content=\"2000\" \/>\n\t<meta property=\"og:image:height\" content=\"1600\" \/>\n\t<meta property=\"og:image:type\" content=\"image\/jpeg\" \/>\n<meta name=\"twitter:card\" content=\"summary_large_image\" \/>\n<meta name=\"twitter:label1\" content=\"Estimated reading time\" \/>\n\t<meta name=\"twitter:data1\" content=\"3 minutes\" \/>\n<script type=\"application\/ld+json\" class=\"yoast-schema-graph\">{\"@context\":\"https:\\\/\\\/schema.org\",\"@graph\":[{\"@type\":\"WebPage\",\"@id\":\"https:\\\/\\\/visitvinkovci.com\\\/digitalna-pristupacnost\\\/\",\"url\":\"https:\\\/\\\/visitvinkovci.com\\\/digitalna-pristupacnost\\\/\",\"name\":\"Visit Vinkovci\",\"isPartOf\":{\"@id\":\"https:\\\/\\\/visitvinkovci.com\\\/de\\\/#website\"},\"primaryImageOfPage\":{\"@id\":\"https:\\\/\\\/visitvinkovci.com\\\/digitalna-pristupacnost\\\/#primaryimage\"},\"image\":{\"@id\":\"https:\\\/\\\/visitvinkovci.com\\\/digitalna-pristupacnost\\\/#primaryimage\"},\"thumbnailUrl\":\"https:\\\/\\\/visitvinkovci.com\\\/wp-content\\\/uploads\\\/2022\\\/06\\\/o-namadokumentiGDPR-digitalna-pristupacnostpravo-na-pristup-info-1.jpg\",\"datePublished\":\"2022-06-02T08:45:58+00:00\",\"dateModified\":\"2022-07-14T05:57:32+00:00\",\"description\":\"Turisti\u010dka zajednica grada Vinkovaca je organizacija koja djeluje po na\u010delu destinacijskog menad\u017ementa, a osnovana je radi promicanja i razvoja turizma Republike Hrvatske i gospodarskih interesa pravnih i fizi\u010dkih osoba koje pru\u017eaju ugostiteljske usluge i usluge u turizmu ili obavljaju drugu djelatnost neposredno povezanu s turizmom na na\u010din da upravljaju destinacijom na razini grada Vinkovaca.\",\"breadcrumb\":{\"@id\":\"https:\\\/\\\/visitvinkovci.com\\\/digitalna-pristupacnost\\\/#breadcrumb\"},\"inLanguage\":\"en-GB\",\"potentialAction\":[{\"@type\":\"ReadAction\",\"target\":[\"https:\\\/\\\/visitvinkovci.com\\\/digitalna-pristupacnost\\\/\"]}]},{\"@type\":\"ImageObject\",\"inLanguage\":\"en-GB\",\"@id\":\"https:\\\/\\\/visitvinkovci.com\\\/digitalna-pristupacnost\\\/#primaryimage\",\"url\":\"https:\\\/\\\/visitvinkovci.com\\\/wp-content\\\/uploads\\\/2022\\\/06\\\/o-namadokumentiGDPR-digitalna-pristupacnostpravo-na-pristup-info-1.jpg\",\"contentUrl\":\"https:\\\/\\\/visitvinkovci.com\\\/wp-content\\\/uploads\\\/2022\\\/06\\\/o-namadokumentiGDPR-digitalna-pristupacnostpravo-na-pristup-info-1.jpg\",\"width\":2000,\"height\":1600},{\"@type\":\"BreadcrumbList\",\"@id\":\"https:\\\/\\\/visitvinkovci.com\\\/digitalna-pristupacnost\\\/#breadcrumb\",\"itemListElement\":[{\"@type\":\"ListItem\",\"position\":1,\"name\":\"Home\",\"item\":\"https:\\\/\\\/visitvinkovci.com\\\/\"},{\"@type\":\"ListItem\",\"position\":2,\"name\":\"Digitalna pristupa\u010dnost\"}]},{\"@type\":\"WebSite\",\"@id\":\"https:\\\/\\\/visitvinkovci.com\\\/de\\\/#website\",\"url\":\"https:\\\/\\\/visitvinkovci.com\\\/de\\\/\",\"name\":\"Visit Vinkovci\",\"description\":\"\",\"publisher\":{\"@id\":\"https:\\\/\\\/visitvinkovci.com\\\/de\\\/#organization\"},\"alternateName\":\"VisitVk\",\"potentialAction\":[{\"@type\":\"SearchAction\",\"target\":{\"@type\":\"EntryPoint\",\"urlTemplate\":\"https:\\\/\\\/visitvinkovci.com\\\/de\\\/?s={search_term_string}\"},\"query-input\":{\"@type\":\"PropertyValueSpecification\",\"valueRequired\":true,\"valueName\":\"search_term_string\"}}],\"inLanguage\":\"en-GB\"},{\"@type\":\"Organization\",\"@id\":\"https:\\\/\\\/visitvinkovci.com\\\/de\\\/#organization\",\"name\":\"Visit Vinkovci\",\"alternateName\":\"Visitvk\",\"url\":\"https:\\\/\\\/visitvinkovci.com\\\/de\\\/\",\"logo\":{\"@type\":\"ImageObject\",\"inLanguage\":\"en-GB\",\"@id\":\"https:\\\/\\\/visitvinkovci.com\\\/de\\\/#\\\/schema\\\/logo\\\/image\\\/\",\"url\":\"https:\\\/\\\/visitvinkovci.com\\\/wp-content\\\/uploads\\\/2022\\\/01\\\/Vinkovci_Logo_Central_HR_COLOR.png\",\"contentUrl\":\"https:\\\/\\\/visitvinkovci.com\\\/wp-content\\\/uploads\\\/2022\\\/01\\\/Vinkovci_Logo_Central_HR_COLOR.png\",\"width\":400,\"height\":314,\"caption\":\"Visit Vinkovci\"},\"image\":{\"@id\":\"https:\\\/\\\/visitvinkovci.com\\\/de\\\/#\\\/schema\\\/logo\\\/image\\\/\"},\"sameAs\":[\"https:\\\/\\\/www.facebook.com\\\/visitvinkovci\\\/\"]}]}<\/script>\n<!-- \/ Yoast SEO plugin. -->","yoast_head_json":{"title":"Visit Vinkovci","description":"The Tourist Board of the town of Vinkovci is an organization that operates according to the principle of destination management and was founded to promote and develop tourism in the Republic of Croatia and for the economic interests of legal and natural persons who provide hospitality and tourism services or perform other activities directly related to tourism in such a way that they manage destination at the municipal level of Vinkovci.","robots":{"index":"index","follow":"follow","max-snippet":"max-snippet:-1","max-image-preview":"max-image-preview:large","max-video-preview":"max-video-preview:-1"},"canonical":"https:\/\/visitvinkovci.com\/en\/digitalna-pristupacnost\/","og_locale":"en_GB","og_type":"article","og_title":"Visit Vinkovci","og_description":"Turisti\u010dka zajednica grada Vinkovaca je organizacija koja djeluje po na\u010delu destinacijskog menad\u017ementa, a osnovana je radi promicanja i razvoja turizma Republike Hrvatske i gospodarskih interesa pravnih i fizi\u010dkih osoba koje pru\u017eaju ugostiteljske usluge i usluge u turizmu ili obavljaju drugu djelatnost neposredno povezanu s turizmom na na\u010din da upravljaju destinacijom na razini grada Vinkovaca.","og_url":"https:\/\/visitvinkovci.com\/en\/digitalna-pristupacnost\/","og_site_name":"Visit Vinkovci","article_publisher":"https:\/\/www.facebook.com\/visitvinkovci\/","article_modified_time":"2022-07-14T05:57:32+00:00","og_image":[{"width":2000,"height":1600,"url":"https:\/\/visitvinkovci.com\/wp-content\/uploads\/2022\/06\/o-namadokumentiGDPR-digitalna-pristupacnostpravo-na-pristup-info-1.jpg","type":"image\/jpeg"}],"twitter_card":"summary_large_image","twitter_misc":{"Estimated reading time":"3 minutes"},"schema":{"@context":"https:\/\/schema.org","@graph":[{"@type":"WebPage","@id":"https:\/\/visitvinkovci.com\/digitalna-pristupacnost\/","url":"https:\/\/visitvinkovci.com\/digitalna-pristupacnost\/","name":"Visit Vinkovci","isPartOf":{"@id":"https:\/\/visitvinkovci.com\/de\/#website"},"primaryImageOfPage":{"@id":"https:\/\/visitvinkovci.com\/digitalna-pristupacnost\/#primaryimage"},"image":{"@id":"https:\/\/visitvinkovci.com\/digitalna-pristupacnost\/#primaryimage"},"thumbnailUrl":"https:\/\/visitvinkovci.com\/wp-content\/uploads\/2022\/06\/o-namadokumentiGDPR-digitalna-pristupacnostpravo-na-pristup-info-1.jpg","datePublished":"2022-06-02T08:45:58+00:00","dateModified":"2022-07-14T05:57:32+00:00","description":"The Tourist Board of the town of Vinkovci is an organization that operates according to the principle of destination management and was founded to promote and develop tourism in the Republic of Croatia and for the economic interests of legal and natural persons who provide hospitality and tourism services or perform other activities directly related to tourism in such a way that they manage destination at the municipal level of Vinkovci.","breadcrumb":{"@id":"https:\/\/visitvinkovci.com\/digitalna-pristupacnost\/#breadcrumb"},"inLanguage":"en-GB","potentialAction":[{"@type":"ReadAction","target":["https:\/\/visitvinkovci.com\/digitalna-pristupacnost\/"]}]},{"@type":"ImageObject","inLanguage":"en-GB","@id":"https:\/\/visitvinkovci.com\/digitalna-pristupacnost\/#primaryimage","url":"https:\/\/visitvinkovci.com\/wp-content\/uploads\/2022\/06\/o-namadokumentiGDPR-digitalna-pristupacnostpravo-na-pristup-info-1.jpg","contentUrl":"https:\/\/visitvinkovci.com\/wp-content\/uploads\/2022\/06\/o-namadokumentiGDPR-digitalna-pristupacnostpravo-na-pristup-info-1.jpg","width":2000,"height":1600},{"@type":"BreadcrumbList","@id":"https:\/\/visitvinkovci.com\/digitalna-pristupacnost\/#breadcrumb","itemListElement":[{"@type":"ListItem","position":1,"name":"Home","item":"https:\/\/visitvinkovci.com\/"},{"@type":"ListItem","position":2,"name":"Digitalna pristupa\u010dnost"}]},{"@type":"WebSite","@id":"https:\/\/visitvinkovci.com\/de\/#website","url":"https:\/\/visitvinkovci.com\/de\/","name":"Visit Vinkovci","description":"","publisher":{"@id":"https:\/\/visitvinkovci.com\/de\/#organization"},"alternateName":"VisitVk","potentialAction":[{"@type":"SearchAction","target":{"@type":"EntryPoint","urlTemplate":"https:\/\/visitvinkovci.com\/de\/?s={search_term_string}"},"query-input":{"@type":"PropertyValueSpecification","valueRequired":true,"valueName":"search_term_string"}}],"inLanguage":"en-GB"},{"@type":"Organization","@id":"https:\/\/visitvinkovci.com\/de\/#organization","name":"Visit Vinkovci","alternateName":"Visitvk","url":"https:\/\/visitvinkovci.com\/de\/","logo":{"@type":"ImageObject","inLanguage":"en-GB","@id":"https:\/\/visitvinkovci.com\/de\/#\/schema\/logo\/image\/","url":"https:\/\/visitvinkovci.com\/wp-content\/uploads\/2022\/01\/Vinkovci_Logo_Central_HR_COLOR.png","contentUrl":"https:\/\/visitvinkovci.com\/wp-content\/uploads\/2022\/01\/Vinkovci_Logo_Central_HR_COLOR.png","width":400,"height":314,"caption":"Visit Vinkovci"},"image":{"@id":"https:\/\/visitvinkovci.com\/de\/#\/schema\/logo\/image\/"},"sameAs":["https:\/\/www.facebook.com\/visitvinkovci\/"]}]}},"_links":{"self":[{"href":"https:\/\/visitvinkovci.com\/en\/wp-json\/wp\/v2\/pages\/4610","targetHints":{"allow":["GET"]}}],"collection":[{"href":"https:\/\/visitvinkovci.com\/en\/wp-json\/wp\/v2\/pages"}],"about":[{"href":"https:\/\/visitvinkovci.com\/en\/wp-json\/wp\/v2\/types\/page"}],"author":[{"embeddable":true,"href":"https:\/\/visitvinkovci.com\/en\/wp-json\/wp\/v2\/users\/1"}],"replies":[{"embeddable":true,"href":"https:\/\/visitvinkovci.com\/en\/wp-json\/wp\/v2\/comments?post=4610"}],"version-history":[{"count":3,"href":"https:\/\/visitvinkovci.com\/en\/wp-json\/wp\/v2\/pages\/4610\/revisions"}],"predecessor-version":[{"id":5385,"href":"https:\/\/visitvinkovci.com\/en\/wp-json\/wp\/v2\/pages\/4610\/revisions\/5385"}],"wp:featuredmedia":[{"embeddable":true,"href":"https:\/\/visitvinkovci.com\/en\/wp-json\/wp\/v2\/media\/5264"}],"wp:attachment":[{"href":"https:\/\/visitvinkovci.com\/en\/wp-json\/wp\/v2\/media?parent=4610"}],"curies":[{"name":"wp","href":"https:\/\/api.w.org\/{rel}","templated":true}]}}