{"id":4507,"date":"2022-05-25T10:38:07","date_gmt":"2022-05-25T08:38:07","guid":{"rendered":"https:\/\/visitvinkovci.com\/?page_id=4507"},"modified":"2022-07-14T07:54:28","modified_gmt":"2022-07-14T05:54:28","slug":"dan-u-vinkovcima","status":"publish","type":"page","link":"https:\/\/visitvinkovci.com\/en\/dozivite\/dan-u-vinkovcima\/","title":{"rendered":"A day in Vinkovci"},"content":{"rendered":"<section class=\"l-section wpb_row height_large full_height valign_center width_full\"><div class=\"l-section-overlay\" style=\"background:rgba(26,26,26,0.40)\"><\/div><div class=\"l-section-h i-cf\"><div class=\"g-cols vc_row via_flex valign_middle type_default\"><div class=\"vc_col-sm-12 wpb_column vc_column_container\"><div class=\"vc_column-inner\"><div class=\"wpb_wrapper\"><h1 class=\"w-post-elm post_title us_custom_836f727b has_text_color align_center entry-title color_link_inherit\">A day in Vinkovci<\/h1><\/div><\/div><\/div><\/div><\/div><\/section>\n<section class=\"l-section wpb_row height_medium\"><div class=\"l-section-h i-cf\"><div class=\"g-cols vc_row via_flex valign_top type_default\"><div class=\"vc_col-sm-12 wpb_column vc_column_container\"><div class=\"vc_column-inner\"><div class=\"wpb_wrapper\"><div class=\"wpb_text_column\"><div class=\"wpb_wrapper\"><p>If you only have one day to spend in Vinkovci, start your tour from the main park in Vinkovci \u2013 there you can visit the Town Museum and observe the Church of Sts. Eusebius and Polion. Then you can continue your walk towards the bridge on the Bosut River and along the river towards Krnja\u0161 \u2013 the last \u0160okci-street in Vinkovci. You should definitively go down to the Bosut River, listen to the sound of sedge and experience the calming effect of this slow river.<\/p>\n<p>Krnja\u0161 is the place where the birthplace of Ivan Kozarac is located, as well as a monument to the platonic love of the Vinkovci version of Romeo and Juliet. From Ivan Kozarac street, turn into Josip Kozarac street, then left \u2013 from the back side of the town cemetery, you are on the way to Banja \u2013 the favourite swimming place in Vinkovci.<\/p>\n<p>If you visit the town in winter, you can immediately go to the Gothic Church at Meraja, and then through Gunduli\u0107eva street back to the central park. Tourist guides will make this walk even more educational and fun. You should taste Valens craft beer from Vinkovci, local \u0161ljivovica or Ferbe\u017ear medovina (a type of wine made from honey).<\/p>\n<\/div><\/div><\/div><\/div><\/div><\/div><\/div><\/section>","protected":false},"excerpt":{"rendered":"Dan u Vinkovcima Ako imate samo jedan dan za provesti u Vinkovcima u obilazak krenite s glavnog vinkova\u010dkog parka \u2013 tu mo\u017eete posjetiti gradski muzej i baciti oko na crkvu...","protected":false},"author":1,"featured_media":4502,"parent":4491,"menu_order":0,"comment_status":"closed","ping_status":"closed","template":"","meta":{"footnotes":""},"class_list":["post-4507","page","type-page","status-publish","has-post-thumbnail","hentry"],"acf":[],"yoast_head":"<!-- This site is optimized with the Yoast SEO plugin v27.5 - https:\/\/yoast.com\/product\/yoast-seo-wordpress\/ -->\n<title>Visit Vinkovci<\/title>\n<meta name=\"description\" content=\"Turisti\u010dka zajednica grada Vinkovaca je organizacija koja djeluje po na\u010delu destinacijskog menad\u017ementa, a osnovana je radi promicanja i razvoja turizma Republike Hrvatske i gospodarskih interesa pravnih i fizi\u010dkih osoba koje pru\u017eaju ugostiteljske usluge i usluge u turizmu ili obavljaju drugu djelatnost neposredno povezanu s turizmom na na\u010din da upravljaju destinacijom na razini grada Vinkovaca.\" \/>\n<meta name=\"robots\" content=\"index, follow, max-snippet:-1, max-image-preview:large, max-video-preview:-1\" \/>\n<link rel=\"canonical\" href=\"https:\/\/visitvinkovci.com\/en\/dozivite\/dan-u-vinkovcima\/\" \/>\n<meta property=\"og:locale\" content=\"en_GB\" \/>\n<meta property=\"og:type\" content=\"article\" \/>\n<meta property=\"og:title\" content=\"Visit Vinkovci\" \/>\n<meta property=\"og:description\" content=\"Turisti\u010dka zajednica grada Vinkovaca je organizacija koja djeluje po na\u010delu destinacijskog menad\u017ementa, a osnovana je radi promicanja i razvoja turizma Republike Hrvatske i gospodarskih interesa pravnih i fizi\u010dkih osoba koje pru\u017eaju ugostiteljske usluge i usluge u turizmu ili obavljaju drugu djelatnost neposredno povezanu s turizmom na na\u010din da upravljaju destinacijom na razini grada Vinkovaca.\" \/>\n<meta property=\"og:url\" content=\"https:\/\/visitvinkovci.com\/en\/dozivite\/dan-u-vinkovcima\/\" \/>\n<meta property=\"og:site_name\" content=\"Visit Vinkovci\" \/>\n<meta property=\"article:publisher\" content=\"https:\/\/www.facebook.com\/visitvinkovci\/\" \/>\n<meta property=\"article:modified_time\" content=\"2022-07-14T05:54:28+00:00\" \/>\n<meta property=\"og:image\" content=\"https:\/\/visitvinkovci.com\/wp-content\/uploads\/2022\/05\/Dan-u-Vinkovcima.jpg\" \/>\n\t<meta property=\"og:image:width\" content=\"1920\" \/>\n\t<meta property=\"og:image:height\" content=\"1280\" \/>\n\t<meta property=\"og:image:type\" content=\"image\/jpeg\" \/>\n<meta name=\"twitter:card\" content=\"summary_large_image\" \/>\n<meta name=\"twitter:label1\" content=\"Estimated reading time\" \/>\n\t<meta name=\"twitter:data1\" content=\"1 minute\" \/>\n<script type=\"application\/ld+json\" class=\"yoast-schema-graph\">{\"@context\":\"https:\\\/\\\/schema.org\",\"@graph\":[{\"@type\":\"WebPage\",\"@id\":\"https:\\\/\\\/visitvinkovci.com\\\/dozivite\\\/dan-u-vinkovcima\\\/\",\"url\":\"https:\\\/\\\/visitvinkovci.com\\\/dozivite\\\/dan-u-vinkovcima\\\/\",\"name\":\"Visit Vinkovci\",\"isPartOf\":{\"@id\":\"https:\\\/\\\/visitvinkovci.com\\\/de\\\/#website\"},\"primaryImageOfPage\":{\"@id\":\"https:\\\/\\\/visitvinkovci.com\\\/dozivite\\\/dan-u-vinkovcima\\\/#primaryimage\"},\"image\":{\"@id\":\"https:\\\/\\\/visitvinkovci.com\\\/dozivite\\\/dan-u-vinkovcima\\\/#primaryimage\"},\"thumbnailUrl\":\"https:\\\/\\\/visitvinkovci.com\\\/wp-content\\\/uploads\\\/2022\\\/05\\\/Dan-u-Vinkovcima.jpg\",\"datePublished\":\"2022-05-25T08:38:07+00:00\",\"dateModified\":\"2022-07-14T05:54:28+00:00\",\"description\":\"Turisti\u010dka zajednica grada Vinkovaca je organizacija koja djeluje po na\u010delu destinacijskog menad\u017ementa, a osnovana je radi promicanja i razvoja turizma Republike Hrvatske i gospodarskih interesa pravnih i fizi\u010dkih osoba koje pru\u017eaju ugostiteljske usluge i usluge u turizmu ili obavljaju drugu djelatnost neposredno povezanu s turizmom na na\u010din da upravljaju destinacijom na razini grada Vinkovaca.\",\"breadcrumb\":{\"@id\":\"https:\\\/\\\/visitvinkovci.com\\\/dozivite\\\/dan-u-vinkovcima\\\/#breadcrumb\"},\"inLanguage\":\"en-GB\",\"potentialAction\":[{\"@type\":\"ReadAction\",\"target\":[\"https:\\\/\\\/visitvinkovci.com\\\/dozivite\\\/dan-u-vinkovcima\\\/\"]}]},{\"@type\":\"ImageObject\",\"inLanguage\":\"en-GB\",\"@id\":\"https:\\\/\\\/visitvinkovci.com\\\/dozivite\\\/dan-u-vinkovcima\\\/#primaryimage\",\"url\":\"https:\\\/\\\/visitvinkovci.com\\\/wp-content\\\/uploads\\\/2022\\\/05\\\/Dan-u-Vinkovcima.jpg\",\"contentUrl\":\"https:\\\/\\\/visitvinkovci.com\\\/wp-content\\\/uploads\\\/2022\\\/05\\\/Dan-u-Vinkovcima.jpg\",\"width\":1920,\"height\":1280},{\"@type\":\"BreadcrumbList\",\"@id\":\"https:\\\/\\\/visitvinkovci.com\\\/dozivite\\\/dan-u-vinkovcima\\\/#breadcrumb\",\"itemListElement\":[{\"@type\":\"ListItem\",\"position\":1,\"name\":\"Home\",\"item\":\"https:\\\/\\\/visitvinkovci.com\\\/\"},{\"@type\":\"ListItem\",\"position\":2,\"name\":\"Do\u017eivite\",\"item\":\"https:\\\/\\\/visitvinkovci.com\\\/dozivite\\\/\"},{\"@type\":\"ListItem\",\"position\":3,\"name\":\"Dan u Vinkovcima\"}]},{\"@type\":\"WebSite\",\"@id\":\"https:\\\/\\\/visitvinkovci.com\\\/de\\\/#website\",\"url\":\"https:\\\/\\\/visitvinkovci.com\\\/de\\\/\",\"name\":\"Visit Vinkovci\",\"description\":\"\",\"publisher\":{\"@id\":\"https:\\\/\\\/visitvinkovci.com\\\/de\\\/#organization\"},\"alternateName\":\"VisitVk\",\"potentialAction\":[{\"@type\":\"SearchAction\",\"target\":{\"@type\":\"EntryPoint\",\"urlTemplate\":\"https:\\\/\\\/visitvinkovci.com\\\/de\\\/?s={search_term_string}\"},\"query-input\":{\"@type\":\"PropertyValueSpecification\",\"valueRequired\":true,\"valueName\":\"search_term_string\"}}],\"inLanguage\":\"en-GB\"},{\"@type\":\"Organization\",\"@id\":\"https:\\\/\\\/visitvinkovci.com\\\/de\\\/#organization\",\"name\":\"Visit Vinkovci\",\"alternateName\":\"Visitvk\",\"url\":\"https:\\\/\\\/visitvinkovci.com\\\/de\\\/\",\"logo\":{\"@type\":\"ImageObject\",\"inLanguage\":\"en-GB\",\"@id\":\"https:\\\/\\\/visitvinkovci.com\\\/de\\\/#\\\/schema\\\/logo\\\/image\\\/\",\"url\":\"https:\\\/\\\/visitvinkovci.com\\\/wp-content\\\/uploads\\\/2022\\\/01\\\/Vinkovci_Logo_Central_HR_COLOR.png\",\"contentUrl\":\"https:\\\/\\\/visitvinkovci.com\\\/wp-content\\\/uploads\\\/2022\\\/01\\\/Vinkovci_Logo_Central_HR_COLOR.png\",\"width\":400,\"height\":314,\"caption\":\"Visit Vinkovci\"},\"image\":{\"@id\":\"https:\\\/\\\/visitvinkovci.com\\\/de\\\/#\\\/schema\\\/logo\\\/image\\\/\"},\"sameAs\":[\"https:\\\/\\\/www.facebook.com\\\/visitvinkovci\\\/\"]}]}<\/script>\n<!-- \/ Yoast SEO plugin. -->","yoast_head_json":{"title":"Visit Vinkovci","description":"The Tourist Board of the town of Vinkovci is an organization that operates according to the principle of destination management and was founded to promote and develop tourism in the Republic of Croatia and for the economic interests of legal and natural persons who provide hospitality and tourism services or perform other activities directly related to tourism in such a way that they manage destination at the municipal level of Vinkovci.","robots":{"index":"index","follow":"follow","max-snippet":"max-snippet:-1","max-image-preview":"max-image-preview:large","max-video-preview":"max-video-preview:-1"},"canonical":"https:\/\/visitvinkovci.com\/en\/dozivite\/dan-u-vinkovcima\/","og_locale":"en_GB","og_type":"article","og_title":"Visit Vinkovci","og_description":"Turisti\u010dka zajednica grada Vinkovaca je organizacija koja djeluje po na\u010delu destinacijskog menad\u017ementa, a osnovana je radi promicanja i razvoja turizma Republike Hrvatske i gospodarskih interesa pravnih i fizi\u010dkih osoba koje pru\u017eaju ugostiteljske usluge i usluge u turizmu ili obavljaju drugu djelatnost neposredno povezanu s turizmom na na\u010din da upravljaju destinacijom na razini grada Vinkovaca.","og_url":"https:\/\/visitvinkovci.com\/en\/dozivite\/dan-u-vinkovcima\/","og_site_name":"Visit Vinkovci","article_publisher":"https:\/\/www.facebook.com\/visitvinkovci\/","article_modified_time":"2022-07-14T05:54:28+00:00","og_image":[{"width":1920,"height":1280,"url":"https:\/\/visitvinkovci.com\/wp-content\/uploads\/2022\/05\/Dan-u-Vinkovcima.jpg","type":"image\/jpeg"}],"twitter_card":"summary_large_image","twitter_misc":{"Estimated reading time":"1 minute"},"schema":{"@context":"https:\/\/schema.org","@graph":[{"@type":"WebPage","@id":"https:\/\/visitvinkovci.com\/dozivite\/dan-u-vinkovcima\/","url":"https:\/\/visitvinkovci.com\/dozivite\/dan-u-vinkovcima\/","name":"Visit Vinkovci","isPartOf":{"@id":"https:\/\/visitvinkovci.com\/de\/#website"},"primaryImageOfPage":{"@id":"https:\/\/visitvinkovci.com\/dozivite\/dan-u-vinkovcima\/#primaryimage"},"image":{"@id":"https:\/\/visitvinkovci.com\/dozivite\/dan-u-vinkovcima\/#primaryimage"},"thumbnailUrl":"https:\/\/visitvinkovci.com\/wp-content\/uploads\/2022\/05\/Dan-u-Vinkovcima.jpg","datePublished":"2022-05-25T08:38:07+00:00","dateModified":"2022-07-14T05:54:28+00:00","description":"The Tourist Board of the town of Vinkovci is an organization that operates according to the principle of destination management and was founded to promote and develop tourism in the Republic of Croatia and for the economic interests of legal and natural persons who provide hospitality and tourism services or perform other activities directly related to tourism in such a way that they manage destination at the municipal level of Vinkovci.","breadcrumb":{"@id":"https:\/\/visitvinkovci.com\/dozivite\/dan-u-vinkovcima\/#breadcrumb"},"inLanguage":"en-GB","potentialAction":[{"@type":"ReadAction","target":["https:\/\/visitvinkovci.com\/dozivite\/dan-u-vinkovcima\/"]}]},{"@type":"ImageObject","inLanguage":"en-GB","@id":"https:\/\/visitvinkovci.com\/dozivite\/dan-u-vinkovcima\/#primaryimage","url":"https:\/\/visitvinkovci.com\/wp-content\/uploads\/2022\/05\/Dan-u-Vinkovcima.jpg","contentUrl":"https:\/\/visitvinkovci.com\/wp-content\/uploads\/2022\/05\/Dan-u-Vinkovcima.jpg","width":1920,"height":1280},{"@type":"BreadcrumbList","@id":"https:\/\/visitvinkovci.com\/dozivite\/dan-u-vinkovcima\/#breadcrumb","itemListElement":[{"@type":"ListItem","position":1,"name":"Home","item":"https:\/\/visitvinkovci.com\/"},{"@type":"ListItem","position":2,"name":"Do\u017eivite","item":"https:\/\/visitvinkovci.com\/dozivite\/"},{"@type":"ListItem","position":3,"name":"Dan u Vinkovcima"}]},{"@type":"WebSite","@id":"https:\/\/visitvinkovci.com\/de\/#website","url":"https:\/\/visitvinkovci.com\/de\/","name":"Visit Vinkovci","description":"","publisher":{"@id":"https:\/\/visitvinkovci.com\/de\/#organization"},"alternateName":"VisitVk","potentialAction":[{"@type":"SearchAction","target":{"@type":"EntryPoint","urlTemplate":"https:\/\/visitvinkovci.com\/de\/?s={search_term_string}"},"query-input":{"@type":"PropertyValueSpecification","valueRequired":true,"valueName":"search_term_string"}}],"inLanguage":"en-GB"},{"@type":"Organization","@id":"https:\/\/visitvinkovci.com\/de\/#organization","name":"Visit Vinkovci","alternateName":"Visitvk","url":"https:\/\/visitvinkovci.com\/de\/","logo":{"@type":"ImageObject","inLanguage":"en-GB","@id":"https:\/\/visitvinkovci.com\/de\/#\/schema\/logo\/image\/","url":"https:\/\/visitvinkovci.com\/wp-content\/uploads\/2022\/01\/Vinkovci_Logo_Central_HR_COLOR.png","contentUrl":"https:\/\/visitvinkovci.com\/wp-content\/uploads\/2022\/01\/Vinkovci_Logo_Central_HR_COLOR.png","width":400,"height":314,"caption":"Visit Vinkovci"},"image":{"@id":"https:\/\/visitvinkovci.com\/de\/#\/schema\/logo\/image\/"},"sameAs":["https:\/\/www.facebook.com\/visitvinkovci\/"]}]}},"_links":{"self":[{"href":"https:\/\/visitvinkovci.com\/en\/wp-json\/wp\/v2\/pages\/4507","targetHints":{"allow":["GET"]}}],"collection":[{"href":"https:\/\/visitvinkovci.com\/en\/wp-json\/wp\/v2\/pages"}],"about":[{"href":"https:\/\/visitvinkovci.com\/en\/wp-json\/wp\/v2\/types\/page"}],"author":[{"embeddable":true,"href":"https:\/\/visitvinkovci.com\/en\/wp-json\/wp\/v2\/users\/1"}],"replies":[{"embeddable":true,"href":"https:\/\/visitvinkovci.com\/en\/wp-json\/wp\/v2\/comments?post=4507"}],"version-history":[{"count":1,"href":"https:\/\/visitvinkovci.com\/en\/wp-json\/wp\/v2\/pages\/4507\/revisions"}],"predecessor-version":[{"id":4508,"href":"https:\/\/visitvinkovci.com\/en\/wp-json\/wp\/v2\/pages\/4507\/revisions\/4508"}],"up":[{"embeddable":true,"href":"https:\/\/visitvinkovci.com\/en\/wp-json\/wp\/v2\/pages\/4491"}],"wp:featuredmedia":[{"embeddable":true,"href":"https:\/\/visitvinkovci.com\/en\/wp-json\/wp\/v2\/media\/4502"}],"wp:attachment":[{"href":"https:\/\/visitvinkovci.com\/en\/wp-json\/wp\/v2\/media?parent=4507"}],"curies":[{"name":"wp","href":"https:\/\/api.w.org\/{rel}","templated":true}]}}