{"id":4399,"date":"2022-05-23T13:28:18","date_gmt":"2022-05-23T11:28:18","guid":{"rendered":"https:\/\/visitvinkovci.com\/?page_id=4399"},"modified":"2026-02-09T15:50:27","modified_gmt":"2026-02-09T14:50:27","slug":"rekreacija","status":"publish","type":"page","link":"https:\/\/visitvinkovci.com\/en\/rekreacija\/","title":{"rendered":"Rekreacija &#038; Opu\u0161tanje"},"content":{"rendered":"<section class=\"l-section wpb_row height_large\"><div class=\"l-section-overlay\" style=\"background:rgba(26,26,26,0.40)\"><\/div><div class=\"l-section-h i-cf\"><div class=\"g-cols vc_row via_flex valign_top type_default\"><div class=\"vc_col-sm-12 wpb_column vc_column_container\"><div class=\"vc_column-inner\"><div class=\"wpb_wrapper\"><h1 class=\"w-post-elm post_title us_custom_836f727b has_text_color align_center entry-title color_link_inherit\">Rekreacija &#038; Opu\u0161tanje<\/h1><div class=\"wpb_text_column us_custom_5f1219a0 has_text_color\"><div class=\"wpb_wrapper\"><p>Ovaj grad nudi zaista mnogo mogu\u0107nosti za zdrav \u017eivot i aktivan odmor. Za po\u010detak \u2013 nepregledne \u0161ume i veliko nebo odu\u0161evit \u0107e svakog ozbiljnog hoda\u010da, trka\u010da i biciklista. Kroz Srijem i Slavoniju vodi oko dvjesto kilometara cestovnih i brdskih biciklisti\u010dkih puteva. Za ljubitelje jahanja jedini \u0107e problem biti \u2013 odabrati kojim putem krenuti. Tenis, te\u010dajevi letenja u sportskoj luci, plivanje u bazenu ili na kupali\u0161tu Banja samo su neke od dodatnih mogu\u0107nosti za rekreaciju, i druga\u010diji pogled na Vinkovce. Bogat sadr\u017eaj za opu\u0161tanje tijela i uma, te uklanjanje svakodnevnog stresa.<\/p>\n<\/div><\/div><\/div><\/div><\/div><\/div><\/div><\/section><section class=\"l-section wpb_row height_medium\"><div class=\"l-section-h i-cf\"><div class=\"g-cols vc_row via_flex valign_top type_default\"><div class=\"vc_col-sm-12 wpb_column vc_column_container\"><div class=\"vc_column-inner\"><div class=\"wpb_wrapper\"><div class=\"w-tabs layout_ver navwidth_auto navpos_left style_default switch_click has_scrolling\"><div class=\"w-tabs-list items_8 align_none\" style=\"font-family:var(--font-h1);\"><div class=\"w-tabs-list-h\"><a class=\"w-tabs-item active defined-active with_icon\" aria-controls=\"content-m893\" aria-label=\"fal|biking\" href=\"javascript:void(0);\"><i class=\"fal fa-biking\"><\/i><span class=\"w-tabs-item-title\"><\/span><\/a><a class=\"w-tabs-item with_icon\" aria-controls=\"content-ga3c\" aria-label=\"fal|horse-saddle\" href=\"javascript:void(0);\"><i class=\"fal fa-horse-saddle\"><\/i><span class=\"w-tabs-item-title\"><\/span><\/a><a class=\"w-tabs-item with_icon\" aria-controls=\"content-hb75\" aria-label=\"fal|fish\" href=\"javascript:void(0);\"><i class=\"fal fa-fish\"><\/i><span class=\"w-tabs-item-title\"><\/span><\/a><a class=\"w-tabs-item with_icon\" aria-controls=\"content-kcaa\" aria-label=\"fal|swimmer\" href=\"javascript:void(0);\"><i class=\"fal fa-swimmer\"><\/i><span class=\"w-tabs-item-title\"><\/span><\/a><a class=\"w-tabs-item with_icon\" aria-controls=\"content-bda3\" aria-label=\"fal|racquet\" href=\"javascript:void(0);\"><i class=\"fal fa-racquet\"><\/i><span class=\"w-tabs-item-title\"><\/span><\/a><a class=\"w-tabs-item with_icon\" aria-controls=\"content-pf44\" aria-label=\"fal|dumbbell\" href=\"javascript:void(0);\"><i class=\"fal fa-dumbbell\"><\/i><span class=\"w-tabs-item-title\"><\/span><\/a><a class=\"w-tabs-item with_icon\" aria-controls=\"content-i061\" aria-label=\"fal|plane\" href=\"javascript:void(0);\"><i class=\"fal fa-plane\"><\/i><span class=\"w-tabs-item-title\"><\/span><\/a><a class=\"w-tabs-item with_icon\" aria-controls=\"content-m1b2\" aria-label=\"fal|heart\" href=\"javascript:void(0);\"><i class=\"fal fa-heart\"><\/i><span class=\"w-tabs-item-title\"><\/span><\/a><\/div><\/div><div class=\"w-tabs-sections titles-align_none icon_chevron cpos_right\"><div class=\"w-tabs-section active\" id=\"m893\"><button aria-controls=\"content-m893\" class=\"w-tabs-section-header active with_icon\"><i class=\"fal fa-biking\"><\/i><div class=\"w-tabs-section-title\"><\/div><div class=\"w-tabs-section-control\"><\/div><\/button><div  class=\"w-tabs-section-content\" id=\"content-m893\" aria-expanded=\"true\"><div class=\"w-tabs-section-content-h i-cf\"><div class=\"wpb_text_column\"><div class=\"wpb_wrapper\"><p><strong>The Nextbike\u00a0<\/strong>public bicycle system is the first and largest such system in the region. Register in any town in Croatia and use Nextbike bikes in more than 300 cities in the world! Nextbike public bicycles can be found in Vinkovci at three locations:<\/p>\n<ul>\n<li>Main railway station<\/li>\n<li>Centre next to the post office<\/li>\n<li>Park Lenije<\/li>\n<\/ul>\n<h3>Contact for cycling routes:<\/h3>\n<h4>BK \u201eSokol- Cestorad\u201c<\/h4>\n<p>Tomislav Zadro<br \/>\nMob: 091\/505 52 94<br \/>\nRadi\u0107a 36, Vinkovci<br \/>\ne-mail: tomislav1207@gmail.com<br \/>\n<a href=\"https:\/\/www.facebook.com\/BiciklistickiKlubSokolVinkovci\/?locale=hr_HR\" target=\"_blank\" rel=\"noopener\">Facebook BK Sokol<\/a><\/p>\n<\/div><\/div><\/div><\/div><\/div><div class=\"w-tabs-section\" id=\"ga3c\"><button aria-controls=\"content-ga3c\" class=\"w-tabs-section-header with_icon\"><i class=\"fal fa-horse-saddle\"><\/i><div class=\"w-tabs-section-title\"><\/div><div class=\"w-tabs-section-control\"><\/div><\/button><div  class=\"w-tabs-section-content\" id=\"content-ga3c\" aria-expanded=\"false\"><div class=\"w-tabs-section-content-h i-cf\"><div class=\"wpb_text_column\"><div class=\"wpb_wrapper\"><h3>Equestrian club \u201eMaestoso\u201c<\/h3>\n<p>(primarily \u201cfijaker\u201d rides)<br \/>\nRadi\u0107a 25, 32100 Vinkovci<br \/>\nMob: 098 195 91 91<br \/>\nE-mail: <a href=\"mailto:konjickiklubmaestoso@gmail.com\">konjickiklubmaestoso@gmail.com<\/a><br \/>\nWeb:\u00a0<a href=\"https:\/\/www.facebook.com\/p\/Konji%C4%8Dki-klub-Maestoso-Vinkovci-Equestrian-club-Maestoso-100064587466758\/\" target=\"_blank\" rel=\"noopener\">Facebook<\/a>\u00a0 \u00a0<a href=\"https:\/\/www.instagram.com\/kkmaestosovinkovci\/\" target=\"_blank\" rel=\"noopener\">Instagram<\/a><\/p>\n<h3>Equestrian \u201eSatir\u201c<\/h3>\n<p>Zalu\u017eje 35, 32100 Vinkovci<br \/>\nMob: 099 3127 034<br \/>\ne-mail: <a href=\"mailto:kk.satir@gmail.com\"><u>kk.satir@gmail.com<\/u><\/a><br \/>\nWeb: <a href=\"https:\/\/kksatir.wixsite.com\/website\"><u>https:\/\/kksatir.wixsite.com\/website<\/u><\/a><br \/>\n<a href=\"https:\/\/www.instagram.com\/kksatir\/\" target=\"_blank\" rel=\"noopener\">Instagram<\/a><\/p>\n<h3>Konji\u010dki klub \u201eMedena\u201c<\/h3>\n<p>Vikend naselje Nova brana 35,\u00a0 32100 Vinkovci<br \/>\nTel: 098 168 9537<br \/>\nMail: <a href=\"mailto:kkmedena@gmail.com\">kkmedena@gmail.com<\/a><\/p>\n<p>Web: Medena <a href=\"https:\/\/www.facebook.com\/p\/Konjicki-klub-Medena-100063632707624\/\" target=\"_blank\" rel=\"noopener\">Facebook<\/a>\u00a0 \u00a0\u00a0 \u00a0<a href=\"https:\/\/www.instagram.com\/_kkmedena_\/\" target=\"_blank\" rel=\"noopener\">Instagram<\/a><\/p>\n<\/div><\/div><\/div><\/div><\/div><div class=\"w-tabs-section\" id=\"hb75\"><button aria-controls=\"content-hb75\" class=\"w-tabs-section-header with_icon\"><i class=\"fal fa-fish\"><\/i><div class=\"w-tabs-section-title\"><\/div><div class=\"w-tabs-section-control\"><\/div><\/button><div  class=\"w-tabs-section-content\" id=\"content-hb75\" aria-expanded=\"false\"><div class=\"w-tabs-section-content-h i-cf\"><div class=\"wpb_text_column\"><div class=\"wpb_wrapper\"><h3>Fishing company \u201ePriroda\u201c<\/h3>\n<p>Duga ulica 64, 32100 Vinkovci<br \/>\nTel: 032 333 252<\/p>\n<\/div><\/div><\/div><\/div><\/div><div class=\"w-tabs-section\" id=\"kcaa\"><button aria-controls=\"content-kcaa\" class=\"w-tabs-section-header with_icon\"><i class=\"fal fa-swimmer\"><\/i><div class=\"w-tabs-section-title\"><\/div><div class=\"w-tabs-section-control\"><\/div><\/button><div  class=\"w-tabs-section-content\" id=\"content-kcaa\" aria-expanded=\"false\"><div class=\"w-tabs-section-content-h i-cf\"><div class=\"wpb_text_column\"><div class=\"wpb_wrapper\"><h3>Vinkova\u010dko dvoransko plivali\u0161te \u201eBazeni Lenije\u201c<\/h3>\n<p>Hansa Dietricha Genschera 14, 32100 Vinkovci<br \/>\nTel: 099 81 44 652<br \/>\nWEB:\u00a0<a href=\"https:\/\/lenije.hr\/\">https:\/\/lenije.hr\/<\/a><br \/>\nE-mail <a href=\"\/en\/bazeni@lenije.hr\/\">bazeni@lenije.hr<\/a><\/p>\n<h3>Swimming lake \u201cBanja\u201d Vinkovci<\/h3>\n<p>Grobljanska ul., 32100, Vinkovci<\/p>\n<\/div><\/div><\/div><\/div><\/div><div class=\"w-tabs-section\" id=\"bda3\"><button aria-controls=\"content-bda3\" class=\"w-tabs-section-header with_icon\"><i class=\"fal fa-racquet\"><\/i><div class=\"w-tabs-section-title\"><\/div><div class=\"w-tabs-section-control\"><\/div><\/button><div  class=\"w-tabs-section-content\" id=\"content-bda3\" aria-expanded=\"false\"><div class=\"w-tabs-section-content-h i-cf\"><div class=\"wpb_text_column\"><div class=\"wpb_wrapper\"><h3>Tennis club Vinkovci<\/h3>\n<p>Lenije bb, 32100 Vinkovci<br \/>\nTel: 032 306 192<br \/>\n<a href=\"http:\/\/www.tk-vinkovci.hr\" target=\"_blank\" rel=\"noopener\"><u>www.tk-vinkovci.hr<\/u><\/a><\/p>\n<\/div><\/div><\/div><\/div><\/div><div class=\"w-tabs-section\" id=\"pf44\"><button aria-controls=\"content-pf44\" class=\"w-tabs-section-header with_icon\"><i class=\"fal fa-dumbbell\"><\/i><div class=\"w-tabs-section-title\"><\/div><div class=\"w-tabs-section-control\"><\/div><\/button><div  class=\"w-tabs-section-content\" id=\"content-pf44\" aria-expanded=\"false\"><div class=\"w-tabs-section-content-h i-cf\"><div class=\"wpb_text_column\"><div class=\"wpb_wrapper\"><h3>Health and recreation center ZARA<\/h3>\n<p>Kralja Zvonimira 68, 32 100 Vinkovci<br \/>\nTel: 032 333 511<br \/>\nE-mail: <a href=\"mailto:zarafitness7@gmail.com\">zarafitness7@gmail.com<\/a><br \/>\n<a href=\"http:\/\/www.fitness-zara.com\" target=\"_blank\" rel=\"noopener\">www.fitness-zara.com<\/a><\/p>\n<p><strong>Apello Fenix <\/strong><\/p>\n<p>VinkovciTel: 098 169 9141<br \/>\n<a href=\"http:\/\/Hansa Dietricha Genschera 16J, Vinkovci, Croatia\" target=\"_blank\" rel=\"noopener\">Hansa Dietricha Genschera 16J, Vinkovci<\/a><\/p>\n<p><strong>Fitness Centar Galaxy<\/strong><\/p>\n<p><a href=\"https:\/\/www.google.com\/maps\/place\/\/data=!4m2!3m1!1s0x475c8b1f91c779db:0xda717c92e0d8d5ed?sa=X&amp;ved=1t:8290&amp;ictx=111\" target=\"_blank\" rel=\"noopener\">Ante Star\u010devi\u0107a 37, 32 100 Vinkovci<\/a><br \/>\nTel: 095 321 0050<\/p>\n<h3>In_spector fitness<\/h3>\n<p><a href=\"https:\/\/www.google.com\/maps\/place\/\/data=!4m2!3m1!1s0x475c8b398a4a5e77:0x4564bad91da4291e?sa=X&amp;ved=1t:8290&amp;ictx=111\">Trg Franje Tu\u0111mana 2, 32100, Vinkovci<\/a><br \/>\nTel: 099 673 12 07<\/p>\n<h3>Exercise park<\/h3>\n<p>Ru\u017eina ulica 2<\/p>\n<\/div><\/div><\/div><\/div><\/div><div class=\"w-tabs-section\" id=\"i061\"><button aria-controls=\"content-i061\" class=\"w-tabs-section-header with_icon\"><i class=\"fal fa-plane\"><\/i><div class=\"w-tabs-section-title\"><\/div><div class=\"w-tabs-section-control\"><\/div><\/button><div  class=\"w-tabs-section-content\" id=\"content-i061\" aria-expanded=\"false\"><div class=\"w-tabs-section-content-h i-cf\"><div class=\"wpb_text_column\"><div class=\"wpb_wrapper\"><h3>Aviation club \u201cVrabac\u201d Vinkovci<\/h3>\n<p>Aerodrom Sopot bb, 32100 Vinkovci<br \/>\nMob: 095 200 00 00; 095 210 00 00<br \/>\nE-mail: <a href=\"mailto:vrabac.vinkovci@gmail.com\"><u>vrabac.vinkovci@gmail.com<\/u><\/a><\/p>\n<\/div><\/div><\/div><\/div><\/div><div class=\"w-tabs-section\" id=\"m1b2\"><button aria-controls=\"content-m1b2\" class=\"w-tabs-section-header with_icon\"><i class=\"fal fa-heart\"><\/i><div class=\"w-tabs-section-title\"><\/div><div class=\"w-tabs-section-control\"><\/div><\/button><div  class=\"w-tabs-section-content\" id=\"content-m1b2\" aria-expanded=\"false\"><div class=\"w-tabs-section-content-h i-cf\"><div class=\"wpb_text_column\"><div class=\"wpb_wrapper\"><h3>Sport center in park Lenije<\/h3>\n<p>Ul. Hansa Dietricha Genschera 14, 32 100 Vinkovci<br \/>\nIn the complex of the Lenije park, you can find rich sports content for everyone, some of which are: street workout, skate park and futsal court.<\/p>\n<h3>Opu\u0161tanje<\/h3>\n<p><strong>Alma`s Relax Centar<\/strong><\/p>\n<p><a href=\"http:\/\/Ul. kralja Zvonimira 68, 32100, Vinkovci\">http:\/\/Ul. kralja Zvonimira 68, 32100, Vinkovci<\/a><br \/>\nUsluga masa\u017ee \u00b7 Spa centar bez usluge no\u0107enja \u00b7 Medicinski spa tretman<br \/>\nKontakt: 098 223 877<br \/>\n<a href=\"https:\/\/www.facebook.com\/almasrelaxcentar\/?locale=hr_HR\">facebook.com\/almasrelaxcentar<\/a><\/p>\n<p><strong>Barossa wellness &amp; spa<\/strong><\/p>\n<p><a href=\"http:\/\/Ul. Mihovila Pavleka Mi\u0161kine, 32100, Vinkovci\">http:\/\/Ul. Mihovila Pavleka Mi\u0161kine, 32100, Vinkovci<\/a><br \/>\n&#8211; bazen &#8211; sauna &#8211; masa\u017ee &#8211; njega lica &#8211; kozmeti\u010dki tretmani<br \/>\nKontakt: 098 969 0378<br \/>\n<a href=\"https:\/\/www.facebook.com\/Barossa.Vinkovci\/?locale=hr_HR\">facebook.com\/Barossa.Vinkovci<\/a><\/p>\n<\/div><\/div><\/div><\/div><\/div><\/div><\/div><\/div><\/div><\/div><\/div><\/div><\/section>","protected":false},"excerpt":{"rendered":"Rekreacija &#038; Opu\u0161tanjeOvaj grad nudi zaista mnogo mogu\u0107nosti za zdrav \u017eivot i aktivan odmor. Za po\u010detak \u2013 nepregledne \u0161ume i veliko nebo odu\u0161evit \u0107e svakog ozbiljnog hoda\u010da, trka\u010da i biciklista....","protected":false},"author":1,"featured_media":5255,"parent":0,"menu_order":0,"comment_status":"closed","ping_status":"closed","template":"","meta":{"footnotes":""},"class_list":["post-4399","page","type-page","status-publish","has-post-thumbnail","hentry"],"acf":[],"yoast_head":"<!-- This site is optimized with the Yoast SEO plugin v27.4 - https:\/\/yoast.com\/product\/yoast-seo-wordpress\/ -->\n<title>Rekreacija &amp; Opu\u0161tanje - Visit Vinkovci<\/title>\n<meta name=\"description\" content=\"Turisti\u010dka zajednica grada Vinkovaca je organizacija koja djeluje po na\u010delu destinacijskog menad\u017ementa, a osnovana je radi promicanja i razvoja turizma Republike Hrvatske i gospodarskih interesa pravnih i fizi\u010dkih osoba koje pru\u017eaju ugostiteljske usluge i usluge u turizmu ili obavljaju drugu djelatnost neposredno povezanu s turizmom na na\u010din da upravljaju destinacijom na razini grada Vinkovaca.\" \/>\n<meta name=\"robots\" content=\"index, follow, max-snippet:-1, max-image-preview:large, max-video-preview:-1\" \/>\n<link rel=\"canonical\" href=\"https:\/\/visitvinkovci.com\/en\/rekreacija\/\" \/>\n<meta property=\"og:locale\" content=\"en_GB\" \/>\n<meta property=\"og:type\" content=\"article\" \/>\n<meta property=\"og:title\" content=\"Rekreacija &amp; Opu\u0161tanje - Visit Vinkovci\" \/>\n<meta property=\"og:description\" content=\"Turisti\u010dka zajednica grada Vinkovaca je organizacija koja djeluje po na\u010delu destinacijskog menad\u017ementa, a osnovana je radi promicanja i razvoja turizma Republike Hrvatske i gospodarskih interesa pravnih i fizi\u010dkih osoba koje pru\u017eaju ugostiteljske usluge i usluge u turizmu ili obavljaju drugu djelatnost neposredno povezanu s turizmom na na\u010din da upravljaju destinacijom na razini grada Vinkovaca.\" \/>\n<meta property=\"og:url\" content=\"https:\/\/visitvinkovci.com\/en\/rekreacija\/\" \/>\n<meta property=\"og:site_name\" content=\"Visit Vinkovci\" \/>\n<meta property=\"article:publisher\" content=\"https:\/\/www.facebook.com\/visitvinkovci\/\" \/>\n<meta property=\"article:modified_time\" content=\"2026-02-09T14:50:27+00:00\" \/>\n<meta property=\"og:image\" content=\"https:\/\/visitvinkovci.com\/wp-content\/uploads\/2022\/06\/rekreacija.jpg\" \/>\n\t<meta property=\"og:image:width\" content=\"2400\" \/>\n\t<meta property=\"og:image:height\" content=\"1598\" \/>\n\t<meta property=\"og:image:type\" content=\"image\/jpeg\" \/>\n<meta name=\"twitter:card\" content=\"summary_large_image\" \/>\n<meta name=\"twitter:label1\" content=\"Estimated reading time\" \/>\n\t<meta name=\"twitter:data1\" content=\"3 minutes\" \/>\n<script type=\"application\/ld+json\" class=\"yoast-schema-graph\">{\"@context\":\"https:\\\/\\\/schema.org\",\"@graph\":[{\"@type\":\"WebPage\",\"@id\":\"https:\\\/\\\/visitvinkovci.com\\\/rekreacija\\\/\",\"url\":\"https:\\\/\\\/visitvinkovci.com\\\/rekreacija\\\/\",\"name\":\"Rekreacija & Opu\u0161tanje - Visit Vinkovci\",\"isPartOf\":{\"@id\":\"https:\\\/\\\/visitvinkovci.com\\\/de\\\/#website\"},\"primaryImageOfPage\":{\"@id\":\"https:\\\/\\\/visitvinkovci.com\\\/rekreacija\\\/#primaryimage\"},\"image\":{\"@id\":\"https:\\\/\\\/visitvinkovci.com\\\/rekreacija\\\/#primaryimage\"},\"thumbnailUrl\":\"https:\\\/\\\/visitvinkovci.com\\\/wp-content\\\/uploads\\\/2022\\\/06\\\/rekreacija.jpg\",\"datePublished\":\"2022-05-23T11:28:18+00:00\",\"dateModified\":\"2026-02-09T14:50:27+00:00\",\"description\":\"Turisti\u010dka zajednica grada Vinkovaca je organizacija koja djeluje po na\u010delu destinacijskog menad\u017ementa, a osnovana je radi promicanja i razvoja turizma Republike Hrvatske i gospodarskih interesa pravnih i fizi\u010dkih osoba koje pru\u017eaju ugostiteljske usluge i usluge u turizmu ili obavljaju drugu djelatnost neposredno povezanu s turizmom na na\u010din da upravljaju destinacijom na razini grada Vinkovaca.\",\"breadcrumb\":{\"@id\":\"https:\\\/\\\/visitvinkovci.com\\\/rekreacija\\\/#breadcrumb\"},\"inLanguage\":\"en-GB\",\"potentialAction\":[{\"@type\":\"ReadAction\",\"target\":[\"https:\\\/\\\/visitvinkovci.com\\\/rekreacija\\\/\"]}]},{\"@type\":\"ImageObject\",\"inLanguage\":\"en-GB\",\"@id\":\"https:\\\/\\\/visitvinkovci.com\\\/rekreacija\\\/#primaryimage\",\"url\":\"https:\\\/\\\/visitvinkovci.com\\\/wp-content\\\/uploads\\\/2022\\\/06\\\/rekreacija.jpg\",\"contentUrl\":\"https:\\\/\\\/visitvinkovci.com\\\/wp-content\\\/uploads\\\/2022\\\/06\\\/rekreacija.jpg\",\"width\":2400,\"height\":1598},{\"@type\":\"BreadcrumbList\",\"@id\":\"https:\\\/\\\/visitvinkovci.com\\\/rekreacija\\\/#breadcrumb\",\"itemListElement\":[{\"@type\":\"ListItem\",\"position\":1,\"name\":\"Home\",\"item\":\"https:\\\/\\\/visitvinkovci.com\\\/\"},{\"@type\":\"ListItem\",\"position\":2,\"name\":\"Rekreacija &#038; Opu\u0161tanje\"}]},{\"@type\":\"WebSite\",\"@id\":\"https:\\\/\\\/visitvinkovci.com\\\/de\\\/#website\",\"url\":\"https:\\\/\\\/visitvinkovci.com\\\/de\\\/\",\"name\":\"Visit Vinkovci\",\"description\":\"\",\"publisher\":{\"@id\":\"https:\\\/\\\/visitvinkovci.com\\\/de\\\/#organization\"},\"alternateName\":\"VisitVk\",\"potentialAction\":[{\"@type\":\"SearchAction\",\"target\":{\"@type\":\"EntryPoint\",\"urlTemplate\":\"https:\\\/\\\/visitvinkovci.com\\\/de\\\/?s={search_term_string}\"},\"query-input\":{\"@type\":\"PropertyValueSpecification\",\"valueRequired\":true,\"valueName\":\"search_term_string\"}}],\"inLanguage\":\"en-GB\"},{\"@type\":\"Organization\",\"@id\":\"https:\\\/\\\/visitvinkovci.com\\\/de\\\/#organization\",\"name\":\"Visit Vinkovci\",\"alternateName\":\"Visitvk\",\"url\":\"https:\\\/\\\/visitvinkovci.com\\\/de\\\/\",\"logo\":{\"@type\":\"ImageObject\",\"inLanguage\":\"en-GB\",\"@id\":\"https:\\\/\\\/visitvinkovci.com\\\/de\\\/#\\\/schema\\\/logo\\\/image\\\/\",\"url\":\"https:\\\/\\\/visitvinkovci.com\\\/wp-content\\\/uploads\\\/2022\\\/01\\\/Vinkovci_Logo_Central_HR_COLOR.png\",\"contentUrl\":\"https:\\\/\\\/visitvinkovci.com\\\/wp-content\\\/uploads\\\/2022\\\/01\\\/Vinkovci_Logo_Central_HR_COLOR.png\",\"width\":400,\"height\":314,\"caption\":\"Visit Vinkovci\"},\"image\":{\"@id\":\"https:\\\/\\\/visitvinkovci.com\\\/de\\\/#\\\/schema\\\/logo\\\/image\\\/\"},\"sameAs\":[\"https:\\\/\\\/www.facebook.com\\\/visitvinkovci\\\/\"]}]}<\/script>\n<!-- \/ Yoast SEO plugin. -->","yoast_head_json":{"title":"Rekreacija & Opu\u0161tanje - Visit Vinkovci","description":"The Tourist Board of the town of Vinkovci is an organization that operates according to the principle of destination management and was founded to promote and develop tourism in the Republic of Croatia and for the economic interests of legal and natural persons who provide hospitality and tourism services or perform other activities directly related to tourism in such a way that they manage destination at the municipal level of Vinkovci.","robots":{"index":"index","follow":"follow","max-snippet":"max-snippet:-1","max-image-preview":"max-image-preview:large","max-video-preview":"max-video-preview:-1"},"canonical":"https:\/\/visitvinkovci.com\/en\/rekreacija\/","og_locale":"en_GB","og_type":"article","og_title":"Rekreacija & Opu\u0161tanje - Visit Vinkovci","og_description":"Turisti\u010dka zajednica grada Vinkovaca je organizacija koja djeluje po na\u010delu destinacijskog menad\u017ementa, a osnovana je radi promicanja i razvoja turizma Republike Hrvatske i gospodarskih interesa pravnih i fizi\u010dkih osoba koje pru\u017eaju ugostiteljske usluge i usluge u turizmu ili obavljaju drugu djelatnost neposredno povezanu s turizmom na na\u010din da upravljaju destinacijom na razini grada Vinkovaca.","og_url":"https:\/\/visitvinkovci.com\/en\/rekreacija\/","og_site_name":"Visit Vinkovci","article_publisher":"https:\/\/www.facebook.com\/visitvinkovci\/","article_modified_time":"2026-02-09T14:50:27+00:00","og_image":[{"width":2400,"height":1598,"url":"https:\/\/visitvinkovci.com\/wp-content\/uploads\/2022\/06\/rekreacija.jpg","type":"image\/jpeg"}],"twitter_card":"summary_large_image","twitter_misc":{"Estimated reading time":"3 minutes"},"schema":{"@context":"https:\/\/schema.org","@graph":[{"@type":"WebPage","@id":"https:\/\/visitvinkovci.com\/rekreacija\/","url":"https:\/\/visitvinkovci.com\/rekreacija\/","name":"Rekreacija & Opu\u0161tanje - Visit Vinkovci","isPartOf":{"@id":"https:\/\/visitvinkovci.com\/de\/#website"},"primaryImageOfPage":{"@id":"https:\/\/visitvinkovci.com\/rekreacija\/#primaryimage"},"image":{"@id":"https:\/\/visitvinkovci.com\/rekreacija\/#primaryimage"},"thumbnailUrl":"https:\/\/visitvinkovci.com\/wp-content\/uploads\/2022\/06\/rekreacija.jpg","datePublished":"2022-05-23T11:28:18+00:00","dateModified":"2026-02-09T14:50:27+00:00","description":"The Tourist Board of the town of Vinkovci is an organization that operates according to the principle of destination management and was founded to promote and develop tourism in the Republic of Croatia and for the economic interests of legal and natural persons who provide hospitality and tourism services or perform other activities directly related to tourism in such a way that they manage destination at the municipal level of Vinkovci.","breadcrumb":{"@id":"https:\/\/visitvinkovci.com\/rekreacija\/#breadcrumb"},"inLanguage":"en-GB","potentialAction":[{"@type":"ReadAction","target":["https:\/\/visitvinkovci.com\/rekreacija\/"]}]},{"@type":"ImageObject","inLanguage":"en-GB","@id":"https:\/\/visitvinkovci.com\/rekreacija\/#primaryimage","url":"https:\/\/visitvinkovci.com\/wp-content\/uploads\/2022\/06\/rekreacija.jpg","contentUrl":"https:\/\/visitvinkovci.com\/wp-content\/uploads\/2022\/06\/rekreacija.jpg","width":2400,"height":1598},{"@type":"BreadcrumbList","@id":"https:\/\/visitvinkovci.com\/rekreacija\/#breadcrumb","itemListElement":[{"@type":"ListItem","position":1,"name":"Home","item":"https:\/\/visitvinkovci.com\/"},{"@type":"ListItem","position":2,"name":"Rekreacija &#038; Opu\u0161tanje"}]},{"@type":"WebSite","@id":"https:\/\/visitvinkovci.com\/de\/#website","url":"https:\/\/visitvinkovci.com\/de\/","name":"Visit Vinkovci","description":"","publisher":{"@id":"https:\/\/visitvinkovci.com\/de\/#organization"},"alternateName":"VisitVk","potentialAction":[{"@type":"SearchAction","target":{"@type":"EntryPoint","urlTemplate":"https:\/\/visitvinkovci.com\/de\/?s={search_term_string}"},"query-input":{"@type":"PropertyValueSpecification","valueRequired":true,"valueName":"search_term_string"}}],"inLanguage":"en-GB"},{"@type":"Organization","@id":"https:\/\/visitvinkovci.com\/de\/#organization","name":"Visit Vinkovci","alternateName":"Visitvk","url":"https:\/\/visitvinkovci.com\/de\/","logo":{"@type":"ImageObject","inLanguage":"en-GB","@id":"https:\/\/visitvinkovci.com\/de\/#\/schema\/logo\/image\/","url":"https:\/\/visitvinkovci.com\/wp-content\/uploads\/2022\/01\/Vinkovci_Logo_Central_HR_COLOR.png","contentUrl":"https:\/\/visitvinkovci.com\/wp-content\/uploads\/2022\/01\/Vinkovci_Logo_Central_HR_COLOR.png","width":400,"height":314,"caption":"Visit Vinkovci"},"image":{"@id":"https:\/\/visitvinkovci.com\/de\/#\/schema\/logo\/image\/"},"sameAs":["https:\/\/www.facebook.com\/visitvinkovci\/"]}]}},"_links":{"self":[{"href":"https:\/\/visitvinkovci.com\/en\/wp-json\/wp\/v2\/pages\/4399","targetHints":{"allow":["GET"]}}],"collection":[{"href":"https:\/\/visitvinkovci.com\/en\/wp-json\/wp\/v2\/pages"}],"about":[{"href":"https:\/\/visitvinkovci.com\/en\/wp-json\/wp\/v2\/types\/page"}],"author":[{"embeddable":true,"href":"https:\/\/visitvinkovci.com\/en\/wp-json\/wp\/v2\/users\/1"}],"replies":[{"embeddable":true,"href":"https:\/\/visitvinkovci.com\/en\/wp-json\/wp\/v2\/comments?post=4399"}],"version-history":[{"count":35,"href":"https:\/\/visitvinkovci.com\/en\/wp-json\/wp\/v2\/pages\/4399\/revisions"}],"predecessor-version":[{"id":11239,"href":"https:\/\/visitvinkovci.com\/en\/wp-json\/wp\/v2\/pages\/4399\/revisions\/11239"}],"wp:featuredmedia":[{"embeddable":true,"href":"https:\/\/visitvinkovci.com\/en\/wp-json\/wp\/v2\/media\/5255"}],"wp:attachment":[{"href":"https:\/\/visitvinkovci.com\/en\/wp-json\/wp\/v2\/media?parent=4399"}],"curies":[{"name":"wp","href":"https:\/\/api.w.org\/{rel}","templated":true}]}}