{"id":4383,"date":"2022-05-10T12:10:12","date_gmt":"2022-05-10T10:10:12","guid":{"rendered":"https:\/\/visitvinkovci.com\/?page_id=4383"},"modified":"2026-04-13T12:50:44","modified_gmt":"2026-04-13T10:50:44","slug":"rimski-dani","status":"publish","type":"page","link":"https:\/\/visitvinkovci.com\/en\/istrazite\/rimski-dani\/","title":{"rendered":"Roman days"},"content":{"rendered":"<section class=\"l-section wpb_row height_large full_height valign_center width_full\"><div class=\"l-section-overlay\" style=\"background:rgba(26,26,26,0.40)\"><\/div><div class=\"l-section-h i-cf\"><div class=\"g-cols vc_row via_flex valign_middle type_default\"><div class=\"vc_col-sm-12 wpb_column vc_column_container\"><div class=\"vc_column-inner\"><div class=\"wpb_wrapper\"><h1 class=\"w-post-elm post_title us_custom_836f727b has_text_color align_center entry-title color_link_inherit\">Rimski dani<\/h1><\/div><\/div><\/div><\/div><\/div><\/section>\n<section class=\"l-section wpb_row height_medium\"><div class=\"l-section-h i-cf\"><div class=\"g-cols vc_row via_flex valign_top type_default\"><div class=\"vc_col-sm-12 wpb_column vc_column_container\"><div class=\"vc_column-inner\"><div class=\"wpb_wrapper\"><div class=\"wpb_text_column\"><div class=\"wpb_wrapper\"><p>Rimski dani su manifestacija koja obilje\u017eava prikaz bogate povijesti i utjecaja Rimskog carstva na podru\u010dje grada Vinkovaca. Vinkovci, tada Colonia Aurelia Cibalae imali su zna\u010dajnu ulogu u povijesti kao grad u kojemu su ro\u0111eni Valens i Valentinijan, jedini rimski carevi ro\u0111eni na podru\u010dju dana\u0161nje Hrvatske.<\/p>\n<p><a href=\"https:\/\/visitvinkovci.com\/wp-content\/uploads\/2026\/04\/RD-2026-letak.pdf\" target=\"_blank\" rel=\"noopener\">Rimski dani Vinkovci-letak<\/a><\/p>\n<p>Rimski dani odr\u017eavaju se po\u010detkom lipnja \u2013 to je povijesna, turisti\u010dka i edukativna manifestacija kojom Turisti\u010dka zajednica i Gradski muzej Vinkovaca \u017eele predstaviti Vinkovce kroz \u017eive slike Colonie Aurelie Cibalea. Dio manifestacije \u00a0uvijek su radionice za djecu, mala \u0161kola gladijatora, prikazi povijesnih bitaka, pri\u010danje pri\u010da i radionice izrade keremi\u010dkog posu\u0111a\u2026 Zabavu upotpunjuju koncerti i festival craft piva (rimski car Valens, naime, bio je poznat i pod nadimkom Pivopija, pa njemu u \u010dast to ime nosi i vinkova\u010dko craft pivo).<\/p>\n<p><a href=\"https:\/\/www.facebook.com\/rimskidani\/\" target=\"_blank\" rel=\"noopener\">https:\/\/www.facebook.com\/rimskidani\/<\/a><\/p>\n<p>\ud83c\udfc6 2. NAGRADA TEF FESTIVAL 2025. &#8211; kategorija povijest i turizam<br \/>\nU konkurenciji 134 filma iz 64 turisti\u010dke zajednice, muzeja i etno udruga iz Hrvatske i regije, na\u0161 film je prepoznat i nagra\u0111en, \u0161to nam je velika \u010dast i poticaj za daljnji rad.\ud83d\udc49\u00a0\u00a0<a href=\"https:\/\/www.youtube.com\/watch?v=hf5-KuLeM-k\" target=\"_blank\" rel=\"noopener\">Roman days Vinkovci &#8211; video<\/a><\/p>\n<\/div><\/div><\/div><\/div><\/div><\/div><\/div><\/section><section class=\"l-section wpb_row us_custom_887a049b height_medium\"><div class=\"l-section-h i-cf\"><div class=\"g-cols vc_row via_flex valign_top type_default\"><div class=\"vc_col-sm-12 wpb_column vc_column_container\"><div class=\"vc_column-inner\"><div class=\"wpb_wrapper\"><div class=\"w-grid type_grid layout_gallery_default cols_3\" id=\"us_grid_1\" data-filterable=\"true\"><style>#us_grid_1 .w-grid-item{padding:0.5rem}#us_grid_1 .w-grid-list{margin:-0.5rem}.w-grid + #us_grid_1 .w-grid-list,.w-grid-none + #us_grid_1 .w-grid-list{margin-top:0.5rem}@media (max-width:899px){#us_grid_1 .w-grid-item{width:50%}}@media (max-width:599px){#us_grid_1 .w-grid-list{margin:0}#us_grid_1 .w-grid-item{width:100%;padding:0;margin-bottom:0.5rem}}.layout_gallery_default .w-grid-item-h{}<\/style><div class=\"w-grid-list\">\t<article class=\"w-grid-item post-9120 attachment type-attachment status-inherit hentry\" data-id=\"9120\">\r\n\t\t<div class=\"w-grid-item-h\">\r\n\t\t\t\t\t\t\t<a class=\"w-grid-item-anchor\" href=\"https:\/\/visitvinkovci.com\/wp-content\/uploads\/2024\/11\/5-scaled.jpg\" ref=\"magnificPopupGrid\" title=\"5\"><\/a>\r\n\t\t\t\t\t\t<div class=\"w-post-elm post_image usg_post_image_1 stretched\"><img loading=\"lazy\" decoding=\"async\" width=\"2560\" height=\"1707\" src=\"https:\/\/visitvinkovci.com\/wp-content\/uploads\/2024\/11\/5-scaled.jpg\" class=\"attachment-us_600_600_crop size-us_600_600_crop\" alt=\"\" srcset=\"https:\/\/visitvinkovci.com\/wp-content\/uploads\/2024\/11\/5-scaled.jpg 2560w, https:\/\/visitvinkovci.com\/wp-content\/uploads\/2024\/11\/5-300x200.jpg 300w, https:\/\/visitvinkovci.com\/wp-content\/uploads\/2024\/11\/5-1024x683.jpg 1024w, https:\/\/visitvinkovci.com\/wp-content\/uploads\/2024\/11\/5-18x12.jpg 18w, https:\/\/visitvinkovci.com\/wp-content\/uploads\/2024\/11\/5-1320x880.jpg 1320w\" sizes=\"auto, (max-width: 2560px) 100vw, 2560px\" \/><\/div>\t\t<\/div>\r\n\t<\/article>\r\n\t<article class=\"w-grid-item post-9119 attachment type-attachment status-inherit hentry\" data-id=\"9119\">\r\n\t\t<div class=\"w-grid-item-h\">\r\n\t\t\t\t\t\t\t<a class=\"w-grid-item-anchor\" href=\"https:\/\/visitvinkovci.com\/wp-content\/uploads\/2024\/11\/6-scaled.jpg\" ref=\"magnificPopupGrid\" title=\"6\"><\/a>\r\n\t\t\t\t\t\t<div class=\"w-post-elm post_image usg_post_image_1 stretched\"><img loading=\"lazy\" decoding=\"async\" width=\"2560\" height=\"1707\" src=\"https:\/\/visitvinkovci.com\/wp-content\/uploads\/2024\/11\/6-scaled.jpg\" class=\"attachment-us_600_600_crop size-us_600_600_crop\" alt=\"\" srcset=\"https:\/\/visitvinkovci.com\/wp-content\/uploads\/2024\/11\/6-scaled.jpg 2560w, https:\/\/visitvinkovci.com\/wp-content\/uploads\/2024\/11\/6-300x200.jpg 300w, https:\/\/visitvinkovci.com\/wp-content\/uploads\/2024\/11\/6-1024x683.jpg 1024w, https:\/\/visitvinkovci.com\/wp-content\/uploads\/2024\/11\/6-18x12.jpg 18w, https:\/\/visitvinkovci.com\/wp-content\/uploads\/2024\/11\/6-1320x880.jpg 1320w\" sizes=\"auto, (max-width: 2560px) 100vw, 2560px\" \/><\/div>\t\t<\/div>\r\n\t<\/article>\r\n\t<article class=\"w-grid-item post-9118 attachment type-attachment status-inherit hentry\" data-id=\"9118\">\r\n\t\t<div class=\"w-grid-item-h\">\r\n\t\t\t\t\t\t\t<a class=\"w-grid-item-anchor\" href=\"https:\/\/visitvinkovci.com\/wp-content\/uploads\/2024\/11\/3.jpg\" ref=\"magnificPopupGrid\" title=\"3\"><\/a>\r\n\t\t\t\t\t\t<div class=\"w-post-elm post_image usg_post_image_1 stretched\"><img loading=\"lazy\" decoding=\"async\" width=\"1600\" height=\"1066\" src=\"https:\/\/visitvinkovci.com\/wp-content\/uploads\/2024\/11\/3.jpg\" class=\"attachment-us_600_600_crop size-us_600_600_crop\" alt=\"\" srcset=\"https:\/\/visitvinkovci.com\/wp-content\/uploads\/2024\/11\/3.jpg 1600w, https:\/\/visitvinkovci.com\/wp-content\/uploads\/2024\/11\/3-300x200.jpg 300w, https:\/\/visitvinkovci.com\/wp-content\/uploads\/2024\/11\/3-1024x682.jpg 1024w, https:\/\/visitvinkovci.com\/wp-content\/uploads\/2024\/11\/3-18x12.jpg 18w, https:\/\/visitvinkovci.com\/wp-content\/uploads\/2024\/11\/3-1320x879.jpg 1320w\" sizes=\"auto, (max-width: 1600px) 100vw, 1600px\" \/><\/div>\t\t<\/div>\r\n\t<\/article>\r\n\t<article class=\"w-grid-item post-9117 attachment type-attachment status-inherit hentry\" data-id=\"9117\">\r\n\t\t<div class=\"w-grid-item-h\">\r\n\t\t\t\t\t\t\t<a class=\"w-grid-item-anchor\" href=\"https:\/\/visitvinkovci.com\/wp-content\/uploads\/2024\/11\/2.jpg\" ref=\"magnificPopupGrid\" title=\"2\"><\/a>\r\n\t\t\t\t\t\t<div class=\"w-post-elm post_image usg_post_image_1 stretched\"><img loading=\"lazy\" decoding=\"async\" width=\"1600\" height=\"1066\" src=\"https:\/\/visitvinkovci.com\/wp-content\/uploads\/2024\/11\/2.jpg\" class=\"attachment-us_600_600_crop size-us_600_600_crop\" alt=\"\" srcset=\"https:\/\/visitvinkovci.com\/wp-content\/uploads\/2024\/11\/2.jpg 1600w, https:\/\/visitvinkovci.com\/wp-content\/uploads\/2024\/11\/2-300x200.jpg 300w, https:\/\/visitvinkovci.com\/wp-content\/uploads\/2024\/11\/2-1024x682.jpg 1024w, https:\/\/visitvinkovci.com\/wp-content\/uploads\/2024\/11\/2-18x12.jpg 18w, https:\/\/visitvinkovci.com\/wp-content\/uploads\/2024\/11\/2-1320x879.jpg 1320w\" sizes=\"auto, (max-width: 1600px) 100vw, 1600px\" \/><\/div>\t\t<\/div>\r\n\t<\/article>\r\n\t<article class=\"w-grid-item post-9116 attachment type-attachment status-inherit hentry\" data-id=\"9116\">\r\n\t\t<div class=\"w-grid-item-h\">\r\n\t\t\t\t\t\t\t<a class=\"w-grid-item-anchor\" href=\"https:\/\/visitvinkovci.com\/wp-content\/uploads\/2024\/11\/1.jpg\" ref=\"magnificPopupGrid\" title=\"1\"><\/a>\r\n\t\t\t\t\t\t<div class=\"w-post-elm post_image usg_post_image_1 stretched\"><img loading=\"lazy\" decoding=\"async\" width=\"1600\" height=\"1066\" src=\"https:\/\/visitvinkovci.com\/wp-content\/uploads\/2024\/11\/1.jpg\" class=\"attachment-us_600_600_crop size-us_600_600_crop\" alt=\"\" srcset=\"https:\/\/visitvinkovci.com\/wp-content\/uploads\/2024\/11\/1.jpg 1600w, https:\/\/visitvinkovci.com\/wp-content\/uploads\/2024\/11\/1-300x200.jpg 300w, https:\/\/visitvinkovci.com\/wp-content\/uploads\/2024\/11\/1-1024x682.jpg 1024w, https:\/\/visitvinkovci.com\/wp-content\/uploads\/2024\/11\/1-18x12.jpg 18w, https:\/\/visitvinkovci.com\/wp-content\/uploads\/2024\/11\/1-1320x879.jpg 1320w\" sizes=\"auto, (max-width: 1600px) 100vw, 1600px\" \/><\/div>\t\t<\/div>\r\n\t<\/article>\r\n\t<article class=\"w-grid-item post-9115 attachment type-attachment status-inherit hentry\" data-id=\"9115\">\r\n\t\t<div class=\"w-grid-item-h\">\r\n\t\t\t\t\t\t\t<a class=\"w-grid-item-anchor\" href=\"https:\/\/visitvinkovci.com\/wp-content\/uploads\/2024\/11\/4.jpg\" ref=\"magnificPopupGrid\" title=\"4\"><\/a>\r\n\t\t\t\t\t\t<div class=\"w-post-elm post_image usg_post_image_1 stretched\"><img loading=\"lazy\" decoding=\"async\" width=\"1600\" height=\"1066\" src=\"https:\/\/visitvinkovci.com\/wp-content\/uploads\/2024\/11\/4.jpg\" class=\"attachment-us_600_600_crop size-us_600_600_crop\" alt=\"\" srcset=\"https:\/\/visitvinkovci.com\/wp-content\/uploads\/2024\/11\/4.jpg 1600w, https:\/\/visitvinkovci.com\/wp-content\/uploads\/2024\/11\/4-300x200.jpg 300w, https:\/\/visitvinkovci.com\/wp-content\/uploads\/2024\/11\/4-1024x682.jpg 1024w, https:\/\/visitvinkovci.com\/wp-content\/uploads\/2024\/11\/4-18x12.jpg 18w, https:\/\/visitvinkovci.com\/wp-content\/uploads\/2024\/11\/4-1320x879.jpg 1320w\" sizes=\"auto, (max-width: 1600px) 100vw, 1600px\" \/><\/div>\t\t<\/div>\r\n\t<\/article>\r\n<\/div><div class=\"w-grid-preloader\"><div class=\"g-preloader type_1\">\r\n\t<div><\/div>\r\n<\/div>\r\n<\/div>\t<div class=\"w-grid-json hidden\" onclick='return {&quot;action&quot;:&quot;us_ajax_grid&quot;,&quot;ajax_url&quot;:&quot;https:\\\/\\\/visitvinkovci.com\\\/wp-admin\\\/admin-ajax.php&quot;,&quot;infinite_scroll&quot;:0,&quot;max_num_pages&quot;:1,&quot;pagination&quot;:&quot;none&quot;,&quot;permalink_url&quot;:&quot;https:\\\/\\\/visitvinkovci.com\\\/en\\\/wp-json\\\/wp\\\/v2\\\/pages\\\/4383&quot;,&quot;template_vars&quot;:{&quot;columns&quot;:&quot;3&quot;,&quot;exclude_items&quot;:&quot;none&quot;,&quot;img_size&quot;:&quot;default&quot;,&quot;ignore_items_size&quot;:false,&quot;items_layout&quot;:&quot;gallery_default&quot;,&quot;items_offset&quot;:&quot;1&quot;,&quot;load_animation&quot;:&quot;none&quot;,&quot;overriding_link&quot;:&quot;popup_post_image&quot;,&quot;post_id&quot;:4383,&quot;query_args&quot;:{&quot;post__in&quot;:[&quot;9115&quot;,&quot;9116&quot;,&quot;9117&quot;,&quot;9118&quot;,&quot;9119&quot;,&quot;9120&quot;],&quot;post_status&quot;:&quot;inherit&quot;,&quot;post_mime_type&quot;:&quot;image&quot;,&quot;post_type&quot;:&quot;attachment&quot;,&quot;posts_per_page&quot;:999},&quot;orderby_query_args&quot;:{&quot;orderby&quot;:{&quot;date&quot;:&quot;DESC&quot;}},&quot;type&quot;:&quot;grid&quot;,&quot;us_grid_ajax_index&quot;:1,&quot;us_grid_filter_params&quot;:null,&quot;us_grid_index&quot;:1,&quot;_us_grid_post_type&quot;:&quot;cf|us_tile_additional_image&quot;}}'><\/div>\r\n\t<\/div><\/div><\/div><\/div><\/div><\/div><\/section>\n","protected":false},"excerpt":{"rendered":"","protected":false},"author":1,"featured_media":4461,"parent":4380,"menu_order":0,"comment_status":"closed","ping_status":"closed","template":"","meta":{"footnotes":""},"class_list":["post-4383","page","type-page","status-publish","has-post-thumbnail","hentry"],"acf":[],"yoast_head":"<!-- This site is optimized with the Yoast SEO plugin v27.4 - https:\/\/yoast.com\/product\/yoast-seo-wordpress\/ -->\n<title>Rimski dani - Visit Vinkovci<\/title>\n<meta name=\"description\" content=\"Turisti\u010dka zajednica grada Vinkovaca je organizacija koja djeluje po na\u010delu destinacijskog menad\u017ementa, a osnovana je radi promicanja i razvoja turizma Republike Hrvatske i gospodarskih interesa pravnih i fizi\u010dkih osoba koje pru\u017eaju ugostiteljske usluge i usluge u turizmu ili obavljaju drugu djelatnost neposredno povezanu s turizmom na na\u010din da upravljaju destinacijom na razini grada Vinkovaca.\" \/>\n<meta name=\"robots\" content=\"index, follow, max-snippet:-1, max-image-preview:large, max-video-preview:-1\" \/>\n<link rel=\"canonical\" href=\"https:\/\/visitvinkovci.com\/en\/istrazite\/rimski-dani\/\" \/>\n<meta property=\"og:locale\" content=\"en_GB\" \/>\n<meta property=\"og:type\" content=\"article\" \/>\n<meta property=\"og:title\" content=\"Rimski dani - Visit Vinkovci\" \/>\n<meta property=\"og:description\" content=\"Turisti\u010dka zajednica grada Vinkovaca je organizacija koja djeluje po na\u010delu destinacijskog menad\u017ementa, a osnovana je radi promicanja i razvoja turizma Republike Hrvatske i gospodarskih interesa pravnih i fizi\u010dkih osoba koje pru\u017eaju ugostiteljske usluge i usluge u turizmu ili obavljaju drugu djelatnost neposredno povezanu s turizmom na na\u010din da upravljaju destinacijom na razini grada Vinkovaca.\" \/>\n<meta property=\"og:url\" content=\"https:\/\/visitvinkovci.com\/en\/istrazite\/rimski-dani\/\" \/>\n<meta property=\"og:site_name\" content=\"Visit Vinkovci\" \/>\n<meta property=\"article:publisher\" content=\"https:\/\/www.facebook.com\/visitvinkovci\/\" \/>\n<meta property=\"article:modified_time\" content=\"2026-04-13T10:50:44+00:00\" \/>\n<meta property=\"og:image\" content=\"https:\/\/visitvinkovci.com\/wp-content\/uploads\/2022\/05\/rimski_dani-5.jpg\" \/>\n\t<meta property=\"og:image:width\" content=\"2400\" \/>\n\t<meta property=\"og:image:height\" content=\"1600\" \/>\n\t<meta property=\"og:image:type\" content=\"image\/jpeg\" \/>\n<meta name=\"twitter:card\" content=\"summary_large_image\" \/>\n<meta name=\"twitter:label1\" content=\"Estimated reading time\" \/>\n\t<meta name=\"twitter:data1\" content=\"2 minutes\" \/>\n<script type=\"application\/ld+json\" class=\"yoast-schema-graph\">{\"@context\":\"https:\\\/\\\/schema.org\",\"@graph\":[{\"@type\":\"WebPage\",\"@id\":\"https:\\\/\\\/visitvinkovci.com\\\/istrazite\\\/rimski-dani\\\/\",\"url\":\"https:\\\/\\\/visitvinkovci.com\\\/istrazite\\\/rimski-dani\\\/\",\"name\":\"Rimski dani - Visit Vinkovci\",\"isPartOf\":{\"@id\":\"https:\\\/\\\/visitvinkovci.com\\\/de\\\/#website\"},\"primaryImageOfPage\":{\"@id\":\"https:\\\/\\\/visitvinkovci.com\\\/istrazite\\\/rimski-dani\\\/#primaryimage\"},\"image\":{\"@id\":\"https:\\\/\\\/visitvinkovci.com\\\/istrazite\\\/rimski-dani\\\/#primaryimage\"},\"thumbnailUrl\":\"https:\\\/\\\/visitvinkovci.com\\\/wp-content\\\/uploads\\\/2022\\\/05\\\/rimski_dani-5.jpg\",\"datePublished\":\"2022-05-10T10:10:12+00:00\",\"dateModified\":\"2026-04-13T10:50:44+00:00\",\"description\":\"Turisti\u010dka zajednica grada Vinkovaca je organizacija koja djeluje po na\u010delu destinacijskog menad\u017ementa, a osnovana je radi promicanja i razvoja turizma Republike Hrvatske i gospodarskih interesa pravnih i fizi\u010dkih osoba koje pru\u017eaju ugostiteljske usluge i usluge u turizmu ili obavljaju drugu djelatnost neposredno povezanu s turizmom na na\u010din da upravljaju destinacijom na razini grada Vinkovaca.\",\"breadcrumb\":{\"@id\":\"https:\\\/\\\/visitvinkovci.com\\\/istrazite\\\/rimski-dani\\\/#breadcrumb\"},\"inLanguage\":\"en-GB\",\"potentialAction\":[{\"@type\":\"ReadAction\",\"target\":[\"https:\\\/\\\/visitvinkovci.com\\\/istrazite\\\/rimski-dani\\\/\"]}]},{\"@type\":\"ImageObject\",\"inLanguage\":\"en-GB\",\"@id\":\"https:\\\/\\\/visitvinkovci.com\\\/istrazite\\\/rimski-dani\\\/#primaryimage\",\"url\":\"https:\\\/\\\/visitvinkovci.com\\\/wp-content\\\/uploads\\\/2022\\\/05\\\/rimski_dani-5.jpg\",\"contentUrl\":\"https:\\\/\\\/visitvinkovci.com\\\/wp-content\\\/uploads\\\/2022\\\/05\\\/rimski_dani-5.jpg\",\"width\":2400,\"height\":1600},{\"@type\":\"BreadcrumbList\",\"@id\":\"https:\\\/\\\/visitvinkovci.com\\\/istrazite\\\/rimski-dani\\\/#breadcrumb\",\"itemListElement\":[{\"@type\":\"ListItem\",\"position\":1,\"name\":\"Home\",\"item\":\"https:\\\/\\\/visitvinkovci.com\\\/\"},{\"@type\":\"ListItem\",\"position\":2,\"name\":\"Istra\u017eite\",\"item\":\"https:\\\/\\\/visitvinkovci.com\\\/istrazite\\\/\"},{\"@type\":\"ListItem\",\"position\":3,\"name\":\"Rimski dani\"}]},{\"@type\":\"WebSite\",\"@id\":\"https:\\\/\\\/visitvinkovci.com\\\/de\\\/#website\",\"url\":\"https:\\\/\\\/visitvinkovci.com\\\/de\\\/\",\"name\":\"Visit Vinkovci\",\"description\":\"\",\"publisher\":{\"@id\":\"https:\\\/\\\/visitvinkovci.com\\\/de\\\/#organization\"},\"alternateName\":\"VisitVk\",\"potentialAction\":[{\"@type\":\"SearchAction\",\"target\":{\"@type\":\"EntryPoint\",\"urlTemplate\":\"https:\\\/\\\/visitvinkovci.com\\\/de\\\/?s={search_term_string}\"},\"query-input\":{\"@type\":\"PropertyValueSpecification\",\"valueRequired\":true,\"valueName\":\"search_term_string\"}}],\"inLanguage\":\"en-GB\"},{\"@type\":\"Organization\",\"@id\":\"https:\\\/\\\/visitvinkovci.com\\\/de\\\/#organization\",\"name\":\"Visit Vinkovci\",\"alternateName\":\"Visitvk\",\"url\":\"https:\\\/\\\/visitvinkovci.com\\\/de\\\/\",\"logo\":{\"@type\":\"ImageObject\",\"inLanguage\":\"en-GB\",\"@id\":\"https:\\\/\\\/visitvinkovci.com\\\/de\\\/#\\\/schema\\\/logo\\\/image\\\/\",\"url\":\"https:\\\/\\\/visitvinkovci.com\\\/wp-content\\\/uploads\\\/2022\\\/01\\\/Vinkovci_Logo_Central_HR_COLOR.png\",\"contentUrl\":\"https:\\\/\\\/visitvinkovci.com\\\/wp-content\\\/uploads\\\/2022\\\/01\\\/Vinkovci_Logo_Central_HR_COLOR.png\",\"width\":400,\"height\":314,\"caption\":\"Visit Vinkovci\"},\"image\":{\"@id\":\"https:\\\/\\\/visitvinkovci.com\\\/de\\\/#\\\/schema\\\/logo\\\/image\\\/\"},\"sameAs\":[\"https:\\\/\\\/www.facebook.com\\\/visitvinkovci\\\/\"]}]}<\/script>\n<!-- \/ Yoast SEO plugin. -->","yoast_head_json":{"title":"Rimski dani - Visit Vinkovci","description":"The Tourist Board of the town of Vinkovci is an organization that operates according to the principle of destination management and was founded to promote and develop tourism in the Republic of Croatia and for the economic interests of legal and natural persons who provide hospitality and tourism services or perform other activities directly related to tourism in such a way that they manage destination at the municipal level of Vinkovci.","robots":{"index":"index","follow":"follow","max-snippet":"max-snippet:-1","max-image-preview":"max-image-preview:large","max-video-preview":"max-video-preview:-1"},"canonical":"https:\/\/visitvinkovci.com\/en\/istrazite\/rimski-dani\/","og_locale":"en_GB","og_type":"article","og_title":"Rimski dani - Visit Vinkovci","og_description":"Turisti\u010dka zajednica grada Vinkovaca je organizacija koja djeluje po na\u010delu destinacijskog menad\u017ementa, a osnovana je radi promicanja i razvoja turizma Republike Hrvatske i gospodarskih interesa pravnih i fizi\u010dkih osoba koje pru\u017eaju ugostiteljske usluge i usluge u turizmu ili obavljaju drugu djelatnost neposredno povezanu s turizmom na na\u010din da upravljaju destinacijom na razini grada Vinkovaca.","og_url":"https:\/\/visitvinkovci.com\/en\/istrazite\/rimski-dani\/","og_site_name":"Visit Vinkovci","article_publisher":"https:\/\/www.facebook.com\/visitvinkovci\/","article_modified_time":"2026-04-13T10:50:44+00:00","og_image":[{"width":2400,"height":1600,"url":"https:\/\/visitvinkovci.com\/wp-content\/uploads\/2022\/05\/rimski_dani-5.jpg","type":"image\/jpeg"}],"twitter_card":"summary_large_image","twitter_misc":{"Estimated reading time":"2 minutes"},"schema":{"@context":"https:\/\/schema.org","@graph":[{"@type":"WebPage","@id":"https:\/\/visitvinkovci.com\/istrazite\/rimski-dani\/","url":"https:\/\/visitvinkovci.com\/istrazite\/rimski-dani\/","name":"Rimski dani - Visit Vinkovci","isPartOf":{"@id":"https:\/\/visitvinkovci.com\/de\/#website"},"primaryImageOfPage":{"@id":"https:\/\/visitvinkovci.com\/istrazite\/rimski-dani\/#primaryimage"},"image":{"@id":"https:\/\/visitvinkovci.com\/istrazite\/rimski-dani\/#primaryimage"},"thumbnailUrl":"https:\/\/visitvinkovci.com\/wp-content\/uploads\/2022\/05\/rimski_dani-5.jpg","datePublished":"2022-05-10T10:10:12+00:00","dateModified":"2026-04-13T10:50:44+00:00","description":"The Tourist Board of the town of Vinkovci is an organization that operates according to the principle of destination management and was founded to promote and develop tourism in the Republic of Croatia and for the economic interests of legal and natural persons who provide hospitality and tourism services or perform other activities directly related to tourism in such a way that they manage destination at the municipal level of Vinkovci.","breadcrumb":{"@id":"https:\/\/visitvinkovci.com\/istrazite\/rimski-dani\/#breadcrumb"},"inLanguage":"en-GB","potentialAction":[{"@type":"ReadAction","target":["https:\/\/visitvinkovci.com\/istrazite\/rimski-dani\/"]}]},{"@type":"ImageObject","inLanguage":"en-GB","@id":"https:\/\/visitvinkovci.com\/istrazite\/rimski-dani\/#primaryimage","url":"https:\/\/visitvinkovci.com\/wp-content\/uploads\/2022\/05\/rimski_dani-5.jpg","contentUrl":"https:\/\/visitvinkovci.com\/wp-content\/uploads\/2022\/05\/rimski_dani-5.jpg","width":2400,"height":1600},{"@type":"BreadcrumbList","@id":"https:\/\/visitvinkovci.com\/istrazite\/rimski-dani\/#breadcrumb","itemListElement":[{"@type":"ListItem","position":1,"name":"Home","item":"https:\/\/visitvinkovci.com\/"},{"@type":"ListItem","position":2,"name":"Istra\u017eite","item":"https:\/\/visitvinkovci.com\/istrazite\/"},{"@type":"ListItem","position":3,"name":"Rimski dani"}]},{"@type":"WebSite","@id":"https:\/\/visitvinkovci.com\/de\/#website","url":"https:\/\/visitvinkovci.com\/de\/","name":"Visit Vinkovci","description":"","publisher":{"@id":"https:\/\/visitvinkovci.com\/de\/#organization"},"alternateName":"VisitVk","potentialAction":[{"@type":"SearchAction","target":{"@type":"EntryPoint","urlTemplate":"https:\/\/visitvinkovci.com\/de\/?s={search_term_string}"},"query-input":{"@type":"PropertyValueSpecification","valueRequired":true,"valueName":"search_term_string"}}],"inLanguage":"en-GB"},{"@type":"Organization","@id":"https:\/\/visitvinkovci.com\/de\/#organization","name":"Visit Vinkovci","alternateName":"Visitvk","url":"https:\/\/visitvinkovci.com\/de\/","logo":{"@type":"ImageObject","inLanguage":"en-GB","@id":"https:\/\/visitvinkovci.com\/de\/#\/schema\/logo\/image\/","url":"https:\/\/visitvinkovci.com\/wp-content\/uploads\/2022\/01\/Vinkovci_Logo_Central_HR_COLOR.png","contentUrl":"https:\/\/visitvinkovci.com\/wp-content\/uploads\/2022\/01\/Vinkovci_Logo_Central_HR_COLOR.png","width":400,"height":314,"caption":"Visit Vinkovci"},"image":{"@id":"https:\/\/visitvinkovci.com\/de\/#\/schema\/logo\/image\/"},"sameAs":["https:\/\/www.facebook.com\/visitvinkovci\/"]}]}},"_links":{"self":[{"href":"https:\/\/visitvinkovci.com\/en\/wp-json\/wp\/v2\/pages\/4383","targetHints":{"allow":["GET"]}}],"collection":[{"href":"https:\/\/visitvinkovci.com\/en\/wp-json\/wp\/v2\/pages"}],"about":[{"href":"https:\/\/visitvinkovci.com\/en\/wp-json\/wp\/v2\/types\/page"}],"author":[{"embeddable":true,"href":"https:\/\/visitvinkovci.com\/en\/wp-json\/wp\/v2\/users\/1"}],"replies":[{"embeddable":true,"href":"https:\/\/visitvinkovci.com\/en\/wp-json\/wp\/v2\/comments?post=4383"}],"version-history":[{"count":13,"href":"https:\/\/visitvinkovci.com\/en\/wp-json\/wp\/v2\/pages\/4383\/revisions"}],"predecessor-version":[{"id":11498,"href":"https:\/\/visitvinkovci.com\/en\/wp-json\/wp\/v2\/pages\/4383\/revisions\/11498"}],"up":[{"embeddable":true,"href":"https:\/\/visitvinkovci.com\/en\/wp-json\/wp\/v2\/pages\/4380"}],"wp:featuredmedia":[{"embeddable":true,"href":"https:\/\/visitvinkovci.com\/en\/wp-json\/wp\/v2\/media\/4461"}],"wp:attachment":[{"href":"https:\/\/visitvinkovci.com\/en\/wp-json\/wp\/v2\/media?parent=4383"}],"curies":[{"name":"wp","href":"https:\/\/api.w.org\/{rel}","templated":true}]}}