{"id":4327,"date":"2022-05-04T07:33:58","date_gmt":"2022-05-04T05:33:58","guid":{"rendered":"https:\/\/visitvinkovci.com\/?page_id=4327"},"modified":"2022-07-04T07:13:06","modified_gmt":"2022-07-04T05:13:06","slug":"sopot","status":"publish","type":"page","link":"https:\/\/visitvinkovci.com\/en\/godine-zivota-vinkovaca\/sopot\/","title":{"rendered":"Sopot"},"content":{"rendered":"<section class=\"l-section wpb_row height_large full_height valign_center width_full\"><div class=\"l-section-overlay\" style=\"background:rgba(26,26,26,0.40)\"><\/div><div class=\"l-section-h i-cf\"><div class=\"g-cols vc_row via_flex valign_middle type_default\"><div class=\"vc_col-sm-12 wpb_column vc_column_container\"><div class=\"vc_column-inner\"><div class=\"wpb_wrapper\"><h1 class=\"w-post-elm post_title us_custom_836f727b has_text_color align_center entry-title color_link_inherit\">Sopot<\/h1><\/div><\/div><\/div><\/div><\/div><\/section>\n<section class=\"l-section wpb_row height_medium\"><div class=\"l-section-h i-cf\"><div class=\"g-cols vc_row via_flex valign_top type_default\"><div class=\"vc_col-sm-12 wpb_column vc_column_container\"><div class=\"vc_column-inner\"><div class=\"wpb_wrapper\"><div class=\"wpb_text_column\"><div class=\"wpb_wrapper\"><p>One of favourite picnic spots in Vinkovci is Sopot \u2013 an archaeological park connected to the town centre by a 3-kilometre-long pedestrian-cycling path, which runs all the way along the Bosut River.<\/p>\n<p>A beautiful, peaceful, and optimally long walk, perfect for filming the Bosut landscape at dusk. The picnic area itself includes six Sopot houses that were once built in the swamps, here along the Bosut River. The houses were reconstructed according to the findings of that site, and they were named Sopot after the culture to which they belonged. In Sopot, there is also a catering facility, a children\u2019s playground and a beach volleyball court. After the houses, you can walk along the educational path Kanovci to \u0160oka\u010dki stan, which represents authentic Slavonian architecture.<\/p>\n<\/div><\/div><\/div><\/div><\/div><\/div><\/div><\/section>","protected":false},"excerpt":{"rendered":"Sopot Jedno od omiljenih vinkova\u010dkih izleti\u0161ta je Sopot \u2013 arheolo\u0161ki park povezan s centrom grada pje\u0161a\u010dko-biciklisti\u010dkom stazom dugom 3 kilometra, koja se cijelim putem prote\u017ee uz Bosut. Lijepa, mirna i...","protected":false},"author":1,"featured_media":4318,"parent":4291,"menu_order":0,"comment_status":"closed","ping_status":"closed","template":"","meta":{"footnotes":""},"class_list":["post-4327","page","type-page","status-publish","has-post-thumbnail","hentry"],"acf":[],"yoast_head":"<!-- This site is optimized with the Yoast SEO plugin v27.5 - https:\/\/yoast.com\/product\/yoast-seo-wordpress\/ -->\n<title>Sopot - Visit Vinkovci<\/title>\n<meta name=\"description\" content=\"Turisti\u010dka zajednica grada Vinkovaca je organizacija koja djeluje po na\u010delu destinacijskog menad\u017ementa, a osnovana je radi promicanja i razvoja turizma Republike Hrvatske i gospodarskih interesa pravnih i fizi\u010dkih osoba koje pru\u017eaju ugostiteljske usluge i usluge u turizmu ili obavljaju drugu djelatnost neposredno povezanu s turizmom na na\u010din da upravljaju destinacijom na razini grada Vinkovaca.\" \/>\n<meta name=\"robots\" content=\"index, follow, max-snippet:-1, max-image-preview:large, max-video-preview:-1\" \/>\n<link rel=\"canonical\" href=\"https:\/\/visitvinkovci.com\/en\/godine-zivota-vinkovaca\/sopot\/\" \/>\n<meta property=\"og:locale\" content=\"en_GB\" \/>\n<meta property=\"og:type\" content=\"article\" \/>\n<meta property=\"og:title\" content=\"Sopot - Visit Vinkovci\" \/>\n<meta property=\"og:description\" content=\"Turisti\u010dka zajednica grada Vinkovaca je organizacija koja djeluje po na\u010delu destinacijskog menad\u017ementa, a osnovana je radi promicanja i razvoja turizma Republike Hrvatske i gospodarskih interesa pravnih i fizi\u010dkih osoba koje pru\u017eaju ugostiteljske usluge i usluge u turizmu ili obavljaju drugu djelatnost neposredno povezanu s turizmom na na\u010din da upravljaju destinacijom na razini grada Vinkovaca.\" \/>\n<meta property=\"og:url\" content=\"https:\/\/visitvinkovci.com\/en\/godine-zivota-vinkovaca\/sopot\/\" \/>\n<meta property=\"og:site_name\" content=\"Visit Vinkovci\" \/>\n<meta property=\"article:publisher\" content=\"https:\/\/www.facebook.com\/visitvinkovci\/\" \/>\n<meta property=\"article:modified_time\" content=\"2022-07-04T05:13:06+00:00\" \/>\n<meta property=\"og:image\" content=\"https:\/\/visitvinkovci.com\/wp-content\/uploads\/2022\/05\/Sopot-zima.jpg\" \/>\n\t<meta property=\"og:image:width\" content=\"2400\" \/>\n\t<meta property=\"og:image:height\" content=\"1598\" \/>\n\t<meta property=\"og:image:type\" content=\"image\/jpeg\" \/>\n<meta name=\"twitter:card\" content=\"summary_large_image\" \/>\n<meta name=\"twitter:label1\" content=\"Estimated reading time\" \/>\n\t<meta name=\"twitter:data1\" content=\"1 minute\" \/>\n<script type=\"application\/ld+json\" class=\"yoast-schema-graph\">{\"@context\":\"https:\\\/\\\/schema.org\",\"@graph\":[{\"@type\":\"WebPage\",\"@id\":\"https:\\\/\\\/visitvinkovci.com\\\/godine-zivota-vinkovaca\\\/sopot\\\/\",\"url\":\"https:\\\/\\\/visitvinkovci.com\\\/godine-zivota-vinkovaca\\\/sopot\\\/\",\"name\":\"Sopot - Visit Vinkovci\",\"isPartOf\":{\"@id\":\"https:\\\/\\\/visitvinkovci.com\\\/de\\\/#website\"},\"primaryImageOfPage\":{\"@id\":\"https:\\\/\\\/visitvinkovci.com\\\/godine-zivota-vinkovaca\\\/sopot\\\/#primaryimage\"},\"image\":{\"@id\":\"https:\\\/\\\/visitvinkovci.com\\\/godine-zivota-vinkovaca\\\/sopot\\\/#primaryimage\"},\"thumbnailUrl\":\"https:\\\/\\\/visitvinkovci.com\\\/wp-content\\\/uploads\\\/2022\\\/05\\\/Sopot-zima.jpg\",\"datePublished\":\"2022-05-04T05:33:58+00:00\",\"dateModified\":\"2022-07-04T05:13:06+00:00\",\"description\":\"Turisti\u010dka zajednica grada Vinkovaca je organizacija koja djeluje po na\u010delu destinacijskog menad\u017ementa, a osnovana je radi promicanja i razvoja turizma Republike Hrvatske i gospodarskih interesa pravnih i fizi\u010dkih osoba koje pru\u017eaju ugostiteljske usluge i usluge u turizmu ili obavljaju drugu djelatnost neposredno povezanu s turizmom na na\u010din da upravljaju destinacijom na razini grada Vinkovaca.\",\"breadcrumb\":{\"@id\":\"https:\\\/\\\/visitvinkovci.com\\\/godine-zivota-vinkovaca\\\/sopot\\\/#breadcrumb\"},\"inLanguage\":\"en-GB\",\"potentialAction\":[{\"@type\":\"ReadAction\",\"target\":[\"https:\\\/\\\/visitvinkovci.com\\\/godine-zivota-vinkovaca\\\/sopot\\\/\"]}]},{\"@type\":\"ImageObject\",\"inLanguage\":\"en-GB\",\"@id\":\"https:\\\/\\\/visitvinkovci.com\\\/godine-zivota-vinkovaca\\\/sopot\\\/#primaryimage\",\"url\":\"https:\\\/\\\/visitvinkovci.com\\\/wp-content\\\/uploads\\\/2022\\\/05\\\/Sopot-zima.jpg\",\"contentUrl\":\"https:\\\/\\\/visitvinkovci.com\\\/wp-content\\\/uploads\\\/2022\\\/05\\\/Sopot-zima.jpg\",\"width\":2400,\"height\":1598},{\"@type\":\"BreadcrumbList\",\"@id\":\"https:\\\/\\\/visitvinkovci.com\\\/godine-zivota-vinkovaca\\\/sopot\\\/#breadcrumb\",\"itemListElement\":[{\"@type\":\"ListItem\",\"position\":1,\"name\":\"Home\",\"item\":\"https:\\\/\\\/visitvinkovci.com\\\/\"},{\"@type\":\"ListItem\",\"position\":2,\"name\":\"Godine \u017eivota Vinkovaca\",\"item\":\"https:\\\/\\\/visitvinkovci.com\\\/godine-zivota-vinkovaca\\\/\"},{\"@type\":\"ListItem\",\"position\":3,\"name\":\"Sopot\"}]},{\"@type\":\"WebSite\",\"@id\":\"https:\\\/\\\/visitvinkovci.com\\\/de\\\/#website\",\"url\":\"https:\\\/\\\/visitvinkovci.com\\\/de\\\/\",\"name\":\"Visit Vinkovci\",\"description\":\"\",\"publisher\":{\"@id\":\"https:\\\/\\\/visitvinkovci.com\\\/de\\\/#organization\"},\"alternateName\":\"VisitVk\",\"potentialAction\":[{\"@type\":\"SearchAction\",\"target\":{\"@type\":\"EntryPoint\",\"urlTemplate\":\"https:\\\/\\\/visitvinkovci.com\\\/de\\\/?s={search_term_string}\"},\"query-input\":{\"@type\":\"PropertyValueSpecification\",\"valueRequired\":true,\"valueName\":\"search_term_string\"}}],\"inLanguage\":\"en-GB\"},{\"@type\":\"Organization\",\"@id\":\"https:\\\/\\\/visitvinkovci.com\\\/de\\\/#organization\",\"name\":\"Visit Vinkovci\",\"alternateName\":\"Visitvk\",\"url\":\"https:\\\/\\\/visitvinkovci.com\\\/de\\\/\",\"logo\":{\"@type\":\"ImageObject\",\"inLanguage\":\"en-GB\",\"@id\":\"https:\\\/\\\/visitvinkovci.com\\\/de\\\/#\\\/schema\\\/logo\\\/image\\\/\",\"url\":\"https:\\\/\\\/visitvinkovci.com\\\/wp-content\\\/uploads\\\/2022\\\/01\\\/Vinkovci_Logo_Central_HR_COLOR.png\",\"contentUrl\":\"https:\\\/\\\/visitvinkovci.com\\\/wp-content\\\/uploads\\\/2022\\\/01\\\/Vinkovci_Logo_Central_HR_COLOR.png\",\"width\":400,\"height\":314,\"caption\":\"Visit Vinkovci\"},\"image\":{\"@id\":\"https:\\\/\\\/visitvinkovci.com\\\/de\\\/#\\\/schema\\\/logo\\\/image\\\/\"},\"sameAs\":[\"https:\\\/\\\/www.facebook.com\\\/visitvinkovci\\\/\"]}]}<\/script>\n<!-- \/ Yoast SEO plugin. -->","yoast_head_json":{"title":"Sopot - Visit Vinkovci","description":"The Tourist Board of the town of Vinkovci is an organization that operates according to the principle of destination management and was founded to promote and develop tourism in the Republic of Croatia and for the economic interests of legal and natural persons who provide hospitality and tourism services or perform other activities directly related to tourism in such a way that they manage destination at the municipal level of Vinkovci.","robots":{"index":"index","follow":"follow","max-snippet":"max-snippet:-1","max-image-preview":"max-image-preview:large","max-video-preview":"max-video-preview:-1"},"canonical":"https:\/\/visitvinkovci.com\/en\/godine-zivota-vinkovaca\/sopot\/","og_locale":"en_GB","og_type":"article","og_title":"Sopot - Visit Vinkovci","og_description":"Turisti\u010dka zajednica grada Vinkovaca je organizacija koja djeluje po na\u010delu destinacijskog menad\u017ementa, a osnovana je radi promicanja i razvoja turizma Republike Hrvatske i gospodarskih interesa pravnih i fizi\u010dkih osoba koje pru\u017eaju ugostiteljske usluge i usluge u turizmu ili obavljaju drugu djelatnost neposredno povezanu s turizmom na na\u010din da upravljaju destinacijom na razini grada Vinkovaca.","og_url":"https:\/\/visitvinkovci.com\/en\/godine-zivota-vinkovaca\/sopot\/","og_site_name":"Visit Vinkovci","article_publisher":"https:\/\/www.facebook.com\/visitvinkovci\/","article_modified_time":"2022-07-04T05:13:06+00:00","og_image":[{"width":2400,"height":1598,"url":"https:\/\/visitvinkovci.com\/wp-content\/uploads\/2022\/05\/Sopot-zima.jpg","type":"image\/jpeg"}],"twitter_card":"summary_large_image","twitter_misc":{"Estimated reading time":"1 minute"},"schema":{"@context":"https:\/\/schema.org","@graph":[{"@type":"WebPage","@id":"https:\/\/visitvinkovci.com\/godine-zivota-vinkovaca\/sopot\/","url":"https:\/\/visitvinkovci.com\/godine-zivota-vinkovaca\/sopot\/","name":"Sopot - Visit Vinkovci","isPartOf":{"@id":"https:\/\/visitvinkovci.com\/de\/#website"},"primaryImageOfPage":{"@id":"https:\/\/visitvinkovci.com\/godine-zivota-vinkovaca\/sopot\/#primaryimage"},"image":{"@id":"https:\/\/visitvinkovci.com\/godine-zivota-vinkovaca\/sopot\/#primaryimage"},"thumbnailUrl":"https:\/\/visitvinkovci.com\/wp-content\/uploads\/2022\/05\/Sopot-zima.jpg","datePublished":"2022-05-04T05:33:58+00:00","dateModified":"2022-07-04T05:13:06+00:00","description":"The Tourist Board of the town of Vinkovci is an organization that operates according to the principle of destination management and was founded to promote and develop tourism in the Republic of Croatia and for the economic interests of legal and natural persons who provide hospitality and tourism services or perform other activities directly related to tourism in such a way that they manage destination at the municipal level of Vinkovci.","breadcrumb":{"@id":"https:\/\/visitvinkovci.com\/godine-zivota-vinkovaca\/sopot\/#breadcrumb"},"inLanguage":"en-GB","potentialAction":[{"@type":"ReadAction","target":["https:\/\/visitvinkovci.com\/godine-zivota-vinkovaca\/sopot\/"]}]},{"@type":"ImageObject","inLanguage":"en-GB","@id":"https:\/\/visitvinkovci.com\/godine-zivota-vinkovaca\/sopot\/#primaryimage","url":"https:\/\/visitvinkovci.com\/wp-content\/uploads\/2022\/05\/Sopot-zima.jpg","contentUrl":"https:\/\/visitvinkovci.com\/wp-content\/uploads\/2022\/05\/Sopot-zima.jpg","width":2400,"height":1598},{"@type":"BreadcrumbList","@id":"https:\/\/visitvinkovci.com\/godine-zivota-vinkovaca\/sopot\/#breadcrumb","itemListElement":[{"@type":"ListItem","position":1,"name":"Home","item":"https:\/\/visitvinkovci.com\/"},{"@type":"ListItem","position":2,"name":"Godine \u017eivota Vinkovaca","item":"https:\/\/visitvinkovci.com\/godine-zivota-vinkovaca\/"},{"@type":"ListItem","position":3,"name":"Sopot"}]},{"@type":"WebSite","@id":"https:\/\/visitvinkovci.com\/de\/#website","url":"https:\/\/visitvinkovci.com\/de\/","name":"Visit Vinkovci","description":"","publisher":{"@id":"https:\/\/visitvinkovci.com\/de\/#organization"},"alternateName":"VisitVk","potentialAction":[{"@type":"SearchAction","target":{"@type":"EntryPoint","urlTemplate":"https:\/\/visitvinkovci.com\/de\/?s={search_term_string}"},"query-input":{"@type":"PropertyValueSpecification","valueRequired":true,"valueName":"search_term_string"}}],"inLanguage":"en-GB"},{"@type":"Organization","@id":"https:\/\/visitvinkovci.com\/de\/#organization","name":"Visit Vinkovci","alternateName":"Visitvk","url":"https:\/\/visitvinkovci.com\/de\/","logo":{"@type":"ImageObject","inLanguage":"en-GB","@id":"https:\/\/visitvinkovci.com\/de\/#\/schema\/logo\/image\/","url":"https:\/\/visitvinkovci.com\/wp-content\/uploads\/2022\/01\/Vinkovci_Logo_Central_HR_COLOR.png","contentUrl":"https:\/\/visitvinkovci.com\/wp-content\/uploads\/2022\/01\/Vinkovci_Logo_Central_HR_COLOR.png","width":400,"height":314,"caption":"Visit Vinkovci"},"image":{"@id":"https:\/\/visitvinkovci.com\/de\/#\/schema\/logo\/image\/"},"sameAs":["https:\/\/www.facebook.com\/visitvinkovci\/"]}]}},"_links":{"self":[{"href":"https:\/\/visitvinkovci.com\/en\/wp-json\/wp\/v2\/pages\/4327","targetHints":{"allow":["GET"]}}],"collection":[{"href":"https:\/\/visitvinkovci.com\/en\/wp-json\/wp\/v2\/pages"}],"about":[{"href":"https:\/\/visitvinkovci.com\/en\/wp-json\/wp\/v2\/types\/page"}],"author":[{"embeddable":true,"href":"https:\/\/visitvinkovci.com\/en\/wp-json\/wp\/v2\/users\/1"}],"replies":[{"embeddable":true,"href":"https:\/\/visitvinkovci.com\/en\/wp-json\/wp\/v2\/comments?post=4327"}],"version-history":[{"count":2,"href":"https:\/\/visitvinkovci.com\/en\/wp-json\/wp\/v2\/pages\/4327\/revisions"}],"predecessor-version":[{"id":4339,"href":"https:\/\/visitvinkovci.com\/en\/wp-json\/wp\/v2\/pages\/4327\/revisions\/4339"}],"up":[{"embeddable":true,"href":"https:\/\/visitvinkovci.com\/en\/wp-json\/wp\/v2\/pages\/4291"}],"wp:featuredmedia":[{"embeddable":true,"href":"https:\/\/visitvinkovci.com\/en\/wp-json\/wp\/v2\/media\/4318"}],"wp:attachment":[{"href":"https:\/\/visitvinkovci.com\/en\/wp-json\/wp\/v2\/media?parent=4327"}],"curies":[{"name":"wp","href":"https:\/\/api.w.org\/{rel}","templated":true}]}}