{"id":4325,"date":"2022-05-04T07:33:49","date_gmt":"2022-05-04T05:33:49","guid":{"rendered":"https:\/\/visitvinkovci.com\/?page_id=4325"},"modified":"2022-07-04T07:12:47","modified_gmt":"2022-07-04T05:12:47","slug":"orion","status":"publish","type":"page","link":"https:\/\/visitvinkovci.com\/en\/godine-zivota-vinkovaca\/orion\/","title":{"rendered":"Orion"},"content":{"rendered":"<section class=\"l-section wpb_row height_large full_height valign_center width_full\"><div class=\"l-section-overlay\" style=\"background:rgba(26,26,26,0.40)\"><\/div><div class=\"l-section-h i-cf\"><div class=\"g-cols vc_row via_flex valign_middle type_default\"><div class=\"vc_col-sm-12 wpb_column vc_column_container\"><div class=\"vc_column-inner\"><div class=\"wpb_wrapper\"><h1 class=\"w-post-elm post_title us_custom_836f727b has_text_color align_center entry-title color_link_inherit\">Orion<\/h1><\/div><\/div><\/div><\/div><\/div><\/section>\n<section class=\"l-section wpb_row height_medium\"><div class=\"l-section-h i-cf\"><div class=\"g-cols vc_row via_flex valign_top type_default\"><div class=\"vc_col-sm-12 wpb_column vc_column_container\"><div class=\"vc_column-inner\"><div class=\"wpb_wrapper\"><div class=\"wpb_text_column\"><div class=\"wpb_wrapper\"><p>Orion is a real little mystery of Vinkovci, which changes the life of this sleepy town.a \u017eivot ovog uspavanog grada. it is a vessel of unusual beauty, a ceramic pot painted in black and white squares. It was discovered in 1978. when digging a shelter for the Slavonia Hotel facility. Significantly, it happened on the first day of spring.<\/p>\n<p>It was later discovered that the vessel dates back to 2600 BC. from the time of the Vu\u010dedol culture! Twenty years after its discovery, the secret of the unique ornaments was solved \u2013 it is a symbolic representation of the sky above the town. More precisely, Orion is a calendar, the oldest calendar in Europe. Just to compare, it is about 500 years older than the famous Stonehenge site.<\/p>\n<p>No matter what season you visit Vinkovci, look up to the starry sky during clear nights and try to find symbols from Orion. in the autumn Pleiades, Gemini and Pisces\/ Pegasus, and in the winter Pleiades, Gemini, Pisces\/Pegasus, Cassiopeia and Orion. The calendar can be seen in the Town Museum Vinkovci.<\/p>\n<\/div><\/div><\/div><\/div><\/div><\/div><\/div><\/section>","protected":false},"excerpt":{"rendered":"Orion Orion je pravi mali vinkova\u010dki misterij koji mijenja \u017eivot ovog uspavanog grada. Orion je posuda neobi\u010dne ljepote, kerami\u010dki lonac, oslikanom crno bijelim kvadrati\u0107ima. Otkriven je 1978. prilikom kopanja skloni\u0161ta...","protected":false},"author":1,"featured_media":4303,"parent":4291,"menu_order":0,"comment_status":"closed","ping_status":"closed","template":"","meta":{"footnotes":""},"class_list":["post-4325","page","type-page","status-publish","has-post-thumbnail","hentry"],"acf":[],"yoast_head":"<!-- This site is optimized with the Yoast SEO plugin v27.5 - https:\/\/yoast.com\/product\/yoast-seo-wordpress\/ -->\n<title>Orion - Visit Vinkovci<\/title>\n<meta name=\"description\" content=\"Visit Vinkovci\" \/>\n<meta name=\"robots\" content=\"index, follow, max-snippet:-1, max-image-preview:large, max-video-preview:-1\" \/>\n<link rel=\"canonical\" href=\"https:\/\/visitvinkovci.com\/en\/godine-zivota-vinkovaca\/orion\/\" \/>\n<meta property=\"og:locale\" content=\"en_GB\" \/>\n<meta property=\"og:type\" content=\"article\" \/>\n<meta property=\"og:title\" content=\"Orion - Visit Vinkovci\" \/>\n<meta property=\"og:description\" content=\"Visit Vinkovci\" \/>\n<meta property=\"og:url\" content=\"https:\/\/visitvinkovci.com\/en\/godine-zivota-vinkovaca\/orion\/\" \/>\n<meta property=\"og:site_name\" content=\"Visit Vinkovci\" \/>\n<meta property=\"article:publisher\" content=\"https:\/\/www.facebook.com\/visitvinkovci\/\" \/>\n<meta property=\"article:modified_time\" content=\"2022-07-04T05:12:47+00:00\" \/>\n<meta property=\"og:image\" content=\"https:\/\/visitvinkovci.com\/wp-content\/uploads\/2022\/05\/Orion.jpg\" \/>\n\t<meta property=\"og:image:width\" content=\"2400\" \/>\n\t<meta property=\"og:image:height\" content=\"1798\" \/>\n\t<meta property=\"og:image:type\" content=\"image\/jpeg\" \/>\n<meta name=\"twitter:card\" content=\"summary_large_image\" \/>\n<meta name=\"twitter:label1\" content=\"Estimated reading time\" \/>\n\t<meta name=\"twitter:data1\" content=\"1 minute\" \/>\n<script type=\"application\/ld+json\" class=\"yoast-schema-graph\">{\"@context\":\"https:\\\/\\\/schema.org\",\"@graph\":[{\"@type\":\"WebPage\",\"@id\":\"https:\\\/\\\/visitvinkovci.com\\\/godine-zivota-vinkovaca\\\/orion\\\/\",\"url\":\"https:\\\/\\\/visitvinkovci.com\\\/godine-zivota-vinkovaca\\\/orion\\\/\",\"name\":\"Orion - Visit Vinkovci\",\"isPartOf\":{\"@id\":\"https:\\\/\\\/visitvinkovci.com\\\/de\\\/#website\"},\"primaryImageOfPage\":{\"@id\":\"https:\\\/\\\/visitvinkovci.com\\\/godine-zivota-vinkovaca\\\/orion\\\/#primaryimage\"},\"image\":{\"@id\":\"https:\\\/\\\/visitvinkovci.com\\\/godine-zivota-vinkovaca\\\/orion\\\/#primaryimage\"},\"thumbnailUrl\":\"https:\\\/\\\/visitvinkovci.com\\\/wp-content\\\/uploads\\\/2022\\\/05\\\/Orion.jpg\",\"datePublished\":\"2022-05-04T05:33:49+00:00\",\"dateModified\":\"2022-07-04T05:12:47+00:00\",\"description\":\"Visit Vinkovci\",\"breadcrumb\":{\"@id\":\"https:\\\/\\\/visitvinkovci.com\\\/godine-zivota-vinkovaca\\\/orion\\\/#breadcrumb\"},\"inLanguage\":\"en-GB\",\"potentialAction\":[{\"@type\":\"ReadAction\",\"target\":[\"https:\\\/\\\/visitvinkovci.com\\\/godine-zivota-vinkovaca\\\/orion\\\/\"]}]},{\"@type\":\"ImageObject\",\"inLanguage\":\"en-GB\",\"@id\":\"https:\\\/\\\/visitvinkovci.com\\\/godine-zivota-vinkovaca\\\/orion\\\/#primaryimage\",\"url\":\"https:\\\/\\\/visitvinkovci.com\\\/wp-content\\\/uploads\\\/2022\\\/05\\\/Orion.jpg\",\"contentUrl\":\"https:\\\/\\\/visitvinkovci.com\\\/wp-content\\\/uploads\\\/2022\\\/05\\\/Orion.jpg\",\"width\":2400,\"height\":1798},{\"@type\":\"BreadcrumbList\",\"@id\":\"https:\\\/\\\/visitvinkovci.com\\\/godine-zivota-vinkovaca\\\/orion\\\/#breadcrumb\",\"itemListElement\":[{\"@type\":\"ListItem\",\"position\":1,\"name\":\"Home\",\"item\":\"https:\\\/\\\/visitvinkovci.com\\\/\"},{\"@type\":\"ListItem\",\"position\":2,\"name\":\"Godine \u017eivota Vinkovaca\",\"item\":\"https:\\\/\\\/visitvinkovci.com\\\/godine-zivota-vinkovaca\\\/\"},{\"@type\":\"ListItem\",\"position\":3,\"name\":\"Orion\"}]},{\"@type\":\"WebSite\",\"@id\":\"https:\\\/\\\/visitvinkovci.com\\\/de\\\/#website\",\"url\":\"https:\\\/\\\/visitvinkovci.com\\\/de\\\/\",\"name\":\"Visit Vinkovci\",\"description\":\"\",\"publisher\":{\"@id\":\"https:\\\/\\\/visitvinkovci.com\\\/de\\\/#organization\"},\"alternateName\":\"VisitVk\",\"potentialAction\":[{\"@type\":\"SearchAction\",\"target\":{\"@type\":\"EntryPoint\",\"urlTemplate\":\"https:\\\/\\\/visitvinkovci.com\\\/de\\\/?s={search_term_string}\"},\"query-input\":{\"@type\":\"PropertyValueSpecification\",\"valueRequired\":true,\"valueName\":\"search_term_string\"}}],\"inLanguage\":\"en-GB\"},{\"@type\":\"Organization\",\"@id\":\"https:\\\/\\\/visitvinkovci.com\\\/de\\\/#organization\",\"name\":\"Visit Vinkovci\",\"alternateName\":\"Visitvk\",\"url\":\"https:\\\/\\\/visitvinkovci.com\\\/de\\\/\",\"logo\":{\"@type\":\"ImageObject\",\"inLanguage\":\"en-GB\",\"@id\":\"https:\\\/\\\/visitvinkovci.com\\\/de\\\/#\\\/schema\\\/logo\\\/image\\\/\",\"url\":\"https:\\\/\\\/visitvinkovci.com\\\/wp-content\\\/uploads\\\/2022\\\/01\\\/Vinkovci_Logo_Central_HR_COLOR.png\",\"contentUrl\":\"https:\\\/\\\/visitvinkovci.com\\\/wp-content\\\/uploads\\\/2022\\\/01\\\/Vinkovci_Logo_Central_HR_COLOR.png\",\"width\":400,\"height\":314,\"caption\":\"Visit Vinkovci\"},\"image\":{\"@id\":\"https:\\\/\\\/visitvinkovci.com\\\/de\\\/#\\\/schema\\\/logo\\\/image\\\/\"},\"sameAs\":[\"https:\\\/\\\/www.facebook.com\\\/visitvinkovci\\\/\"]}]}<\/script>\n<!-- \/ Yoast SEO plugin. -->","yoast_head_json":{"title":"Orion - Visit Vinkovci","description":"Visit Vinkovci","robots":{"index":"index","follow":"follow","max-snippet":"max-snippet:-1","max-image-preview":"max-image-preview:large","max-video-preview":"max-video-preview:-1"},"canonical":"https:\/\/visitvinkovci.com\/en\/godine-zivota-vinkovaca\/orion\/","og_locale":"en_GB","og_type":"article","og_title":"Orion - Visit Vinkovci","og_description":"Visit Vinkovci","og_url":"https:\/\/visitvinkovci.com\/en\/godine-zivota-vinkovaca\/orion\/","og_site_name":"Visit Vinkovci","article_publisher":"https:\/\/www.facebook.com\/visitvinkovci\/","article_modified_time":"2022-07-04T05:12:47+00:00","og_image":[{"width":2400,"height":1798,"url":"https:\/\/visitvinkovci.com\/wp-content\/uploads\/2022\/05\/Orion.jpg","type":"image\/jpeg"}],"twitter_card":"summary_large_image","twitter_misc":{"Estimated reading time":"1 minute"},"schema":{"@context":"https:\/\/schema.org","@graph":[{"@type":"WebPage","@id":"https:\/\/visitvinkovci.com\/godine-zivota-vinkovaca\/orion\/","url":"https:\/\/visitvinkovci.com\/godine-zivota-vinkovaca\/orion\/","name":"Orion - Visit Vinkovci","isPartOf":{"@id":"https:\/\/visitvinkovci.com\/de\/#website"},"primaryImageOfPage":{"@id":"https:\/\/visitvinkovci.com\/godine-zivota-vinkovaca\/orion\/#primaryimage"},"image":{"@id":"https:\/\/visitvinkovci.com\/godine-zivota-vinkovaca\/orion\/#primaryimage"},"thumbnailUrl":"https:\/\/visitvinkovci.com\/wp-content\/uploads\/2022\/05\/Orion.jpg","datePublished":"2022-05-04T05:33:49+00:00","dateModified":"2022-07-04T05:12:47+00:00","description":"Visit Vinkovci","breadcrumb":{"@id":"https:\/\/visitvinkovci.com\/godine-zivota-vinkovaca\/orion\/#breadcrumb"},"inLanguage":"en-GB","potentialAction":[{"@type":"ReadAction","target":["https:\/\/visitvinkovci.com\/godine-zivota-vinkovaca\/orion\/"]}]},{"@type":"ImageObject","inLanguage":"en-GB","@id":"https:\/\/visitvinkovci.com\/godine-zivota-vinkovaca\/orion\/#primaryimage","url":"https:\/\/visitvinkovci.com\/wp-content\/uploads\/2022\/05\/Orion.jpg","contentUrl":"https:\/\/visitvinkovci.com\/wp-content\/uploads\/2022\/05\/Orion.jpg","width":2400,"height":1798},{"@type":"BreadcrumbList","@id":"https:\/\/visitvinkovci.com\/godine-zivota-vinkovaca\/orion\/#breadcrumb","itemListElement":[{"@type":"ListItem","position":1,"name":"Home","item":"https:\/\/visitvinkovci.com\/"},{"@type":"ListItem","position":2,"name":"Godine \u017eivota Vinkovaca","item":"https:\/\/visitvinkovci.com\/godine-zivota-vinkovaca\/"},{"@type":"ListItem","position":3,"name":"Orion"}]},{"@type":"WebSite","@id":"https:\/\/visitvinkovci.com\/de\/#website","url":"https:\/\/visitvinkovci.com\/de\/","name":"Visit Vinkovci","description":"","publisher":{"@id":"https:\/\/visitvinkovci.com\/de\/#organization"},"alternateName":"VisitVk","potentialAction":[{"@type":"SearchAction","target":{"@type":"EntryPoint","urlTemplate":"https:\/\/visitvinkovci.com\/de\/?s={search_term_string}"},"query-input":{"@type":"PropertyValueSpecification","valueRequired":true,"valueName":"search_term_string"}}],"inLanguage":"en-GB"},{"@type":"Organization","@id":"https:\/\/visitvinkovci.com\/de\/#organization","name":"Visit Vinkovci","alternateName":"Visitvk","url":"https:\/\/visitvinkovci.com\/de\/","logo":{"@type":"ImageObject","inLanguage":"en-GB","@id":"https:\/\/visitvinkovci.com\/de\/#\/schema\/logo\/image\/","url":"https:\/\/visitvinkovci.com\/wp-content\/uploads\/2022\/01\/Vinkovci_Logo_Central_HR_COLOR.png","contentUrl":"https:\/\/visitvinkovci.com\/wp-content\/uploads\/2022\/01\/Vinkovci_Logo_Central_HR_COLOR.png","width":400,"height":314,"caption":"Visit Vinkovci"},"image":{"@id":"https:\/\/visitvinkovci.com\/de\/#\/schema\/logo\/image\/"},"sameAs":["https:\/\/www.facebook.com\/visitvinkovci\/"]}]}},"_links":{"self":[{"href":"https:\/\/visitvinkovci.com\/en\/wp-json\/wp\/v2\/pages\/4325","targetHints":{"allow":["GET"]}}],"collection":[{"href":"https:\/\/visitvinkovci.com\/en\/wp-json\/wp\/v2\/pages"}],"about":[{"href":"https:\/\/visitvinkovci.com\/en\/wp-json\/wp\/v2\/types\/page"}],"author":[{"embeddable":true,"href":"https:\/\/visitvinkovci.com\/en\/wp-json\/wp\/v2\/users\/1"}],"replies":[{"embeddable":true,"href":"https:\/\/visitvinkovci.com\/en\/wp-json\/wp\/v2\/comments?post=4325"}],"version-history":[{"count":3,"href":"https:\/\/visitvinkovci.com\/en\/wp-json\/wp\/v2\/pages\/4325\/revisions"}],"predecessor-version":[{"id":4338,"href":"https:\/\/visitvinkovci.com\/en\/wp-json\/wp\/v2\/pages\/4325\/revisions\/4338"}],"up":[{"embeddable":true,"href":"https:\/\/visitvinkovci.com\/en\/wp-json\/wp\/v2\/pages\/4291"}],"wp:featuredmedia":[{"embeddable":true,"href":"https:\/\/visitvinkovci.com\/en\/wp-json\/wp\/v2\/media\/4303"}],"wp:attachment":[{"href":"https:\/\/visitvinkovci.com\/en\/wp-json\/wp\/v2\/media?parent=4325"}],"curies":[{"name":"wp","href":"https:\/\/api.w.org\/{rel}","templated":true}]}}