{"id":4172,"date":"2022-04-07T11:11:17","date_gmt":"2022-04-07T09:11:17","guid":{"rendered":"https:\/\/visitvinkovci.com\/?page_id=4172"},"modified":"2025-12-19T15:16:50","modified_gmt":"2025-12-19T14:16:50","slug":"kutak-za-iznajmljivace","status":"publish","type":"page","link":"https:\/\/visitvinkovci.com\/en\/kutak-za-iznajmljivace\/","title":{"rendered":"Corner for renters"},"content":{"rendered":"<section class=\"l-section wpb_row height_large with_img\"><div class=\"l-section-img\" style=\"background-image: url(https:\/\/visitvinkovci.com\/wp-content\/uploads\/2025\/01\/IMG_5991-scaled.jpg);\" data-img-width=\"2560\" data-img-height=\"1707\"><\/div><div class=\"l-section-overlay\" style=\"background:rgba(26,26,26,0.40)\"><\/div><div class=\"l-section-h i-cf\"><div class=\"g-cols vc_row via_flex valign_middle type_default\"><div class=\"vc_col-sm-12 wpb_column vc_column_container\"><div class=\"vc_column-inner\"><div class=\"wpb_wrapper\"><h1 class=\"w-post-elm post_title us_custom_836f727b has_text_color align_center entry-title color_link_inherit\">Corner for renters<\/h1><\/div><\/div><\/div><\/div><\/div><\/section><section class=\"l-section wpb_row us_custom_19737bc8 height_medium\"><div class=\"l-section-h i-cf\"><div class=\"g-cols vc_row via_flex valign_top type_default\"><div class=\"vc_col-sm-6 wpb_column vc_column_container\"><div class=\"vc_column-inner\"><div class=\"wpb_wrapper\"><div class=\"wpb_text_column\"><div class=\"wpb_wrapper\"><p><a href=\"https:\/\/www.evisitor.hr\/\" target=\"_blank\" rel=\"noopener\"><strong><b>eVisitor<\/b><\/strong><\/a>\u00a0is a unique online information system that connects all tourist boards in the Republic of Croatia and provides daily insights into tourism traffic, an up-to-date database of accommodation facilities and accommodation service providers, reporting for statistical and marketing purposes in real-time, as well as better control of the tourist tax collection with the aim of generating higher revenues in the tourism sector.<\/p>\n<\/div><\/div><\/div><\/div><\/div><div class=\"vc_col-sm-6 wpb_column vc_column_container\"><div class=\"vc_column-inner\"><div class=\"wpb_wrapper\"><div class=\"w-image align_none\"><a target=\"_blank\" href=\"https:\/\/www.evisitor.hr\/\" rel=\"noopener\" aria-label=\"Link\" class=\"w-image-h\"><img loading=\"lazy\" decoding=\"async\" width=\"300\" height=\"90\" src=\"https:\/\/visitvinkovci.com\/wp-content\/uploads\/2022\/04\/evisitor-300x90.png\" class=\"attachment-medium size-medium\" alt=\"\" srcset=\"https:\/\/visitvinkovci.com\/wp-content\/uploads\/2022\/04\/evisitor-300x90.png 300w, https:\/\/visitvinkovci.com\/wp-content\/uploads\/2022\/04\/evisitor-1024x306.png 1024w, https:\/\/visitvinkovci.com\/wp-content\/uploads\/2022\/04\/evisitor.png 1781w\" sizes=\"auto, (max-width: 300px) 100vw, 300px\" \/><\/a><\/div><\/div><\/div><\/div><\/div><\/div><\/section><section class=\"l-section wpb_row height_medium\"><div class=\"l-section-h i-cf\"><div class=\"g-cols vc_row via_flex valign_top type_default\"><div class=\"vc_col-sm-6 wpb_column vc_column_container\"><div class=\"vc_column-inner\"><div class=\"wpb_wrapper\"><div class=\"wpb_text_column\"><div class=\"wpb_wrapper\"><p><a href=\"https:\/\/visitvinkovci.com\/wp-content\/uploads\/2022\/04\/prijava-i-boravak-raseljenih-UKR.pdf\" target=\"_blank\" rel=\"noopener\">Prijava i boravak raseljenih Ukrajinaca<\/a><\/p>\n<\/div><\/div><div class=\"wpb_text_column\"><div class=\"wpb_wrapper\"><p><a href=\"https:\/\/visitvinkovci.com\/wp-content\/uploads\/2025\/01\/Obracun-turisticke-clanarine-2025.-godine.docx\">Obra\u010dun turisti\u010dke \u010dlanarine u 2025. godini<\/a><\/p>\n<\/div><\/div><div class=\"wpb_text_column\"><div class=\"wpb_wrapper\"><p><a href=\"https:\/\/visitvinkovci.com\/wp-content\/uploads\/2024\/02\/MOBILNA-APLIKACIJA-eVisitor.docx\" target=\"_blank\" rel=\"noopener\">MOBILNA APLIKACIJA eVisitor<\/a><\/p>\n<p><a href=\"https:\/\/visitvinkovci.com\/wp-content\/uploads\/2025\/12\/tur.-pristojba-2027.pdf\" target=\"_blank\" rel=\"noopener\">ODLUKA o visini turisti\u010dke pristojbe za 2027. godinu za op\u0107ine i gradove na podru\u010dju VS\u017d<\/a><\/p>\n<\/div><\/div><div class=\"wpb_text_column\"><div class=\"wpb_wrapper\"><p><a href=\"https:\/\/visitvinkovci.com\/wp-content\/uploads\/2025\/07\/HTZ-Korisnicki-prirucnik-za-mobilnu-aplikaciju-za-prijavu-i-odjavu-gostiju.pdf\" target=\"_blank\" rel=\"noopener\">HTZ Korisni\u010dki priru\u010dnik za mobilnu aplikaciju eVisitor za prijavu i odjavu gostiju<\/a><\/p>\n<\/div><\/div><\/div><\/div><\/div><div class=\"vc_col-sm-6 wpb_column vc_column_container\"><div class=\"vc_column-inner\"><div class=\"wpb_wrapper\"><div class=\"wpb_text_column\"><div class=\"wpb_wrapper\"><p><strong><a href=\"https:\/\/visitvinkovci.com\/en\/zivimo-desinaciju-vinkovci\/\" target=\"_blank\" rel=\"noopener\">\u017dIVIMO DESTINACIJU VINKOVCI<\/a><\/strong><\/p>\n<p><strong><a href=\"https:\/\/visitvinkovci.com\/wp-content\/uploads\/2025\/01\/Vodic-za-iznajmljivace-6.docx\" target=\"_blank\" rel=\"noopener\">Vodi\u010d za iznajmljiva\u010de<\/a><\/strong><\/p>\n<p><strong><a href=\"https:\/\/visitvinkovci.com\/wp-content\/uploads\/2025\/01\/WEB-clanarina.docx\">Zakonska obveza i upute za ispunjavanje TZ1\/2 obrasca\u00a0<\/a><\/strong><\/p>\n<ol>\n<li><a href=\"https:\/\/visitvinkovci.com\/wp-content\/uploads\/2024\/01\/TZ-1.pdf\" target=\"_blank\" rel=\"noopener\">\u00a0TZ 1 obrazac<\/a><br \/>\n<a href=\"https:\/\/visitvinkovci.com\/wp-content\/uploads\/2024\/01\/TZ-2.pdf\" target=\"_blank\" rel=\"noopener\">\u00a0TZ 2 obrazac<\/a><\/li>\n<li><a href=\"https:\/\/visitvinkovci.com\/wp-content\/uploads\/2025\/01\/TZ2-obrazac-primjer.docx\">Primjer ispunjenog TZ2 obrasca <\/a><\/li>\n<\/ol>\n<\/div><\/div><\/div><\/div><\/div><\/div><\/div><\/section>","protected":false},"excerpt":{"rendered":"Kutak za iznajmljiva\u010deeVisitor\u00a0je jedinstveni online informacijski sustav koji povezuje sve turisti\u010dke zajednice u Republici Hrvatskoj i omogu\u0107ava dnevni uvid u stanje turisti\u010dkog prometa, a\u017eurnu bazu podataka o smje\u0161tajnim objektima i...","protected":false},"author":1,"featured_media":0,"parent":0,"menu_order":0,"comment_status":"closed","ping_status":"closed","template":"","meta":{"footnotes":""},"class_list":["post-4172","page","type-page","status-publish","hentry"],"acf":[],"yoast_head":"<!-- This site is optimized with the Yoast SEO plugin v27.4 - https:\/\/yoast.com\/product\/yoast-seo-wordpress\/ -->\n<title>Visit Vinkovci<\/title>\n<meta name=\"description\" content=\"Turisti\u010dka zajednica grada Vinkovaca je organizacija koja djeluje po na\u010delu destinacijskog menad\u017ementa, a osnovana je radi promicanja i razvoja turizma Republike Hrvatske i gospodarskih interesa pravnih i fizi\u010dkih osoba koje pru\u017eaju ugostiteljske usluge i usluge u turizmu ili obavljaju drugu djelatnost neposredno povezanu s turizmom na na\u010din da upravljaju destinacijom na razini grada Vinkovaca.\" \/>\n<meta name=\"robots\" content=\"index, follow, max-snippet:-1, max-image-preview:large, max-video-preview:-1\" \/>\n<link rel=\"canonical\" href=\"https:\/\/visitvinkovci.com\/en\/kutak-za-iznajmljivace\/\" \/>\n<meta property=\"og:locale\" content=\"en_GB\" \/>\n<meta property=\"og:type\" content=\"article\" \/>\n<meta property=\"og:title\" content=\"Visit Vinkovci\" \/>\n<meta property=\"og:description\" content=\"Turisti\u010dka zajednica grada Vinkovaca je organizacija koja djeluje po na\u010delu destinacijskog menad\u017ementa, a osnovana je radi promicanja i razvoja turizma Republike Hrvatske i gospodarskih interesa pravnih i fizi\u010dkih osoba koje pru\u017eaju ugostiteljske usluge i usluge u turizmu ili obavljaju drugu djelatnost neposredno povezanu s turizmom na na\u010din da upravljaju destinacijom na razini grada Vinkovaca.\" \/>\n<meta property=\"og:url\" content=\"https:\/\/visitvinkovci.com\/en\/kutak-za-iznajmljivace\/\" \/>\n<meta property=\"og:site_name\" content=\"Visit Vinkovci\" \/>\n<meta property=\"article:publisher\" content=\"https:\/\/www.facebook.com\/visitvinkovci\/\" \/>\n<meta property=\"article:modified_time\" content=\"2025-12-19T14:16:50+00:00\" \/>\n<meta property=\"og:image\" content=\"https:\/\/visitvinkovci.com\/wp-content\/uploads\/2022\/01\/Vinkovci_Logo_Central_HR_COLOR.png\" \/>\n\t<meta property=\"og:image:width\" content=\"400\" \/>\n\t<meta property=\"og:image:height\" content=\"314\" \/>\n\t<meta property=\"og:image:type\" content=\"image\/png\" \/>\n<meta name=\"twitter:card\" content=\"summary_large_image\" \/>\n<meta name=\"twitter:label1\" content=\"Estimated reading time\" \/>\n\t<meta name=\"twitter:data1\" content=\"2 minutes\" \/>\n<script type=\"application\/ld+json\" class=\"yoast-schema-graph\">{\"@context\":\"https:\\\/\\\/schema.org\",\"@graph\":[{\"@type\":\"WebPage\",\"@id\":\"https:\\\/\\\/visitvinkovci.com\\\/kutak-za-iznajmljivace\\\/\",\"url\":\"https:\\\/\\\/visitvinkovci.com\\\/kutak-za-iznajmljivace\\\/\",\"name\":\"Visit Vinkovci\",\"isPartOf\":{\"@id\":\"https:\\\/\\\/visitvinkovci.com\\\/de\\\/#website\"},\"datePublished\":\"2022-04-07T09:11:17+00:00\",\"dateModified\":\"2025-12-19T14:16:50+00:00\",\"description\":\"Turisti\u010dka zajednica grada Vinkovaca je organizacija koja djeluje po na\u010delu destinacijskog menad\u017ementa, a osnovana je radi promicanja i razvoja turizma Republike Hrvatske i gospodarskih interesa pravnih i fizi\u010dkih osoba koje pru\u017eaju ugostiteljske usluge i usluge u turizmu ili obavljaju drugu djelatnost neposredno povezanu s turizmom na na\u010din da upravljaju destinacijom na razini grada Vinkovaca.\",\"breadcrumb\":{\"@id\":\"https:\\\/\\\/visitvinkovci.com\\\/kutak-za-iznajmljivace\\\/#breadcrumb\"},\"inLanguage\":\"en-GB\",\"potentialAction\":[{\"@type\":\"ReadAction\",\"target\":[\"https:\\\/\\\/visitvinkovci.com\\\/kutak-za-iznajmljivace\\\/\"]}]},{\"@type\":\"BreadcrumbList\",\"@id\":\"https:\\\/\\\/visitvinkovci.com\\\/kutak-za-iznajmljivace\\\/#breadcrumb\",\"itemListElement\":[{\"@type\":\"ListItem\",\"position\":1,\"name\":\"Home\",\"item\":\"https:\\\/\\\/visitvinkovci.com\\\/\"},{\"@type\":\"ListItem\",\"position\":2,\"name\":\"Kutak za iznajmljiva\u010de\"}]},{\"@type\":\"WebSite\",\"@id\":\"https:\\\/\\\/visitvinkovci.com\\\/de\\\/#website\",\"url\":\"https:\\\/\\\/visitvinkovci.com\\\/de\\\/\",\"name\":\"Visit Vinkovci\",\"description\":\"\",\"publisher\":{\"@id\":\"https:\\\/\\\/visitvinkovci.com\\\/de\\\/#organization\"},\"alternateName\":\"VisitVk\",\"potentialAction\":[{\"@type\":\"SearchAction\",\"target\":{\"@type\":\"EntryPoint\",\"urlTemplate\":\"https:\\\/\\\/visitvinkovci.com\\\/de\\\/?s={search_term_string}\"},\"query-input\":{\"@type\":\"PropertyValueSpecification\",\"valueRequired\":true,\"valueName\":\"search_term_string\"}}],\"inLanguage\":\"en-GB\"},{\"@type\":\"Organization\",\"@id\":\"https:\\\/\\\/visitvinkovci.com\\\/de\\\/#organization\",\"name\":\"Visit Vinkovci\",\"alternateName\":\"Visitvk\",\"url\":\"https:\\\/\\\/visitvinkovci.com\\\/de\\\/\",\"logo\":{\"@type\":\"ImageObject\",\"inLanguage\":\"en-GB\",\"@id\":\"https:\\\/\\\/visitvinkovci.com\\\/de\\\/#\\\/schema\\\/logo\\\/image\\\/\",\"url\":\"https:\\\/\\\/visitvinkovci.com\\\/wp-content\\\/uploads\\\/2022\\\/01\\\/Vinkovci_Logo_Central_HR_COLOR.png\",\"contentUrl\":\"https:\\\/\\\/visitvinkovci.com\\\/wp-content\\\/uploads\\\/2022\\\/01\\\/Vinkovci_Logo_Central_HR_COLOR.png\",\"width\":400,\"height\":314,\"caption\":\"Visit Vinkovci\"},\"image\":{\"@id\":\"https:\\\/\\\/visitvinkovci.com\\\/de\\\/#\\\/schema\\\/logo\\\/image\\\/\"},\"sameAs\":[\"https:\\\/\\\/www.facebook.com\\\/visitvinkovci\\\/\"]}]}<\/script>\n<!-- \/ Yoast SEO plugin. -->","yoast_head_json":{"title":"Visit Vinkovci","description":"The Tourist Board of the town of Vinkovci is an organization that operates according to the principle of destination management and was founded to promote and develop tourism in the Republic of Croatia and for the economic interests of legal and natural persons who provide hospitality and tourism services or perform other activities directly related to tourism in such a way that they manage destination at the municipal level of Vinkovci.","robots":{"index":"index","follow":"follow","max-snippet":"max-snippet:-1","max-image-preview":"max-image-preview:large","max-video-preview":"max-video-preview:-1"},"canonical":"https:\/\/visitvinkovci.com\/en\/kutak-za-iznajmljivace\/","og_locale":"en_GB","og_type":"article","og_title":"Visit Vinkovci","og_description":"Turisti\u010dka zajednica grada Vinkovaca je organizacija koja djeluje po na\u010delu destinacijskog menad\u017ementa, a osnovana je radi promicanja i razvoja turizma Republike Hrvatske i gospodarskih interesa pravnih i fizi\u010dkih osoba koje pru\u017eaju ugostiteljske usluge i usluge u turizmu ili obavljaju drugu djelatnost neposredno povezanu s turizmom na na\u010din da upravljaju destinacijom na razini grada Vinkovaca.","og_url":"https:\/\/visitvinkovci.com\/en\/kutak-za-iznajmljivace\/","og_site_name":"Visit Vinkovci","article_publisher":"https:\/\/www.facebook.com\/visitvinkovci\/","article_modified_time":"2025-12-19T14:16:50+00:00","og_image":[{"width":400,"height":314,"url":"https:\/\/visitvinkovci.com\/wp-content\/uploads\/2022\/01\/Vinkovci_Logo_Central_HR_COLOR.png","type":"image\/png"}],"twitter_card":"summary_large_image","twitter_misc":{"Estimated reading time":"2 minutes"},"schema":{"@context":"https:\/\/schema.org","@graph":[{"@type":"WebPage","@id":"https:\/\/visitvinkovci.com\/kutak-za-iznajmljivace\/","url":"https:\/\/visitvinkovci.com\/kutak-za-iznajmljivace\/","name":"Visit Vinkovci","isPartOf":{"@id":"https:\/\/visitvinkovci.com\/de\/#website"},"datePublished":"2022-04-07T09:11:17+00:00","dateModified":"2025-12-19T14:16:50+00:00","description":"The Tourist Board of the town of Vinkovci is an organization that operates according to the principle of destination management and was founded to promote and develop tourism in the Republic of Croatia and for the economic interests of legal and natural persons who provide hospitality and tourism services or perform other activities directly related to tourism in such a way that they manage destination at the municipal level of Vinkovci.","breadcrumb":{"@id":"https:\/\/visitvinkovci.com\/kutak-za-iznajmljivace\/#breadcrumb"},"inLanguage":"en-GB","potentialAction":[{"@type":"ReadAction","target":["https:\/\/visitvinkovci.com\/kutak-za-iznajmljivace\/"]}]},{"@type":"BreadcrumbList","@id":"https:\/\/visitvinkovci.com\/kutak-za-iznajmljivace\/#breadcrumb","itemListElement":[{"@type":"ListItem","position":1,"name":"Home","item":"https:\/\/visitvinkovci.com\/"},{"@type":"ListItem","position":2,"name":"Kutak za iznajmljiva\u010de"}]},{"@type":"WebSite","@id":"https:\/\/visitvinkovci.com\/de\/#website","url":"https:\/\/visitvinkovci.com\/de\/","name":"Visit Vinkovci","description":"","publisher":{"@id":"https:\/\/visitvinkovci.com\/de\/#organization"},"alternateName":"VisitVk","potentialAction":[{"@type":"SearchAction","target":{"@type":"EntryPoint","urlTemplate":"https:\/\/visitvinkovci.com\/de\/?s={search_term_string}"},"query-input":{"@type":"PropertyValueSpecification","valueRequired":true,"valueName":"search_term_string"}}],"inLanguage":"en-GB"},{"@type":"Organization","@id":"https:\/\/visitvinkovci.com\/de\/#organization","name":"Visit Vinkovci","alternateName":"Visitvk","url":"https:\/\/visitvinkovci.com\/de\/","logo":{"@type":"ImageObject","inLanguage":"en-GB","@id":"https:\/\/visitvinkovci.com\/de\/#\/schema\/logo\/image\/","url":"https:\/\/visitvinkovci.com\/wp-content\/uploads\/2022\/01\/Vinkovci_Logo_Central_HR_COLOR.png","contentUrl":"https:\/\/visitvinkovci.com\/wp-content\/uploads\/2022\/01\/Vinkovci_Logo_Central_HR_COLOR.png","width":400,"height":314,"caption":"Visit Vinkovci"},"image":{"@id":"https:\/\/visitvinkovci.com\/de\/#\/schema\/logo\/image\/"},"sameAs":["https:\/\/www.facebook.com\/visitvinkovci\/"]}]}},"_links":{"self":[{"href":"https:\/\/visitvinkovci.com\/en\/wp-json\/wp\/v2\/pages\/4172","targetHints":{"allow":["GET"]}}],"collection":[{"href":"https:\/\/visitvinkovci.com\/en\/wp-json\/wp\/v2\/pages"}],"about":[{"href":"https:\/\/visitvinkovci.com\/en\/wp-json\/wp\/v2\/types\/page"}],"author":[{"embeddable":true,"href":"https:\/\/visitvinkovci.com\/en\/wp-json\/wp\/v2\/users\/1"}],"replies":[{"embeddable":true,"href":"https:\/\/visitvinkovci.com\/en\/wp-json\/wp\/v2\/comments?post=4172"}],"version-history":[{"count":48,"href":"https:\/\/visitvinkovci.com\/en\/wp-json\/wp\/v2\/pages\/4172\/revisions"}],"predecessor-version":[{"id":11035,"href":"https:\/\/visitvinkovci.com\/en\/wp-json\/wp\/v2\/pages\/4172\/revisions\/11035"}],"wp:attachment":[{"href":"https:\/\/visitvinkovci.com\/en\/wp-json\/wp\/v2\/media?parent=4172"}],"curies":[{"name":"wp","href":"https:\/\/api.w.org\/{rel}","templated":true}]}}