{"id":9308,"date":"2024-12-16T10:18:11","date_gmt":"2024-12-16T09:18:11","guid":{"rendered":"https:\/\/visitvinkovci.com\/?page_id=9308"},"modified":"2024-12-16T10:30:50","modified_gmt":"2024-12-16T09:30:50","slug":"gradsko-kazaliste-joza-ivakic-vinkovci","status":"publish","type":"page","link":"https:\/\/visitvinkovci.com\/de\/gradsko-kazaliste-joza-ivakic-vinkovci\/","title":{"rendered":"Gradsko kazali\u0161te Joza Ivaki\u0107 Vinkovci"},"content":{"rendered":"<section class=\"l-section wpb_row height_large full_height valign_center width_full\"><div class=\"l-section-overlay\" style=\"background:rgba(26,26,26,0.40)\"><\/div><div class=\"l-section-h i-cf\"><div class=\"g-cols vc_row via_flex valign_middle type_default\"><div class=\"vc_col-sm-12 wpb_column vc_column_container\"><div class=\"vc_column-inner\"><div class=\"wpb_wrapper\"><h1 class=\"w-post-elm post_title us_custom_836f727b has_text_color align_center entry-title color_link_inherit\">Gradsko kazali\u0161te Joza Ivaki\u0107 Vinkovci<\/h1><\/div><\/div><\/div><\/div><\/div><\/section>\n<section class=\"l-section wpb_row height_medium\"><div class=\"l-section-h i-cf\"><div class=\"g-cols vc_row via_flex valign_top type_default\"><div class=\"vc_col-sm-12 wpb_column vc_column_container\"><div class=\"vc_column-inner\"><div class=\"wpb_wrapper\"><div class=\"wpb_text_column\"><div class=\"wpb_wrapper\"><p>Tokom svih minulih godina Kazali\u0161te je imalo uspone i padove, mijenjalo vlasnike, davalo velike i va\u017ene predstave doma\u0107ih i stranih autora, posebno vrijedna klasi\u010dna \u0161oka\u010dka djela slavonskih pisaca, te iznjedrilo glumce zaslu\u017ene za stasanje vinkova\u010dkog teatra, kao \u0161to je Franjo Jelinek \u2013 Beli, te odli\u010dnike hrvatskog glumi\u0161ta koji su po\u010deli na vinkova\u010dkoj sceni \u2013 Vanja Drach, Nada Suboti\u0107, Ivo Fici, Du\u0161ko Goji\u0107, Ivo Gregurevi\u0107, Mato Ergovi\u0107, \u017darko Mijatovi\u0107, Jasna Ba\u0161i\u0107, Vesna Tominac, Rade \u0160erbed\u017eija i dr. Ravnatelji zaslu\u017eni za uspon Kazali\u0161ta su Vojin Dubaji\u0107, Vladimir Rem, Miroslav S. Ma\u0111er, a posebno treba istaknuti Himzu Nuhanovi\u0107a kao ravnatelja, redatelja i glumca. Kazali\u0161te je prolazilo kroz razli\u010dite faze razvoja. Inicijativom Vladimira Rema vinkova\u010dko kazali\u0161te dobiva nov slu\u017ebeni naziv; od 13. rujna 1971. zove se <strong>Kazali\u0161te Joza Ivaki\u0107<\/strong>, a od 1998. godine nosi naziv\u00a0<strong>Gradsko kazali\u0161te Joza Ivaki\u0107 Vinkovci<\/strong>. Po\u010dev\u0161i s 2002. godinom Kazali\u0161te ponovo ima profesionalnu produkciju, a 2007. za vrijeme ravnatelja Ivice Zupkovi\u0107a, dono\u0161enjem novog Statuta kazali\u0161te postaje profesionalno s ambicijom stvaranja vlastitog ansambla.<br \/>\nGradsko kazali\u0161te Joza Ivaki\u0107 Vinkovci sura\u0111ivalo je s mnogim uspje\u0161nim redateljima i glumcima poput Gorana Grgi\u0107a, Aide Bukvi\u0107,Vjekoslava Jankovi\u0107a, Ozrena Prohi\u0107a, Dra\u017eena Feren\u010dine, Damira Ma\u0111ari\u0107a, Stojana Matavulja, Helene Mini\u0107, Ines Bojani\u0107, Dra\u0161ka Zidara, Arete \u0106urkovi\u0107, Roberta Ugrine, Sandre Lon\u010dari\u0107-Tankosi\u0107, Vinka Kraljevi\u0107a, Petre Cicvari\u0107, \u017darka Savi\u0107a, Ivana Brki\u0107a, Katarine Baban, Mije Krajcar, Roberta Raponje, Miroslava Me\u0111imoreca, Frane Marija Vrankovi\u0107, Miroslava \u010cabraje i dr. Sura\u0111uju u vidu gostovanja, razmijene predstava i koprodukcijama s mnogim kazali\u0161tima u Hrvatskoj i u inozemstvu (Ma\u0111arska, BiH, Srbija, Makedonija, Austrija, Poljska).<br \/>\nSudjeluju na brojnim festivalima: Bobijevi dani smijeha u Zagrebu, Prolog u Sisku, Zlatni lav Umag, Me\u0111unarodnom dje\u010djem festivalu u \u0160ibeniku, Lutkarsko prolje\u0107e, Festival glumca, Virkasu Virovitica, Gumbekovim danima, Maruli\u0107evim danima, MDF u \u0160ibeniku i brojnim drugim.<br \/>\nAdresse: <a tabindex=\"0\" href=\"https:\/\/www.google.com\/maps\/place\/\/data=!4m2!3m1!1s0x475c8ae094d7cb09:0x3e8de4c21e4f117d?sa=X&amp;ved=1t:8290&amp;ictx=111\" target=\"_blank\" rel=\"noopener\" data-url=\"\/maps\/place\/\/data=!4m2!3m1!1s0x475c8ae094d7cb09:0x3e8de4c21e4f117d?sa=X&amp;ved=2ahUKEwiwvfuR8KuKAxXWLRAIHSqsKd4Q4kB6BAgXEAA\">Ul. Hrvatskih \u017ertava 2, 32100, Vinkovci<\/a><br \/>\nWeb:\u00a0<a href=\"https:\/\/www.kazaliste-vinkovci.hr\/\" target=\"_blank\" rel=\"noopener\">https:\/\/www.kazaliste-vinkovci.hr\/<\/a><\/p>\n<p>Program:<a href=\"https:\/\/www.kazaliste-vinkovci.hr\/program\/\" target=\"_blank\" rel=\"noopener\">https:\/\/www.kazaliste-vinkovci.hr\/program\/<\/a><\/p>\n<\/div><\/div><\/div><\/div><\/div><\/div><\/div><\/section>","protected":false},"excerpt":{"rendered":"Gradsko kazali\u0161te Joza Ivaki\u0107 Vinkovci Tokom svih minulih godina Kazali\u0161te je imalo uspone i padove, mijenjalo vlasnike, davalo velike i va\u017ene predstave doma\u0107ih i stranih autora, posebno vrijedna klasi\u010dna \u0161oka\u010dka...","protected":false},"author":2,"featured_media":9312,"parent":0,"menu_order":0,"comment_status":"closed","ping_status":"closed","template":"","meta":{"footnotes":""},"class_list":["post-9308","page","type-page","status-publish","has-post-thumbnail","hentry"],"acf":[],"yoast_head":"<!-- This site is optimized with the Yoast SEO plugin v27.4 - https:\/\/yoast.com\/product\/yoast-seo-wordpress\/ -->\n<title>Gradsko kazali\u0161te Joza Ivaki\u0107 Vinkovci - Visit Vinkovci<\/title>\n<meta name=\"description\" content=\"Turisti\u010dka zajednica grada Vinkovaca je organizacija koja djeluje po na\u010delu destinacijskog menad\u017ementa, a osnovana je radi promicanja i razvoja turizma Republike Hrvatske i gospodarskih interesa pravnih i fizi\u010dkih osoba koje pru\u017eaju ugostiteljske usluge i usluge u turizmu ili obavljaju drugu djelatnost neposredno povezanu s turizmom na na\u010din da upravljaju destinacijom na razini grada Vinkovaca.\" \/>\n<meta name=\"robots\" content=\"index, follow, max-snippet:-1, max-image-preview:large, max-video-preview:-1\" \/>\n<link rel=\"canonical\" href=\"https:\/\/visitvinkovci.com\/de\/gradsko-kazaliste-joza-ivakic-vinkovci\/\" \/>\n<meta property=\"og:locale\" content=\"de_DE\" \/>\n<meta property=\"og:type\" content=\"article\" \/>\n<meta property=\"og:title\" content=\"Gradsko kazali\u0161te Joza Ivaki\u0107 Vinkovci - Visit Vinkovci\" \/>\n<meta property=\"og:description\" content=\"Turisti\u010dka zajednica grada Vinkovaca je organizacija koja djeluje po na\u010delu destinacijskog menad\u017ementa, a osnovana je radi promicanja i razvoja turizma Republike Hrvatske i gospodarskih interesa pravnih i fizi\u010dkih osoba koje pru\u017eaju ugostiteljske usluge i usluge u turizmu ili obavljaju drugu djelatnost neposredno povezanu s turizmom na na\u010din da upravljaju destinacijom na razini grada Vinkovaca.\" \/>\n<meta property=\"og:url\" content=\"https:\/\/visitvinkovci.com\/de\/gradsko-kazaliste-joza-ivakic-vinkovci\/\" \/>\n<meta property=\"og:site_name\" content=\"Visit Vinkovci\" \/>\n<meta property=\"article:publisher\" content=\"https:\/\/www.facebook.com\/visitvinkovci\/\" \/>\n<meta property=\"article:modified_time\" content=\"2024-12-16T09:30:50+00:00\" \/>\n<meta property=\"og:image\" content=\"https:\/\/visitvinkovci.com\/wp-content\/uploads\/2024\/12\/kazaliste-web-2-scaled.jpg\" \/>\n\t<meta property=\"og:image:width\" content=\"2560\" \/>\n\t<meta property=\"og:image:height\" content=\"1441\" \/>\n\t<meta property=\"og:image:type\" content=\"image\/jpeg\" \/>\n<meta name=\"twitter:card\" content=\"summary_large_image\" \/>\n<meta name=\"twitter:label1\" content=\"Gesch\u00e4tzte Lesezeit\" \/>\n\t<meta name=\"twitter:data1\" content=\"2\u00a0Minuten\" \/>\n<script type=\"application\/ld+json\" class=\"yoast-schema-graph\">{\"@context\":\"https:\\\/\\\/schema.org\",\"@graph\":[{\"@type\":\"WebPage\",\"@id\":\"https:\\\/\\\/visitvinkovci.com\\\/gradsko-kazaliste-joza-ivakic-vinkovci\\\/\",\"url\":\"https:\\\/\\\/visitvinkovci.com\\\/gradsko-kazaliste-joza-ivakic-vinkovci\\\/\",\"name\":\"Gradsko kazali\u0161te Joza Ivaki\u0107 Vinkovci - Visit Vinkovci\",\"isPartOf\":{\"@id\":\"https:\\\/\\\/visitvinkovci.com\\\/de\\\/#website\"},\"primaryImageOfPage\":{\"@id\":\"https:\\\/\\\/visitvinkovci.com\\\/gradsko-kazaliste-joza-ivakic-vinkovci\\\/#primaryimage\"},\"image\":{\"@id\":\"https:\\\/\\\/visitvinkovci.com\\\/gradsko-kazaliste-joza-ivakic-vinkovci\\\/#primaryimage\"},\"thumbnailUrl\":\"https:\\\/\\\/visitvinkovci.com\\\/wp-content\\\/uploads\\\/2024\\\/12\\\/kazaliste-web-2-scaled.jpg\",\"datePublished\":\"2024-12-16T09:18:11+00:00\",\"dateModified\":\"2024-12-16T09:30:50+00:00\",\"description\":\"Turisti\u010dka zajednica grada Vinkovaca je organizacija koja djeluje po na\u010delu destinacijskog menad\u017ementa, a osnovana je radi promicanja i razvoja turizma Republike Hrvatske i gospodarskih interesa pravnih i fizi\u010dkih osoba koje pru\u017eaju ugostiteljske usluge i usluge u turizmu ili obavljaju drugu djelatnost neposredno povezanu s turizmom na na\u010din da upravljaju destinacijom na razini grada Vinkovaca.\",\"breadcrumb\":{\"@id\":\"https:\\\/\\\/visitvinkovci.com\\\/gradsko-kazaliste-joza-ivakic-vinkovci\\\/#breadcrumb\"},\"inLanguage\":\"de\",\"potentialAction\":[{\"@type\":\"ReadAction\",\"target\":[\"https:\\\/\\\/visitvinkovci.com\\\/gradsko-kazaliste-joza-ivakic-vinkovci\\\/\"]}]},{\"@type\":\"ImageObject\",\"inLanguage\":\"de\",\"@id\":\"https:\\\/\\\/visitvinkovci.com\\\/gradsko-kazaliste-joza-ivakic-vinkovci\\\/#primaryimage\",\"url\":\"https:\\\/\\\/visitvinkovci.com\\\/wp-content\\\/uploads\\\/2024\\\/12\\\/kazaliste-web-2-scaled.jpg\",\"contentUrl\":\"https:\\\/\\\/visitvinkovci.com\\\/wp-content\\\/uploads\\\/2024\\\/12\\\/kazaliste-web-2-scaled.jpg\",\"width\":2560,\"height\":1441},{\"@type\":\"BreadcrumbList\",\"@id\":\"https:\\\/\\\/visitvinkovci.com\\\/gradsko-kazaliste-joza-ivakic-vinkovci\\\/#breadcrumb\",\"itemListElement\":[{\"@type\":\"ListItem\",\"position\":1,\"name\":\"Home\",\"item\":\"https:\\\/\\\/visitvinkovci.com\\\/\"},{\"@type\":\"ListItem\",\"position\":2,\"name\":\"Gradsko kazali\u0161te Joza Ivaki\u0107 Vinkovci\"}]},{\"@type\":\"WebSite\",\"@id\":\"https:\\\/\\\/visitvinkovci.com\\\/de\\\/#website\",\"url\":\"https:\\\/\\\/visitvinkovci.com\\\/de\\\/\",\"name\":\"Visit Vinkovci\",\"description\":\"\",\"publisher\":{\"@id\":\"https:\\\/\\\/visitvinkovci.com\\\/de\\\/#organization\"},\"alternateName\":\"VisitVk\",\"potentialAction\":[{\"@type\":\"SearchAction\",\"target\":{\"@type\":\"EntryPoint\",\"urlTemplate\":\"https:\\\/\\\/visitvinkovci.com\\\/de\\\/?s={search_term_string}\"},\"query-input\":{\"@type\":\"PropertyValueSpecification\",\"valueRequired\":true,\"valueName\":\"search_term_string\"}}],\"inLanguage\":\"de\"},{\"@type\":\"Organization\",\"@id\":\"https:\\\/\\\/visitvinkovci.com\\\/de\\\/#organization\",\"name\":\"Visit Vinkovci\",\"alternateName\":\"Visitvk\",\"url\":\"https:\\\/\\\/visitvinkovci.com\\\/de\\\/\",\"logo\":{\"@type\":\"ImageObject\",\"inLanguage\":\"de\",\"@id\":\"https:\\\/\\\/visitvinkovci.com\\\/de\\\/#\\\/schema\\\/logo\\\/image\\\/\",\"url\":\"https:\\\/\\\/visitvinkovci.com\\\/wp-content\\\/uploads\\\/2022\\\/01\\\/Vinkovci_Logo_Central_HR_COLOR.png\",\"contentUrl\":\"https:\\\/\\\/visitvinkovci.com\\\/wp-content\\\/uploads\\\/2022\\\/01\\\/Vinkovci_Logo_Central_HR_COLOR.png\",\"width\":400,\"height\":314,\"caption\":\"Visit Vinkovci\"},\"image\":{\"@id\":\"https:\\\/\\\/visitvinkovci.com\\\/de\\\/#\\\/schema\\\/logo\\\/image\\\/\"},\"sameAs\":[\"https:\\\/\\\/www.facebook.com\\\/visitvinkovci\\\/\"]}]}<\/script>\n<!-- \/ Yoast SEO plugin. -->","yoast_head_json":{"title":"Gradsko kazali\u0161te Joza Ivaki\u0107 Vinkovci - Visit Vinkovci","description":"Der Tourismusverband der Stadt Vinkovci ist eine Organisation, die nach dem Prinzip des Destinationsmanagements arbeitet. Er wurde gegr\u00fcndet, um den Tourismus in der Republik Kroatien und die wirtschaftlichen Interessen von juristischen und nat\u00fcrlichen Personen, die Gastgewerbe- und Tourismusdienstleistungen erbringen oder andere Aktivit\u00e4ten aus\u00fcben, die in direktem Zusammenhang mit dem Tourismus stehen, so dass sie das die Destination auf der Stadtebene verwalten zu f\u00f6rdern und entwickeln.","robots":{"index":"index","follow":"follow","max-snippet":"max-snippet:-1","max-image-preview":"max-image-preview:large","max-video-preview":"max-video-preview:-1"},"canonical":"https:\/\/visitvinkovci.com\/de\/gradsko-kazaliste-joza-ivakic-vinkovci\/","og_locale":"de_DE","og_type":"article","og_title":"Gradsko kazali\u0161te Joza Ivaki\u0107 Vinkovci - Visit Vinkovci","og_description":"Turisti\u010dka zajednica grada Vinkovaca je organizacija koja djeluje po na\u010delu destinacijskog menad\u017ementa, a osnovana je radi promicanja i razvoja turizma Republike Hrvatske i gospodarskih interesa pravnih i fizi\u010dkih osoba koje pru\u017eaju ugostiteljske usluge i usluge u turizmu ili obavljaju drugu djelatnost neposredno povezanu s turizmom na na\u010din da upravljaju destinacijom na razini grada Vinkovaca.","og_url":"https:\/\/visitvinkovci.com\/de\/gradsko-kazaliste-joza-ivakic-vinkovci\/","og_site_name":"Visit Vinkovci","article_publisher":"https:\/\/www.facebook.com\/visitvinkovci\/","article_modified_time":"2024-12-16T09:30:50+00:00","og_image":[{"width":2560,"height":1441,"url":"https:\/\/visitvinkovci.com\/wp-content\/uploads\/2024\/12\/kazaliste-web-2-scaled.jpg","type":"image\/jpeg"}],"twitter_card":"summary_large_image","twitter_misc":{"Gesch\u00e4tzte Lesezeit":"2\u00a0Minuten"},"schema":{"@context":"https:\/\/schema.org","@graph":[{"@type":"WebPage","@id":"https:\/\/visitvinkovci.com\/gradsko-kazaliste-joza-ivakic-vinkovci\/","url":"https:\/\/visitvinkovci.com\/gradsko-kazaliste-joza-ivakic-vinkovci\/","name":"Gradsko kazali\u0161te Joza Ivaki\u0107 Vinkovci - Visit Vinkovci","isPartOf":{"@id":"https:\/\/visitvinkovci.com\/de\/#website"},"primaryImageOfPage":{"@id":"https:\/\/visitvinkovci.com\/gradsko-kazaliste-joza-ivakic-vinkovci\/#primaryimage"},"image":{"@id":"https:\/\/visitvinkovci.com\/gradsko-kazaliste-joza-ivakic-vinkovci\/#primaryimage"},"thumbnailUrl":"https:\/\/visitvinkovci.com\/wp-content\/uploads\/2024\/12\/kazaliste-web-2-scaled.jpg","datePublished":"2024-12-16T09:18:11+00:00","dateModified":"2024-12-16T09:30:50+00:00","description":"Der Tourismusverband der Stadt Vinkovci ist eine Organisation, die nach dem Prinzip des Destinationsmanagements arbeitet. Er wurde gegr\u00fcndet, um den Tourismus in der Republik Kroatien und die wirtschaftlichen Interessen von juristischen und nat\u00fcrlichen Personen, die Gastgewerbe- und Tourismusdienstleistungen erbringen oder andere Aktivit\u00e4ten aus\u00fcben, die in direktem Zusammenhang mit dem Tourismus stehen, so dass sie das die Destination auf der Stadtebene verwalten zu f\u00f6rdern und entwickeln.","breadcrumb":{"@id":"https:\/\/visitvinkovci.com\/gradsko-kazaliste-joza-ivakic-vinkovci\/#breadcrumb"},"inLanguage":"de","potentialAction":[{"@type":"ReadAction","target":["https:\/\/visitvinkovci.com\/gradsko-kazaliste-joza-ivakic-vinkovci\/"]}]},{"@type":"ImageObject","inLanguage":"de","@id":"https:\/\/visitvinkovci.com\/gradsko-kazaliste-joza-ivakic-vinkovci\/#primaryimage","url":"https:\/\/visitvinkovci.com\/wp-content\/uploads\/2024\/12\/kazaliste-web-2-scaled.jpg","contentUrl":"https:\/\/visitvinkovci.com\/wp-content\/uploads\/2024\/12\/kazaliste-web-2-scaled.jpg","width":2560,"height":1441},{"@type":"BreadcrumbList","@id":"https:\/\/visitvinkovci.com\/gradsko-kazaliste-joza-ivakic-vinkovci\/#breadcrumb","itemListElement":[{"@type":"ListItem","position":1,"name":"Home","item":"https:\/\/visitvinkovci.com\/"},{"@type":"ListItem","position":2,"name":"Gradsko kazali\u0161te Joza Ivaki\u0107 Vinkovci"}]},{"@type":"WebSite","@id":"https:\/\/visitvinkovci.com\/de\/#website","url":"https:\/\/visitvinkovci.com\/de\/","name":"Visit Vinkovci","description":"","publisher":{"@id":"https:\/\/visitvinkovci.com\/de\/#organization"},"alternateName":"VisitVk","potentialAction":[{"@type":"SearchAction","target":{"@type":"EntryPoint","urlTemplate":"https:\/\/visitvinkovci.com\/de\/?s={search_term_string}"},"query-input":{"@type":"PropertyValueSpecification","valueRequired":true,"valueName":"search_term_string"}}],"inLanguage":"de"},{"@type":"Organization","@id":"https:\/\/visitvinkovci.com\/de\/#organization","name":"Visit Vinkovci","alternateName":"Visitvk","url":"https:\/\/visitvinkovci.com\/de\/","logo":{"@type":"ImageObject","inLanguage":"de","@id":"https:\/\/visitvinkovci.com\/de\/#\/schema\/logo\/image\/","url":"https:\/\/visitvinkovci.com\/wp-content\/uploads\/2022\/01\/Vinkovci_Logo_Central_HR_COLOR.png","contentUrl":"https:\/\/visitvinkovci.com\/wp-content\/uploads\/2022\/01\/Vinkovci_Logo_Central_HR_COLOR.png","width":400,"height":314,"caption":"Visit Vinkovci"},"image":{"@id":"https:\/\/visitvinkovci.com\/de\/#\/schema\/logo\/image\/"},"sameAs":["https:\/\/www.facebook.com\/visitvinkovci\/"]}]}},"_links":{"self":[{"href":"https:\/\/visitvinkovci.com\/de\/wp-json\/wp\/v2\/pages\/9308","targetHints":{"allow":["GET"]}}],"collection":[{"href":"https:\/\/visitvinkovci.com\/de\/wp-json\/wp\/v2\/pages"}],"about":[{"href":"https:\/\/visitvinkovci.com\/de\/wp-json\/wp\/v2\/types\/page"}],"author":[{"embeddable":true,"href":"https:\/\/visitvinkovci.com\/de\/wp-json\/wp\/v2\/users\/2"}],"replies":[{"embeddable":true,"href":"https:\/\/visitvinkovci.com\/de\/wp-json\/wp\/v2\/comments?post=9308"}],"version-history":[{"count":2,"href":"https:\/\/visitvinkovci.com\/de\/wp-json\/wp\/v2\/pages\/9308\/revisions"}],"predecessor-version":[{"id":9315,"href":"https:\/\/visitvinkovci.com\/de\/wp-json\/wp\/v2\/pages\/9308\/revisions\/9315"}],"wp:featuredmedia":[{"embeddable":true,"href":"https:\/\/visitvinkovci.com\/de\/wp-json\/wp\/v2\/media\/9312"}],"wp:attachment":[{"href":"https:\/\/visitvinkovci.com\/de\/wp-json\/wp\/v2\/media?parent=9308"}],"curies":[{"name":"wp","href":"https:\/\/api.w.org\/{rel}","templated":true}]}}