{"id":9275,"date":"2024-12-12T14:11:37","date_gmt":"2024-12-12T13:11:37","guid":{"rendered":"https:\/\/visitvinkovci.com\/?page_id=9275"},"modified":"2024-12-13T12:35:21","modified_gmt":"2024-12-13T11:35:21","slug":"gradska-knjiznica-i-citaonica-vinkovci","status":"publish","type":"page","link":"https:\/\/visitvinkovci.com\/de\/istrazite\/gradska-knjiznica-i-citaonica-vinkovci\/","title":{"rendered":"Gradska knji\u017enica i \u010ditaonica Vinkovci"},"content":{"rendered":"<section class=\"l-section wpb_row height_large full_height valign_center width_full\"><div class=\"l-section-overlay\" style=\"background:rgba(26,26,26,0.40)\"><\/div><div class=\"l-section-h i-cf\"><div class=\"g-cols vc_row via_flex valign_middle type_default\"><div class=\"vc_col-sm-12 wpb_column vc_column_container\"><div class=\"vc_column-inner\"><div class=\"wpb_wrapper\"><h1 class=\"w-post-elm post_title us_custom_836f727b has_text_color align_center entry-title color_link_inherit\">Gradska knji\u017enica i \u010ditaonica Vinkovci<\/h1><\/div><\/div><\/div><\/div><\/div><\/section>\n<section class=\"l-section wpb_row height_medium\"><div class=\"l-section-h i-cf\"><div class=\"g-cols vc_row via_flex valign_top type_default\"><div class=\"vc_col-sm-12 wpb_column vc_column_container\"><div class=\"vc_column-inner\"><div class=\"wpb_wrapper\"><div class=\"wpb_text_column\"><div class=\"wpb_wrapper\"><p>Nova moderna Gradska knji\u017enica i \u010ditaonica Vinkovci sljednica je Vinkova\u010dke \u010ditaonice koja je osnovana 9. kolovoza 1875. godine. Jedina je to narodna knji\u017enica u Hrvatskoj koja je u potpunosti uni\u0161tena u Domovinskom ratu. Njezina tu\u017ena sudbina motivirala je mladog vinkova\u010dkog arhitekta Marka Miliraga da izradi projekt predivne zgrade pune simbolike.<\/p>\n<p>Gradska knji\u017enica i \u010ditaonica Vinkovci sadr\u017ei oko 169.000 svezaka, Spomen zbirku Ivana Vanje Radau\u0161a, zbirku \u201eCibaliana\u201c te Zavi\u010dajnu zbirku koja \u010duva rukopise i prva izdanja slavnih Vinkov\u010dana.<\/p>\n<p>Suvremena i funkcionalna unutra\u0161njost postaje centar kulturnog \u017eivota grada Vinkovaca.<br \/>\nNezaobilazna kulturna atrakcija u sklopu knji\u017enice je i Bibliobusna slu\u017eba koja obilazi ruralna podru\u010dja Vukovarsko srijemsku \u017eupaniju, zahvaljuju\u0107i projektu \u201eKultura u pokretu\u201c.<br \/>\nProjekt\u00a0<em>Virtualna stvarnost u Bibliobusu 2 plus\u00a0<\/em>(VR u BIB 2+) pro\u0161irenje je razvojnoga Projekta\u00a0<em>Virtualna stvarnost u Bibliobusu\u00a0<\/em>(VR u BIB) koji je zapo\u010deo 2018. godine i Projekta\u00a0<em>Virtualna stvarnost u Bibliobusu 2\u00a0<\/em>(VR u BIB 2) koji je nadogra\u0111en 2020. godine. Projekt je namijenjen u\u010denicima osnovnih i srednjih \u0161kola i provodi se putem edukativnih radionica, uz kori\u0161tenje tehnologije za virtualnu stvarnost, u svim narodnim knji\u017enicama, osnovnim i srednjim \u0161kolama Vukovarsko-srijemske \u017eupanije te u Bibliobusu koji posje\u0107uje i podru\u010dne \u0161kole smje\u0161tene u manjim ruralnim podru\u010djima.<\/p>\n<p><span style=\"color: #870000;\"><em>Klikom na fotografiju saznajte vi\u0161e o projektu.<\/em><\/span>\ud83d\udc47<br \/>\n<a href=\"https:\/\/gkvk.hr\/virtualna-stvarnost-u-bibliobusu\/\" target=\"_blank\" rel=\"noopener\"><img loading=\"lazy\" decoding=\"async\" class=\"alignnone wp-image-9294 size-medium\" src=\"https:\/\/visitvinkovci.com\/wp-content\/uploads\/2024\/12\/VR-BIB-1024x1024-2-300x298.png\" alt=\"\" width=\"300\" height=\"298\" srcset=\"https:\/\/visitvinkovci.com\/wp-content\/uploads\/2024\/12\/VR-BIB-1024x1024-2-300x298.png 300w, https:\/\/visitvinkovci.com\/wp-content\/uploads\/2024\/12\/VR-BIB-1024x1024-2-150x150.png 150w, https:\/\/visitvinkovci.com\/wp-content\/uploads\/2024\/12\/VR-BIB-1024x1024-2-12x12.png 12w, https:\/\/visitvinkovci.com\/wp-content\/uploads\/2024\/12\/VR-BIB-1024x1024-2.png 1005w\" sizes=\"auto, (max-width: 300px) 100vw, 300px\" \/><\/a><br \/>\n<a href=\"https:\/\/youtu.be\/n2Q85UjeKSw\" target=\"_blank\" rel=\"noopener\">Video Virtualna stvarnost<\/a><\/p>\n<p>Adresa: <a href=\"https:\/\/www.google.com\/maps\/place\/\/data=!4m2!3m1!1s0x475c8ae094d7cb09:0x484c05bbcf4e2881?sa=X&amp;ved=1t:8290&amp;ictx=111\" target=\"_blank\" rel=\"noopener\">Ulica kralja Zvonimira 9, 32100 Vinkovci<\/a><br \/>\nWeb:\u00a0<a href=\"https:\/\/gkvk.hr\/\" target=\"_blank\" rel=\"noopener\">https:\/\/gkvk.hr\/<\/a><\/p>\n<\/div><\/div><\/div><\/div><\/div><\/div><\/div><\/section><section class=\"l-section wpb_row height_medium\"><div class=\"l-section-h i-cf\"><div class=\"g-cols vc_row via_flex valign_top type_default\"><div class=\"vc_col-sm-12 wpb_column vc_column_container\"><div class=\"vc_column-inner\"><div class=\"wpb_wrapper\"><\/div><\/div><\/div><\/div><\/div><\/section>","protected":false},"excerpt":{"rendered":"Gradska knji\u017enica i \u010ditaonica Vinkovci Nova moderna Gradska knji\u017enica i \u010ditaonica Vinkovci sljednica je Vinkova\u010dke \u010ditaonice koja je osnovana 9. kolovoza 1875. godine. Jedina je to narodna knji\u017enica u Hrvatskoj...","protected":false},"author":2,"featured_media":9286,"parent":4380,"menu_order":0,"comment_status":"closed","ping_status":"closed","template":"","meta":{"footnotes":""},"class_list":["post-9275","page","type-page","status-publish","has-post-thumbnail","hentry"],"acf":[],"yoast_head":"<!-- This site is optimized with the Yoast SEO plugin v27.4 - https:\/\/yoast.com\/product\/yoast-seo-wordpress\/ -->\n<title>Gradska knji\u017enica i \u010ditaonica Vinkovci - Visit Vinkovci<\/title>\n<meta name=\"description\" content=\"Turisti\u010dka zajednica grada Vinkovaca je organizacija koja djeluje po na\u010delu destinacijskog menad\u017ementa, a osnovana je radi promicanja i razvoja turizma Republike Hrvatske i gospodarskih interesa pravnih i fizi\u010dkih osoba koje pru\u017eaju ugostiteljske usluge i usluge u turizmu ili obavljaju drugu djelatnost neposredno povezanu s turizmom na na\u010din da upravljaju destinacijom na razini grada Vinkovaca.\" \/>\n<meta name=\"robots\" content=\"index, follow, max-snippet:-1, max-image-preview:large, max-video-preview:-1\" \/>\n<link rel=\"canonical\" href=\"https:\/\/visitvinkovci.com\/de\/istrazite\/gradska-knjiznica-i-citaonica-vinkovci\/\" \/>\n<meta property=\"og:locale\" content=\"de_DE\" \/>\n<meta property=\"og:type\" content=\"article\" \/>\n<meta property=\"og:title\" content=\"Gradska knji\u017enica i \u010ditaonica Vinkovci - Visit Vinkovci\" \/>\n<meta property=\"og:description\" content=\"Turisti\u010dka zajednica grada Vinkovaca je organizacija koja djeluje po na\u010delu destinacijskog menad\u017ementa, a osnovana je radi promicanja i razvoja turizma Republike Hrvatske i gospodarskih interesa pravnih i fizi\u010dkih osoba koje pru\u017eaju ugostiteljske usluge i usluge u turizmu ili obavljaju drugu djelatnost neposredno povezanu s turizmom na na\u010din da upravljaju destinacijom na razini grada Vinkovaca.\" \/>\n<meta property=\"og:url\" content=\"https:\/\/visitvinkovci.com\/de\/istrazite\/gradska-knjiznica-i-citaonica-vinkovci\/\" \/>\n<meta property=\"og:site_name\" content=\"Visit Vinkovci\" \/>\n<meta property=\"article:publisher\" content=\"https:\/\/www.facebook.com\/visitvinkovci\/\" \/>\n<meta property=\"article:modified_time\" content=\"2024-12-13T11:35:21+00:00\" \/>\n<meta property=\"og:image\" content=\"https:\/\/visitvinkovci.com\/wp-content\/uploads\/2024\/12\/VK-4-of-57-scaled.jpg\" \/>\n\t<meta property=\"og:image:width\" content=\"2560\" \/>\n\t<meta property=\"og:image:height\" content=\"1440\" \/>\n\t<meta property=\"og:image:type\" content=\"image\/jpeg\" \/>\n<meta name=\"twitter:card\" content=\"summary_large_image\" \/>\n<meta name=\"twitter:label1\" content=\"Gesch\u00e4tzte Lesezeit\" \/>\n\t<meta name=\"twitter:data1\" content=\"2\u00a0Minuten\" \/>\n<script type=\"application\/ld+json\" class=\"yoast-schema-graph\">{\"@context\":\"https:\\\/\\\/schema.org\",\"@graph\":[{\"@type\":\"WebPage\",\"@id\":\"https:\\\/\\\/visitvinkovci.com\\\/istrazite\\\/gradska-knjiznica-i-citaonica-vinkovci\\\/\",\"url\":\"https:\\\/\\\/visitvinkovci.com\\\/istrazite\\\/gradska-knjiznica-i-citaonica-vinkovci\\\/\",\"name\":\"Gradska knji\u017enica i \u010ditaonica Vinkovci - Visit Vinkovci\",\"isPartOf\":{\"@id\":\"https:\\\/\\\/visitvinkovci.com\\\/de\\\/#website\"},\"primaryImageOfPage\":{\"@id\":\"https:\\\/\\\/visitvinkovci.com\\\/istrazite\\\/gradska-knjiznica-i-citaonica-vinkovci\\\/#primaryimage\"},\"image\":{\"@id\":\"https:\\\/\\\/visitvinkovci.com\\\/istrazite\\\/gradska-knjiznica-i-citaonica-vinkovci\\\/#primaryimage\"},\"thumbnailUrl\":\"https:\\\/\\\/visitvinkovci.com\\\/wp-content\\\/uploads\\\/2024\\\/12\\\/VK-4-of-57-scaled.jpg\",\"datePublished\":\"2024-12-12T13:11:37+00:00\",\"dateModified\":\"2024-12-13T11:35:21+00:00\",\"description\":\"Turisti\u010dka zajednica grada Vinkovaca je organizacija koja djeluje po na\u010delu destinacijskog menad\u017ementa, a osnovana je radi promicanja i razvoja turizma Republike Hrvatske i gospodarskih interesa pravnih i fizi\u010dkih osoba koje pru\u017eaju ugostiteljske usluge i usluge u turizmu ili obavljaju drugu djelatnost neposredno povezanu s turizmom na na\u010din da upravljaju destinacijom na razini grada Vinkovaca.\",\"breadcrumb\":{\"@id\":\"https:\\\/\\\/visitvinkovci.com\\\/istrazite\\\/gradska-knjiznica-i-citaonica-vinkovci\\\/#breadcrumb\"},\"inLanguage\":\"de\",\"potentialAction\":[{\"@type\":\"ReadAction\",\"target\":[\"https:\\\/\\\/visitvinkovci.com\\\/istrazite\\\/gradska-knjiznica-i-citaonica-vinkovci\\\/\"]}]},{\"@type\":\"ImageObject\",\"inLanguage\":\"de\",\"@id\":\"https:\\\/\\\/visitvinkovci.com\\\/istrazite\\\/gradska-knjiznica-i-citaonica-vinkovci\\\/#primaryimage\",\"url\":\"https:\\\/\\\/visitvinkovci.com\\\/wp-content\\\/uploads\\\/2024\\\/12\\\/VK-4-of-57-scaled.jpg\",\"contentUrl\":\"https:\\\/\\\/visitvinkovci.com\\\/wp-content\\\/uploads\\\/2024\\\/12\\\/VK-4-of-57-scaled.jpg\",\"width\":2560,\"height\":1440},{\"@type\":\"BreadcrumbList\",\"@id\":\"https:\\\/\\\/visitvinkovci.com\\\/istrazite\\\/gradska-knjiznica-i-citaonica-vinkovci\\\/#breadcrumb\",\"itemListElement\":[{\"@type\":\"ListItem\",\"position\":1,\"name\":\"Home\",\"item\":\"https:\\\/\\\/visitvinkovci.com\\\/\"},{\"@type\":\"ListItem\",\"position\":2,\"name\":\"Istra\u017eite\",\"item\":\"https:\\\/\\\/visitvinkovci.com\\\/istrazite\\\/\"},{\"@type\":\"ListItem\",\"position\":3,\"name\":\"Gradska knji\u017enica i \u010ditaonica Vinkovci\"}]},{\"@type\":\"WebSite\",\"@id\":\"https:\\\/\\\/visitvinkovci.com\\\/de\\\/#website\",\"url\":\"https:\\\/\\\/visitvinkovci.com\\\/de\\\/\",\"name\":\"Visit Vinkovci\",\"description\":\"\",\"publisher\":{\"@id\":\"https:\\\/\\\/visitvinkovci.com\\\/de\\\/#organization\"},\"alternateName\":\"VisitVk\",\"potentialAction\":[{\"@type\":\"SearchAction\",\"target\":{\"@type\":\"EntryPoint\",\"urlTemplate\":\"https:\\\/\\\/visitvinkovci.com\\\/de\\\/?s={search_term_string}\"},\"query-input\":{\"@type\":\"PropertyValueSpecification\",\"valueRequired\":true,\"valueName\":\"search_term_string\"}}],\"inLanguage\":\"de\"},{\"@type\":\"Organization\",\"@id\":\"https:\\\/\\\/visitvinkovci.com\\\/de\\\/#organization\",\"name\":\"Visit Vinkovci\",\"alternateName\":\"Visitvk\",\"url\":\"https:\\\/\\\/visitvinkovci.com\\\/de\\\/\",\"logo\":{\"@type\":\"ImageObject\",\"inLanguage\":\"de\",\"@id\":\"https:\\\/\\\/visitvinkovci.com\\\/de\\\/#\\\/schema\\\/logo\\\/image\\\/\",\"url\":\"https:\\\/\\\/visitvinkovci.com\\\/wp-content\\\/uploads\\\/2022\\\/01\\\/Vinkovci_Logo_Central_HR_COLOR.png\",\"contentUrl\":\"https:\\\/\\\/visitvinkovci.com\\\/wp-content\\\/uploads\\\/2022\\\/01\\\/Vinkovci_Logo_Central_HR_COLOR.png\",\"width\":400,\"height\":314,\"caption\":\"Visit Vinkovci\"},\"image\":{\"@id\":\"https:\\\/\\\/visitvinkovci.com\\\/de\\\/#\\\/schema\\\/logo\\\/image\\\/\"},\"sameAs\":[\"https:\\\/\\\/www.facebook.com\\\/visitvinkovci\\\/\"]}]}<\/script>\n<!-- \/ Yoast SEO plugin. -->","yoast_head_json":{"title":"Gradska knji\u017enica i \u010ditaonica Vinkovci - Visit Vinkovci","description":"Der Tourismusverband der Stadt Vinkovci ist eine Organisation, die nach dem Prinzip des Destinationsmanagements arbeitet. Er wurde gegr\u00fcndet, um den Tourismus in der Republik Kroatien und die wirtschaftlichen Interessen von juristischen und nat\u00fcrlichen Personen, die Gastgewerbe- und Tourismusdienstleistungen erbringen oder andere Aktivit\u00e4ten aus\u00fcben, die in direktem Zusammenhang mit dem Tourismus stehen, so dass sie das die Destination auf der Stadtebene verwalten zu f\u00f6rdern und entwickeln.","robots":{"index":"index","follow":"follow","max-snippet":"max-snippet:-1","max-image-preview":"max-image-preview:large","max-video-preview":"max-video-preview:-1"},"canonical":"https:\/\/visitvinkovci.com\/de\/istrazite\/gradska-knjiznica-i-citaonica-vinkovci\/","og_locale":"de_DE","og_type":"article","og_title":"Gradska knji\u017enica i \u010ditaonica Vinkovci - Visit Vinkovci","og_description":"Turisti\u010dka zajednica grada Vinkovaca je organizacija koja djeluje po na\u010delu destinacijskog menad\u017ementa, a osnovana je radi promicanja i razvoja turizma Republike Hrvatske i gospodarskih interesa pravnih i fizi\u010dkih osoba koje pru\u017eaju ugostiteljske usluge i usluge u turizmu ili obavljaju drugu djelatnost neposredno povezanu s turizmom na na\u010din da upravljaju destinacijom na razini grada Vinkovaca.","og_url":"https:\/\/visitvinkovci.com\/de\/istrazite\/gradska-knjiznica-i-citaonica-vinkovci\/","og_site_name":"Visit Vinkovci","article_publisher":"https:\/\/www.facebook.com\/visitvinkovci\/","article_modified_time":"2024-12-13T11:35:21+00:00","og_image":[{"width":2560,"height":1440,"url":"https:\/\/visitvinkovci.com\/wp-content\/uploads\/2024\/12\/VK-4-of-57-scaled.jpg","type":"image\/jpeg"}],"twitter_card":"summary_large_image","twitter_misc":{"Gesch\u00e4tzte Lesezeit":"2\u00a0Minuten"},"schema":{"@context":"https:\/\/schema.org","@graph":[{"@type":"WebPage","@id":"https:\/\/visitvinkovci.com\/istrazite\/gradska-knjiznica-i-citaonica-vinkovci\/","url":"https:\/\/visitvinkovci.com\/istrazite\/gradska-knjiznica-i-citaonica-vinkovci\/","name":"Gradska knji\u017enica i \u010ditaonica Vinkovci - Visit Vinkovci","isPartOf":{"@id":"https:\/\/visitvinkovci.com\/de\/#website"},"primaryImageOfPage":{"@id":"https:\/\/visitvinkovci.com\/istrazite\/gradska-knjiznica-i-citaonica-vinkovci\/#primaryimage"},"image":{"@id":"https:\/\/visitvinkovci.com\/istrazite\/gradska-knjiznica-i-citaonica-vinkovci\/#primaryimage"},"thumbnailUrl":"https:\/\/visitvinkovci.com\/wp-content\/uploads\/2024\/12\/VK-4-of-57-scaled.jpg","datePublished":"2024-12-12T13:11:37+00:00","dateModified":"2024-12-13T11:35:21+00:00","description":"Der Tourismusverband der Stadt Vinkovci ist eine Organisation, die nach dem Prinzip des Destinationsmanagements arbeitet. Er wurde gegr\u00fcndet, um den Tourismus in der Republik Kroatien und die wirtschaftlichen Interessen von juristischen und nat\u00fcrlichen Personen, die Gastgewerbe- und Tourismusdienstleistungen erbringen oder andere Aktivit\u00e4ten aus\u00fcben, die in direktem Zusammenhang mit dem Tourismus stehen, so dass sie das die Destination auf der Stadtebene verwalten zu f\u00f6rdern und entwickeln.","breadcrumb":{"@id":"https:\/\/visitvinkovci.com\/istrazite\/gradska-knjiznica-i-citaonica-vinkovci\/#breadcrumb"},"inLanguage":"de","potentialAction":[{"@type":"ReadAction","target":["https:\/\/visitvinkovci.com\/istrazite\/gradska-knjiznica-i-citaonica-vinkovci\/"]}]},{"@type":"ImageObject","inLanguage":"de","@id":"https:\/\/visitvinkovci.com\/istrazite\/gradska-knjiznica-i-citaonica-vinkovci\/#primaryimage","url":"https:\/\/visitvinkovci.com\/wp-content\/uploads\/2024\/12\/VK-4-of-57-scaled.jpg","contentUrl":"https:\/\/visitvinkovci.com\/wp-content\/uploads\/2024\/12\/VK-4-of-57-scaled.jpg","width":2560,"height":1440},{"@type":"BreadcrumbList","@id":"https:\/\/visitvinkovci.com\/istrazite\/gradska-knjiznica-i-citaonica-vinkovci\/#breadcrumb","itemListElement":[{"@type":"ListItem","position":1,"name":"Home","item":"https:\/\/visitvinkovci.com\/"},{"@type":"ListItem","position":2,"name":"Istra\u017eite","item":"https:\/\/visitvinkovci.com\/istrazite\/"},{"@type":"ListItem","position":3,"name":"Gradska knji\u017enica i \u010ditaonica Vinkovci"}]},{"@type":"WebSite","@id":"https:\/\/visitvinkovci.com\/de\/#website","url":"https:\/\/visitvinkovci.com\/de\/","name":"Visit Vinkovci","description":"","publisher":{"@id":"https:\/\/visitvinkovci.com\/de\/#organization"},"alternateName":"VisitVk","potentialAction":[{"@type":"SearchAction","target":{"@type":"EntryPoint","urlTemplate":"https:\/\/visitvinkovci.com\/de\/?s={search_term_string}"},"query-input":{"@type":"PropertyValueSpecification","valueRequired":true,"valueName":"search_term_string"}}],"inLanguage":"de"},{"@type":"Organization","@id":"https:\/\/visitvinkovci.com\/de\/#organization","name":"Visit Vinkovci","alternateName":"Visitvk","url":"https:\/\/visitvinkovci.com\/de\/","logo":{"@type":"ImageObject","inLanguage":"de","@id":"https:\/\/visitvinkovci.com\/de\/#\/schema\/logo\/image\/","url":"https:\/\/visitvinkovci.com\/wp-content\/uploads\/2022\/01\/Vinkovci_Logo_Central_HR_COLOR.png","contentUrl":"https:\/\/visitvinkovci.com\/wp-content\/uploads\/2022\/01\/Vinkovci_Logo_Central_HR_COLOR.png","width":400,"height":314,"caption":"Visit Vinkovci"},"image":{"@id":"https:\/\/visitvinkovci.com\/de\/#\/schema\/logo\/image\/"},"sameAs":["https:\/\/www.facebook.com\/visitvinkovci\/"]}]}},"_links":{"self":[{"href":"https:\/\/visitvinkovci.com\/de\/wp-json\/wp\/v2\/pages\/9275","targetHints":{"allow":["GET"]}}],"collection":[{"href":"https:\/\/visitvinkovci.com\/de\/wp-json\/wp\/v2\/pages"}],"about":[{"href":"https:\/\/visitvinkovci.com\/de\/wp-json\/wp\/v2\/types\/page"}],"author":[{"embeddable":true,"href":"https:\/\/visitvinkovci.com\/de\/wp-json\/wp\/v2\/users\/2"}],"replies":[{"embeddable":true,"href":"https:\/\/visitvinkovci.com\/de\/wp-json\/wp\/v2\/comments?post=9275"}],"version-history":[{"count":11,"href":"https:\/\/visitvinkovci.com\/de\/wp-json\/wp\/v2\/pages\/9275\/revisions"}],"predecessor-version":[{"id":9298,"href":"https:\/\/visitvinkovci.com\/de\/wp-json\/wp\/v2\/pages\/9275\/revisions\/9298"}],"up":[{"embeddable":true,"href":"https:\/\/visitvinkovci.com\/de\/wp-json\/wp\/v2\/pages\/4380"}],"wp:featuredmedia":[{"embeddable":true,"href":"https:\/\/visitvinkovci.com\/de\/wp-json\/wp\/v2\/media\/9286"}],"wp:attachment":[{"href":"https:\/\/visitvinkovci.com\/de\/wp-json\/wp\/v2\/media?parent=9275"}],"curies":[{"name":"wp","href":"https:\/\/api.w.org\/{rel}","templated":true}]}}