{"id":8183,"date":"2022-04-07T11:11:17","date_gmt":"2022-04-07T09:11:17","guid":{"rendered":"https:\/\/visitvinkovci.com\/?page_id=4172"},"modified":"2025-01-28T15:56:01","modified_gmt":"2025-01-28T14:56:01","slug":"zivimo-desinaciju-vinkovci","status":"publish","type":"page","link":"https:\/\/visitvinkovci.com\/de\/zivimo-desinaciju-vinkovci\/","title":{"rendered":"Wir leben das Reiseziel Vinkovci"},"content":{"rendered":"<section class=\"l-section wpb_row height_large with_img\"><div class=\"l-section-img\" style=\"background-image: url(https:\/\/visitvinkovci.com\/wp-content\/uploads\/2025\/01\/Vinkovci-iz-zraka-noc-2.jpg);\" data-img-width=\"1800\" data-img-height=\"1199\"><\/div><div class=\"l-section-overlay\" style=\"background:rgba(26,26,26,0.40)\"><\/div><div class=\"l-section-h i-cf\"><div class=\"g-cols vc_row via_flex valign_middle type_default\"><div class=\"vc_col-sm-12 wpb_column vc_column_container\"><div class=\"vc_column-inner\"><div class=\"wpb_wrapper\"><h1 class=\"w-post-elm post_title us_custom_836f727b has_text_color align_center entry-title color_link_inherit\">Wir leben das Reiseziel Vinkovci<\/h1><\/div><\/div><\/div><\/div><\/div><\/section><section class=\"l-section wpb_row height_medium\"><div class=\"l-section-h i-cf\"><div class=\"g-cols vc_row via_flex valign_top type_default\"><div class=\"vc_col-sm-3 wpb_column vc_column_container has_text_color\"><div class=\"vc_column-inner us_custom_90ce6cfd us_animate_this\"><div class=\"vc_column-overlay\" style=\"background:var(--color-header-middle-bg)\"><\/div><div class=\"wpb_wrapper\"><div class=\"wpb_text_column us_custom_a518f36e us_animate_this\"><div class=\"wpb_wrapper\"><p><a href=\"https:\/\/visitvinkovci.com\/de\/zivimo-desinaciju-vinkovci\/vizual_1080x1080-2\/\" target=\"_blank\" rel=\"noopener\"><img loading=\"lazy\" decoding=\"async\" class=\"alignnone wp-image-8347 size-medium\" src=\"https:\/\/visitvinkovci.com\/wp-content\/uploads\/2024\/02\/VIZUAL_1080x1080-300x300.jpg\" alt=\"\" width=\"300\" height=\"300\" srcset=\"https:\/\/visitvinkovci.com\/wp-content\/uploads\/2024\/02\/VIZUAL_1080x1080-300x300.jpg 300w, https:\/\/visitvinkovci.com\/wp-content\/uploads\/2024\/02\/VIZUAL_1080x1080-1024x1024.jpg 1024w, https:\/\/visitvinkovci.com\/wp-content\/uploads\/2024\/02\/VIZUAL_1080x1080-150x150.jpg 150w, https:\/\/visitvinkovci.com\/wp-content\/uploads\/2024\/02\/VIZUAL_1080x1080-12x12.jpg 12w, https:\/\/visitvinkovci.com\/wp-content\/uploads\/2024\/02\/VIZUAL_1080x1080.jpg 1080w\" sizes=\"auto, (max-width: 300px) 100vw, 300px\" \/><\/a><\/p>\n<\/div><\/div><\/div><\/div><\/div><div class=\"vc_col-sm-9 wpb_column vc_column_container\"><div class=\"vc_column-inner\"><div class=\"wpb_wrapper\"><div class=\"wpb_text_column\"><div class=\"wpb_wrapper\"><h5><span style=\"color: #000000;\"><strong><span style=\"color: #000000;\"><a style=\"color: #000000;\" href=\"https:\/\/visitvinkovci.com\/wp-content\/uploads\/2024\/10\/Koordinacija-s-iznajmljivacima-i-hotelijerima.pdf\" target=\"_blank\" rel=\"noopener\">Koordinacija s iznajmljiva\u010dima i hotelijerima 2024.<\/a><\/span><\/strong><\/span><\/h5>\n<h5><span style=\"color: #000000;\"><strong><a style=\"color: #000000;\" href=\"https:\/\/visitvinkovci.com\/wp-content\/uploads\/2024\/10\/PANEL-RASPRAVA-PROJEKTA.pdf\" target=\"_blank\" rel=\"noopener\">Panel rasprava &#8220;\u017divimo destinaciju Vinkovci&#8221;2024.<\/a><\/strong><\/span><\/h5>\n<h5><strong><span style=\"color: #1a1a1a;\"><a style=\"color: #1a1a1a;\" href=\"https:\/\/visitvinkovci.com\/wp-content\/uploads\/2024\/10\/ZRAKOPLOVNI-KLUB-VRABAC-VINKOVCI-U-SKLOPU-PROJEKTA-ZDV.pdf\" target=\"_blank\" rel=\"noopener\">Zrakoplovni klub Vrabac Vinkovci i \u017dDV projekt 2024.<\/a><\/span><\/strong><\/h5>\n<h5><strong><span style=\"color: #1a1a1a;\"><a style=\"color: #1a1a1a;\" href=\"https:\/\/visitvinkovci.com\/wp-content\/uploads\/2024\/02\/Obavijest-za-web.pdf\" target=\"_blank\" rel=\"noopener\">Aktivnost obilaska kulturnih institucija i OPG-ova Vinkovci za Privatne iznajmljiva\u010de-2024.<\/a><\/span><\/strong><\/h5>\n<h5><span style=\"color: #000000;\"><strong><a style=\"color: #000000;\" href=\"https:\/\/visitvinkovci.com\/wp-content\/uploads\/2023\/11\/Zivimo-destinaciju-Vinkovci.pdf\" target=\"_blank\" rel=\"noopener\">\u017divimo Destinaciju Vinkovci &#8211; Predavanje 2023.<\/a><\/strong><\/span><\/h5>\n<h5><span style=\"color: #000000;\"><a style=\"color: #000000;\" href=\"https:\/\/visitvinkovci.com\/wp-content\/uploads\/2024\/01\/IZVJESTAJ-ODRZIVI-VINKOVCI.pdf\" target=\"_blank\" rel=\"noopener\"><strong>Izvje\u0161taj 2023. &#8220;Odr\u017eivi Vinkovci&#8221;<\/strong><\/a><\/span><\/h5>\n<\/div><\/div><\/div><\/div><\/div><\/div><\/div><\/section><section class=\"l-section wpb_row height_medium\"><div class=\"l-section-h i-cf\"><div class=\"g-cols vc_row via_flex valign_top type_default\"><div class=\"vc_col-sm-12 wpb_column vc_column_container\"><div class=\"vc_column-inner\"><div class=\"wpb_wrapper\"><div class=\"w-video align_center ratio_16x9\" onclick=\"return {&quot;player_html&quot;:&quot;&lt;iframe title=\\&quot;Odr\\u017eivi Vinkovci\\&quot; width=\\&quot;640\\&quot; height=\\&quot;360\\&quot; src=\\&quot;https:\\\/\\\/www.youtube.com\\\/embed\\\/4FcapwgDvzA?feature=oembed\\&quot; frameborder=\\&quot;0\\&quot; allow=\\&quot;accelerometer; autoplay; clipboard-write; encrypted-media; gyroscope; picture-in-picture; web-share\\&quot; allowfullscreen&gt;&lt;\\\/iframe&gt;&quot;}\"><div class=\"w-video-h\"><iframe title=\"Youtube video player\" src=\"\/\/www.youtube.com\/embed\/4FcapwgDvzA?origin=https:\/\/visitvinkovci.com&controls=0\" allowfullscreen=\"1\" loading=\"lazy\"><\/iframe><\/div><div class=\"w-video-icon\" style=\"font-size:1.5rem;background:rgba(0,0,0,0.5);color:#fff\"><\/div><\/div><\/div><\/div><\/div><\/div><\/div><\/section>","protected":false},"excerpt":{"rendered":"\u017divimo destinaciju Vinkovci Koordinacija s iznajmljiva\u010dima i hotelijerima 2024. Panel rasprava &#8220;\u017divimo destinaciju Vinkovci&#8221;2024. Zrakoplovni klub Vrabac Vinkovci i \u017dDV projekt 2024. Aktivnost obilaska kulturnih institucija i OPG-ova Vinkovci za...","protected":false},"author":1,"featured_media":0,"parent":0,"menu_order":0,"comment_status":"closed","ping_status":"closed","template":"","meta":{"footnotes":""},"class_list":["post-8183","page","type-page","status-publish","hentry"],"acf":[],"yoast_head":"<!-- This site is optimized with the Yoast SEO plugin v27.5 - https:\/\/yoast.com\/product\/yoast-seo-wordpress\/ -->\n<title>Visit Vinkovci<\/title>\n<meta name=\"description\" content=\"Turisti\u010dka zajednica grada Vinkovaca je organizacija koja djeluje po na\u010delu destinacijskog menad\u017ementa, a osnovana je radi promicanja i razvoja turizma Republike Hrvatske i gospodarskih interesa pravnih i fizi\u010dkih osoba koje pru\u017eaju ugostiteljske usluge i usluge u turizmu ili obavljaju drugu djelatnost neposredno povezanu s turizmom na na\u010din da upravljaju destinacijom na razini grada Vinkovaca.\" \/>\n<meta name=\"robots\" content=\"index, follow, max-snippet:-1, max-image-preview:large, max-video-preview:-1\" \/>\n<link rel=\"canonical\" href=\"https:\/\/visitvinkovci.com\/de\/zivimo-desinaciju-vinkovci\/\" \/>\n<meta property=\"og:locale\" content=\"de_DE\" \/>\n<meta property=\"og:type\" content=\"article\" \/>\n<meta property=\"og:title\" content=\"Visit Vinkovci\" \/>\n<meta property=\"og:description\" content=\"Turisti\u010dka zajednica grada Vinkovaca je organizacija koja djeluje po na\u010delu destinacijskog menad\u017ementa, a osnovana je radi promicanja i razvoja turizma Republike Hrvatske i gospodarskih interesa pravnih i fizi\u010dkih osoba koje pru\u017eaju ugostiteljske usluge i usluge u turizmu ili obavljaju drugu djelatnost neposredno povezanu s turizmom na na\u010din da upravljaju destinacijom na razini grada Vinkovaca.\" \/>\n<meta property=\"og:url\" content=\"https:\/\/visitvinkovci.com\/de\/zivimo-desinaciju-vinkovci\/\" \/>\n<meta property=\"og:site_name\" content=\"Visit Vinkovci\" \/>\n<meta property=\"article:publisher\" content=\"https:\/\/www.facebook.com\/visitvinkovci\/\" \/>\n<meta property=\"article:modified_time\" content=\"2025-01-28T14:56:01+00:00\" \/>\n<meta property=\"og:image\" content=\"https:\/\/visitvinkovci.com\/wp-content\/uploads\/2024\/02\/VIZUAL_1080x1080.jpg\" \/>\n\t<meta property=\"og:image:width\" content=\"1080\" \/>\n\t<meta property=\"og:image:height\" content=\"1080\" \/>\n\t<meta property=\"og:image:type\" content=\"image\/jpeg\" \/>\n<meta name=\"twitter:card\" content=\"summary_large_image\" \/>\n<meta name=\"twitter:label1\" content=\"Gesch\u00e4tzte Lesezeit\" \/>\n\t<meta name=\"twitter:data1\" content=\"1\u00a0Minute\" \/>\n<script type=\"application\/ld+json\" class=\"yoast-schema-graph\">{\"@context\":\"https:\\\/\\\/schema.org\",\"@graph\":[{\"@type\":\"WebPage\",\"@id\":\"https:\\\/\\\/visitvinkovci.com\\\/zivimo-desinaciju-vinkovci\\\/\",\"url\":\"https:\\\/\\\/visitvinkovci.com\\\/zivimo-desinaciju-vinkovci\\\/\",\"name\":\"Visit Vinkovci\",\"isPartOf\":{\"@id\":\"https:\\\/\\\/visitvinkovci.com\\\/de\\\/#website\"},\"primaryImageOfPage\":{\"@id\":\"https:\\\/\\\/visitvinkovci.com\\\/zivimo-desinaciju-vinkovci\\\/#primaryimage\"},\"image\":{\"@id\":\"https:\\\/\\\/visitvinkovci.com\\\/zivimo-desinaciju-vinkovci\\\/#primaryimage\"},\"thumbnailUrl\":\"https:\\\/\\\/visitvinkovci.com\\\/wp-content\\\/uploads\\\/2024\\\/02\\\/VIZUAL_1080x1080-300x300.jpg\",\"datePublished\":\"2022-04-07T09:11:17+00:00\",\"dateModified\":\"2025-01-28T14:56:01+00:00\",\"description\":\"Turisti\u010dka zajednica grada Vinkovaca je organizacija koja djeluje po na\u010delu destinacijskog menad\u017ementa, a osnovana je radi promicanja i razvoja turizma Republike Hrvatske i gospodarskih interesa pravnih i fizi\u010dkih osoba koje pru\u017eaju ugostiteljske usluge i usluge u turizmu ili obavljaju drugu djelatnost neposredno povezanu s turizmom na na\u010din da upravljaju destinacijom na razini grada Vinkovaca.\",\"breadcrumb\":{\"@id\":\"https:\\\/\\\/visitvinkovci.com\\\/zivimo-desinaciju-vinkovci\\\/#breadcrumb\"},\"inLanguage\":\"de\",\"potentialAction\":[{\"@type\":\"ReadAction\",\"target\":[\"https:\\\/\\\/visitvinkovci.com\\\/zivimo-desinaciju-vinkovci\\\/\"]}]},{\"@type\":\"ImageObject\",\"inLanguage\":\"de\",\"@id\":\"https:\\\/\\\/visitvinkovci.com\\\/zivimo-desinaciju-vinkovci\\\/#primaryimage\",\"url\":\"https:\\\/\\\/visitvinkovci.com\\\/wp-content\\\/uploads\\\/2024\\\/02\\\/VIZUAL_1080x1080-300x300.jpg\",\"contentUrl\":\"https:\\\/\\\/visitvinkovci.com\\\/wp-content\\\/uploads\\\/2024\\\/02\\\/VIZUAL_1080x1080-300x300.jpg\"},{\"@type\":\"BreadcrumbList\",\"@id\":\"https:\\\/\\\/visitvinkovci.com\\\/zivimo-desinaciju-vinkovci\\\/#breadcrumb\",\"itemListElement\":[{\"@type\":\"ListItem\",\"position\":1,\"name\":\"Home\",\"item\":\"https:\\\/\\\/visitvinkovci.com\\\/\"},{\"@type\":\"ListItem\",\"position\":2,\"name\":\"\u017divimo destinaciju Vinkovci\"}]},{\"@type\":\"WebSite\",\"@id\":\"https:\\\/\\\/visitvinkovci.com\\\/de\\\/#website\",\"url\":\"https:\\\/\\\/visitvinkovci.com\\\/de\\\/\",\"name\":\"Visit Vinkovci\",\"description\":\"\",\"publisher\":{\"@id\":\"https:\\\/\\\/visitvinkovci.com\\\/de\\\/#organization\"},\"alternateName\":\"VisitVk\",\"potentialAction\":[{\"@type\":\"SearchAction\",\"target\":{\"@type\":\"EntryPoint\",\"urlTemplate\":\"https:\\\/\\\/visitvinkovci.com\\\/de\\\/?s={search_term_string}\"},\"query-input\":{\"@type\":\"PropertyValueSpecification\",\"valueRequired\":true,\"valueName\":\"search_term_string\"}}],\"inLanguage\":\"de\"},{\"@type\":\"Organization\",\"@id\":\"https:\\\/\\\/visitvinkovci.com\\\/de\\\/#organization\",\"name\":\"Visit Vinkovci\",\"alternateName\":\"Visitvk\",\"url\":\"https:\\\/\\\/visitvinkovci.com\\\/de\\\/\",\"logo\":{\"@type\":\"ImageObject\",\"inLanguage\":\"de\",\"@id\":\"https:\\\/\\\/visitvinkovci.com\\\/de\\\/#\\\/schema\\\/logo\\\/image\\\/\",\"url\":\"https:\\\/\\\/visitvinkovci.com\\\/wp-content\\\/uploads\\\/2022\\\/01\\\/Vinkovci_Logo_Central_HR_COLOR.png\",\"contentUrl\":\"https:\\\/\\\/visitvinkovci.com\\\/wp-content\\\/uploads\\\/2022\\\/01\\\/Vinkovci_Logo_Central_HR_COLOR.png\",\"width\":400,\"height\":314,\"caption\":\"Visit Vinkovci\"},\"image\":{\"@id\":\"https:\\\/\\\/visitvinkovci.com\\\/de\\\/#\\\/schema\\\/logo\\\/image\\\/\"},\"sameAs\":[\"https:\\\/\\\/www.facebook.com\\\/visitvinkovci\\\/\"]}]}<\/script>\n<!-- \/ Yoast SEO plugin. -->","yoast_head_json":{"title":"Visit Vinkovci","description":"Der Tourismusverband der Stadt Vinkovci ist eine Organisation, die nach dem Prinzip des Destinationsmanagements arbeitet. Er wurde gegr\u00fcndet, um den Tourismus in der Republik Kroatien und die wirtschaftlichen Interessen von juristischen und nat\u00fcrlichen Personen, die Gastgewerbe- und Tourismusdienstleistungen erbringen oder andere Aktivit\u00e4ten aus\u00fcben, die in direktem Zusammenhang mit dem Tourismus stehen, so dass sie das die Destination auf der Stadtebene verwalten zu f\u00f6rdern und entwickeln.","robots":{"index":"index","follow":"follow","max-snippet":"max-snippet:-1","max-image-preview":"max-image-preview:large","max-video-preview":"max-video-preview:-1"},"canonical":"https:\/\/visitvinkovci.com\/de\/zivimo-desinaciju-vinkovci\/","og_locale":"de_DE","og_type":"article","og_title":"Visit Vinkovci","og_description":"Turisti\u010dka zajednica grada Vinkovaca je organizacija koja djeluje po na\u010delu destinacijskog menad\u017ementa, a osnovana je radi promicanja i razvoja turizma Republike Hrvatske i gospodarskih interesa pravnih i fizi\u010dkih osoba koje pru\u017eaju ugostiteljske usluge i usluge u turizmu ili obavljaju drugu djelatnost neposredno povezanu s turizmom na na\u010din da upravljaju destinacijom na razini grada Vinkovaca.","og_url":"https:\/\/visitvinkovci.com\/de\/zivimo-desinaciju-vinkovci\/","og_site_name":"Visit Vinkovci","article_publisher":"https:\/\/www.facebook.com\/visitvinkovci\/","article_modified_time":"2025-01-28T14:56:01+00:00","og_image":[{"width":1080,"height":1080,"url":"https:\/\/visitvinkovci.com\/wp-content\/uploads\/2024\/02\/VIZUAL_1080x1080.jpg","type":"image\/jpeg"}],"twitter_card":"summary_large_image","twitter_misc":{"Gesch\u00e4tzte Lesezeit":"1\u00a0Minute"},"schema":{"@context":"https:\/\/schema.org","@graph":[{"@type":"WebPage","@id":"https:\/\/visitvinkovci.com\/zivimo-desinaciju-vinkovci\/","url":"https:\/\/visitvinkovci.com\/zivimo-desinaciju-vinkovci\/","name":"Visit Vinkovci","isPartOf":{"@id":"https:\/\/visitvinkovci.com\/de\/#website"},"primaryImageOfPage":{"@id":"https:\/\/visitvinkovci.com\/zivimo-desinaciju-vinkovci\/#primaryimage"},"image":{"@id":"https:\/\/visitvinkovci.com\/zivimo-desinaciju-vinkovci\/#primaryimage"},"thumbnailUrl":"https:\/\/visitvinkovci.com\/wp-content\/uploads\/2024\/02\/VIZUAL_1080x1080-300x300.jpg","datePublished":"2022-04-07T09:11:17+00:00","dateModified":"2025-01-28T14:56:01+00:00","description":"Der Tourismusverband der Stadt Vinkovci ist eine Organisation, die nach dem Prinzip des Destinationsmanagements arbeitet. Er wurde gegr\u00fcndet, um den Tourismus in der Republik Kroatien und die wirtschaftlichen Interessen von juristischen und nat\u00fcrlichen Personen, die Gastgewerbe- und Tourismusdienstleistungen erbringen oder andere Aktivit\u00e4ten aus\u00fcben, die in direktem Zusammenhang mit dem Tourismus stehen, so dass sie das die Destination auf der Stadtebene verwalten zu f\u00f6rdern und entwickeln.","breadcrumb":{"@id":"https:\/\/visitvinkovci.com\/zivimo-desinaciju-vinkovci\/#breadcrumb"},"inLanguage":"de","potentialAction":[{"@type":"ReadAction","target":["https:\/\/visitvinkovci.com\/zivimo-desinaciju-vinkovci\/"]}]},{"@type":"ImageObject","inLanguage":"de","@id":"https:\/\/visitvinkovci.com\/zivimo-desinaciju-vinkovci\/#primaryimage","url":"https:\/\/visitvinkovci.com\/wp-content\/uploads\/2024\/02\/VIZUAL_1080x1080-300x300.jpg","contentUrl":"https:\/\/visitvinkovci.com\/wp-content\/uploads\/2024\/02\/VIZUAL_1080x1080-300x300.jpg"},{"@type":"BreadcrumbList","@id":"https:\/\/visitvinkovci.com\/zivimo-desinaciju-vinkovci\/#breadcrumb","itemListElement":[{"@type":"ListItem","position":1,"name":"Home","item":"https:\/\/visitvinkovci.com\/"},{"@type":"ListItem","position":2,"name":"\u017divimo destinaciju Vinkovci"}]},{"@type":"WebSite","@id":"https:\/\/visitvinkovci.com\/de\/#website","url":"https:\/\/visitvinkovci.com\/de\/","name":"Visit Vinkovci","description":"","publisher":{"@id":"https:\/\/visitvinkovci.com\/de\/#organization"},"alternateName":"VisitVk","potentialAction":[{"@type":"SearchAction","target":{"@type":"EntryPoint","urlTemplate":"https:\/\/visitvinkovci.com\/de\/?s={search_term_string}"},"query-input":{"@type":"PropertyValueSpecification","valueRequired":true,"valueName":"search_term_string"}}],"inLanguage":"de"},{"@type":"Organization","@id":"https:\/\/visitvinkovci.com\/de\/#organization","name":"Visit Vinkovci","alternateName":"Visitvk","url":"https:\/\/visitvinkovci.com\/de\/","logo":{"@type":"ImageObject","inLanguage":"de","@id":"https:\/\/visitvinkovci.com\/de\/#\/schema\/logo\/image\/","url":"https:\/\/visitvinkovci.com\/wp-content\/uploads\/2022\/01\/Vinkovci_Logo_Central_HR_COLOR.png","contentUrl":"https:\/\/visitvinkovci.com\/wp-content\/uploads\/2022\/01\/Vinkovci_Logo_Central_HR_COLOR.png","width":400,"height":314,"caption":"Visit Vinkovci"},"image":{"@id":"https:\/\/visitvinkovci.com\/de\/#\/schema\/logo\/image\/"},"sameAs":["https:\/\/www.facebook.com\/visitvinkovci\/"]}]}},"_links":{"self":[{"href":"https:\/\/visitvinkovci.com\/de\/wp-json\/wp\/v2\/pages\/8183","targetHints":{"allow":["GET"]}}],"collection":[{"href":"https:\/\/visitvinkovci.com\/de\/wp-json\/wp\/v2\/pages"}],"about":[{"href":"https:\/\/visitvinkovci.com\/de\/wp-json\/wp\/v2\/types\/page"}],"author":[{"embeddable":true,"href":"https:\/\/visitvinkovci.com\/de\/wp-json\/wp\/v2\/users\/1"}],"replies":[{"embeddable":true,"href":"https:\/\/visitvinkovci.com\/de\/wp-json\/wp\/v2\/comments?post=8183"}],"version-history":[{"count":22,"href":"https:\/\/visitvinkovci.com\/de\/wp-json\/wp\/v2\/pages\/8183\/revisions"}],"predecessor-version":[{"id":9445,"href":"https:\/\/visitvinkovci.com\/de\/wp-json\/wp\/v2\/pages\/8183\/revisions\/9445"}],"wp:attachment":[{"href":"https:\/\/visitvinkovci.com\/de\/wp-json\/wp\/v2\/media?parent=8183"}],"curies":[{"name":"wp","href":"https:\/\/api.w.org\/{rel}","templated":true}]}}