{"id":4946,"date":"2022-06-13T11:18:35","date_gmt":"2022-06-13T09:18:35","guid":{"rendered":"https:\/\/visitvinkovci.com\/?page_id=4946"},"modified":"2024-07-24T09:09:11","modified_gmt":"2024-07-24T07:09:11","slug":"hoteli","status":"publish","type":"page","link":"https:\/\/visitvinkovci.com\/de\/smjestaj\/hoteli\/","title":{"rendered":"Hotels"},"content":{"rendered":"<section class=\"l-section wpb_row height_medium full_height valign_center width_full with_img parallax_ver\"><div class=\"l-section-img\" style=\"background-image: url(https:\/\/visitvinkovci.com\/wp-content\/uploads\/2024\/07\/admiral-10-min-scaled.jpg);background-repeat: no-repeat;background-size: auto;\" data-img-width=\"2560\" data-img-height=\"1707\"><\/div><div class=\"l-section-overlay\" style=\"background:rgba(51,51,51,0.40)\"><\/div><div class=\"l-section-h i-cf\"><div class=\"g-cols vc_row via_flex valign_middle type_default\"><div class=\"vc_col-sm-4 wpb_column vc_column_container\"><div class=\"vc_column-inner\"><div class=\"wpb_wrapper\"><\/div><\/div><\/div><div class=\"vc_col-sm-4 wpb_column vc_column_container\"><div class=\"vc_column-inner\"><div class=\"wpb_wrapper\"><div class=\"wpb_text_column us_custom_d44d8758 has_text_color\"><div class=\"wpb_wrapper\"><h1>Hoteli<\/h1>\n<\/div><\/div><\/div><\/div><\/div><div class=\"vc_col-sm-4 wpb_column vc_column_container\"><div class=\"vc_column-inner\"><div class=\"wpb_wrapper\"><\/div><\/div><\/div><\/div><\/div><\/section><section class=\"l-section wpb_row height_medium\"><div class=\"l-section-h i-cf\"><div class=\"g-cols vc_row via_flex valign_top type_default\"><div class=\"vc_col-sm-12 wpb_column vc_column_container\"><div class=\"vc_column-inner\"><div class=\"wpb_wrapper\"><div class=\"w-grid type_grid layout_4948 cols_3 ratio_1x1\" id=\"us_grid_1\" data-filterable=\"true\"><style>#us_grid_1 .w-grid-item{padding:1.5rem}#us_grid_1 .w-grid-list{margin:-1.5rem}.w-grid + #us_grid_1 .w-grid-list,.w-grid-none + #us_grid_1 .w-grid-list{margin-top:1.5rem}@media (max-width:899px){#us_grid_1 .w-grid-item{width:50%}#us_grid_1 .w-grid-item.size_2x1,#us_grid_1 .w-grid-item.size_2x2{width:100%}}@media (max-width:599px){#us_grid_1 .w-grid-list{margin:0}#us_grid_1 .w-grid-item{width:100%;padding:0;margin-bottom:1.5rem}}.layout_4948 .w-grid-item-h:before{padding-bottom:100%}@media (min-width:600px){.layout_4948 .w-grid-item.size_1x2 .w-grid-item-h:before{padding-bottom:calc(200% + 1.5rem + 1.5rem)}.layout_4948 .w-grid-item.size_2x1 .w-grid-item-h:before{padding-bottom:calc(50% - 1.5rem * 1)}.layout_4948 .w-grid-item.size_2x2 .w-grid-item-h:before{padding-bottom:calc(100% - 1.5rem * 0)}}.layout_4948 .w-grid-item-h{}.layout_4948 .usg_post_image_1{transition-duration:0.8s;transform-origin:100% 100%;transform:scale(1) translate(0%,0%)}.layout_4948 .w-grid-item-h:hover .usg_post_image_1{transform:scale(1.3) translate(0%,0%);opacity:0.1}.layout_4948 .usg_post_title_1{transition-duration:0.4s;transform-origin:0% 0%;transform:scale(1) translate(0%,0%)}.layout_4948 .w-grid-item-h:hover .usg_post_title_1{transform:scale(1.1) translate(0%,0%);opacity:1;color:#1a1a1a!important}.layout_4948 .usg_vwrapper_2{transition-duration:0.4s;transform-origin:0% 0%;transform:scale(0.5) translate(0%,-150px);opacity:0}.layout_4948 .w-grid-item-h:hover .usg_vwrapper_2{transform:scale(1) translate(0%,0%);opacity:1}.layout_4948 .usg_html_1{transition-duration:0.4s;transform-origin:0% 0%;transform:scale(0.8) translate(0%,0%)}.layout_4948 .w-grid-item-h:hover .usg_html_1{transform:scale(1) translate(0%,0%);opacity:1}.layout_4948 .usg_post_image_1{position:absolute!important;left:0!important;top:0!important;bottom:0!important;right:0!important;background:#f5f5f5!important}.layout_4948 .usg_vwrapper_1{position:absolute!important;left:0!important;top:0!important;padding:10%!important}.layout_4948 .usg_post_title_1{color:#ffffff!important;font-size:2rem!important;margin-top:-0.3rem!important;margin-bottom:0!important}.layout_4948 .usg_vwrapper_2{position:absolute!important;left:0!important;bottom:0!important;padding:10%!important}.layout_4948 .usg_post_custom_field_1{margin-bottom:0!important}.layout_4948 .usg_html_1{font-size:32px!important;line-height:1!important}.layout_4948 .usg_vwrapper_3{position:absolute!important;left:0!important;top:0!important;bottom:0!important;right:0!important}<\/style><div class=\"w-grid-list\">\t<article class=\"w-grid-item size_1x1 post-4955 accommodation type-accommodation status-publish has-post-thumbnail hentry accommodation_type-hotel\" data-id=\"4955\">\r\n\t\t<div class=\"w-grid-item-h\">\r\n\t\t\t\t\t\t\t<a class=\"w-grid-item-anchor\" href=\"https:\/\/visitvinkovci.com\/de\/accommodation\/hotel-admiral\/\" rel=\"bookmark\" aria-label=\"Hotel Admiral\"><\/a>\r\n\t\t\t\t\t\t<div class=\"w-post-elm post_image usg_post_image_1 pa_background stretched\"><img loading=\"lazy\" decoding=\"async\" width=\"1024\" height=\"683\" src=\"https:\/\/visitvinkovci.com\/wp-content\/uploads\/2022\/06\/admiral-17-1-1024x683.jpg\" class=\"attachment-large size-large wp-post-image\" alt=\"\" srcset=\"https:\/\/visitvinkovci.com\/wp-content\/uploads\/2022\/06\/admiral-17-1-1024x683.jpg 1024w, https:\/\/visitvinkovci.com\/wp-content\/uploads\/2022\/06\/admiral-17-1-300x200.jpg 300w, https:\/\/visitvinkovci.com\/wp-content\/uploads\/2022\/06\/admiral-17-1.jpg 1753w\" sizes=\"auto, (max-width: 1024px) 100vw, 1024px\" \/><\/div><div class=\"w-vwrapper usg_vwrapper_1 align_none valign_top\"><h2 class=\"w-post-elm post_title usg_post_title_1 entry-title color_link_inherit\">Hotel Admiral<\/h2><div class=\"w-html usg_html_1\"><span style='color:#F6C507'>&#9733;<\/span><span style='color:#F6C507'>&#9733;<\/span><span style='color:#F6C507'>&#9733;<\/span><\/div><\/div><div class=\"w-vwrapper usg_vwrapper_2 align_none valign_top\"><div class=\"w-post-elm post_custom_field usg_post_custom_field_1 type_text\"><span class=\"w-post-elm-value\">Bana Jela\u010di\u0107a 6<\/span><\/div><div class=\"w-post-elm post_custom_field usg_post_custom_field_2 type_text\"><span class=\"w-post-elm-value\">0913322254<\/span><\/div><\/div><div class=\"w-vwrapper usg_vwrapper_3 align_right valign_bottom\"><div class=\"w-html usg_html_2\"><\/div><\/div>\t\t<\/div>\r\n\t<\/article>\r\n\t<article class=\"w-grid-item size_1x1 post-5035 accommodation type-accommodation status-publish has-post-thumbnail hentry accommodation_type-hotel\" data-id=\"5035\">\r\n\t\t<div class=\"w-grid-item-h\">\r\n\t\t\t\t\t\t\t<a class=\"w-grid-item-anchor\" href=\"https:\/\/visitvinkovci.com\/de\/accommodation\/gem\/\" rel=\"bookmark\" aria-label=\"Hotel Gem\"><\/a>\r\n\t\t\t\t\t\t<div class=\"w-post-elm post_image usg_post_image_1 pa_background stretched\"><img loading=\"lazy\" decoding=\"async\" width=\"1024\" height=\"683\" src=\"https:\/\/visitvinkovci.com\/wp-content\/uploads\/2022\/06\/hotel_gem-1024x683.jpg\" class=\"attachment-large size-large wp-post-image\" alt=\"\" srcset=\"https:\/\/visitvinkovci.com\/wp-content\/uploads\/2022\/06\/hotel_gem-1024x683.jpg 1024w, https:\/\/visitvinkovci.com\/wp-content\/uploads\/2022\/06\/hotel_gem-300x200.jpg 300w, https:\/\/visitvinkovci.com\/wp-content\/uploads\/2022\/06\/hotel_gem-18x12.jpg 18w, https:\/\/visitvinkovci.com\/wp-content\/uploads\/2022\/06\/hotel_gem.jpg 1687w\" sizes=\"auto, (max-width: 1024px) 100vw, 1024px\" \/><\/div><div class=\"w-vwrapper usg_vwrapper_1 align_none valign_top\"><h2 class=\"w-post-elm post_title usg_post_title_1 entry-title color_link_inherit\">Hotel Gem<\/h2><div class=\"w-html usg_html_1\"><span style='color:#F6C507'>&#9733;<\/span><span style='color:#F6C507'>&#9733;<\/span><span style='color:#F6C507'>&#9733;<\/span><\/div><\/div><div class=\"w-vwrapper usg_vwrapper_2 align_none valign_top\"><div class=\"w-post-elm post_custom_field usg_post_custom_field_1 type_text\"><span class=\"w-post-elm-value\">Kralja Zvonimira 120<\/span><\/div><div class=\"w-post-elm post_custom_field usg_post_custom_field_2 type_text\"><span class=\"w-post-elm-value\">032367911<\/span><\/div><\/div><div class=\"w-vwrapper usg_vwrapper_3 align_right valign_bottom\"><div class=\"w-html usg_html_2\"><\/div><\/div>\t\t<\/div>\r\n\t<\/article>\r\n\t<article class=\"w-grid-item size_1x1 post-5036 accommodation type-accommodation status-publish has-post-thumbnail hentry accommodation_type-hotel\" data-id=\"5036\">\r\n\t\t<div class=\"w-grid-item-h\">\r\n\t\t\t\t\t\t\t<a class=\"w-grid-item-anchor\" href=\"https:\/\/visitvinkovci.com\/de\/accommodation\/slavonija\/\" rel=\"bookmark\" aria-label=\"Hotel Slavonija\"><\/a>\r\n\t\t\t\t\t\t<div class=\"w-post-elm post_image usg_post_image_1 pa_background stretched\"><img loading=\"lazy\" decoding=\"async\" width=\"1024\" height=\"517\" src=\"https:\/\/visitvinkovci.com\/wp-content\/uploads\/2026\/03\/Hotel-Slavonija-1024x517.jpg\" class=\"attachment-large size-large wp-post-image\" alt=\"\" srcset=\"https:\/\/visitvinkovci.com\/wp-content\/uploads\/2026\/03\/Hotel-Slavonija-1024x517.jpg 1024w, https:\/\/visitvinkovci.com\/wp-content\/uploads\/2026\/03\/Hotel-Slavonija-300x151.jpg 300w, https:\/\/visitvinkovci.com\/wp-content\/uploads\/2026\/03\/Hotel-Slavonija-18x9.jpg 18w, https:\/\/visitvinkovci.com\/wp-content\/uploads\/2026\/03\/Hotel-Slavonija.jpg 1690w\" sizes=\"auto, (max-width: 1024px) 100vw, 1024px\" \/><\/div><div class=\"w-vwrapper usg_vwrapper_1 align_none valign_top\"><h2 class=\"w-post-elm post_title usg_post_title_1 entry-title color_link_inherit\">Hotel Slavonija<\/h2><div class=\"w-html usg_html_1\"><\/div><\/div><div class=\"w-vwrapper usg_vwrapper_2 align_none valign_top\"><div class=\"w-post-elm post_custom_field usg_post_custom_field_1 type_text\"><span class=\"w-post-elm-value\">Duga ulica 1<\/span><\/div><div class=\"w-post-elm post_custom_field usg_post_custom_field_2 type_text\"><span class=\"w-post-elm-value\">032342555<\/span><\/div><\/div><div class=\"w-vwrapper usg_vwrapper_3 align_right valign_bottom\"><div class=\"w-html usg_html_2\"><\/div><\/div>\t\t<\/div>\r\n\t<\/article>\r\n<\/div><div class=\"w-grid-preloader\"><div class=\"g-preloader type_1\">\r\n\t<div><\/div>\r\n<\/div>\r\n<\/div>\t<div class=\"w-grid-json hidden\" onclick='return {&quot;action&quot;:&quot;us_ajax_grid&quot;,&quot;ajax_url&quot;:&quot;https:\\\/\\\/visitvinkovci.com\\\/wp-admin\\\/admin-ajax.php&quot;,&quot;infinite_scroll&quot;:0,&quot;max_num_pages&quot;:1,&quot;pagination&quot;:&quot;none&quot;,&quot;permalink_url&quot;:&quot;https:\\\/\\\/visitvinkovci.com\\\/de\\\/wp-json\\\/wp\\\/v2\\\/pages\\\/4946&quot;,&quot;template_vars&quot;:{&quot;columns&quot;:&quot;3&quot;,&quot;exclude_items&quot;:&quot;none&quot;,&quot;img_size&quot;:&quot;default&quot;,&quot;ignore_items_size&quot;:false,&quot;items_layout&quot;:&quot;4948&quot;,&quot;items_offset&quot;:&quot;1&quot;,&quot;load_animation&quot;:&quot;none&quot;,&quot;overriding_link&quot;:&quot;post&quot;,&quot;post_id&quot;:4946,&quot;query_args&quot;:{&quot;post_type&quot;:[&quot;accommodation&quot;],&quot;tax_query&quot;:[{&quot;taxonomy&quot;:&quot;accommodation_type&quot;,&quot;field&quot;:&quot;slug&quot;,&quot;terms&quot;:[&quot;hotel&quot;]}],&quot;post_status&quot;:[&quot;publish&quot;,&quot;acf-disabled&quot;,&quot;tribe-ea-success&quot;,&quot;tribe-ea-failed&quot;,&quot;tribe-ea-schedule&quot;,&quot;tribe-ea-pending&quot;,&quot;tribe-ea-draft&quot;],&quot;posts_per_page&quot;:999},&quot;orderby_query_args&quot;:{&quot;meta_query&quot;:{&quot;_orderby_custom_&quot;:{&quot;relation&quot;:&quot;OR&quot;,&quot;0&quot;:{&quot;compare&quot;:&quot;EXISTS&quot;,&quot;key&quot;:&quot;h-stars&quot;,&quot;type&quot;:&quot;SIGNED&quot;},&quot;1&quot;:{&quot;compare&quot;:&quot;NOT EXISTS&quot;,&quot;key&quot;:&quot;h-stars&quot;,&quot;type&quot;:&quot;SIGNED&quot;}}},&quot;orderby&quot;:&quot;h-stars&quot;,&quot;order&quot;:&quot;DESC&quot;},&quot;type&quot;:&quot;grid&quot;,&quot;us_grid_ajax_index&quot;:1,&quot;us_grid_filter_params&quot;:null,&quot;us_grid_index&quot;:1,&quot;_us_grid_post_type&quot;:&quot;accommodation&quot;}}'><\/div>\r\n\t<\/div><\/div><\/div><\/div><\/div><\/div><\/section>\n","protected":false},"excerpt":{"rendered":"","protected":false},"author":1,"featured_media":0,"parent":4008,"menu_order":0,"comment_status":"closed","ping_status":"closed","template":"","meta":{"footnotes":""},"class_list":["post-4946","page","type-page","status-publish","hentry"],"acf":[],"yoast_head":"<!-- This site is optimized with the Yoast SEO plugin v27.3 - https:\/\/yoast.com\/product\/yoast-seo-wordpress\/ -->\n<title>Visit Vinkovci<\/title>\n<meta name=\"description\" content=\"Turisti\u010dka zajednica grada Vinkovaca je organizacija koja djeluje po na\u010delu destinacijskog menad\u017ementa, a osnovana je radi promicanja i razvoja turizma Republike Hrvatske i gospodarskih interesa pravnih i fizi\u010dkih osoba koje pru\u017eaju ugostiteljske usluge i usluge u turizmu ili obavljaju drugu djelatnost neposredno povezanu s turizmom na na\u010din da upravljaju destinacijom na razini grada Vinkovaca.\" \/>\n<meta name=\"robots\" content=\"index, follow, max-snippet:-1, max-image-preview:large, max-video-preview:-1\" \/>\n<link rel=\"canonical\" href=\"https:\/\/visitvinkovci.com\/de\/smjestaj\/hoteli\/\" \/>\n<meta property=\"og:locale\" content=\"de_DE\" \/>\n<meta property=\"og:type\" content=\"article\" \/>\n<meta property=\"og:title\" content=\"Visit Vinkovci\" \/>\n<meta property=\"og:description\" content=\"Turisti\u010dka zajednica grada Vinkovaca je organizacija koja djeluje po na\u010delu destinacijskog menad\u017ementa, a osnovana je radi promicanja i razvoja turizma Republike Hrvatske i gospodarskih interesa pravnih i fizi\u010dkih osoba koje pru\u017eaju ugostiteljske usluge i usluge u turizmu ili obavljaju drugu djelatnost neposredno povezanu s turizmom na na\u010din da upravljaju destinacijom na razini grada Vinkovaca.\" \/>\n<meta property=\"og:url\" content=\"https:\/\/visitvinkovci.com\/de\/smjestaj\/hoteli\/\" \/>\n<meta property=\"og:site_name\" content=\"Visit Vinkovci\" \/>\n<meta property=\"article:publisher\" content=\"https:\/\/www.facebook.com\/visitvinkovci\/\" \/>\n<meta property=\"article:modified_time\" content=\"2024-07-24T07:09:11+00:00\" \/>\n<meta property=\"og:image\" content=\"https:\/\/visitvinkovci.com\/wp-content\/uploads\/2022\/01\/Vinkovci_Logo_Central_HR_COLOR.png\" \/>\n\t<meta property=\"og:image:width\" content=\"400\" \/>\n\t<meta property=\"og:image:height\" content=\"314\" \/>\n\t<meta property=\"og:image:type\" content=\"image\/png\" \/>\n<meta name=\"twitter:card\" content=\"summary_large_image\" \/>\n<meta name=\"twitter:label1\" content=\"Gesch\u00e4tzte Lesezeit\" \/>\n\t<meta name=\"twitter:data1\" content=\"1\u00a0Minute\" \/>\n<script type=\"application\/ld+json\" class=\"yoast-schema-graph\">{\"@context\":\"https:\\\/\\\/schema.org\",\"@graph\":[{\"@type\":\"WebPage\",\"@id\":\"https:\\\/\\\/visitvinkovci.com\\\/smjestaj\\\/hoteli\\\/\",\"url\":\"https:\\\/\\\/visitvinkovci.com\\\/smjestaj\\\/hoteli\\\/\",\"name\":\"Visit Vinkovci\",\"isPartOf\":{\"@id\":\"https:\\\/\\\/visitvinkovci.com\\\/de\\\/#website\"},\"datePublished\":\"2022-06-13T09:18:35+00:00\",\"dateModified\":\"2024-07-24T07:09:11+00:00\",\"description\":\"Turisti\u010dka zajednica grada Vinkovaca je organizacija koja djeluje po na\u010delu destinacijskog menad\u017ementa, a osnovana je radi promicanja i razvoja turizma Republike Hrvatske i gospodarskih interesa pravnih i fizi\u010dkih osoba koje pru\u017eaju ugostiteljske usluge i usluge u turizmu ili obavljaju drugu djelatnost neposredno povezanu s turizmom na na\u010din da upravljaju destinacijom na razini grada Vinkovaca.\",\"breadcrumb\":{\"@id\":\"https:\\\/\\\/visitvinkovci.com\\\/smjestaj\\\/hoteli\\\/#breadcrumb\"},\"inLanguage\":\"de\",\"potentialAction\":[{\"@type\":\"ReadAction\",\"target\":[\"https:\\\/\\\/visitvinkovci.com\\\/smjestaj\\\/hoteli\\\/\"]}]},{\"@type\":\"BreadcrumbList\",\"@id\":\"https:\\\/\\\/visitvinkovci.com\\\/smjestaj\\\/hoteli\\\/#breadcrumb\",\"itemListElement\":[{\"@type\":\"ListItem\",\"position\":1,\"name\":\"Home\",\"item\":\"https:\\\/\\\/visitvinkovci.com\\\/\"},{\"@type\":\"ListItem\",\"position\":2,\"name\":\"Smje\u0161taj\",\"item\":\"https:\\\/\\\/visitvinkovci.com\\\/smjestaj\\\/\"},{\"@type\":\"ListItem\",\"position\":3,\"name\":\"Hoteli\"}]},{\"@type\":\"WebSite\",\"@id\":\"https:\\\/\\\/visitvinkovci.com\\\/de\\\/#website\",\"url\":\"https:\\\/\\\/visitvinkovci.com\\\/de\\\/\",\"name\":\"Visit Vinkovci\",\"description\":\"\",\"publisher\":{\"@id\":\"https:\\\/\\\/visitvinkovci.com\\\/de\\\/#organization\"},\"alternateName\":\"VisitVk\",\"potentialAction\":[{\"@type\":\"SearchAction\",\"target\":{\"@type\":\"EntryPoint\",\"urlTemplate\":\"https:\\\/\\\/visitvinkovci.com\\\/de\\\/?s={search_term_string}\"},\"query-input\":{\"@type\":\"PropertyValueSpecification\",\"valueRequired\":true,\"valueName\":\"search_term_string\"}}],\"inLanguage\":\"de\"},{\"@type\":\"Organization\",\"@id\":\"https:\\\/\\\/visitvinkovci.com\\\/de\\\/#organization\",\"name\":\"Visit Vinkovci\",\"alternateName\":\"Visitvk\",\"url\":\"https:\\\/\\\/visitvinkovci.com\\\/de\\\/\",\"logo\":{\"@type\":\"ImageObject\",\"inLanguage\":\"de\",\"@id\":\"https:\\\/\\\/visitvinkovci.com\\\/de\\\/#\\\/schema\\\/logo\\\/image\\\/\",\"url\":\"https:\\\/\\\/visitvinkovci.com\\\/wp-content\\\/uploads\\\/2022\\\/01\\\/Vinkovci_Logo_Central_HR_COLOR.png\",\"contentUrl\":\"https:\\\/\\\/visitvinkovci.com\\\/wp-content\\\/uploads\\\/2022\\\/01\\\/Vinkovci_Logo_Central_HR_COLOR.png\",\"width\":400,\"height\":314,\"caption\":\"Visit Vinkovci\"},\"image\":{\"@id\":\"https:\\\/\\\/visitvinkovci.com\\\/de\\\/#\\\/schema\\\/logo\\\/image\\\/\"},\"sameAs\":[\"https:\\\/\\\/www.facebook.com\\\/visitvinkovci\\\/\"]}]}<\/script>\n<!-- \/ Yoast SEO plugin. -->","yoast_head_json":{"title":"Visit Vinkovci","description":"Der Tourismusverband der Stadt Vinkovci ist eine Organisation, die nach dem Prinzip des Destinationsmanagements arbeitet. Er wurde gegr\u00fcndet, um den Tourismus in der Republik Kroatien und die wirtschaftlichen Interessen von juristischen und nat\u00fcrlichen Personen, die Gastgewerbe- und Tourismusdienstleistungen erbringen oder andere Aktivit\u00e4ten aus\u00fcben, die in direktem Zusammenhang mit dem Tourismus stehen, so dass sie das die Destination auf der Stadtebene verwalten zu f\u00f6rdern und entwickeln.","robots":{"index":"index","follow":"follow","max-snippet":"max-snippet:-1","max-image-preview":"max-image-preview:large","max-video-preview":"max-video-preview:-1"},"canonical":"https:\/\/visitvinkovci.com\/de\/smjestaj\/hoteli\/","og_locale":"de_DE","og_type":"article","og_title":"Visit Vinkovci","og_description":"Turisti\u010dka zajednica grada Vinkovaca je organizacija koja djeluje po na\u010delu destinacijskog menad\u017ementa, a osnovana je radi promicanja i razvoja turizma Republike Hrvatske i gospodarskih interesa pravnih i fizi\u010dkih osoba koje pru\u017eaju ugostiteljske usluge i usluge u turizmu ili obavljaju drugu djelatnost neposredno povezanu s turizmom na na\u010din da upravljaju destinacijom na razini grada Vinkovaca.","og_url":"https:\/\/visitvinkovci.com\/de\/smjestaj\/hoteli\/","og_site_name":"Visit Vinkovci","article_publisher":"https:\/\/www.facebook.com\/visitvinkovci\/","article_modified_time":"2024-07-24T07:09:11+00:00","og_image":[{"width":400,"height":314,"url":"https:\/\/visitvinkovci.com\/wp-content\/uploads\/2022\/01\/Vinkovci_Logo_Central_HR_COLOR.png","type":"image\/png"}],"twitter_card":"summary_large_image","twitter_misc":{"Gesch\u00e4tzte Lesezeit":"1\u00a0Minute"},"schema":{"@context":"https:\/\/schema.org","@graph":[{"@type":"WebPage","@id":"https:\/\/visitvinkovci.com\/smjestaj\/hoteli\/","url":"https:\/\/visitvinkovci.com\/smjestaj\/hoteli\/","name":"Visit Vinkovci","isPartOf":{"@id":"https:\/\/visitvinkovci.com\/de\/#website"},"datePublished":"2022-06-13T09:18:35+00:00","dateModified":"2024-07-24T07:09:11+00:00","description":"Der Tourismusverband der Stadt Vinkovci ist eine Organisation, die nach dem Prinzip des Destinationsmanagements arbeitet. Er wurde gegr\u00fcndet, um den Tourismus in der Republik Kroatien und die wirtschaftlichen Interessen von juristischen und nat\u00fcrlichen Personen, die Gastgewerbe- und Tourismusdienstleistungen erbringen oder andere Aktivit\u00e4ten aus\u00fcben, die in direktem Zusammenhang mit dem Tourismus stehen, so dass sie das die Destination auf der Stadtebene verwalten zu f\u00f6rdern und entwickeln.","breadcrumb":{"@id":"https:\/\/visitvinkovci.com\/smjestaj\/hoteli\/#breadcrumb"},"inLanguage":"de","potentialAction":[{"@type":"ReadAction","target":["https:\/\/visitvinkovci.com\/smjestaj\/hoteli\/"]}]},{"@type":"BreadcrumbList","@id":"https:\/\/visitvinkovci.com\/smjestaj\/hoteli\/#breadcrumb","itemListElement":[{"@type":"ListItem","position":1,"name":"Home","item":"https:\/\/visitvinkovci.com\/"},{"@type":"ListItem","position":2,"name":"Smje\u0161taj","item":"https:\/\/visitvinkovci.com\/smjestaj\/"},{"@type":"ListItem","position":3,"name":"Hoteli"}]},{"@type":"WebSite","@id":"https:\/\/visitvinkovci.com\/de\/#website","url":"https:\/\/visitvinkovci.com\/de\/","name":"Visit Vinkovci","description":"","publisher":{"@id":"https:\/\/visitvinkovci.com\/de\/#organization"},"alternateName":"VisitVk","potentialAction":[{"@type":"SearchAction","target":{"@type":"EntryPoint","urlTemplate":"https:\/\/visitvinkovci.com\/de\/?s={search_term_string}"},"query-input":{"@type":"PropertyValueSpecification","valueRequired":true,"valueName":"search_term_string"}}],"inLanguage":"de"},{"@type":"Organization","@id":"https:\/\/visitvinkovci.com\/de\/#organization","name":"Visit Vinkovci","alternateName":"Visitvk","url":"https:\/\/visitvinkovci.com\/de\/","logo":{"@type":"ImageObject","inLanguage":"de","@id":"https:\/\/visitvinkovci.com\/de\/#\/schema\/logo\/image\/","url":"https:\/\/visitvinkovci.com\/wp-content\/uploads\/2022\/01\/Vinkovci_Logo_Central_HR_COLOR.png","contentUrl":"https:\/\/visitvinkovci.com\/wp-content\/uploads\/2022\/01\/Vinkovci_Logo_Central_HR_COLOR.png","width":400,"height":314,"caption":"Visit Vinkovci"},"image":{"@id":"https:\/\/visitvinkovci.com\/de\/#\/schema\/logo\/image\/"},"sameAs":["https:\/\/www.facebook.com\/visitvinkovci\/"]}]}},"_links":{"self":[{"href":"https:\/\/visitvinkovci.com\/de\/wp-json\/wp\/v2\/pages\/4946","targetHints":{"allow":["GET"]}}],"collection":[{"href":"https:\/\/visitvinkovci.com\/de\/wp-json\/wp\/v2\/pages"}],"about":[{"href":"https:\/\/visitvinkovci.com\/de\/wp-json\/wp\/v2\/types\/page"}],"author":[{"embeddable":true,"href":"https:\/\/visitvinkovci.com\/de\/wp-json\/wp\/v2\/users\/1"}],"replies":[{"embeddable":true,"href":"https:\/\/visitvinkovci.com\/de\/wp-json\/wp\/v2\/comments?post=4946"}],"version-history":[{"count":11,"href":"https:\/\/visitvinkovci.com\/de\/wp-json\/wp\/v2\/pages\/4946\/revisions"}],"predecessor-version":[{"id":8830,"href":"https:\/\/visitvinkovci.com\/de\/wp-json\/wp\/v2\/pages\/4946\/revisions\/8830"}],"up":[{"embeddable":true,"href":"https:\/\/visitvinkovci.com\/de\/wp-json\/wp\/v2\/pages\/4008"}],"wp:attachment":[{"href":"https:\/\/visitvinkovci.com\/de\/wp-json\/wp\/v2\/media?parent=4946"}],"curies":[{"name":"wp","href":"https:\/\/api.w.org\/{rel}","templated":true}]}}