{"id":4616,"date":"2022-06-02T11:05:04","date_gmt":"2022-06-02T09:05:04","guid":{"rendered":"https:\/\/visitvinkovci.com\/?page_id=4616"},"modified":"2026-01-07T12:51:33","modified_gmt":"2026-01-07T11:51:33","slug":"pravo-na-pristup-informacijama","status":"publish","type":"page","link":"https:\/\/visitvinkovci.com\/de\/pravo-na-pristup-informacijama\/","title":{"rendered":"Das Recht auf Zugang zu Informationen"},"content":{"rendered":"<section class=\"l-section wpb_row height_large width_full\"><div class=\"l-section-overlay\" style=\"background:rgba(26,26,26,0.40)\"><\/div><div class=\"l-section-h i-cf\"><div class=\"g-cols vc_row via_flex valign_middle type_default\"><div class=\"vc_col-sm-12 wpb_column vc_column_container\"><div class=\"vc_column-inner\"><div class=\"wpb_wrapper\"><h1 class=\"w-post-elm post_title us_custom_836f727b has_text_color align_center entry-title color_link_inherit\">Das Recht auf Zugang zu Informationen<\/h1><\/div><\/div><\/div><\/div><\/div><\/section>\n<section class=\"l-section wpb_row height_medium\"><div class=\"l-section-h i-cf\"><div class=\"g-cols vc_row via_flex valign_top type_default\"><div class=\"vc_col-sm-12 wpb_column vc_column_container\"><div class=\"vc_column-inner\"><div class=\"wpb_wrapper\"><div class=\"wpb_text_column\"><div class=\"wpb_wrapper\"><p>Das Recht auf Zugang zu Informationen ist ein grundlegendes Menschenrecht, das durch die Verfassung der Republik Kroatien, die Europ\u00e4ische Konvention zum Schutze der Menschenrechte und Grundfreiheiten, das \u00dcbereinkommen \u00fcber den Zugang zu Informationen, internationale Vertr\u00e4ge und das Gesetz \u00fcber das Recht auf Zugang zu Informationen gesch\u00fctzt wird (Amtsblatt,\u00a0<a href=\"http:\/\/narodne-novine.nn.hr\/clanci\/sluzbeni\/2013_02_25_403.html\" target=\"_blank\" rel=\"noopener\">Nummer 25\/13<\/a>.).<\/p>\n<p>Das Ziel des Gesetzes \u00fcber das Recht auf Zugang zu Informationen ist es, die Verwirklichung des durch die Verfassung der Republik Kroatien garantierten Rechts auf Zugang zu Informationen sowie die Wiederverwendung von Informationen durch nat\u00fcrliche und juristische Personen durch die Offenheit und \u00d6ffentlichkeit der T\u00e4tigkeiten der Beh\u00f6rden zu erm\u00f6glichen und sicherzustellen.<\/p>\n<p>Das Recht auf Zugang zu Informationen beruht auf den Grunds\u00e4tzen der Publizit\u00e4t, des freien Zugangs mit gesetzlich vorgeschriebenen Einschr\u00e4nkungen, der Grunds\u00e4tze der Aktualit\u00e4t, Vollst\u00e4ndigkeit und Richtigkeit der Informationen, des Gleichheitsgrundsatzes und des Grundsatzes der Informationsver\u00e4u\u00dferung.<\/p>\n<p>Das Gesetz \u00fcber das Recht auf Zugang zu Informationen gibt allen in- und ausl\u00e4ndischen nat\u00fcrlichen und juristischen Personen in gleicher Weise und unter den gleichen Bedingungen das Recht auf Zugang zu Informationen. Das Gesetz verpflichtet Beh\u00f6rden, vollst\u00e4ndige und genaue Informationen auf ihren Websites zu ver\u00f6ffentlichen. Die Beh\u00f6rden m\u00fcssen alle Informationen, \u00fcber die sie verf\u00fcgen, zur Verf\u00fcgung stellen und sind verpflichtet, Zugang zu den Informationen zu gew\u00e4hren.<\/p>\n<p>Das Recht auf Zugang zu Informationen wird ausge\u00fcbt, indem ein Antrag bei einer Beh\u00f6rde gestellt wird. Die Beh\u00f6rde entscheidet \u00fcber den Antrag auf Zugang zu Informationen sp\u00e4testens 15 Tage nach dem Datum der Einreichung des ordnungsgem\u00e4\u00dfen Antrags.<\/p>\n<p>Jeder Benutzer hat das Recht, Informationen f\u00fcr kommerzielle oder nichtkommerzielle Zwecke gem\u00e4\u00df den Bestimmungen dieses Gesetzes wiederzuverwenden.<\/p>\n<p>F\u00fcr den Zweck der Wiederverwendung von Informationen stellt die Beh\u00f6rde ihre Informationen in elektronischer Form zur Verf\u00fcgung, wann immer dies m\u00f6glich und angemessen ist. Die Beh\u00f6rde ist nicht verpflichtet, die Umwandlung von Informationen von einer Form in eine andere zu gew\u00e4hrleisten oder die Verwendung eines Teils der Informationen zu gew\u00e4hrleisten, und ist nicht verpflichtet, bestimmte Informationen nur zum Zweck der Wiederverwendung zu erneuern (zu aktualisieren, zu erneuern, weiter zu erstellen).<\/p>\n<p>Gegen die Entscheidung \u00fcber die Ablehnung des Antrags auf Zugang zu Informationen und Wiederverwendung kann der Antragsteller beim Informationsbeauftragten Berufung einlegen, und gegen die Entscheidung des Informationsbeauftragten kann eine Klage beim Obersten Verwaltungsgericht der Republik Kroatien eingereicht werden.<\/p>\n<p>Das Recht auf Zugang zu Informationen, die Eigentum des Tourismusverbandes Vinkovci sind, von ihm verwaltet oder kontrolliert werden, wird durch das Gesetz \u00fcber das Recht auf Zugang zu Informationen (<a href=\"http:\/\/narodne-novine.nn.hr\/clanci\/sluzbeni\/2013_02_25_403.html\" target=\"_blank\" rel=\"noopener\">Amtsblatt 25\/13<\/a>) geregelt. Kriterien f\u00fcr die Bestimmung der H\u00f6he des Ausgleichs f\u00fcr die tats\u00e4chlichen Materialkosten und die Informationskosten (<a href=\"http:\/\/narodne-novine.nn.hr\/clanci\/sluzbeni\/2014_01_12_231.html\" target=\"_blank\" rel=\"noopener\">Amtsblatt 12\/14<\/a>mit Korrektur im<a href=\"http:\/\/narodne-novine.nn.hr\/clanci\/sluzbeni\/2014_02_15_316.html\" target=\"_blank\" rel=\"noopener\">Amtsblatt 15\/14<\/a>).<\/p>\n<p>Das Gesetz schreibt auch die Grunds\u00e4tze des Rechts auf Zugang, Ausnahmen vom Recht auf Zugang und das Verfahren zur Aus\u00fcbung und zum Schutz des Rechts auf Zugang zu Informationen vor. Das Ziel des Gesetzes ist es, Informationen f\u00fcr nat\u00fcrliche und juristische Personen durch die Offenheit und \u00d6ffentlichkeit der T\u00e4tigkeit von Beh\u00f6rden gem\u00e4\u00df dem Gesetz zu erm\u00f6glichen und bereitzustellen.<\/p>\n<p>Das Recht auf Zugang und Wiederverwendung von Informationen wird ausge\u00fcbt, indem ein Antrag an den Tourismusverband der Stadt Vinkovci gestellt wird. Das Antragsformular f\u00fcr den Zugang zu Informationen kann an folgende Adresse gesendet werden: Turisti\u010dka zajednica grada Vinkovaca, Trg bana Josipa \u0160ok\u010devi\u0107a 4, 32100 Vinkovci oder an:<\/p>\n<ul>\n<li>Faxnummer: 032\/334-653<\/li>\n<li>per E-Mail an den Informationsbeauftragten:\u00a0<a href=\"mailto:info@visitvinkovci.com\">info@visitvinkovci.com<\/a><\/li>\n<li>pers\u00f6nlich an den Direktor des Tourismusverbandes Vinkovci, werktags von 8:00 bis 16:00 Uhr. Bei der Einreichung des Antrags ist es nicht notwendig, eine zus\u00e4tzliche Geb\u00fchr mit dem Formular zu zahlen.<\/li>\n<\/ul>\n<p>Sie k\u00f6nnen die Antragsformulare f\u00fcr den Zugang zu Informationen sowie das Gesetz \u00fcber die Erteilung von Informationen an\u00a0<a href=\"http:\/\/www.azop.hr\/\" target=\"_blank\" rel=\"noopener\">www.azop.hr herunterladen.<\/a><\/p>\n<p><strong>Bescheid \u00fcber die Ernennung eines Informationsbeauftragten (<a href=\"https:\/\/visitvinkovci.com\/wp-content\/uploads\/2022\/06\/Odluka_o_sluzbeniku_za_informiranje.pdf\" target=\"_blank\" rel=\"noopener\">.PDF<\/a>)<\/strong><\/p>\n<p>Izvje\u0161\u0107a o provedbi Zakona o pravu na pristup informacijama\u00a0<a href=\"https:\/\/visitvinkovci.com\/de\/dokumenti\/\" target=\"_blank\" rel=\"noopener\">https:\/\/visitvinkovci.com\/dokumenti\/<\/a><\/p>\n<p><strong>Informationsbeauftragter<\/strong><br \/>\nMartina Matkovi\u0107, dipl.oec.<br \/>\nDirektorin des Tourismusverbandes<br \/>\ntel: 032\/334 653<br \/>\ne-mail: <a class=\"moz-txt-link-freetext\" href=\"mailto:info@visitvinkovci.com\">info@visitvinkovci.com<\/a><\/p>\n<\/div><\/div><\/div><\/div><\/div><\/div><\/div><\/section>","protected":false},"excerpt":{"rendered":"Pravo na pristup informacijama Pravo na pristup informacijama je temeljno ljudsko pravo koje se \u0161titi Ustavom Republike Hrvatske, Europskom konvencijom o ljudskim pravima i slobodama, Konvencijom o pristupu informacijama, me\u0111unarodnim...","protected":false},"author":1,"featured_media":5264,"parent":0,"menu_order":0,"comment_status":"closed","ping_status":"closed","template":"","meta":{"footnotes":""},"class_list":["post-4616","page","type-page","status-publish","has-post-thumbnail","hentry"],"acf":[],"yoast_head":"<!-- This site is optimized with the Yoast SEO plugin v27.6 - https:\/\/yoast.com\/product\/yoast-seo-wordpress\/ -->\n<title>Pravo na pristup informacijama - Visit Vinkovci<\/title>\n<meta name=\"description\" content=\"Turisti\u010dka zajednica grada Vinkovaca je organizacija koja djeluje po na\u010delu destinacijskog menad\u017ementa, a osnovana je radi promicanja i razvoja turizma Republike Hrvatske i gospodarskih interesa pravnih i fizi\u010dkih osoba koje pru\u017eaju ugostiteljske usluge i usluge u turizmu ili obavljaju drugu djelatnost neposredno povezanu s turizmom na na\u010din da upravljaju destinacijom na razini grada Vinkovaca.\" \/>\n<meta name=\"robots\" content=\"index, follow, max-snippet:-1, max-image-preview:large, max-video-preview:-1\" \/>\n<link rel=\"canonical\" href=\"https:\/\/visitvinkovci.com\/de\/pravo-na-pristup-informacijama\/\" \/>\n<meta property=\"og:locale\" content=\"de_DE\" \/>\n<meta property=\"og:type\" content=\"article\" \/>\n<meta property=\"og:title\" content=\"Pravo na pristup informacijama - Visit Vinkovci\" \/>\n<meta property=\"og:description\" content=\"Turisti\u010dka zajednica grada Vinkovaca je organizacija koja djeluje po na\u010delu destinacijskog menad\u017ementa, a osnovana je radi promicanja i razvoja turizma Republike Hrvatske i gospodarskih interesa pravnih i fizi\u010dkih osoba koje pru\u017eaju ugostiteljske usluge i usluge u turizmu ili obavljaju drugu djelatnost neposredno povezanu s turizmom na na\u010din da upravljaju destinacijom na razini grada Vinkovaca.\" \/>\n<meta property=\"og:url\" content=\"https:\/\/visitvinkovci.com\/de\/pravo-na-pristup-informacijama\/\" \/>\n<meta property=\"og:site_name\" content=\"Visit Vinkovci\" \/>\n<meta property=\"article:publisher\" content=\"https:\/\/www.facebook.com\/visitvinkovci\/\" \/>\n<meta property=\"article:modified_time\" content=\"2026-01-07T11:51:33+00:00\" \/>\n<meta property=\"og:image\" content=\"https:\/\/visitvinkovci.com\/wp-content\/uploads\/2022\/06\/o-namadokumentiGDPR-digitalna-pristupacnostpravo-na-pristup-info-1.jpg\" \/>\n\t<meta property=\"og:image:width\" content=\"2000\" \/>\n\t<meta property=\"og:image:height\" content=\"1600\" \/>\n\t<meta property=\"og:image:type\" content=\"image\/jpeg\" \/>\n<meta name=\"twitter:card\" content=\"summary_large_image\" \/>\n<meta name=\"twitter:label1\" content=\"Gesch\u00e4tzte Lesezeit\" \/>\n\t<meta name=\"twitter:data1\" content=\"3\u00a0Minuten\" \/>\n<script type=\"application\/ld+json\" class=\"yoast-schema-graph\">{\"@context\":\"https:\\\/\\\/schema.org\",\"@graph\":[{\"@type\":\"WebPage\",\"@id\":\"https:\\\/\\\/visitvinkovci.com\\\/pravo-na-pristup-informacijama\\\/\",\"url\":\"https:\\\/\\\/visitvinkovci.com\\\/pravo-na-pristup-informacijama\\\/\",\"name\":\"Pravo na pristup informacijama - Visit Vinkovci\",\"isPartOf\":{\"@id\":\"https:\\\/\\\/visitvinkovci.com\\\/de\\\/#website\"},\"primaryImageOfPage\":{\"@id\":\"https:\\\/\\\/visitvinkovci.com\\\/pravo-na-pristup-informacijama\\\/#primaryimage\"},\"image\":{\"@id\":\"https:\\\/\\\/visitvinkovci.com\\\/pravo-na-pristup-informacijama\\\/#primaryimage\"},\"thumbnailUrl\":\"https:\\\/\\\/visitvinkovci.com\\\/wp-content\\\/uploads\\\/2022\\\/06\\\/o-namadokumentiGDPR-digitalna-pristupacnostpravo-na-pristup-info-1.jpg\",\"datePublished\":\"2022-06-02T09:05:04+00:00\",\"dateModified\":\"2026-01-07T11:51:33+00:00\",\"description\":\"Turisti\u010dka zajednica grada Vinkovaca je organizacija koja djeluje po na\u010delu destinacijskog menad\u017ementa, a osnovana je radi promicanja i razvoja turizma Republike Hrvatske i gospodarskih interesa pravnih i fizi\u010dkih osoba koje pru\u017eaju ugostiteljske usluge i usluge u turizmu ili obavljaju drugu djelatnost neposredno povezanu s turizmom na na\u010din da upravljaju destinacijom na razini grada Vinkovaca.\",\"breadcrumb\":{\"@id\":\"https:\\\/\\\/visitvinkovci.com\\\/pravo-na-pristup-informacijama\\\/#breadcrumb\"},\"inLanguage\":\"de\",\"potentialAction\":[{\"@type\":\"ReadAction\",\"target\":[\"https:\\\/\\\/visitvinkovci.com\\\/pravo-na-pristup-informacijama\\\/\"]}]},{\"@type\":\"ImageObject\",\"inLanguage\":\"de\",\"@id\":\"https:\\\/\\\/visitvinkovci.com\\\/pravo-na-pristup-informacijama\\\/#primaryimage\",\"url\":\"https:\\\/\\\/visitvinkovci.com\\\/wp-content\\\/uploads\\\/2022\\\/06\\\/o-namadokumentiGDPR-digitalna-pristupacnostpravo-na-pristup-info-1.jpg\",\"contentUrl\":\"https:\\\/\\\/visitvinkovci.com\\\/wp-content\\\/uploads\\\/2022\\\/06\\\/o-namadokumentiGDPR-digitalna-pristupacnostpravo-na-pristup-info-1.jpg\",\"width\":2000,\"height\":1600},{\"@type\":\"BreadcrumbList\",\"@id\":\"https:\\\/\\\/visitvinkovci.com\\\/pravo-na-pristup-informacijama\\\/#breadcrumb\",\"itemListElement\":[{\"@type\":\"ListItem\",\"position\":1,\"name\":\"Home\",\"item\":\"https:\\\/\\\/visitvinkovci.com\\\/\"},{\"@type\":\"ListItem\",\"position\":2,\"name\":\"Pravo na pristup informacijama\"}]},{\"@type\":\"WebSite\",\"@id\":\"https:\\\/\\\/visitvinkovci.com\\\/de\\\/#website\",\"url\":\"https:\\\/\\\/visitvinkovci.com\\\/de\\\/\",\"name\":\"Visit Vinkovci\",\"description\":\"\",\"publisher\":{\"@id\":\"https:\\\/\\\/visitvinkovci.com\\\/de\\\/#organization\"},\"alternateName\":\"VisitVk\",\"potentialAction\":[{\"@type\":\"SearchAction\",\"target\":{\"@type\":\"EntryPoint\",\"urlTemplate\":\"https:\\\/\\\/visitvinkovci.com\\\/de\\\/?s={search_term_string}\"},\"query-input\":{\"@type\":\"PropertyValueSpecification\",\"valueRequired\":true,\"valueName\":\"search_term_string\"}}],\"inLanguage\":\"de\"},{\"@type\":\"Organization\",\"@id\":\"https:\\\/\\\/visitvinkovci.com\\\/de\\\/#organization\",\"name\":\"Visit Vinkovci\",\"alternateName\":\"Visitvk\",\"url\":\"https:\\\/\\\/visitvinkovci.com\\\/de\\\/\",\"logo\":{\"@type\":\"ImageObject\",\"inLanguage\":\"de\",\"@id\":\"https:\\\/\\\/visitvinkovci.com\\\/de\\\/#\\\/schema\\\/logo\\\/image\\\/\",\"url\":\"https:\\\/\\\/visitvinkovci.com\\\/wp-content\\\/uploads\\\/2022\\\/01\\\/Vinkovci_Logo_Central_HR_COLOR.png\",\"contentUrl\":\"https:\\\/\\\/visitvinkovci.com\\\/wp-content\\\/uploads\\\/2022\\\/01\\\/Vinkovci_Logo_Central_HR_COLOR.png\",\"width\":400,\"height\":314,\"caption\":\"Visit Vinkovci\"},\"image\":{\"@id\":\"https:\\\/\\\/visitvinkovci.com\\\/de\\\/#\\\/schema\\\/logo\\\/image\\\/\"},\"sameAs\":[\"https:\\\/\\\/www.facebook.com\\\/visitvinkovci\\\/\"]}]}<\/script>\n<!-- \/ Yoast SEO plugin. -->","yoast_head_json":{"title":"Pravo na pristup informacijama - Visit Vinkovci","description":"Der Tourismusverband der Stadt Vinkovci ist eine Organisation, die nach dem Prinzip des Destinationsmanagements arbeitet. Er wurde gegr\u00fcndet, um den Tourismus in der Republik Kroatien und die wirtschaftlichen Interessen von juristischen und nat\u00fcrlichen Personen, die Gastgewerbe- und Tourismusdienstleistungen erbringen oder andere Aktivit\u00e4ten aus\u00fcben, die in direktem Zusammenhang mit dem Tourismus stehen, so dass sie das die Destination auf der Stadtebene verwalten zu f\u00f6rdern und entwickeln.","robots":{"index":"index","follow":"follow","max-snippet":"max-snippet:-1","max-image-preview":"max-image-preview:large","max-video-preview":"max-video-preview:-1"},"canonical":"https:\/\/visitvinkovci.com\/de\/pravo-na-pristup-informacijama\/","og_locale":"de_DE","og_type":"article","og_title":"Pravo na pristup informacijama - Visit Vinkovci","og_description":"Turisti\u010dka zajednica grada Vinkovaca je organizacija koja djeluje po na\u010delu destinacijskog menad\u017ementa, a osnovana je radi promicanja i razvoja turizma Republike Hrvatske i gospodarskih interesa pravnih i fizi\u010dkih osoba koje pru\u017eaju ugostiteljske usluge i usluge u turizmu ili obavljaju drugu djelatnost neposredno povezanu s turizmom na na\u010din da upravljaju destinacijom na razini grada Vinkovaca.","og_url":"https:\/\/visitvinkovci.com\/de\/pravo-na-pristup-informacijama\/","og_site_name":"Visit Vinkovci","article_publisher":"https:\/\/www.facebook.com\/visitvinkovci\/","article_modified_time":"2026-01-07T11:51:33+00:00","og_image":[{"width":2000,"height":1600,"url":"https:\/\/visitvinkovci.com\/wp-content\/uploads\/2022\/06\/o-namadokumentiGDPR-digitalna-pristupacnostpravo-na-pristup-info-1.jpg","type":"image\/jpeg"}],"twitter_card":"summary_large_image","twitter_misc":{"Gesch\u00e4tzte Lesezeit":"3\u00a0Minuten"},"schema":{"@context":"https:\/\/schema.org","@graph":[{"@type":"WebPage","@id":"https:\/\/visitvinkovci.com\/pravo-na-pristup-informacijama\/","url":"https:\/\/visitvinkovci.com\/pravo-na-pristup-informacijama\/","name":"Pravo na pristup informacijama - Visit Vinkovci","isPartOf":{"@id":"https:\/\/visitvinkovci.com\/de\/#website"},"primaryImageOfPage":{"@id":"https:\/\/visitvinkovci.com\/pravo-na-pristup-informacijama\/#primaryimage"},"image":{"@id":"https:\/\/visitvinkovci.com\/pravo-na-pristup-informacijama\/#primaryimage"},"thumbnailUrl":"https:\/\/visitvinkovci.com\/wp-content\/uploads\/2022\/06\/o-namadokumentiGDPR-digitalna-pristupacnostpravo-na-pristup-info-1.jpg","datePublished":"2022-06-02T09:05:04+00:00","dateModified":"2026-01-07T11:51:33+00:00","description":"Der Tourismusverband der Stadt Vinkovci ist eine Organisation, die nach dem Prinzip des Destinationsmanagements arbeitet. Er wurde gegr\u00fcndet, um den Tourismus in der Republik Kroatien und die wirtschaftlichen Interessen von juristischen und nat\u00fcrlichen Personen, die Gastgewerbe- und Tourismusdienstleistungen erbringen oder andere Aktivit\u00e4ten aus\u00fcben, die in direktem Zusammenhang mit dem Tourismus stehen, so dass sie das die Destination auf der Stadtebene verwalten zu f\u00f6rdern und entwickeln.","breadcrumb":{"@id":"https:\/\/visitvinkovci.com\/pravo-na-pristup-informacijama\/#breadcrumb"},"inLanguage":"de","potentialAction":[{"@type":"ReadAction","target":["https:\/\/visitvinkovci.com\/pravo-na-pristup-informacijama\/"]}]},{"@type":"ImageObject","inLanguage":"de","@id":"https:\/\/visitvinkovci.com\/pravo-na-pristup-informacijama\/#primaryimage","url":"https:\/\/visitvinkovci.com\/wp-content\/uploads\/2022\/06\/o-namadokumentiGDPR-digitalna-pristupacnostpravo-na-pristup-info-1.jpg","contentUrl":"https:\/\/visitvinkovci.com\/wp-content\/uploads\/2022\/06\/o-namadokumentiGDPR-digitalna-pristupacnostpravo-na-pristup-info-1.jpg","width":2000,"height":1600},{"@type":"BreadcrumbList","@id":"https:\/\/visitvinkovci.com\/pravo-na-pristup-informacijama\/#breadcrumb","itemListElement":[{"@type":"ListItem","position":1,"name":"Home","item":"https:\/\/visitvinkovci.com\/"},{"@type":"ListItem","position":2,"name":"Pravo na pristup informacijama"}]},{"@type":"WebSite","@id":"https:\/\/visitvinkovci.com\/de\/#website","url":"https:\/\/visitvinkovci.com\/de\/","name":"Visit Vinkovci","description":"","publisher":{"@id":"https:\/\/visitvinkovci.com\/de\/#organization"},"alternateName":"VisitVk","potentialAction":[{"@type":"SearchAction","target":{"@type":"EntryPoint","urlTemplate":"https:\/\/visitvinkovci.com\/de\/?s={search_term_string}"},"query-input":{"@type":"PropertyValueSpecification","valueRequired":true,"valueName":"search_term_string"}}],"inLanguage":"de"},{"@type":"Organization","@id":"https:\/\/visitvinkovci.com\/de\/#organization","name":"Visit Vinkovci","alternateName":"Visitvk","url":"https:\/\/visitvinkovci.com\/de\/","logo":{"@type":"ImageObject","inLanguage":"de","@id":"https:\/\/visitvinkovci.com\/de\/#\/schema\/logo\/image\/","url":"https:\/\/visitvinkovci.com\/wp-content\/uploads\/2022\/01\/Vinkovci_Logo_Central_HR_COLOR.png","contentUrl":"https:\/\/visitvinkovci.com\/wp-content\/uploads\/2022\/01\/Vinkovci_Logo_Central_HR_COLOR.png","width":400,"height":314,"caption":"Visit Vinkovci"},"image":{"@id":"https:\/\/visitvinkovci.com\/de\/#\/schema\/logo\/image\/"},"sameAs":["https:\/\/www.facebook.com\/visitvinkovci\/"]}]}},"_links":{"self":[{"href":"https:\/\/visitvinkovci.com\/de\/wp-json\/wp\/v2\/pages\/4616","targetHints":{"allow":["GET"]}}],"collection":[{"href":"https:\/\/visitvinkovci.com\/de\/wp-json\/wp\/v2\/pages"}],"about":[{"href":"https:\/\/visitvinkovci.com\/de\/wp-json\/wp\/v2\/types\/page"}],"author":[{"embeddable":true,"href":"https:\/\/visitvinkovci.com\/de\/wp-json\/wp\/v2\/users\/1"}],"replies":[{"embeddable":true,"href":"https:\/\/visitvinkovci.com\/de\/wp-json\/wp\/v2\/comments?post=4616"}],"version-history":[{"count":8,"href":"https:\/\/visitvinkovci.com\/de\/wp-json\/wp\/v2\/pages\/4616\/revisions"}],"predecessor-version":[{"id":11082,"href":"https:\/\/visitvinkovci.com\/de\/wp-json\/wp\/v2\/pages\/4616\/revisions\/11082"}],"wp:featuredmedia":[{"embeddable":true,"href":"https:\/\/visitvinkovci.com\/de\/wp-json\/wp\/v2\/media\/5264"}],"wp:attachment":[{"href":"https:\/\/visitvinkovci.com\/de\/wp-json\/wp\/v2\/media?parent=4616"}],"curies":[{"name":"wp","href":"https:\/\/api.w.org\/{rel}","templated":true}]}}