{"id":4610,"date":"2022-06-02T10:45:58","date_gmt":"2022-06-02T08:45:58","guid":{"rendered":"https:\/\/visitvinkovci.com\/?page_id=4610"},"modified":"2022-07-14T07:57:32","modified_gmt":"2022-07-14T05:57:32","slug":"digitalna-pristupacnost","status":"publish","type":"page","link":"https:\/\/visitvinkovci.com\/de\/digitalna-pristupacnost\/","title":{"rendered":"Digitale Zug\u00e4nglichkeit"},"content":{"rendered":"<section class=\"l-section wpb_row height_large width_full\"><div class=\"l-section-overlay\" style=\"background:rgba(26,26,26,0.40)\"><\/div><div class=\"l-section-h i-cf\"><div class=\"g-cols vc_row via_flex valign_middle type_default\"><div class=\"vc_col-sm-12 wpb_column vc_column_container\"><div class=\"vc_column-inner\"><div class=\"wpb_wrapper\"><h1 class=\"w-post-elm post_title us_custom_836f727b has_text_color align_center entry-title color_link_inherit\">Digitale Zug\u00e4nglichkeit<\/h1><\/div><\/div><\/div><\/div><\/div><\/section>\n<section class=\"l-section wpb_row height_medium\"><div class=\"l-section-h i-cf\"><div class=\"g-cols vc_row via_flex valign_top type_default\"><div class=\"vc_col-sm-12 wpb_column vc_column_container\"><div class=\"vc_column-inner\"><div class=\"wpb_wrapper\"><div class=\"wpb_text_column\"><div class=\"wpb_wrapper\"><p>Der Tourismusverband Vinkovci ist verpflichtet, die Zug\u00e4nglichkeit seines Netzwerkstandorts gem\u00e4\u00df dem Gesetz \u00fcber die Zug\u00e4nglichkeit von Websites und Softwarel\u00f6sungen f\u00fcr mobile Ger\u00e4te \u00f6ffentlicher Stellen der Republik Kroatien (Amtsblatt 17\/19) vom 23. September 2020 zu gew\u00e4hrleisten, mit dem die Richtlinie (EU) 2016\/2102 des Europ\u00e4ischen Parlaments und des Rates \u00fcber die Barrierefreiheit von Webseiten und mobilen Apps \u00f6ffentlicher Stellen in nationales Recht umgesetzt wird.<\/p>\n<p>Diese Erkl\u00e4rung zur Zug\u00e4nglichkeit gilt f\u00fcr die Webseite<br \/>\n<a href=\"https:\/\/visitvinkovci.com\/de\/\">www.visitvinkovci.com<\/a> .<\/p>\n<h3>Grad der \u00dcbereinstimmung<\/h3>\n<p>Dieser Netzwerkstandort entspricht aufgrund der unten aufgef\u00fchrten Verst\u00f6\u00dfe teilweise dem Gesetz \u00fcber die Zug\u00e4nglichkeit von Webseiten und Softwarel\u00f6sungen f\u00fcr mobile Ger\u00e4te \u00f6ffentlicher Stellen.<\/p>\n<h3>Nicht barrierefreie Inhalte<\/h3>\n<p>Ausnahmen von der \u00dcbereinstimmung spiegeln sich in Folgendem wider:<\/p>\n<ul>\n<li>Einigen Bildern und Dateien ist keine geeignete Textbeschreibung (alternativer Text) zugeordnet.<\/li>\n<li>Es gibt einige Bilder, die Textinhalt haben und keine Logos sind.<\/li>\n<li>Es besteht keine M\u00f6glichkeit, den Kontrast \u00fcber den Link auf der Seite zu \u00e4ndern.<\/li>\n<li>Es besteht keine M\u00f6glichkeit, die Schriftgr\u00f6\u00dfe \u00fcber den Link auf der Seite zu vergr\u00f6\u00dfern oder zu verkleinern.<\/li>\n<li>Es gibt keine M\u00f6glichkeit, den Schrifttyp zu \u00e4ndern, um die Lesbarkeit f\u00fcr Benutzer mit Dyslexie zu erleichtern.<\/li>\n<li>Der Zugriff auf einzelne Abschnitte des Untermen\u00fcs erfolgt teilweise auch \u00fcber die Tastatur.<\/li>\n<li>Einige der Dokumente in .pdf Format sind f\u00fcr Bildschirmleseprogramme nicht lesbar, da sie Texte enthalten, die als Bild eingebettet sind und daher durch Bildschirmleseprogramme nicht gelesen werden k\u00f6nnen.<\/li>\n<li>PDF-Dateien werden in einem neuen Fenster (Tab) des Browsers ge\u00f6ffnet, .doc- und .ppt-Dateien sind nur als herunterladbare Dateien verf\u00fcgbar.<\/li>\n<li>Einige Links sind nicht unterstrichen.<\/li>\n<\/ul>\n<h3>Erh\u00f6hung der Zug\u00e4nglichkeit<\/h3>\n<p>Der Tourismusverband Vinkovci verbessert st\u00e4ndig die Zug\u00e4nglichkeit seiner Webseiten und Dienstleistungen, so dass Menschen mit bestimmten Behinderungen, \u00e4ltere Menschen oder Menschen mit bestimmten Wahrnehmungsst\u00f6rungen die Webseiten uneingeschr\u00e4nkt nutzen k\u00f6nnen.<\/p>\n<p>Trotz unserer Bem\u00fchungen, die Inhalte der Website www.visitvinkovci.com uneingeschr\u00e4nkt zug\u00e4nglich zu machen, sind einige Inhalte m\u00f6glicherweise noch nicht vollst\u00e4ndig an die strengsten Standards f\u00fcr die barrierefreie Zugreifbarkeit angepasst. Dies kann darauf zur\u00fcckzuf\u00fchren sein, dass die am besten geeignete und optimale technologische L\u00f6sung noch nicht gefunden wurde oder derzeit noch nicht vorhanden sind.<\/p>\n<p>Bei der weiteren \u00dcberarbeitung der Webseite www.visitvinkovci.com werden Empfehlungen zur Verbesserung der Barrierefreiheit umgesetzt und Anstrengungen unternommen, das Niveau der Zug\u00e4nglichkeit so weit wie m\u00f6glich zu erh\u00f6hen.<\/p>\n<h3>Vorbereitung dieser Zug\u00e4nglichkeitserkl\u00e4rung<\/h3>\n<p>Diese Erkl\u00e4rung wurde am 18. September 2020 auf der Grundlage einer Selbsteinsch\u00e4tzung des Tourismusverbandes Vinkovci und anhand einer automatisierten Zug\u00e4nglichkeitspr\u00fcfung mit dem WAVE Web Accessibility Evaluation Tool erstellt.<\/p>\n<p>Der Tourismusverband Vinkovci wird diese Erkl\u00e4rung regelm\u00e4\u00dfig \u00fcberarbeiten, nachdem er die Gr\u00fcnde f\u00fcr die Unzug\u00e4nglichkeit bestimmter Inhalte entfernt hat.<\/p>\n<h3>Feedback und Telefonangaben<\/h3>\n<p>Wir bitten die Nutzer dieser Websites, den Tourismusverband Vinkovci zu informieren, wenn sie unrichtige Inhalte bemerken, die nicht von dieser Erkl\u00e4rung erfasst werden.<\/p>\n<p>Wenn Sie eine Anfrage an den Tourismusverband Vinkovci stellen, k\u00f6nnen Sie Feedback erhalten und\/oder festgestellte Unregelm\u00e4\u00dfigkeiten in Bezug auf das Gesetz \u00fcber die Zug\u00e4nglichkeit von Webseiten und Softwarel\u00f6sungen f\u00fcr mobile Ger\u00e4te \u00f6ffentlicher Stellen (Amtsblatt 17\/19) und die Richtlinie (EU) 2016\/2012 des Europ\u00e4ischen Parlaments und des Rates melden.<\/p>\n<p>Sie k\u00f6nnen den Antrag an den Informationsbeauftragten des Tourismusverbandes Vinkovci richten:<\/p>\n<p>per Telefon: 032 334 653<br \/>\nE-Mail: info@visitvinkovci.com<br \/>\nPer Post an die Adresse: Turisti\u010dka zajednica Vinkovci,<br \/>\nTrg bana Josipa \u0160ok\u010devi\u0107a 4, 32 100 Vinkovci<\/p>\n<h3>Verfahren zur \u00dcberwachung der Durchf\u00fchrung von Verordnungen<\/h3>\n<p>Die \u00dcberwachung der Durchf\u00fchrung des Gesetzes \u00fcber die Zug\u00e4nglichkeit von Webseiten und Softwarel\u00f6sungen f\u00fcr mobile Ger\u00e4te \u00f6ffentlicher Stellen (Amtsblatt 17\/19) wird vom Informationsbeauftragten der Republik Kroatien durchgef\u00fchrt.<\/p>\n<p>Inspektoren und andere bevollm\u00e4chtigte Beamte des B\u00fcros des Kommissars f\u00fchren eine Inspektions\u00fcberwachung der Umsetzung des Gesetzes \u00fcber die Zug\u00e4nglichkeit von Webseiten und Softwarel\u00f6sungen f\u00fcr mobile Ger\u00e4te \u00f6ffentlicher Stellen durch (Amtsblatt 17\/19).<\/p>\n<p>F\u00fcr die Aufsicht gelten die Bestimmungen des Gesetzes \u00fcber das Recht auf Zugang zu Informationen (Amtsblatt 25\/13 und 85\/15).<\/p>\n<h3>Kontakt:<\/h3>\n<p>Informationsbeauftragter<br \/>\nTrg \u017ertava fa\u0161izma 3, 10000 Zagreb<br \/>\nTelefon: 01 4609 041<br \/>\nTelefax: 01 4609 096<br \/>\nMail: <a href=\"mailto:ppi@pristupinfo.hr\">ppi@pristupinfo.hr<\/a><br \/>\n<a href=\"http:\/\/www.pristupinfo.hr\" target=\"_blank\" rel=\"noopener\">www.pristupinfo.hr<\/a><\/p>\n<\/div><\/div><\/div><\/div><\/div><\/div><\/div><\/section>","protected":false},"excerpt":{"rendered":"Digitalna pristupa\u010dnost Turisti\u010dka zajednica Vinkovci obvezna je osigurati pristupa\u010dnost svoje mre\u017ene lokacije u skladu sa Zakonom o pristupa\u010dnosti mre\u017enih stranica i programskih rje\u0161enja za pokretne ure\u0111aje tijela javnog sektora Republike...","protected":false},"author":1,"featured_media":5264,"parent":0,"menu_order":0,"comment_status":"closed","ping_status":"closed","template":"","meta":{"footnotes":""},"class_list":["post-4610","page","type-page","status-publish","has-post-thumbnail","hentry"],"acf":[],"yoast_head":"<!-- This site is optimized with the Yoast SEO plugin v27.3 - https:\/\/yoast.com\/product\/yoast-seo-wordpress\/ -->\n<title>Visit Vinkovci<\/title>\n<meta name=\"description\" content=\"Turisti\u010dka zajednica grada Vinkovaca je organizacija koja djeluje po na\u010delu destinacijskog menad\u017ementa, a osnovana je radi promicanja i razvoja turizma Republike Hrvatske i gospodarskih interesa pravnih i fizi\u010dkih osoba koje pru\u017eaju ugostiteljske usluge i usluge u turizmu ili obavljaju drugu djelatnost neposredno povezanu s turizmom na na\u010din da upravljaju destinacijom na razini grada Vinkovaca.\" \/>\n<meta name=\"robots\" content=\"index, follow, max-snippet:-1, max-image-preview:large, max-video-preview:-1\" \/>\n<link rel=\"canonical\" href=\"https:\/\/visitvinkovci.com\/de\/digitalna-pristupacnost\/\" \/>\n<meta property=\"og:locale\" content=\"de_DE\" \/>\n<meta property=\"og:type\" content=\"article\" \/>\n<meta property=\"og:title\" content=\"Visit Vinkovci\" \/>\n<meta property=\"og:description\" content=\"Turisti\u010dka zajednica grada Vinkovaca je organizacija koja djeluje po na\u010delu destinacijskog menad\u017ementa, a osnovana je radi promicanja i razvoja turizma Republike Hrvatske i gospodarskih interesa pravnih i fizi\u010dkih osoba koje pru\u017eaju ugostiteljske usluge i usluge u turizmu ili obavljaju drugu djelatnost neposredno povezanu s turizmom na na\u010din da upravljaju destinacijom na razini grada Vinkovaca.\" \/>\n<meta property=\"og:url\" content=\"https:\/\/visitvinkovci.com\/de\/digitalna-pristupacnost\/\" \/>\n<meta property=\"og:site_name\" content=\"Visit Vinkovci\" \/>\n<meta property=\"article:publisher\" content=\"https:\/\/www.facebook.com\/visitvinkovci\/\" \/>\n<meta property=\"article:modified_time\" content=\"2022-07-14T05:57:32+00:00\" \/>\n<meta property=\"og:image\" content=\"https:\/\/visitvinkovci.com\/wp-content\/uploads\/2022\/06\/o-namadokumentiGDPR-digitalna-pristupacnostpravo-na-pristup-info-1.jpg\" \/>\n\t<meta property=\"og:image:width\" content=\"2000\" \/>\n\t<meta property=\"og:image:height\" content=\"1600\" \/>\n\t<meta property=\"og:image:type\" content=\"image\/jpeg\" \/>\n<meta name=\"twitter:card\" content=\"summary_large_image\" \/>\n<meta name=\"twitter:label1\" content=\"Gesch\u00e4tzte Lesezeit\" \/>\n\t<meta name=\"twitter:data1\" content=\"3\u00a0Minuten\" \/>\n<script type=\"application\/ld+json\" class=\"yoast-schema-graph\">{\"@context\":\"https:\\\/\\\/schema.org\",\"@graph\":[{\"@type\":\"WebPage\",\"@id\":\"https:\\\/\\\/visitvinkovci.com\\\/digitalna-pristupacnost\\\/\",\"url\":\"https:\\\/\\\/visitvinkovci.com\\\/digitalna-pristupacnost\\\/\",\"name\":\"Visit Vinkovci\",\"isPartOf\":{\"@id\":\"https:\\\/\\\/visitvinkovci.com\\\/de\\\/#website\"},\"primaryImageOfPage\":{\"@id\":\"https:\\\/\\\/visitvinkovci.com\\\/digitalna-pristupacnost\\\/#primaryimage\"},\"image\":{\"@id\":\"https:\\\/\\\/visitvinkovci.com\\\/digitalna-pristupacnost\\\/#primaryimage\"},\"thumbnailUrl\":\"https:\\\/\\\/visitvinkovci.com\\\/wp-content\\\/uploads\\\/2022\\\/06\\\/o-namadokumentiGDPR-digitalna-pristupacnostpravo-na-pristup-info-1.jpg\",\"datePublished\":\"2022-06-02T08:45:58+00:00\",\"dateModified\":\"2022-07-14T05:57:32+00:00\",\"description\":\"Turisti\u010dka zajednica grada Vinkovaca je organizacija koja djeluje po na\u010delu destinacijskog menad\u017ementa, a osnovana je radi promicanja i razvoja turizma Republike Hrvatske i gospodarskih interesa pravnih i fizi\u010dkih osoba koje pru\u017eaju ugostiteljske usluge i usluge u turizmu ili obavljaju drugu djelatnost neposredno povezanu s turizmom na na\u010din da upravljaju destinacijom na razini grada Vinkovaca.\",\"breadcrumb\":{\"@id\":\"https:\\\/\\\/visitvinkovci.com\\\/digitalna-pristupacnost\\\/#breadcrumb\"},\"inLanguage\":\"de\",\"potentialAction\":[{\"@type\":\"ReadAction\",\"target\":[\"https:\\\/\\\/visitvinkovci.com\\\/digitalna-pristupacnost\\\/\"]}]},{\"@type\":\"ImageObject\",\"inLanguage\":\"de\",\"@id\":\"https:\\\/\\\/visitvinkovci.com\\\/digitalna-pristupacnost\\\/#primaryimage\",\"url\":\"https:\\\/\\\/visitvinkovci.com\\\/wp-content\\\/uploads\\\/2022\\\/06\\\/o-namadokumentiGDPR-digitalna-pristupacnostpravo-na-pristup-info-1.jpg\",\"contentUrl\":\"https:\\\/\\\/visitvinkovci.com\\\/wp-content\\\/uploads\\\/2022\\\/06\\\/o-namadokumentiGDPR-digitalna-pristupacnostpravo-na-pristup-info-1.jpg\",\"width\":2000,\"height\":1600},{\"@type\":\"BreadcrumbList\",\"@id\":\"https:\\\/\\\/visitvinkovci.com\\\/digitalna-pristupacnost\\\/#breadcrumb\",\"itemListElement\":[{\"@type\":\"ListItem\",\"position\":1,\"name\":\"Home\",\"item\":\"https:\\\/\\\/visitvinkovci.com\\\/\"},{\"@type\":\"ListItem\",\"position\":2,\"name\":\"Digitalna pristupa\u010dnost\"}]},{\"@type\":\"WebSite\",\"@id\":\"https:\\\/\\\/visitvinkovci.com\\\/de\\\/#website\",\"url\":\"https:\\\/\\\/visitvinkovci.com\\\/de\\\/\",\"name\":\"Visit Vinkovci\",\"description\":\"\",\"publisher\":{\"@id\":\"https:\\\/\\\/visitvinkovci.com\\\/de\\\/#organization\"},\"alternateName\":\"VisitVk\",\"potentialAction\":[{\"@type\":\"SearchAction\",\"target\":{\"@type\":\"EntryPoint\",\"urlTemplate\":\"https:\\\/\\\/visitvinkovci.com\\\/de\\\/?s={search_term_string}\"},\"query-input\":{\"@type\":\"PropertyValueSpecification\",\"valueRequired\":true,\"valueName\":\"search_term_string\"}}],\"inLanguage\":\"de\"},{\"@type\":\"Organization\",\"@id\":\"https:\\\/\\\/visitvinkovci.com\\\/de\\\/#organization\",\"name\":\"Visit Vinkovci\",\"alternateName\":\"Visitvk\",\"url\":\"https:\\\/\\\/visitvinkovci.com\\\/de\\\/\",\"logo\":{\"@type\":\"ImageObject\",\"inLanguage\":\"de\",\"@id\":\"https:\\\/\\\/visitvinkovci.com\\\/de\\\/#\\\/schema\\\/logo\\\/image\\\/\",\"url\":\"https:\\\/\\\/visitvinkovci.com\\\/wp-content\\\/uploads\\\/2022\\\/01\\\/Vinkovci_Logo_Central_HR_COLOR.png\",\"contentUrl\":\"https:\\\/\\\/visitvinkovci.com\\\/wp-content\\\/uploads\\\/2022\\\/01\\\/Vinkovci_Logo_Central_HR_COLOR.png\",\"width\":400,\"height\":314,\"caption\":\"Visit Vinkovci\"},\"image\":{\"@id\":\"https:\\\/\\\/visitvinkovci.com\\\/de\\\/#\\\/schema\\\/logo\\\/image\\\/\"},\"sameAs\":[\"https:\\\/\\\/www.facebook.com\\\/visitvinkovci\\\/\"]}]}<\/script>\n<!-- \/ Yoast SEO plugin. -->","yoast_head_json":{"title":"Visit Vinkovci","description":"Der Tourismusverband der Stadt Vinkovci ist eine Organisation, die nach dem Prinzip des Destinationsmanagements arbeitet. Er wurde gegr\u00fcndet, um den Tourismus in der Republik Kroatien und die wirtschaftlichen Interessen von juristischen und nat\u00fcrlichen Personen, die Gastgewerbe- und Tourismusdienstleistungen erbringen oder andere Aktivit\u00e4ten aus\u00fcben, die in direktem Zusammenhang mit dem Tourismus stehen, so dass sie das die Destination auf der Stadtebene verwalten zu f\u00f6rdern und entwickeln.","robots":{"index":"index","follow":"follow","max-snippet":"max-snippet:-1","max-image-preview":"max-image-preview:large","max-video-preview":"max-video-preview:-1"},"canonical":"https:\/\/visitvinkovci.com\/de\/digitalna-pristupacnost\/","og_locale":"de_DE","og_type":"article","og_title":"Visit Vinkovci","og_description":"Turisti\u010dka zajednica grada Vinkovaca je organizacija koja djeluje po na\u010delu destinacijskog menad\u017ementa, a osnovana je radi promicanja i razvoja turizma Republike Hrvatske i gospodarskih interesa pravnih i fizi\u010dkih osoba koje pru\u017eaju ugostiteljske usluge i usluge u turizmu ili obavljaju drugu djelatnost neposredno povezanu s turizmom na na\u010din da upravljaju destinacijom na razini grada Vinkovaca.","og_url":"https:\/\/visitvinkovci.com\/de\/digitalna-pristupacnost\/","og_site_name":"Visit Vinkovci","article_publisher":"https:\/\/www.facebook.com\/visitvinkovci\/","article_modified_time":"2022-07-14T05:57:32+00:00","og_image":[{"width":2000,"height":1600,"url":"https:\/\/visitvinkovci.com\/wp-content\/uploads\/2022\/06\/o-namadokumentiGDPR-digitalna-pristupacnostpravo-na-pristup-info-1.jpg","type":"image\/jpeg"}],"twitter_card":"summary_large_image","twitter_misc":{"Gesch\u00e4tzte Lesezeit":"3\u00a0Minuten"},"schema":{"@context":"https:\/\/schema.org","@graph":[{"@type":"WebPage","@id":"https:\/\/visitvinkovci.com\/digitalna-pristupacnost\/","url":"https:\/\/visitvinkovci.com\/digitalna-pristupacnost\/","name":"Visit Vinkovci","isPartOf":{"@id":"https:\/\/visitvinkovci.com\/de\/#website"},"primaryImageOfPage":{"@id":"https:\/\/visitvinkovci.com\/digitalna-pristupacnost\/#primaryimage"},"image":{"@id":"https:\/\/visitvinkovci.com\/digitalna-pristupacnost\/#primaryimage"},"thumbnailUrl":"https:\/\/visitvinkovci.com\/wp-content\/uploads\/2022\/06\/o-namadokumentiGDPR-digitalna-pristupacnostpravo-na-pristup-info-1.jpg","datePublished":"2022-06-02T08:45:58+00:00","dateModified":"2022-07-14T05:57:32+00:00","description":"Der Tourismusverband der Stadt Vinkovci ist eine Organisation, die nach dem Prinzip des Destinationsmanagements arbeitet. Er wurde gegr\u00fcndet, um den Tourismus in der Republik Kroatien und die wirtschaftlichen Interessen von juristischen und nat\u00fcrlichen Personen, die Gastgewerbe- und Tourismusdienstleistungen erbringen oder andere Aktivit\u00e4ten aus\u00fcben, die in direktem Zusammenhang mit dem Tourismus stehen, so dass sie das die Destination auf der Stadtebene verwalten zu f\u00f6rdern und entwickeln.","breadcrumb":{"@id":"https:\/\/visitvinkovci.com\/digitalna-pristupacnost\/#breadcrumb"},"inLanguage":"de","potentialAction":[{"@type":"ReadAction","target":["https:\/\/visitvinkovci.com\/digitalna-pristupacnost\/"]}]},{"@type":"ImageObject","inLanguage":"de","@id":"https:\/\/visitvinkovci.com\/digitalna-pristupacnost\/#primaryimage","url":"https:\/\/visitvinkovci.com\/wp-content\/uploads\/2022\/06\/o-namadokumentiGDPR-digitalna-pristupacnostpravo-na-pristup-info-1.jpg","contentUrl":"https:\/\/visitvinkovci.com\/wp-content\/uploads\/2022\/06\/o-namadokumentiGDPR-digitalna-pristupacnostpravo-na-pristup-info-1.jpg","width":2000,"height":1600},{"@type":"BreadcrumbList","@id":"https:\/\/visitvinkovci.com\/digitalna-pristupacnost\/#breadcrumb","itemListElement":[{"@type":"ListItem","position":1,"name":"Home","item":"https:\/\/visitvinkovci.com\/"},{"@type":"ListItem","position":2,"name":"Digitalna pristupa\u010dnost"}]},{"@type":"WebSite","@id":"https:\/\/visitvinkovci.com\/de\/#website","url":"https:\/\/visitvinkovci.com\/de\/","name":"Visit Vinkovci","description":"","publisher":{"@id":"https:\/\/visitvinkovci.com\/de\/#organization"},"alternateName":"VisitVk","potentialAction":[{"@type":"SearchAction","target":{"@type":"EntryPoint","urlTemplate":"https:\/\/visitvinkovci.com\/de\/?s={search_term_string}"},"query-input":{"@type":"PropertyValueSpecification","valueRequired":true,"valueName":"search_term_string"}}],"inLanguage":"de"},{"@type":"Organization","@id":"https:\/\/visitvinkovci.com\/de\/#organization","name":"Visit Vinkovci","alternateName":"Visitvk","url":"https:\/\/visitvinkovci.com\/de\/","logo":{"@type":"ImageObject","inLanguage":"de","@id":"https:\/\/visitvinkovci.com\/de\/#\/schema\/logo\/image\/","url":"https:\/\/visitvinkovci.com\/wp-content\/uploads\/2022\/01\/Vinkovci_Logo_Central_HR_COLOR.png","contentUrl":"https:\/\/visitvinkovci.com\/wp-content\/uploads\/2022\/01\/Vinkovci_Logo_Central_HR_COLOR.png","width":400,"height":314,"caption":"Visit Vinkovci"},"image":{"@id":"https:\/\/visitvinkovci.com\/de\/#\/schema\/logo\/image\/"},"sameAs":["https:\/\/www.facebook.com\/visitvinkovci\/"]}]}},"_links":{"self":[{"href":"https:\/\/visitvinkovci.com\/de\/wp-json\/wp\/v2\/pages\/4610","targetHints":{"allow":["GET"]}}],"collection":[{"href":"https:\/\/visitvinkovci.com\/de\/wp-json\/wp\/v2\/pages"}],"about":[{"href":"https:\/\/visitvinkovci.com\/de\/wp-json\/wp\/v2\/types\/page"}],"author":[{"embeddable":true,"href":"https:\/\/visitvinkovci.com\/de\/wp-json\/wp\/v2\/users\/1"}],"replies":[{"embeddable":true,"href":"https:\/\/visitvinkovci.com\/de\/wp-json\/wp\/v2\/comments?post=4610"}],"version-history":[{"count":3,"href":"https:\/\/visitvinkovci.com\/de\/wp-json\/wp\/v2\/pages\/4610\/revisions"}],"predecessor-version":[{"id":5385,"href":"https:\/\/visitvinkovci.com\/de\/wp-json\/wp\/v2\/pages\/4610\/revisions\/5385"}],"wp:featuredmedia":[{"embeddable":true,"href":"https:\/\/visitvinkovci.com\/de\/wp-json\/wp\/v2\/media\/5264"}],"wp:attachment":[{"href":"https:\/\/visitvinkovci.com\/de\/wp-json\/wp\/v2\/media?parent=4610"}],"curies":[{"name":"wp","href":"https:\/\/api.w.org\/{rel}","templated":true}]}}