{"id":4511,"date":"2022-05-25T10:43:07","date_gmt":"2022-05-25T08:43:07","guid":{"rendered":"https:\/\/visitvinkovci.com\/?page_id=4511"},"modified":"2022-07-14T07:54:35","modified_gmt":"2022-07-14T05:54:35","slug":"vikend-u-vinkovcima","status":"publish","type":"page","link":"https:\/\/visitvinkovci.com\/de\/dozivite\/vikend-u-vinkovcima\/","title":{"rendered":"Wochenende in Vinkovci"},"content":{"rendered":"<section class=\"l-section wpb_row height_large full_height valign_center width_full\"><div class=\"l-section-overlay\" style=\"background:rgba(26,26,26,0.40)\"><\/div><div class=\"l-section-h i-cf\"><div class=\"g-cols vc_row via_flex valign_middle type_default\"><div class=\"vc_col-sm-12 wpb_column vc_column_container\"><div class=\"vc_column-inner\"><div class=\"wpb_wrapper\"><h1 class=\"w-post-elm post_title us_custom_836f727b has_text_color align_center entry-title color_link_inherit\">Wochenende in Vinkovci<\/h1><\/div><\/div><\/div><\/div><\/div><\/section>\n<section class=\"l-section wpb_row height_medium\"><div class=\"l-section-h i-cf\"><div class=\"g-cols vc_row via_flex valign_top type_default\"><div class=\"vc_col-sm-12 wpb_column vc_column_container\"><div class=\"vc_column-inner\"><div class=\"wpb_wrapper\"><div class=\"wpb_text_column\"><div class=\"wpb_wrapper\"><p>Beginnen Sie Ihre Tour vom Hauptpark in Vinkovci aus \u2013 dort k\u00f6nnen Sie das Stadtmuseum besuchen und die Kirche der Hll. Eusebius und Polion besichtigen. Danach k\u00f6nnen Sie Ihren Spaziergang in Richtung der Br\u00fccke \u00fcber den Fluss Bosut und entlang des Flusses in Richtung Krnja\u0161 \u2013 der letzten Schoktzen-Stra\u00dfe in Vinkovci \u2013 fortsetzen. Sie sollten unbedingt zum Fluss Bosut hinuntergehen, um dem Rascheln der Seggen zu lauschen und die beruhigende Wirkung dieses langsamen Flusses zu erleben.<\/p>\n<p>Im Krnja\u0161 befindet sich das Geburtshaus von Ivan Kozarac, sowie ein Denkmal der platonischen Liebe von Vinkovcis Romeo und Julia. Von der Ivan-Kozarac-Stra\u00dfe biegen Sie in die Josip-Kozarac-Stra\u00dfe ein, und halten sich dann links. Von der R\u00fcckseite des Stadtfriedhofs kommen Sie auf dem Weg nach Banja \u2013 dem beliebtesten Badeort in Vinkovci.<\/p>\n<p>Wenn Sie die Stadt im Winter besuchen, k\u00f6nnen Sie sofort zur gotischen Kirche in Meraja und dann durch Gunduli\u0107eva-Stra\u00dfe zur\u00fcck in den Hauptpark gehen. Reisef\u00fchrer werden diesen Spaziergang noch lehrreicher und unterhaltsamer machen Verpassen Sie es nicht das Valens Craft Bier aus Vinkovci, lokale \u0161ljivovica oder ein Ferbe\u017ear Met zu probieren.<\/p>\n<p>Nachdem Sie am ersten Tag das Stadtzentrum, die barocke Architektur Vinkovcis, die Ufer des Flusses Bosut und das Museum kennengelernt haben, sollten Sie sich etwas Zeit f\u00fcr das Umland g\u00f6nnen. Die Gegend ist perfekt zum Radfahren. W\u00e4hlen Sie einen der markierten Radwege, blau, rot oder gelb, die alle von der Br\u00fccke im Zentrum von Vinkovci ausgehen. Sie sind 19-21 km lang, umfassen verschiedene Terrains von Beton bis Makadam, so dass Sie ein geeignetes Fahrrad ben\u00f6tigen. Karten mit markierten Wegen finden Sie beim Tourismusverband.<\/p>\n<p>Fahrrad ist das ideale Fortbewegungsmittel, um den nahe gelegenen Wald Kunjevci zu besuchen oder entlang des Bosuts zum Picknickplatz Sopot zu gelangen. Wenn Sie kein eigenes Fahrrad haben, k\u00f6nnen Sie ein \u00f6ffentliches Fahrrad oder einen \u00f6ffentlichen Scooter benutzen.<\/p>\n<p>F\u00fcr Angler und Naturliebhaber sind Oto\u010dki und Bo\u0161nja\u010dki virovi ein Muss. Sie sollten auch mittwochs und samstags einen Besuch auf dem Vinkovci Markt oder pijaca nicht verpassen. Als Souvenir sind s\u00fc\u00dfe und w\u00fcrzige hausgemachte getrocknete Paprika, hochwertige Wurstwaren, \u0161ljivovica und junger K\u00e4se (podlijevani) \u2013 eine Spezialit\u00e4t dieser Region \u2013 sehr beliebt.<\/p>\n<p>Ein Wochenende bietet ausreichend Zeit, sich dem entschleunigten und ruhigen Leben dieser Region hinzugeben. Beginnen Sie den Tag mit einem Spaziergang \u2013 w\u00e4hlen Sie den Spazierweg, der Kunjevci mit Sopot verbindet, oder den Spazierweg Trbu\u0161anci.<\/p>\n<p>Sie k\u00f6nnen auch einen Ausritt buchen oder sich eine Bootsfahrt auf dem Fluss Bosut g\u00f6nnen. Nachdem Sie genug frische Luft bekommen und hungrig geworden sind, wartet ein reichhaltiges slawonisches Mittagessen in einem der vielen Restaurants in Vinkovci auf Sie.<\/p>\n<p>Machen Sie es, wie viele Besucher und posten Sie Bilder von den Orten, die Sie besucht haben unter #von Gold durchwoben, bzw. #protkani zlatom.<\/p>\n<\/div><\/div><\/div><\/div><\/div><\/div><\/div><\/section><section class=\"l-section wpb_row height_medium\"><div class=\"l-section-h i-cf\"><div class=\"g-cols vc_row via_flex valign_top type_default\"><div class=\"vc_col-sm-12 wpb_column vc_column_container\"><div class=\"vc_column-inner\"><div class=\"wpb_wrapper\"><\/div><\/div><\/div><\/div><\/div><\/section>","protected":false},"excerpt":{"rendered":"Vikend u Vinkovcima U obilazak Vinkovaca krenite s glavnog vinkova\u010dkog parka \u2013 tu mo\u017eete posjetiti gradski muzej i baciti oko na crkvu Sv Euzebija i Poliona. Dalje krenite prema mostu...","protected":false},"author":1,"featured_media":5261,"parent":4491,"menu_order":0,"comment_status":"closed","ping_status":"closed","template":"","meta":{"footnotes":""},"class_list":["post-4511","page","type-page","status-publish","has-post-thumbnail","hentry"],"acf":[],"yoast_head":"<!-- This site is optimized with the Yoast SEO plugin v27.5 - https:\/\/yoast.com\/product\/yoast-seo-wordpress\/ -->\n<title>Vikend u Vinkovcima - Visit Vinkovci<\/title>\n<meta name=\"description\" content=\"Turisti\u010dka zajednica grada Vinkovaca je organizacija koja djeluje po na\u010delu destinacijskog menad\u017ementa, a osnovana je radi promicanja i razvoja turizma Republike Hrvatske i gospodarskih interesa pravnih i fizi\u010dkih osoba koje pru\u017eaju ugostiteljske usluge i usluge u turizmu ili obavljaju drugu djelatnost neposredno povezanu s turizmom na na\u010din da upravljaju destinacijom na razini grada Vinkovaca.\" \/>\n<meta name=\"robots\" content=\"index, follow, max-snippet:-1, max-image-preview:large, max-video-preview:-1\" \/>\n<link rel=\"canonical\" href=\"https:\/\/visitvinkovci.com\/de\/dozivite\/vikend-u-vinkovcima\/\" \/>\n<meta property=\"og:locale\" content=\"de_DE\" \/>\n<meta property=\"og:type\" content=\"article\" \/>\n<meta property=\"og:title\" content=\"Vikend u Vinkovcima - Visit Vinkovci\" \/>\n<meta property=\"og:description\" content=\"Turisti\u010dka zajednica grada Vinkovaca je organizacija koja djeluje po na\u010delu destinacijskog menad\u017ementa, a osnovana je radi promicanja i razvoja turizma Republike Hrvatske i gospodarskih interesa pravnih i fizi\u010dkih osoba koje pru\u017eaju ugostiteljske usluge i usluge u turizmu ili obavljaju drugu djelatnost neposredno povezanu s turizmom na na\u010din da upravljaju destinacijom na razini grada Vinkovaca.\" \/>\n<meta property=\"og:url\" content=\"https:\/\/visitvinkovci.com\/de\/dozivite\/vikend-u-vinkovcima\/\" \/>\n<meta property=\"og:site_name\" content=\"Visit Vinkovci\" \/>\n<meta property=\"article:publisher\" content=\"https:\/\/www.facebook.com\/visitvinkovci\/\" \/>\n<meta property=\"article:modified_time\" content=\"2022-07-14T05:54:35+00:00\" \/>\n<meta property=\"og:image\" content=\"https:\/\/visitvinkovci.com\/wp-content\/uploads\/2022\/06\/vikend-u-vinkovcima.jpg\" \/>\n\t<meta property=\"og:image:width\" content=\"2400\" \/>\n\t<meta property=\"og:image:height\" content=\"1600\" \/>\n\t<meta property=\"og:image:type\" content=\"image\/jpeg\" \/>\n<meta name=\"twitter:card\" content=\"summary_large_image\" \/>\n<meta name=\"twitter:label1\" content=\"Gesch\u00e4tzte Lesezeit\" \/>\n\t<meta name=\"twitter:data1\" content=\"2\u00a0Minuten\" \/>\n<script type=\"application\/ld+json\" class=\"yoast-schema-graph\">{\"@context\":\"https:\\\/\\\/schema.org\",\"@graph\":[{\"@type\":\"WebPage\",\"@id\":\"https:\\\/\\\/visitvinkovci.com\\\/dozivite\\\/vikend-u-vinkovcima\\\/\",\"url\":\"https:\\\/\\\/visitvinkovci.com\\\/dozivite\\\/vikend-u-vinkovcima\\\/\",\"name\":\"Vikend u Vinkovcima - Visit Vinkovci\",\"isPartOf\":{\"@id\":\"https:\\\/\\\/visitvinkovci.com\\\/de\\\/#website\"},\"primaryImageOfPage\":{\"@id\":\"https:\\\/\\\/visitvinkovci.com\\\/dozivite\\\/vikend-u-vinkovcima\\\/#primaryimage\"},\"image\":{\"@id\":\"https:\\\/\\\/visitvinkovci.com\\\/dozivite\\\/vikend-u-vinkovcima\\\/#primaryimage\"},\"thumbnailUrl\":\"https:\\\/\\\/visitvinkovci.com\\\/wp-content\\\/uploads\\\/2022\\\/06\\\/vikend-u-vinkovcima.jpg\",\"datePublished\":\"2022-05-25T08:43:07+00:00\",\"dateModified\":\"2022-07-14T05:54:35+00:00\",\"description\":\"Turisti\u010dka zajednica grada Vinkovaca je organizacija koja djeluje po na\u010delu destinacijskog menad\u017ementa, a osnovana je radi promicanja i razvoja turizma Republike Hrvatske i gospodarskih interesa pravnih i fizi\u010dkih osoba koje pru\u017eaju ugostiteljske usluge i usluge u turizmu ili obavljaju drugu djelatnost neposredno povezanu s turizmom na na\u010din da upravljaju destinacijom na razini grada Vinkovaca.\",\"breadcrumb\":{\"@id\":\"https:\\\/\\\/visitvinkovci.com\\\/dozivite\\\/vikend-u-vinkovcima\\\/#breadcrumb\"},\"inLanguage\":\"de\",\"potentialAction\":[{\"@type\":\"ReadAction\",\"target\":[\"https:\\\/\\\/visitvinkovci.com\\\/dozivite\\\/vikend-u-vinkovcima\\\/\"]}]},{\"@type\":\"ImageObject\",\"inLanguage\":\"de\",\"@id\":\"https:\\\/\\\/visitvinkovci.com\\\/dozivite\\\/vikend-u-vinkovcima\\\/#primaryimage\",\"url\":\"https:\\\/\\\/visitvinkovci.com\\\/wp-content\\\/uploads\\\/2022\\\/06\\\/vikend-u-vinkovcima.jpg\",\"contentUrl\":\"https:\\\/\\\/visitvinkovci.com\\\/wp-content\\\/uploads\\\/2022\\\/06\\\/vikend-u-vinkovcima.jpg\",\"width\":2400,\"height\":1600},{\"@type\":\"BreadcrumbList\",\"@id\":\"https:\\\/\\\/visitvinkovci.com\\\/dozivite\\\/vikend-u-vinkovcima\\\/#breadcrumb\",\"itemListElement\":[{\"@type\":\"ListItem\",\"position\":1,\"name\":\"Home\",\"item\":\"https:\\\/\\\/visitvinkovci.com\\\/\"},{\"@type\":\"ListItem\",\"position\":2,\"name\":\"Do\u017eivite\",\"item\":\"https:\\\/\\\/visitvinkovci.com\\\/dozivite\\\/\"},{\"@type\":\"ListItem\",\"position\":3,\"name\":\"Vikend u Vinkovcima\"}]},{\"@type\":\"WebSite\",\"@id\":\"https:\\\/\\\/visitvinkovci.com\\\/de\\\/#website\",\"url\":\"https:\\\/\\\/visitvinkovci.com\\\/de\\\/\",\"name\":\"Visit Vinkovci\",\"description\":\"\",\"publisher\":{\"@id\":\"https:\\\/\\\/visitvinkovci.com\\\/de\\\/#organization\"},\"alternateName\":\"VisitVk\",\"potentialAction\":[{\"@type\":\"SearchAction\",\"target\":{\"@type\":\"EntryPoint\",\"urlTemplate\":\"https:\\\/\\\/visitvinkovci.com\\\/de\\\/?s={search_term_string}\"},\"query-input\":{\"@type\":\"PropertyValueSpecification\",\"valueRequired\":true,\"valueName\":\"search_term_string\"}}],\"inLanguage\":\"de\"},{\"@type\":\"Organization\",\"@id\":\"https:\\\/\\\/visitvinkovci.com\\\/de\\\/#organization\",\"name\":\"Visit Vinkovci\",\"alternateName\":\"Visitvk\",\"url\":\"https:\\\/\\\/visitvinkovci.com\\\/de\\\/\",\"logo\":{\"@type\":\"ImageObject\",\"inLanguage\":\"de\",\"@id\":\"https:\\\/\\\/visitvinkovci.com\\\/de\\\/#\\\/schema\\\/logo\\\/image\\\/\",\"url\":\"https:\\\/\\\/visitvinkovci.com\\\/wp-content\\\/uploads\\\/2022\\\/01\\\/Vinkovci_Logo_Central_HR_COLOR.png\",\"contentUrl\":\"https:\\\/\\\/visitvinkovci.com\\\/wp-content\\\/uploads\\\/2022\\\/01\\\/Vinkovci_Logo_Central_HR_COLOR.png\",\"width\":400,\"height\":314,\"caption\":\"Visit Vinkovci\"},\"image\":{\"@id\":\"https:\\\/\\\/visitvinkovci.com\\\/de\\\/#\\\/schema\\\/logo\\\/image\\\/\"},\"sameAs\":[\"https:\\\/\\\/www.facebook.com\\\/visitvinkovci\\\/\"]}]}<\/script>\n<!-- \/ Yoast SEO plugin. -->","yoast_head_json":{"title":"Vikend u Vinkovcima - Visit Vinkovci","description":"Der Tourismusverband der Stadt Vinkovci ist eine Organisation, die nach dem Prinzip des Destinationsmanagements arbeitet. Er wurde gegr\u00fcndet, um den Tourismus in der Republik Kroatien und die wirtschaftlichen Interessen von juristischen und nat\u00fcrlichen Personen, die Gastgewerbe- und Tourismusdienstleistungen erbringen oder andere Aktivit\u00e4ten aus\u00fcben, die in direktem Zusammenhang mit dem Tourismus stehen, so dass sie das die Destination auf der Stadtebene verwalten zu f\u00f6rdern und entwickeln.","robots":{"index":"index","follow":"follow","max-snippet":"max-snippet:-1","max-image-preview":"max-image-preview:large","max-video-preview":"max-video-preview:-1"},"canonical":"https:\/\/visitvinkovci.com\/de\/dozivite\/vikend-u-vinkovcima\/","og_locale":"de_DE","og_type":"article","og_title":"Vikend u Vinkovcima - Visit Vinkovci","og_description":"Turisti\u010dka zajednica grada Vinkovaca je organizacija koja djeluje po na\u010delu destinacijskog menad\u017ementa, a osnovana je radi promicanja i razvoja turizma Republike Hrvatske i gospodarskih interesa pravnih i fizi\u010dkih osoba koje pru\u017eaju ugostiteljske usluge i usluge u turizmu ili obavljaju drugu djelatnost neposredno povezanu s turizmom na na\u010din da upravljaju destinacijom na razini grada Vinkovaca.","og_url":"https:\/\/visitvinkovci.com\/de\/dozivite\/vikend-u-vinkovcima\/","og_site_name":"Visit Vinkovci","article_publisher":"https:\/\/www.facebook.com\/visitvinkovci\/","article_modified_time":"2022-07-14T05:54:35+00:00","og_image":[{"width":2400,"height":1600,"url":"https:\/\/visitvinkovci.com\/wp-content\/uploads\/2022\/06\/vikend-u-vinkovcima.jpg","type":"image\/jpeg"}],"twitter_card":"summary_large_image","twitter_misc":{"Gesch\u00e4tzte Lesezeit":"2\u00a0Minuten"},"schema":{"@context":"https:\/\/schema.org","@graph":[{"@type":"WebPage","@id":"https:\/\/visitvinkovci.com\/dozivite\/vikend-u-vinkovcima\/","url":"https:\/\/visitvinkovci.com\/dozivite\/vikend-u-vinkovcima\/","name":"Vikend u Vinkovcima - Visit Vinkovci","isPartOf":{"@id":"https:\/\/visitvinkovci.com\/de\/#website"},"primaryImageOfPage":{"@id":"https:\/\/visitvinkovci.com\/dozivite\/vikend-u-vinkovcima\/#primaryimage"},"image":{"@id":"https:\/\/visitvinkovci.com\/dozivite\/vikend-u-vinkovcima\/#primaryimage"},"thumbnailUrl":"https:\/\/visitvinkovci.com\/wp-content\/uploads\/2022\/06\/vikend-u-vinkovcima.jpg","datePublished":"2022-05-25T08:43:07+00:00","dateModified":"2022-07-14T05:54:35+00:00","description":"Der Tourismusverband der Stadt Vinkovci ist eine Organisation, die nach dem Prinzip des Destinationsmanagements arbeitet. Er wurde gegr\u00fcndet, um den Tourismus in der Republik Kroatien und die wirtschaftlichen Interessen von juristischen und nat\u00fcrlichen Personen, die Gastgewerbe- und Tourismusdienstleistungen erbringen oder andere Aktivit\u00e4ten aus\u00fcben, die in direktem Zusammenhang mit dem Tourismus stehen, so dass sie das die Destination auf der Stadtebene verwalten zu f\u00f6rdern und entwickeln.","breadcrumb":{"@id":"https:\/\/visitvinkovci.com\/dozivite\/vikend-u-vinkovcima\/#breadcrumb"},"inLanguage":"de","potentialAction":[{"@type":"ReadAction","target":["https:\/\/visitvinkovci.com\/dozivite\/vikend-u-vinkovcima\/"]}]},{"@type":"ImageObject","inLanguage":"de","@id":"https:\/\/visitvinkovci.com\/dozivite\/vikend-u-vinkovcima\/#primaryimage","url":"https:\/\/visitvinkovci.com\/wp-content\/uploads\/2022\/06\/vikend-u-vinkovcima.jpg","contentUrl":"https:\/\/visitvinkovci.com\/wp-content\/uploads\/2022\/06\/vikend-u-vinkovcima.jpg","width":2400,"height":1600},{"@type":"BreadcrumbList","@id":"https:\/\/visitvinkovci.com\/dozivite\/vikend-u-vinkovcima\/#breadcrumb","itemListElement":[{"@type":"ListItem","position":1,"name":"Home","item":"https:\/\/visitvinkovci.com\/"},{"@type":"ListItem","position":2,"name":"Do\u017eivite","item":"https:\/\/visitvinkovci.com\/dozivite\/"},{"@type":"ListItem","position":3,"name":"Vikend u Vinkovcima"}]},{"@type":"WebSite","@id":"https:\/\/visitvinkovci.com\/de\/#website","url":"https:\/\/visitvinkovci.com\/de\/","name":"Visit Vinkovci","description":"","publisher":{"@id":"https:\/\/visitvinkovci.com\/de\/#organization"},"alternateName":"VisitVk","potentialAction":[{"@type":"SearchAction","target":{"@type":"EntryPoint","urlTemplate":"https:\/\/visitvinkovci.com\/de\/?s={search_term_string}"},"query-input":{"@type":"PropertyValueSpecification","valueRequired":true,"valueName":"search_term_string"}}],"inLanguage":"de"},{"@type":"Organization","@id":"https:\/\/visitvinkovci.com\/de\/#organization","name":"Visit Vinkovci","alternateName":"Visitvk","url":"https:\/\/visitvinkovci.com\/de\/","logo":{"@type":"ImageObject","inLanguage":"de","@id":"https:\/\/visitvinkovci.com\/de\/#\/schema\/logo\/image\/","url":"https:\/\/visitvinkovci.com\/wp-content\/uploads\/2022\/01\/Vinkovci_Logo_Central_HR_COLOR.png","contentUrl":"https:\/\/visitvinkovci.com\/wp-content\/uploads\/2022\/01\/Vinkovci_Logo_Central_HR_COLOR.png","width":400,"height":314,"caption":"Visit Vinkovci"},"image":{"@id":"https:\/\/visitvinkovci.com\/de\/#\/schema\/logo\/image\/"},"sameAs":["https:\/\/www.facebook.com\/visitvinkovci\/"]}]}},"_links":{"self":[{"href":"https:\/\/visitvinkovci.com\/de\/wp-json\/wp\/v2\/pages\/4511","targetHints":{"allow":["GET"]}}],"collection":[{"href":"https:\/\/visitvinkovci.com\/de\/wp-json\/wp\/v2\/pages"}],"about":[{"href":"https:\/\/visitvinkovci.com\/de\/wp-json\/wp\/v2\/types\/page"}],"author":[{"embeddable":true,"href":"https:\/\/visitvinkovci.com\/de\/wp-json\/wp\/v2\/users\/1"}],"replies":[{"embeddable":true,"href":"https:\/\/visitvinkovci.com\/de\/wp-json\/wp\/v2\/comments?post=4511"}],"version-history":[{"count":8,"href":"https:\/\/visitvinkovci.com\/de\/wp-json\/wp\/v2\/pages\/4511\/revisions"}],"predecessor-version":[{"id":5769,"href":"https:\/\/visitvinkovci.com\/de\/wp-json\/wp\/v2\/pages\/4511\/revisions\/5769"}],"up":[{"embeddable":true,"href":"https:\/\/visitvinkovci.com\/de\/wp-json\/wp\/v2\/pages\/4491"}],"wp:featuredmedia":[{"embeddable":true,"href":"https:\/\/visitvinkovci.com\/de\/wp-json\/wp\/v2\/media\/5261"}],"wp:attachment":[{"href":"https:\/\/visitvinkovci.com\/de\/wp-json\/wp\/v2\/media?parent=4511"}],"curies":[{"name":"wp","href":"https:\/\/api.w.org\/{rel}","templated":true}]}}