{"id":4413,"date":"2022-05-24T11:08:17","date_gmt":"2022-05-24T09:08:17","guid":{"rendered":"https:\/\/visitvinkovci.com\/?page_id=4413"},"modified":"2025-07-29T09:07:14","modified_gmt":"2025-07-29T07:07:14","slug":"korisne-informacije","status":"publish","type":"page","link":"https:\/\/visitvinkovci.com\/de\/korisne-informacije\/","title":{"rendered":"N\u00fctzliche Informationen"},"content":{"rendered":"<section class=\"l-section wpb_row height_large width_full\"><div class=\"l-section-overlay\" style=\"background:rgba(26,26,26,0.40)\"><\/div><div class=\"l-section-h i-cf\"><div class=\"g-cols vc_row via_flex valign_middle type_default\"><div class=\"vc_col-sm-12 wpb_column vc_column_container\"><div class=\"vc_column-inner\"><div class=\"wpb_wrapper\"><h1 class=\"w-post-elm post_title us_custom_836f727b has_text_color align_center entry-title color_link_inherit\">N\u00fctzliche Informationen<\/h1><\/div><\/div><\/div><\/div><\/div><\/section>\n<section class=\"l-section wpb_row height_medium\"><div class=\"l-section-h i-cf\"><div class=\"g-cols vc_row via_flex valign_top type_default\"><div class=\"vc_col-sm-12 wpb_column vc_column_container\"><div class=\"vc_column-inner\"><div class=\"wpb_wrapper\"><div class=\"w-tabs layout_ver navwidth_auto navpos_left style_default switch_click has_scrolling\" style=\"--sections-title-size:1em\"><div class=\"w-tabs-list items_6 align_none\"><div class=\"w-tabs-list-h\"><a class=\"w-tabs-item active defined-active with_icon\" aria-controls=\"content-q677\" aria-label=\"fal|exclamation-circle\" href=\"javascript:void(0);\"><i class=\"fal fa-exclamation-circle\"><\/i><span class=\"w-tabs-item-title\"><\/span><\/a><a class=\"w-tabs-item with_icon\" aria-controls=\"content-g8ea\" aria-label=\"fal|sack-dollar\" href=\"javascript:void(0);\"><i class=\"fal fa-sack-dollar\"><\/i><span class=\"w-tabs-item-title\"><\/span><\/a><a class=\"w-tabs-item with_icon\" aria-controls=\"content-na1c\" aria-label=\"fal|money-bill-alt\" href=\"javascript:void(0);\"><i class=\"fal fa-money-bill-alt\"><\/i><span class=\"w-tabs-item-title\"><\/span><\/a><a class=\"w-tabs-item with_icon\" aria-controls=\"content-pb56\" aria-label=\"fal|washer\" href=\"javascript:void(0);\"><i class=\"fal fa-washer\"><\/i><span class=\"w-tabs-item-title\"><\/span><\/a><a class=\"w-tabs-item with_icon\" aria-controls=\"content-nd2b\" aria-label=\"fal|car-wash\" href=\"javascript:void(0);\"><i class=\"fal fa-car-wash\"><\/i><span class=\"w-tabs-item-title\"><\/span><\/a><a class=\"w-tabs-item with_icon\" aria-controls=\"content-hebd\" aria-label=\"fal|store\" href=\"javascript:void(0);\"><i class=\"fal fa-store\"><\/i><span class=\"w-tabs-item-title\"><\/span><\/a><\/div><\/div><div class=\"w-tabs-sections titles-align_none icon_chevron cpos_right\"><div class=\"w-tabs-section active\" id=\"q677\"><button aria-controls=\"content-q677\" class=\"w-tabs-section-header active with_icon\"><i class=\"fal fa-exclamation-circle\"><\/i><div class=\"w-tabs-section-title\"><\/div><div class=\"w-tabs-section-control\"><\/div><\/button><div  class=\"w-tabs-section-content\" id=\"content-q677\" aria-expanded=\"true\"><div class=\"w-tabs-section-content-h i-cf\"><div class=\"wpb_text_column\"><div class=\"wpb_wrapper\"><p><strong>112 \u2013 einheitliche europ\u00e4ische Notrufnummer<\/strong><\/p>\n<h3><strong>RETTUNGSDIENSTE<\/strong><\/h3>\n<p><strong>192 \u2013 Polizei<br \/>\n<\/strong><strong>193 \u2013 Feuerwehr<br \/>\n<\/strong><strong>194 \u2013 Notfallrettung<br \/>\n<\/strong><strong>195 \u2013 Seenotrettung<br \/>\n<\/strong><strong>1987 \u2013 Kroatischer Automobilclub<\/strong><\/p>\n<p><strong>Allgemeines Komitatskrankenhaus Vinkovci<br \/>\n<\/strong><strong>Adresse: Zvonarska 57, Vinkovci<br \/>\n<\/strong><strong>TEL: (+385) 32 34 93 49<br \/>\n<\/strong>\u00d6FFNUNGSZEITEN: 0 \u2013 24<\/p>\n<p><strong>NOTFALLMEDIZINZENTRUM \u2013 ZENTRALE NOTAUFNAHME<br \/>\n<\/strong><strong>Adresse: Zvonarska 57, Vinkovci<br \/>\n<\/strong><strong>TEL: (+385) 32 34 97 84<br \/>\n<\/strong><strong>TEL. (+385) 32 34 97 54<br \/>\n<\/strong>\u00d6FFNUNGSZEITEN: 0 \u2013 24<\/p>\n<p><strong>POLIZEISTATION VINKOVCI<br \/>\n<\/strong><strong>Adresse: Bana Josipa Jela\u010di\u0107a 7, Vinkovci<br \/>\n<\/strong><strong>TEL: (+385) 32 34 38 20<br \/>\n<\/strong>\u00d6FFNUNGSZEITEN: 0 \u2013 24<\/p>\n<p><strong>NOTDIENST-APOTHEKE ,,\u0160IBALI\u0106\u201d<br \/>\n<\/strong><strong>Adresse: Vladimira Gortana 11, Vinkovci<br \/>\n<\/strong><strong>TEL: (+385) 32 36 90 38<br \/>\n<\/strong>\u00d6FFNUNGSZEITEN: 0 \u2013 24<\/p>\n<p><strong>VETERIN\u00c4RKLINIK d.o.o.<br \/>\n<\/strong><strong>Adresse: Ul. Josipa Kozarca 26, Vinkovci<br \/>\n<\/strong><strong>TEL: (+385) 32 33 15 44<\/strong><\/p>\n<\/div><\/div><\/div><\/div><\/div><div class=\"w-tabs-section\" id=\"g8ea\"><button aria-controls=\"content-g8ea\" class=\"w-tabs-section-header with_icon\"><i class=\"fal fa-sack-dollar\"><\/i><div class=\"w-tabs-section-title\"><\/div><div class=\"w-tabs-section-control\"><\/div><\/button><div  class=\"w-tabs-section-content\" id=\"content-g8ea\" aria-expanded=\"false\"><div class=\"w-tabs-section-content-h i-cf\"><div class=\"wpb_text_column\"><div class=\"wpb_wrapper\"><p><strong>ZAGREBA\u010cKA BANKA<br \/>\n<\/strong><strong>Adresse: Ul. kralja Zvonimira 6, 32100, Vinkovci<br \/>\n<\/strong><strong>TEL: (+385) 32 34 80 00<\/strong><\/p>\n<p><strong>ERSTE BANK<br \/>\n<\/strong><strong>Adresse: Duga ul. 10, 32100, Vinkovci<br \/>\n<\/strong><strong>TEL: (+385) 72 37 46 90<\/strong><\/p>\n<p><strong>CROATIA BANK<br \/>\n<\/strong><strong>Adresse: Duga ul., 32100, Vinkovci<br \/>\n<\/strong><strong>TEL: (+385) 32 33 13 77<\/strong><\/p>\n<p><strong>ADDIKO BANK<br \/>\n<\/strong><strong>Adresse: Duga ul. 40, 32100, Vinkovci<br \/>\n<\/strong><strong>TEL: (+385) 72 10 11 02<\/strong><\/p>\n<p><strong>PBZ BANK<br \/>\n<\/strong><strong>Adresse: Duga ul. 20, 32100, Vinkovci<br \/>\n<\/strong><strong>TEL: (+385) 32 23 21 02<\/strong><\/p>\n<p><strong>KREDIT BANK ZAGREB<br \/>\n<\/strong><strong>Adresse: Ul. bana Josipa Jela\u010di\u0107a 6, 32100, Vinkovci<br \/>\n<\/strong><strong>TEL: (+385) 32 33 16 53<\/strong><\/p>\n<p><strong>OTP BANK<br \/>\n<\/strong><strong>Adresse: Trg Slobode 1, 32100, Vinkovci<br \/>\n<\/strong><strong>TEL: (+385) 72 20 10 83<\/strong><\/p>\n<p><strong>PBZ BANK<br \/>\n<\/strong><strong>Adresse: Ul. kralja Zvonimira 49, 32100, Vinkovci<br \/>\n<\/strong><strong>TEL: (+385) 32 23 21 00<\/strong><\/p>\n<p><strong>HPB BANK<br \/>\n<\/strong><strong>Adresse: Trg Franje Tu\u0111mana 2, 32100, Vinkovci<br \/>\n<\/strong><strong>TEL: (+385) 800 47 24 72<\/strong><\/p>\n<p><strong>RAIFFEISEN BANK<br \/>\n<\/strong><strong>Adresse: Trg dr. Franje Tu\u0111mana 1 XVI, 32000, Vinkovci<br \/>\n<\/strong><strong>TEL: (+385) 32 43 25 00<\/strong><\/p>\n<\/div><\/div><\/div><\/div><\/div><div class=\"w-tabs-section\" id=\"na1c\"><button aria-controls=\"content-na1c\" class=\"w-tabs-section-header with_icon\"><i class=\"fal fa-money-bill-alt\"><\/i><div class=\"w-tabs-section-title\"><\/div><div class=\"w-tabs-section-control\"><\/div><\/button><div  class=\"w-tabs-section-content\" id=\"content-na1c\" aria-expanded=\"false\"><div class=\"w-tabs-section-content-h i-cf\"><div class=\"wpb_text_column\"><div class=\"wpb_wrapper\"><p><strong>BOSO (supermarket)<br \/>\n<\/strong><strong>Adresse: Ul. Hansa Dietricha Genschera 22 B, 32100, Vinkovci<\/strong><\/p>\n<p><strong>AURO DOMUS<br \/>\n<\/strong><strong>Trg bana J. \u0160ok\u010devi\u0107a 6<\/strong><\/p>\n<\/div><\/div><\/div><\/div><\/div><div class=\"w-tabs-section\" id=\"pb56\"><button aria-controls=\"content-pb56\" class=\"w-tabs-section-header with_icon\"><i class=\"fal fa-washer\"><\/i><div class=\"w-tabs-section-title\"><\/div><div class=\"w-tabs-section-control\"><\/div><\/button><div  class=\"w-tabs-section-content\" id=\"content-pb56\" aria-expanded=\"false\"><div class=\"w-tabs-section-content-h i-cf\"><div class=\"wpb_text_column\"><div class=\"wpb_wrapper\"><p><strong>KIARA W\u00c4SCHEREI<br \/>\n<\/strong><strong>Ul. bana Josipa Jela\u010di\u0107a 21, 32100, Vinkovci<\/strong><strong>\u00a0<\/strong><\/p>\n<p><strong>W\u00c4SCHEREI \u010cISTO I.<br \/>\n<\/strong><a href=\"https:\/\/www.google.com\/maps\/place\/\/data=!4m2!3m1!1s0x475c8ae094d7cb09:0x6a346ab41de0ee59?sa=X&amp;ved=1t:8290&amp;ictx=111\" target=\"_blank\" rel=\"noopener\"><strong>Lipa 18, 32100, Vinkovci<\/strong><\/a><\/p>\n<p><b>PRAONICA RUBLJA ELEGANT<br \/>\n<\/b><a title=\"Dobiti Smjernice\" href=\"https:\/\/maps.google.com\/maps?daddr=Glagolja%C5%A1ka+ul.+24%2C+32100%2C+Vinkovci%2C+Croatia%2C+Croatia\">Glagolja\u0161ka ul. 24, 32100, Vinkovci<\/a><\/p>\n<\/div><\/div><\/div><\/div><\/div><div class=\"w-tabs-section\" id=\"nd2b\"><button aria-controls=\"content-nd2b\" class=\"w-tabs-section-header with_icon\"><i class=\"fal fa-car-wash\"><\/i><div class=\"w-tabs-section-title\"><\/div><div class=\"w-tabs-section-control\"><\/div><\/button><div  class=\"w-tabs-section-content\" id=\"content-nd2b\" aria-expanded=\"false\"><div class=\"w-tabs-section-content-h i-cf\"><div class=\"wpb_text_column\"><div class=\"wpb_wrapper\"><p><strong>Autow\u00e4sche Slavonija<br \/>\n<\/strong><a href=\"http:\/\/Ul. Hrvoja Vuk\u010di\u0107a Hrvatini\u0107a, 32100, Vinkovci\">Ul. Hrvoja Vuk\u010di\u0107a Hrvatini\u0107a, 32100, Vinkovci<\/a><\/p>\n<p><strong>Autow\u00e4sche Lapovci<br \/>\n<\/strong><a href=\"http:\/\/Lapova\u010dka ul. 15, 32100, Vinkovci\">Lapova\u010dka ul. 15, 32100, Vinkovci<\/a><\/p>\n<p><strong>Autow\u00e4sche Pularis d.o.o.s<br \/>\n<\/strong><a href=\"http:\/\/Zvonarska ul. 59, 32100, Vinkovci\">Zvonarska ul. 59, 32100, Vinkovci<\/a><\/p>\n<p><strong>Waschpark Aquatium<br \/>\n<\/strong><strong>Kolodvorska ulica<\/strong><\/p>\n<p><strong>Autopraonica Politum<br \/>\n<\/strong><a href=\"http:\/\/Lapova\u010dka ul. 13, 32100, Vinkovci\">Lapova\u010dka ul. 13, 32100, Vinkovci<\/a><\/p>\n<p><strong>Autopraonica Brki\u0107<br \/>\n<\/strong><a href=\"http:\/\/Lapova\u010dka ul. 11, 32100, Vinkovci\">Lapova\u010dka ul. 11, 32100, Vinkovci<\/a><strong><br \/>\n<\/strong><\/p>\n<p><strong>Autopraonica Clean Car<br \/>\n<\/strong><a href=\"http:\/\/Ul. Hrvoja Vuk\u010di\u0107a Hrvatini\u0107a 110a, 32100, Vinkovci\">Ul. Hrvoja Vuk\u010di\u0107a Hrvatini\u0107a 110a, 32100, Vinkovci<\/a><\/p>\n<p><strong>\u00a0<\/strong><\/p>\n<\/div><\/div><\/div><\/div><\/div><div class=\"w-tabs-section\" id=\"hebd\"><button aria-controls=\"content-hebd\" class=\"w-tabs-section-header with_icon\"><i class=\"fal fa-store\"><\/i><div class=\"w-tabs-section-title\"><\/div><div class=\"w-tabs-section-control\"><\/div><\/button><div  class=\"w-tabs-section-content\" id=\"content-hebd\" aria-expanded=\"false\"><div class=\"w-tabs-section-content-h i-cf\"><div class=\"wpb_text_column\"><div class=\"wpb_wrapper\"><h3>TRGOVA\u010cKI CENTRI<\/h3>\n<p><strong>STOP SHOP<\/strong><br \/>\n<a tabindex=\"0\" href=\"https:\/\/www.google.com\/maps\/place\/\/data=!4m2!3m1!1s0x475cf5a18aa2c2cf:0x29edae2eba4b54a7?sa=X&amp;ved=1t:8290&amp;ictx=111\" target=\"_blank\" rel=\"noopener\" data-url=\"\/maps\/place\/\/data=!4m2!3m1!1s0x475cf5a18aa2c2cf:0x29edae2eba4b54a7?sa=X&amp;ved=2ahUKEwjxldSz6cyJAxWNnf0HHRn8MQQQ4kB6BAgFEAA\">Ul. Alojzija Stepinca 201, 32100, Vinkovci<\/a><\/p>\n<p><strong>VINKOVCI SHOPPING CAPITOL<\/strong><br \/>\n<a tabindex=\"0\" href=\"https:\/\/www.google.com\/maps\/place\/\/data=!4m2!3m1!1s0x475c8b4bc8e66dc9:0xaaba2eb1001f28ac?sa=X&amp;ved=1t:8290&amp;ictx=111\" data-url=\"\/maps\/place\/\/data=!4m2!3m1!1s0x475c8b4bc8e66dc9:0xaaba2eb1001f28ac?sa=X&amp;ved=2ahUKEwis3_3F6cyJAxWAhv0HHYsYHrIQ4kB6BAgTEAA\">Duga ul. 26, 32100, Vinkovci<\/a><\/p>\n<p><strong>BOSO<\/strong><br \/>\n<a href=\"https:\/\/www.google.com\/maps\/place\/\/data=!4m2!3m1!1s0x475c8ae0ee09cb25:0xfcb3e44dd66f22ef?sa=X&amp;ved=1t:8290&amp;ictx=111\" target=\"_blank\" rel=\"noopener\">Ul. Hansa Dietricha Genschera 22B <span class=\"fMYBhe\">32100, Vinkovci<\/span><\/a><\/p>\n<p><strong>HEY PARK<br \/>\n<\/strong><a href=\"https:\/\/www.google.com\/maps\/place\/\/data=!4m2!3m1!1s0x475c8b006bc4f87f:0x4d5de1f6c4c134a3?sa=X&amp;ved=1t:8290&amp;ictx=111\" target=\"_blank\" rel=\"noopener\">Prilaz A. B. \u0160imi\u0107a 1, Vinkovci<\/a><strong><br \/>\n<\/strong><\/p>\n<\/div><\/div><\/div><\/div><\/div><\/div><\/div><\/div><\/div><\/div><\/div><\/div><\/section>","protected":false},"excerpt":{"rendered":"Korisne informacije 112 &#8211; Jedinstveni europski broj za hitne slu\u017ebe HITNE SLU\u017dBE 192 &#8211; policija 193 &#8211; vatrogasci 194 &#8211; hitna pomo\u0107 195 &#8211; spa\u0161avanje na moru 1987 &#8211; Hrvatski...","protected":false},"author":1,"featured_media":5235,"parent":0,"menu_order":0,"comment_status":"closed","ping_status":"closed","template":"","meta":{"footnotes":""},"class_list":["post-4413","page","type-page","status-publish","has-post-thumbnail","hentry"],"acf":[],"yoast_head":"<!-- This site is optimized with the Yoast SEO plugin v27.6 - https:\/\/yoast.com\/product\/yoast-seo-wordpress\/ -->\n<title>Visit Vinkovci<\/title>\n<meta name=\"description\" content=\"Turisti\u010dka zajednica grada Vinkovaca je organizacija koja djeluje po na\u010delu destinacijskog menad\u017ementa, a osnovana je radi promicanja i razvoja turizma Republike Hrvatske i gospodarskih interesa pravnih i fizi\u010dkih osoba koje pru\u017eaju ugostiteljske usluge i usluge u turizmu ili obavljaju drugu djelatnost neposredno povezanu s turizmom na na\u010din da upravljaju destinacijom na razini grada Vinkovaca.\" \/>\n<meta name=\"robots\" content=\"index, follow, max-snippet:-1, max-image-preview:large, max-video-preview:-1\" \/>\n<link rel=\"canonical\" href=\"https:\/\/visitvinkovci.com\/de\/korisne-informacije\/\" \/>\n<meta property=\"og:locale\" content=\"de_DE\" \/>\n<meta property=\"og:type\" content=\"article\" \/>\n<meta property=\"og:title\" content=\"Visit Vinkovci\" \/>\n<meta property=\"og:description\" content=\"Turisti\u010dka zajednica grada Vinkovaca je organizacija koja djeluje po na\u010delu destinacijskog menad\u017ementa, a osnovana je radi promicanja i razvoja turizma Republike Hrvatske i gospodarskih interesa pravnih i fizi\u010dkih osoba koje pru\u017eaju ugostiteljske usluge i usluge u turizmu ili obavljaju drugu djelatnost neposredno povezanu s turizmom na na\u010din da upravljaju destinacijom na razini grada Vinkovaca.\" \/>\n<meta property=\"og:url\" content=\"https:\/\/visitvinkovci.com\/de\/korisne-informacije\/\" \/>\n<meta property=\"og:site_name\" content=\"Visit Vinkovci\" \/>\n<meta property=\"article:publisher\" content=\"https:\/\/www.facebook.com\/visitvinkovci\/\" \/>\n<meta property=\"article:modified_time\" content=\"2025-07-29T07:07:14+00:00\" \/>\n<meta property=\"og:image\" content=\"https:\/\/visitvinkovci.com\/wp-content\/uploads\/2022\/06\/korisne-info.jpg\" \/>\n\t<meta property=\"og:image:width\" content=\"2400\" \/>\n\t<meta property=\"og:image:height\" content=\"1598\" \/>\n\t<meta property=\"og:image:type\" content=\"image\/jpeg\" \/>\n<meta name=\"twitter:card\" content=\"summary_large_image\" \/>\n<meta name=\"twitter:label1\" content=\"Gesch\u00e4tzte Lesezeit\" \/>\n\t<meta name=\"twitter:data1\" content=\"3\u00a0Minuten\" \/>\n<script type=\"application\/ld+json\" class=\"yoast-schema-graph\">{\"@context\":\"https:\\\/\\\/schema.org\",\"@graph\":[{\"@type\":\"WebPage\",\"@id\":\"https:\\\/\\\/visitvinkovci.com\\\/korisne-informacije\\\/\",\"url\":\"https:\\\/\\\/visitvinkovci.com\\\/korisne-informacije\\\/\",\"name\":\"Visit Vinkovci\",\"isPartOf\":{\"@id\":\"https:\\\/\\\/visitvinkovci.com\\\/de\\\/#website\"},\"primaryImageOfPage\":{\"@id\":\"https:\\\/\\\/visitvinkovci.com\\\/korisne-informacije\\\/#primaryimage\"},\"image\":{\"@id\":\"https:\\\/\\\/visitvinkovci.com\\\/korisne-informacije\\\/#primaryimage\"},\"thumbnailUrl\":\"https:\\\/\\\/visitvinkovci.com\\\/wp-content\\\/uploads\\\/2022\\\/06\\\/korisne-info.jpg\",\"datePublished\":\"2022-05-24T09:08:17+00:00\",\"dateModified\":\"2025-07-29T07:07:14+00:00\",\"description\":\"Turisti\u010dka zajednica grada Vinkovaca je organizacija koja djeluje po na\u010delu destinacijskog menad\u017ementa, a osnovana je radi promicanja i razvoja turizma Republike Hrvatske i gospodarskih interesa pravnih i fizi\u010dkih osoba koje pru\u017eaju ugostiteljske usluge i usluge u turizmu ili obavljaju drugu djelatnost neposredno povezanu s turizmom na na\u010din da upravljaju destinacijom na razini grada Vinkovaca.\",\"breadcrumb\":{\"@id\":\"https:\\\/\\\/visitvinkovci.com\\\/korisne-informacije\\\/#breadcrumb\"},\"inLanguage\":\"de\",\"potentialAction\":[{\"@type\":\"ReadAction\",\"target\":[\"https:\\\/\\\/visitvinkovci.com\\\/korisne-informacije\\\/\"]}]},{\"@type\":\"ImageObject\",\"inLanguage\":\"de\",\"@id\":\"https:\\\/\\\/visitvinkovci.com\\\/korisne-informacije\\\/#primaryimage\",\"url\":\"https:\\\/\\\/visitvinkovci.com\\\/wp-content\\\/uploads\\\/2022\\\/06\\\/korisne-info.jpg\",\"contentUrl\":\"https:\\\/\\\/visitvinkovci.com\\\/wp-content\\\/uploads\\\/2022\\\/06\\\/korisne-info.jpg\",\"width\":2400,\"height\":1598},{\"@type\":\"BreadcrumbList\",\"@id\":\"https:\\\/\\\/visitvinkovci.com\\\/korisne-informacije\\\/#breadcrumb\",\"itemListElement\":[{\"@type\":\"ListItem\",\"position\":1,\"name\":\"Home\",\"item\":\"https:\\\/\\\/visitvinkovci.com\\\/\"},{\"@type\":\"ListItem\",\"position\":2,\"name\":\"Korisne informacije\"}]},{\"@type\":\"WebSite\",\"@id\":\"https:\\\/\\\/visitvinkovci.com\\\/de\\\/#website\",\"url\":\"https:\\\/\\\/visitvinkovci.com\\\/de\\\/\",\"name\":\"Visit Vinkovci\",\"description\":\"\",\"publisher\":{\"@id\":\"https:\\\/\\\/visitvinkovci.com\\\/de\\\/#organization\"},\"alternateName\":\"VisitVk\",\"potentialAction\":[{\"@type\":\"SearchAction\",\"target\":{\"@type\":\"EntryPoint\",\"urlTemplate\":\"https:\\\/\\\/visitvinkovci.com\\\/de\\\/?s={search_term_string}\"},\"query-input\":{\"@type\":\"PropertyValueSpecification\",\"valueRequired\":true,\"valueName\":\"search_term_string\"}}],\"inLanguage\":\"de\"},{\"@type\":\"Organization\",\"@id\":\"https:\\\/\\\/visitvinkovci.com\\\/de\\\/#organization\",\"name\":\"Visit Vinkovci\",\"alternateName\":\"Visitvk\",\"url\":\"https:\\\/\\\/visitvinkovci.com\\\/de\\\/\",\"logo\":{\"@type\":\"ImageObject\",\"inLanguage\":\"de\",\"@id\":\"https:\\\/\\\/visitvinkovci.com\\\/de\\\/#\\\/schema\\\/logo\\\/image\\\/\",\"url\":\"https:\\\/\\\/visitvinkovci.com\\\/wp-content\\\/uploads\\\/2022\\\/01\\\/Vinkovci_Logo_Central_HR_COLOR.png\",\"contentUrl\":\"https:\\\/\\\/visitvinkovci.com\\\/wp-content\\\/uploads\\\/2022\\\/01\\\/Vinkovci_Logo_Central_HR_COLOR.png\",\"width\":400,\"height\":314,\"caption\":\"Visit Vinkovci\"},\"image\":{\"@id\":\"https:\\\/\\\/visitvinkovci.com\\\/de\\\/#\\\/schema\\\/logo\\\/image\\\/\"},\"sameAs\":[\"https:\\\/\\\/www.facebook.com\\\/visitvinkovci\\\/\"]}]}<\/script>\n<!-- \/ Yoast SEO plugin. -->","yoast_head_json":{"title":"Visit Vinkovci","description":"Der Tourismusverband der Stadt Vinkovci ist eine Organisation, die nach dem Prinzip des Destinationsmanagements arbeitet. Er wurde gegr\u00fcndet, um den Tourismus in der Republik Kroatien und die wirtschaftlichen Interessen von juristischen und nat\u00fcrlichen Personen, die Gastgewerbe- und Tourismusdienstleistungen erbringen oder andere Aktivit\u00e4ten aus\u00fcben, die in direktem Zusammenhang mit dem Tourismus stehen, so dass sie das die Destination auf der Stadtebene verwalten zu f\u00f6rdern und entwickeln.","robots":{"index":"index","follow":"follow","max-snippet":"max-snippet:-1","max-image-preview":"max-image-preview:large","max-video-preview":"max-video-preview:-1"},"canonical":"https:\/\/visitvinkovci.com\/de\/korisne-informacije\/","og_locale":"de_DE","og_type":"article","og_title":"Visit Vinkovci","og_description":"Turisti\u010dka zajednica grada Vinkovaca je organizacija koja djeluje po na\u010delu destinacijskog menad\u017ementa, a osnovana je radi promicanja i razvoja turizma Republike Hrvatske i gospodarskih interesa pravnih i fizi\u010dkih osoba koje pru\u017eaju ugostiteljske usluge i usluge u turizmu ili obavljaju drugu djelatnost neposredno povezanu s turizmom na na\u010din da upravljaju destinacijom na razini grada Vinkovaca.","og_url":"https:\/\/visitvinkovci.com\/de\/korisne-informacije\/","og_site_name":"Visit Vinkovci","article_publisher":"https:\/\/www.facebook.com\/visitvinkovci\/","article_modified_time":"2025-07-29T07:07:14+00:00","og_image":[{"width":2400,"height":1598,"url":"https:\/\/visitvinkovci.com\/wp-content\/uploads\/2022\/06\/korisne-info.jpg","type":"image\/jpeg"}],"twitter_card":"summary_large_image","twitter_misc":{"Gesch\u00e4tzte Lesezeit":"3\u00a0Minuten"},"schema":{"@context":"https:\/\/schema.org","@graph":[{"@type":"WebPage","@id":"https:\/\/visitvinkovci.com\/korisne-informacije\/","url":"https:\/\/visitvinkovci.com\/korisne-informacije\/","name":"Visit Vinkovci","isPartOf":{"@id":"https:\/\/visitvinkovci.com\/de\/#website"},"primaryImageOfPage":{"@id":"https:\/\/visitvinkovci.com\/korisne-informacije\/#primaryimage"},"image":{"@id":"https:\/\/visitvinkovci.com\/korisne-informacije\/#primaryimage"},"thumbnailUrl":"https:\/\/visitvinkovci.com\/wp-content\/uploads\/2022\/06\/korisne-info.jpg","datePublished":"2022-05-24T09:08:17+00:00","dateModified":"2025-07-29T07:07:14+00:00","description":"Der Tourismusverband der Stadt Vinkovci ist eine Organisation, die nach dem Prinzip des Destinationsmanagements arbeitet. Er wurde gegr\u00fcndet, um den Tourismus in der Republik Kroatien und die wirtschaftlichen Interessen von juristischen und nat\u00fcrlichen Personen, die Gastgewerbe- und Tourismusdienstleistungen erbringen oder andere Aktivit\u00e4ten aus\u00fcben, die in direktem Zusammenhang mit dem Tourismus stehen, so dass sie das die Destination auf der Stadtebene verwalten zu f\u00f6rdern und entwickeln.","breadcrumb":{"@id":"https:\/\/visitvinkovci.com\/korisne-informacije\/#breadcrumb"},"inLanguage":"de","potentialAction":[{"@type":"ReadAction","target":["https:\/\/visitvinkovci.com\/korisne-informacije\/"]}]},{"@type":"ImageObject","inLanguage":"de","@id":"https:\/\/visitvinkovci.com\/korisne-informacije\/#primaryimage","url":"https:\/\/visitvinkovci.com\/wp-content\/uploads\/2022\/06\/korisne-info.jpg","contentUrl":"https:\/\/visitvinkovci.com\/wp-content\/uploads\/2022\/06\/korisne-info.jpg","width":2400,"height":1598},{"@type":"BreadcrumbList","@id":"https:\/\/visitvinkovci.com\/korisne-informacije\/#breadcrumb","itemListElement":[{"@type":"ListItem","position":1,"name":"Home","item":"https:\/\/visitvinkovci.com\/"},{"@type":"ListItem","position":2,"name":"Korisne informacije"}]},{"@type":"WebSite","@id":"https:\/\/visitvinkovci.com\/de\/#website","url":"https:\/\/visitvinkovci.com\/de\/","name":"Visit Vinkovci","description":"","publisher":{"@id":"https:\/\/visitvinkovci.com\/de\/#organization"},"alternateName":"VisitVk","potentialAction":[{"@type":"SearchAction","target":{"@type":"EntryPoint","urlTemplate":"https:\/\/visitvinkovci.com\/de\/?s={search_term_string}"},"query-input":{"@type":"PropertyValueSpecification","valueRequired":true,"valueName":"search_term_string"}}],"inLanguage":"de"},{"@type":"Organization","@id":"https:\/\/visitvinkovci.com\/de\/#organization","name":"Visit Vinkovci","alternateName":"Visitvk","url":"https:\/\/visitvinkovci.com\/de\/","logo":{"@type":"ImageObject","inLanguage":"de","@id":"https:\/\/visitvinkovci.com\/de\/#\/schema\/logo\/image\/","url":"https:\/\/visitvinkovci.com\/wp-content\/uploads\/2022\/01\/Vinkovci_Logo_Central_HR_COLOR.png","contentUrl":"https:\/\/visitvinkovci.com\/wp-content\/uploads\/2022\/01\/Vinkovci_Logo_Central_HR_COLOR.png","width":400,"height":314,"caption":"Visit Vinkovci"},"image":{"@id":"https:\/\/visitvinkovci.com\/de\/#\/schema\/logo\/image\/"},"sameAs":["https:\/\/www.facebook.com\/visitvinkovci\/"]}]}},"_links":{"self":[{"href":"https:\/\/visitvinkovci.com\/de\/wp-json\/wp\/v2\/pages\/4413","targetHints":{"allow":["GET"]}}],"collection":[{"href":"https:\/\/visitvinkovci.com\/de\/wp-json\/wp\/v2\/pages"}],"about":[{"href":"https:\/\/visitvinkovci.com\/de\/wp-json\/wp\/v2\/types\/page"}],"author":[{"embeddable":true,"href":"https:\/\/visitvinkovci.com\/de\/wp-json\/wp\/v2\/users\/1"}],"replies":[{"embeddable":true,"href":"https:\/\/visitvinkovci.com\/de\/wp-json\/wp\/v2\/comments?post=4413"}],"version-history":[{"count":19,"href":"https:\/\/visitvinkovci.com\/de\/wp-json\/wp\/v2\/pages\/4413\/revisions"}],"predecessor-version":[{"id":10436,"href":"https:\/\/visitvinkovci.com\/de\/wp-json\/wp\/v2\/pages\/4413\/revisions\/10436"}],"wp:featuredmedia":[{"embeddable":true,"href":"https:\/\/visitvinkovci.com\/de\/wp-json\/wp\/v2\/media\/5235"}],"wp:attachment":[{"href":"https:\/\/visitvinkovci.com\/de\/wp-json\/wp\/v2\/media?parent=4413"}],"curies":[{"name":"wp","href":"https:\/\/api.w.org\/{rel}","templated":true}]}}