{"id":4341,"date":"2022-05-04T08:13:48","date_gmt":"2022-05-04T06:13:48","guid":{"rendered":"https:\/\/visitvinkovci.com\/?page_id=4341"},"modified":"2022-07-14T14:26:11","modified_gmt":"2022-07-14T12:26:11","slug":"tipicno-vinkovacko","status":"publish","type":"page","link":"https:\/\/visitvinkovci.com\/de\/tipicno-vinkovacko\/","title":{"rendered":"Etwas Typisches aus Vinkovci"},"content":{"rendered":"<section class=\"l-section wpb_row us_custom_381c562c has_text_color height_medium full_height valign_center with_img parallax_fixed\"><div class=\"l-section-img\" style=\"background-image: url(https:\/\/visitvinkovci.com\/wp-content\/uploads\/2022\/06\/tipicno-vinkovacko.jpg);\" data-img-width=\"1066\" data-img-height=\"1600\"><\/div><div class=\"l-section-overlay\" style=\"background:rgba(26,26,26,0.50)\"><\/div><div class=\"l-section-h i-cf\"><div class=\"g-cols vc_row via_flex valign_top type_default\"><div class=\"vc_col-sm-6 wpb_column vc_column_container\"><div class=\"vc_column-inner\"><div class=\"wpb_wrapper\"><div class=\"wpb_text_column\"><div class=\"wpb_wrapper\"><h1>ETWAS TYPISCHES AUS VINKOVCI<\/h1>\n<p>In der allt\u00e4glichen Konversation finden sich die verschiedensten Einfl\u00fcsse wieder: von \u0160oka\u010da ikavica, t\u00fcrkischen und deutschen Lehnw\u00f6rtern, bis hin zu einer Vielzahl spezifischer lokaler Ausdr\u00fccke. Wenn jemand Ihnen beispielsweise sagt, dass <em>Sie zu \u201ebudica\u201c <\/em><\/p>\n<\/div><\/div><div class=\"w-btn-wrapper align_none\"><a class=\"w-btn us-btn-style_1 us_custom_703b2333\" title=\"Etwas Typisches aus Vinkovci\" href=\"https:\/\/visitvinkovci.com\/de\/tipicno-vinkovacko\/tipicno-vinkovacko\/\"><span class=\"w-btn-label\">FINDE MEHR HERAUS<\/span><\/a><\/div><\/div><\/div><\/div><div class=\"vc_col-sm-6 wpb_column vc_column_container\"><div class=\"vc_column-inner\"><div class=\"wpb_wrapper\"><\/div><\/div><\/div><\/div><\/div><\/section><section class=\"l-section wpb_row us_custom_381c562c has_text_color height_medium full_height valign_center with_img parallax_fixed\"><div class=\"l-section-img\" style=\"background-image: url(https:\/\/visitvinkovci.com\/wp-content\/uploads\/2022\/05\/Vinkovacke-zanimljivosti.jpg);\" data-img-width=\"1920\" data-img-height=\"1280\"><\/div><div class=\"l-section-overlay\" style=\"background:rgba(26,26,26,0.50)\"><\/div><div class=\"l-section-h i-cf\"><div class=\"g-cols vc_row via_flex valign_top type_default\"><div class=\"vc_col-sm-6 wpb_column vc_column_container\"><div class=\"vc_column-inner\"><div class=\"wpb_wrapper\"><\/div><\/div><\/div><div class=\"vc_col-sm-6 wpb_column vc_column_container\"><div class=\"vc_column-inner\"><div class=\"wpb_wrapper\"><div class=\"wpb_text_column\"><div class=\"wpb_wrapper\"><h1>WISSENSWERTES IN VINKOVCI<\/h1>\n<p>In den 1970er und 1980er Jahren hatte Vinkovci den Status eines der wichtigsten Eisenbahnknotenpunkte Europas. Damals verlie\u00dfen Z\u00fcge zum Teil im 4-Minuten-Rhythmus dem Bahnhof, t\u00e4glich waren bis zu 360 Abfahrten zu verzeichnen \u2013 oder anders gesagt, wurden t\u00e4glich bis zu 50.000 Passagiere in Vinkovci gez\u00e4hlt!<\/p>\n<\/div><\/div><div class=\"w-btn-wrapper align_none\"><a class=\"w-btn us-btn-style_1 us_custom_703b2333\" title=\"Wissenswertes in Vinkovci\" href=\"https:\/\/visitvinkovci.com\/de\/tipicno-vinkovacko\/vinkovacke-zanimljivosti\/\"><span class=\"w-btn-label\">FINDE MEHR HERAUS<\/span><\/a><\/div><\/div><\/div><\/div><\/div><\/div><\/section><section class=\"l-section wpb_row us_custom_381c562c has_text_color height_medium full_height valign_center with_img parallax_fixed\"><div class=\"l-section-img\" style=\"background-image: url(https:\/\/visitvinkovci.com\/wp-content\/uploads\/2022\/05\/Poznati-Vinkovcani.jpg);background-position: top center;\" data-img-width=\"1920\" data-img-height=\"1280\"><\/div><div class=\"l-section-overlay\" style=\"background:rgba(26,26,26,0.50)\"><\/div><div class=\"l-section-h i-cf\"><div class=\"g-cols vc_row via_flex valign_top type_default\"><div class=\"vc_col-sm-6 wpb_column vc_column_container\"><div class=\"vc_column-inner\"><div class=\"wpb_wrapper\"><div class=\"wpb_text_column\"><div class=\"wpb_wrapper\"><h1>Ber\u00fchmte Pers\u00f6nlichkeiten aus Vinkovci<\/h1>\n<p>Viele ber\u00fchmte Pers\u00f6nlichkeiten wurden in Vinkovci geboren, ausgebildet oder lebten hier \u2013 Schriftsteller, Komponisten, Maler und Bildhauer, Schauspieler und Filmregisseure.<\/p>\n<\/div><\/div><div class=\"w-btn-wrapper align_none\"><a class=\"w-btn us-btn-style_1 us_custom_703b2333\" title=\"Ber\u00fchmte Pers\u00f6nlichkeiten aus Vinkovci\" href=\"https:\/\/visitvinkovci.com\/de\/tipicno-vinkovacko\/poznati-vinkovcani\/\"><span class=\"w-btn-label\">FINDE MEHR HERAUS<\/span><\/a><\/div><\/div><\/div><\/div><div class=\"vc_col-sm-6 wpb_column vc_column_container\"><div class=\"vc_column-inner\"><div class=\"wpb_wrapper\"><\/div><\/div><\/div><\/div><\/div><\/section><section class=\"l-section wpb_row us_custom_6df4bc3a has_text_color height_medium full_height valign_center with_img parallax_fixed\"><div class=\"l-section-img\" style=\"background-image: url(https:\/\/visitvinkovci.com\/wp-content\/uploads\/2022\/05\/Kulturno-nasljede.jpg);\" data-img-width=\"1920\" data-img-height=\"1280\"><\/div><div class=\"l-section-overlay\" style=\"background:rgba(26,26,26,0.50)\"><\/div><div class=\"l-section-h i-cf\"><div class=\"g-cols vc_row via_flex valign_top type_default\"><div class=\"vc_col-sm-6 wpb_column vc_column_container\"><div class=\"vc_column-inner\"><div class=\"wpb_wrapper\"><\/div><\/div><\/div><div class=\"vc_col-sm-6 wpb_column vc_column_container\"><div class=\"vc_column-inner\"><div class=\"wpb_wrapper\"><div class=\"wpb_text_column\"><div class=\"wpb_wrapper\"><h1>KULTURERBE<\/h1>\n<p>Die Breite und Tiefe der slawonischen Seele spiegelt sich wunderbar in der lokalen Sprache wider, vor allem in der urspr\u00fcnglichen Sprache der \u0160okci (Schoktzen).<\/p>\n<\/div><\/div><div class=\"w-btn-wrapper align_none\"><a class=\"w-btn us-btn-style_1 us_custom_703b2333\" title=\"Kulturerbe\" href=\"https:\/\/visitvinkovci.com\/de\/tipicno-vinkovacko\/kulturno-nasljede\/\"><span class=\"w-btn-label\">FINDE MEHR HERAUS<\/span><\/a><\/div><\/div><\/div><\/div><\/div><\/div><\/section>","protected":false},"excerpt":{"rendered":"TIPI\u010cNO VINKOVA\u010cKO U vinkova\u010dkom se govoru \u010duje \u010ditav niz utjecaja \u2013 od \u0161oka\u010dke ikavice, turcizama i germanizama do mno\u0161tva specifi\u010dnih lokalizama. Na primjer, netko vam ovdje ka\u017ee da odete do...","protected":false},"author":1,"featured_media":0,"parent":0,"menu_order":0,"comment_status":"closed","ping_status":"closed","template":"","meta":{"footnotes":""},"class_list":["post-4341","page","type-page","status-publish","hentry"],"acf":[],"yoast_head":"<!-- This site is optimized with the Yoast SEO plugin v27.6 - https:\/\/yoast.com\/product\/yoast-seo-wordpress\/ -->\n<title>Tipi\u010dno Vinkova\u010dko - Visit Vinkovci<\/title>\n<meta name=\"description\" content=\"Turisti\u010dka zajednica grada Vinkovaca je organizacija koja djeluje po na\u010delu destinacijskog menad\u017ementa, a osnovana je radi promicanja i razvoja turizma Republike Hrvatske i gospodarskih interesa pravnih i fizi\u010dkih osoba koje pru\u017eaju ugostiteljske usluge i usluge u turizmu ili obavljaju drugu djelatnost neposredno povezanu s turizmom na na\u010din da upravljaju destinacijom na razini grada Vinkovaca.\" \/>\n<meta name=\"robots\" content=\"index, follow, max-snippet:-1, max-image-preview:large, max-video-preview:-1\" \/>\n<link rel=\"canonical\" href=\"https:\/\/visitvinkovci.com\/de\/tipicno-vinkovacko\/\" \/>\n<meta property=\"og:locale\" content=\"de_DE\" \/>\n<meta property=\"og:type\" content=\"article\" \/>\n<meta property=\"og:title\" content=\"Tipi\u010dno Vinkova\u010dko - Visit Vinkovci\" \/>\n<meta property=\"og:description\" content=\"Turisti\u010dka zajednica grada Vinkovaca je organizacija koja djeluje po na\u010delu destinacijskog menad\u017ementa, a osnovana je radi promicanja i razvoja turizma Republike Hrvatske i gospodarskih interesa pravnih i fizi\u010dkih osoba koje pru\u017eaju ugostiteljske usluge i usluge u turizmu ili obavljaju drugu djelatnost neposredno povezanu s turizmom na na\u010din da upravljaju destinacijom na razini grada Vinkovaca.\" \/>\n<meta property=\"og:url\" content=\"https:\/\/visitvinkovci.com\/de\/tipicno-vinkovacko\/\" \/>\n<meta property=\"og:site_name\" content=\"Visit Vinkovci\" \/>\n<meta property=\"article:publisher\" content=\"https:\/\/www.facebook.com\/visitvinkovci\/\" \/>\n<meta property=\"article:modified_time\" content=\"2022-07-14T12:26:11+00:00\" \/>\n<meta property=\"og:image\" content=\"https:\/\/visitvinkovci.com\/wp-content\/uploads\/2022\/01\/Vinkovci_Logo_Central_HR_COLOR.png\" \/>\n\t<meta property=\"og:image:width\" content=\"400\" \/>\n\t<meta property=\"og:image:height\" content=\"314\" \/>\n\t<meta property=\"og:image:type\" content=\"image\/png\" \/>\n<meta name=\"twitter:card\" content=\"summary_large_image\" \/>\n<meta name=\"twitter:label1\" content=\"Gesch\u00e4tzte Lesezeit\" \/>\n\t<meta name=\"twitter:data1\" content=\"2\u00a0Minuten\" \/>\n<script type=\"application\/ld+json\" class=\"yoast-schema-graph\">{\"@context\":\"https:\\\/\\\/schema.org\",\"@graph\":[{\"@type\":\"WebPage\",\"@id\":\"https:\\\/\\\/visitvinkovci.com\\\/tipicno-vinkovacko\\\/\",\"url\":\"https:\\\/\\\/visitvinkovci.com\\\/tipicno-vinkovacko\\\/\",\"name\":\"Tipi\u010dno Vinkova\u010dko - Visit Vinkovci\",\"isPartOf\":{\"@id\":\"https:\\\/\\\/visitvinkovci.com\\\/de\\\/#website\"},\"datePublished\":\"2022-05-04T06:13:48+00:00\",\"dateModified\":\"2022-07-14T12:26:11+00:00\",\"description\":\"Turisti\u010dka zajednica grada Vinkovaca je organizacija koja djeluje po na\u010delu destinacijskog menad\u017ementa, a osnovana je radi promicanja i razvoja turizma Republike Hrvatske i gospodarskih interesa pravnih i fizi\u010dkih osoba koje pru\u017eaju ugostiteljske usluge i usluge u turizmu ili obavljaju drugu djelatnost neposredno povezanu s turizmom na na\u010din da upravljaju destinacijom na razini grada Vinkovaca.\",\"breadcrumb\":{\"@id\":\"https:\\\/\\\/visitvinkovci.com\\\/tipicno-vinkovacko\\\/#breadcrumb\"},\"inLanguage\":\"de\",\"potentialAction\":[{\"@type\":\"ReadAction\",\"target\":[\"https:\\\/\\\/visitvinkovci.com\\\/tipicno-vinkovacko\\\/\"]}]},{\"@type\":\"BreadcrumbList\",\"@id\":\"https:\\\/\\\/visitvinkovci.com\\\/tipicno-vinkovacko\\\/#breadcrumb\",\"itemListElement\":[{\"@type\":\"ListItem\",\"position\":1,\"name\":\"Home\",\"item\":\"https:\\\/\\\/visitvinkovci.com\\\/\"},{\"@type\":\"ListItem\",\"position\":2,\"name\":\"Tipi\u010dno Vinkova\u010dko\"}]},{\"@type\":\"WebSite\",\"@id\":\"https:\\\/\\\/visitvinkovci.com\\\/de\\\/#website\",\"url\":\"https:\\\/\\\/visitvinkovci.com\\\/de\\\/\",\"name\":\"Visit Vinkovci\",\"description\":\"\",\"publisher\":{\"@id\":\"https:\\\/\\\/visitvinkovci.com\\\/de\\\/#organization\"},\"alternateName\":\"VisitVk\",\"potentialAction\":[{\"@type\":\"SearchAction\",\"target\":{\"@type\":\"EntryPoint\",\"urlTemplate\":\"https:\\\/\\\/visitvinkovci.com\\\/de\\\/?s={search_term_string}\"},\"query-input\":{\"@type\":\"PropertyValueSpecification\",\"valueRequired\":true,\"valueName\":\"search_term_string\"}}],\"inLanguage\":\"de\"},{\"@type\":\"Organization\",\"@id\":\"https:\\\/\\\/visitvinkovci.com\\\/de\\\/#organization\",\"name\":\"Visit Vinkovci\",\"alternateName\":\"Visitvk\",\"url\":\"https:\\\/\\\/visitvinkovci.com\\\/de\\\/\",\"logo\":{\"@type\":\"ImageObject\",\"inLanguage\":\"de\",\"@id\":\"https:\\\/\\\/visitvinkovci.com\\\/de\\\/#\\\/schema\\\/logo\\\/image\\\/\",\"url\":\"https:\\\/\\\/visitvinkovci.com\\\/wp-content\\\/uploads\\\/2022\\\/01\\\/Vinkovci_Logo_Central_HR_COLOR.png\",\"contentUrl\":\"https:\\\/\\\/visitvinkovci.com\\\/wp-content\\\/uploads\\\/2022\\\/01\\\/Vinkovci_Logo_Central_HR_COLOR.png\",\"width\":400,\"height\":314,\"caption\":\"Visit Vinkovci\"},\"image\":{\"@id\":\"https:\\\/\\\/visitvinkovci.com\\\/de\\\/#\\\/schema\\\/logo\\\/image\\\/\"},\"sameAs\":[\"https:\\\/\\\/www.facebook.com\\\/visitvinkovci\\\/\"]}]}<\/script>\n<!-- \/ Yoast SEO plugin. -->","yoast_head_json":{"title":"Tipi\u010dno Vinkova\u010dko - Visit Vinkovci","description":"Der Tourismusverband der Stadt Vinkovci ist eine Organisation, die nach dem Prinzip des Destinationsmanagements arbeitet. Er wurde gegr\u00fcndet, um den Tourismus in der Republik Kroatien und die wirtschaftlichen Interessen von juristischen und nat\u00fcrlichen Personen, die Gastgewerbe- und Tourismusdienstleistungen erbringen oder andere Aktivit\u00e4ten aus\u00fcben, die in direktem Zusammenhang mit dem Tourismus stehen, so dass sie das die Destination auf der Stadtebene verwalten zu f\u00f6rdern und entwickeln.","robots":{"index":"index","follow":"follow","max-snippet":"max-snippet:-1","max-image-preview":"max-image-preview:large","max-video-preview":"max-video-preview:-1"},"canonical":"https:\/\/visitvinkovci.com\/de\/tipicno-vinkovacko\/","og_locale":"de_DE","og_type":"article","og_title":"Tipi\u010dno Vinkova\u010dko - Visit Vinkovci","og_description":"Turisti\u010dka zajednica grada Vinkovaca je organizacija koja djeluje po na\u010delu destinacijskog menad\u017ementa, a osnovana je radi promicanja i razvoja turizma Republike Hrvatske i gospodarskih interesa pravnih i fizi\u010dkih osoba koje pru\u017eaju ugostiteljske usluge i usluge u turizmu ili obavljaju drugu djelatnost neposredno povezanu s turizmom na na\u010din da upravljaju destinacijom na razini grada Vinkovaca.","og_url":"https:\/\/visitvinkovci.com\/de\/tipicno-vinkovacko\/","og_site_name":"Visit Vinkovci","article_publisher":"https:\/\/www.facebook.com\/visitvinkovci\/","article_modified_time":"2022-07-14T12:26:11+00:00","og_image":[{"width":400,"height":314,"url":"https:\/\/visitvinkovci.com\/wp-content\/uploads\/2022\/01\/Vinkovci_Logo_Central_HR_COLOR.png","type":"image\/png"}],"twitter_card":"summary_large_image","twitter_misc":{"Gesch\u00e4tzte Lesezeit":"2\u00a0Minuten"},"schema":{"@context":"https:\/\/schema.org","@graph":[{"@type":"WebPage","@id":"https:\/\/visitvinkovci.com\/tipicno-vinkovacko\/","url":"https:\/\/visitvinkovci.com\/tipicno-vinkovacko\/","name":"Tipi\u010dno Vinkova\u010dko - Visit Vinkovci","isPartOf":{"@id":"https:\/\/visitvinkovci.com\/de\/#website"},"datePublished":"2022-05-04T06:13:48+00:00","dateModified":"2022-07-14T12:26:11+00:00","description":"Der Tourismusverband der Stadt Vinkovci ist eine Organisation, die nach dem Prinzip des Destinationsmanagements arbeitet. Er wurde gegr\u00fcndet, um den Tourismus in der Republik Kroatien und die wirtschaftlichen Interessen von juristischen und nat\u00fcrlichen Personen, die Gastgewerbe- und Tourismusdienstleistungen erbringen oder andere Aktivit\u00e4ten aus\u00fcben, die in direktem Zusammenhang mit dem Tourismus stehen, so dass sie das die Destination auf der Stadtebene verwalten zu f\u00f6rdern und entwickeln.","breadcrumb":{"@id":"https:\/\/visitvinkovci.com\/tipicno-vinkovacko\/#breadcrumb"},"inLanguage":"de","potentialAction":[{"@type":"ReadAction","target":["https:\/\/visitvinkovci.com\/tipicno-vinkovacko\/"]}]},{"@type":"BreadcrumbList","@id":"https:\/\/visitvinkovci.com\/tipicno-vinkovacko\/#breadcrumb","itemListElement":[{"@type":"ListItem","position":1,"name":"Home","item":"https:\/\/visitvinkovci.com\/"},{"@type":"ListItem","position":2,"name":"Tipi\u010dno Vinkova\u010dko"}]},{"@type":"WebSite","@id":"https:\/\/visitvinkovci.com\/de\/#website","url":"https:\/\/visitvinkovci.com\/de\/","name":"Visit Vinkovci","description":"","publisher":{"@id":"https:\/\/visitvinkovci.com\/de\/#organization"},"alternateName":"VisitVk","potentialAction":[{"@type":"SearchAction","target":{"@type":"EntryPoint","urlTemplate":"https:\/\/visitvinkovci.com\/de\/?s={search_term_string}"},"query-input":{"@type":"PropertyValueSpecification","valueRequired":true,"valueName":"search_term_string"}}],"inLanguage":"de"},{"@type":"Organization","@id":"https:\/\/visitvinkovci.com\/de\/#organization","name":"Visit Vinkovci","alternateName":"Visitvk","url":"https:\/\/visitvinkovci.com\/de\/","logo":{"@type":"ImageObject","inLanguage":"de","@id":"https:\/\/visitvinkovci.com\/de\/#\/schema\/logo\/image\/","url":"https:\/\/visitvinkovci.com\/wp-content\/uploads\/2022\/01\/Vinkovci_Logo_Central_HR_COLOR.png","contentUrl":"https:\/\/visitvinkovci.com\/wp-content\/uploads\/2022\/01\/Vinkovci_Logo_Central_HR_COLOR.png","width":400,"height":314,"caption":"Visit Vinkovci"},"image":{"@id":"https:\/\/visitvinkovci.com\/de\/#\/schema\/logo\/image\/"},"sameAs":["https:\/\/www.facebook.com\/visitvinkovci\/"]}]}},"_links":{"self":[{"href":"https:\/\/visitvinkovci.com\/de\/wp-json\/wp\/v2\/pages\/4341","targetHints":{"allow":["GET"]}}],"collection":[{"href":"https:\/\/visitvinkovci.com\/de\/wp-json\/wp\/v2\/pages"}],"about":[{"href":"https:\/\/visitvinkovci.com\/de\/wp-json\/wp\/v2\/types\/page"}],"author":[{"embeddable":true,"href":"https:\/\/visitvinkovci.com\/de\/wp-json\/wp\/v2\/users\/1"}],"replies":[{"embeddable":true,"href":"https:\/\/visitvinkovci.com\/de\/wp-json\/wp\/v2\/comments?post=4341"}],"version-history":[{"count":8,"href":"https:\/\/visitvinkovci.com\/de\/wp-json\/wp\/v2\/pages\/4341\/revisions"}],"predecessor-version":[{"id":5873,"href":"https:\/\/visitvinkovci.com\/de\/wp-json\/wp\/v2\/pages\/4341\/revisions\/5873"}],"wp:attachment":[{"href":"https:\/\/visitvinkovci.com\/de\/wp-json\/wp\/v2\/media?parent=4341"}],"curies":[{"name":"wp","href":"https:\/\/api.w.org\/{rel}","templated":true}]}}