{"id":4323,"date":"2022-05-04T07:33:31","date_gmt":"2022-05-04T05:33:31","guid":{"rendered":"https:\/\/visitvinkovci.com\/?page_id=4323"},"modified":"2022-07-04T07:12:28","modified_gmt":"2022-07-04T05:12:28","slug":"kratka-povijest-vinkovaca","status":"publish","type":"page","link":"https:\/\/visitvinkovci.com\/de\/godine-zivota-vinkovaca\/kratka-povijest-vinkovaca\/","title":{"rendered":"Kurze geschichte von Vinkovci"},"content":{"rendered":"<section class=\"l-section wpb_row height_large full_height valign_center width_full\"><div class=\"l-section-overlay\" style=\"background:rgba(26,26,26,0.40)\"><\/div><div class=\"l-section-h i-cf\"><div class=\"g-cols vc_row via_flex valign_middle type_default\"><div class=\"vc_col-sm-12 wpb_column vc_column_container\"><div class=\"vc_column-inner\"><div class=\"wpb_wrapper\"><h1 class=\"w-post-elm post_title us_custom_836f727b has_text_color align_center entry-title color_link_inherit\">Kurze geschichte von Vinkovci<\/h1><\/div><\/div><\/div><\/div><\/div><\/section>\n<section class=\"l-section wpb_row height_medium\"><div class=\"l-section-h i-cf\"><div class=\"g-cols vc_row via_flex valign_top type_default\"><div class=\"vc_col-sm-12 wpb_column vc_column_container\"><div class=\"vc_column-inner\"><div class=\"wpb_wrapper\"><div class=\"wpb_text_column\"><div class=\"wpb_wrapper\"><p>Die Kontinuit\u00e4t des Lebens auf dem Gebiet und die Geschichte von Vinkovci als \u00e4ltester Siedlung Europas begann vor mehr als 8000 Jahren. Dank seiner \u00e4u\u00dferst g\u00fcnstigen Lage im n\u00f6rdlichsten M\u00e4ander des Flusses Bosut, dessen linkes Ufer vor den \u00dcberschwemmungen gesch\u00fctzt war, haben Menschen verschiedener Kulturen seit dem Neolithikum dieses Gebiet bis heute durchg\u00e4ngig besiedelt.<\/p>\n<p>Von den antiken Siedlungen, die in der Gegend von Slawonien erw\u00e4hnt werden, wurde die genaue geographische und topographische Position nur zu einem kleinen Teil bestimmt. In der sp\u00e4tr\u00f6mischen Provinz Pannonia Secunda oder Syrmisches Pannonien war Cibalae die drittgr\u00f6\u00dfte Stadt. Das von den Gr\u00e4ben umfasste Cibalae entspricht dem Stadtkern des heutigen Vinkovcis. Der Hauptplatz von Vinkovci und der gro\u00dfe Park markieren dabei das Zentrum des ehemaligen r\u00f6mischen Cibalae. Cibalae war also ein wichtiger Verkehrsknotenpunkt, schon lange bevor jemand an die Eisenbahn dachte, welche die heutige Stadt Vinkovci offiziell als den gr\u00f6\u00dften Eisenbahnknoten Europas in die Landkarten gezeichnet hat. Im Mittelalter war die Stadt noch nicht unter dem Namen Vinkovci bekannt, sondern wurde Sv. Ilija nach dem Heiligen Elias benannt. Erst in der Neuzeit setzte sich der heutige Name der Stadt an den Ufern des Bosuts durch. Nach dem Heiligen Elias benannt, Die urspr\u00fcngliche ungarische Form war Szentillye und die kroatische Version war Ilinci.<\/p>\n<p>Noch heute, am Fest des Heiligen Elias am 20. Juli, wird das Stadtfest mit verschiedenen Attraktionen gefeiert.<\/p>\n<\/div><\/div><\/div><\/div><\/div><\/div><\/div><\/section>","protected":false},"excerpt":{"rendered":"Kratka povijest Vinkovaca Kontinuitet \u017eivljenja i pri\u010da o Vinkovcima kao najstarijem naselju u Europi zapo\u010dinje prije vi\u0161e od 8000 godina. Zahvaljuju\u0107i svom vrlo povoljnom polo\u017eaju na najsjevernijem meandru Bosuta, \u010dija...","protected":false},"author":1,"featured_media":4300,"parent":4291,"menu_order":0,"comment_status":"closed","ping_status":"closed","template":"","meta":{"footnotes":""},"class_list":["post-4323","page","type-page","status-publish","has-post-thumbnail","hentry"],"acf":[],"yoast_head":"<!-- This site is optimized with the Yoast SEO plugin v27.5 - https:\/\/yoast.com\/product\/yoast-seo-wordpress\/ -->\n<title>Visit Vinkovci<\/title>\n<meta name=\"description\" content=\"Turisti\u010dka zajednica grada Vinkovaca je organizacija koja djeluje po na\u010delu destinacijskog menad\u017ementa, a osnovana je radi promicanja i razvoja turizma Republike Hrvatske i gospodarskih interesa pravnih i fizi\u010dkih osoba koje pru\u017eaju ugostiteljske usluge i usluge u turizmu ili obavljaju drugu djelatnost neposredno povezanu s turizmom na na\u010din da upravljaju destinacijom na razini grada Vinkovaca.\" \/>\n<meta name=\"robots\" content=\"index, follow, max-snippet:-1, max-image-preview:large, max-video-preview:-1\" \/>\n<link rel=\"canonical\" href=\"https:\/\/visitvinkovci.com\/de\/godine-zivota-vinkovaca\/kratka-povijest-vinkovaca\/\" \/>\n<meta property=\"og:locale\" content=\"de_DE\" \/>\n<meta property=\"og:type\" content=\"article\" \/>\n<meta property=\"og:title\" content=\"Visit Vinkovci\" \/>\n<meta property=\"og:description\" content=\"Turisti\u010dka zajednica grada Vinkovaca je organizacija koja djeluje po na\u010delu destinacijskog menad\u017ementa, a osnovana je radi promicanja i razvoja turizma Republike Hrvatske i gospodarskih interesa pravnih i fizi\u010dkih osoba koje pru\u017eaju ugostiteljske usluge i usluge u turizmu ili obavljaju drugu djelatnost neposredno povezanu s turizmom na na\u010din da upravljaju destinacijom na razini grada Vinkovaca.\" \/>\n<meta property=\"og:url\" content=\"https:\/\/visitvinkovci.com\/de\/godine-zivota-vinkovaca\/kratka-povijest-vinkovaca\/\" \/>\n<meta property=\"og:site_name\" content=\"Visit Vinkovci\" \/>\n<meta property=\"article:publisher\" content=\"https:\/\/www.facebook.com\/visitvinkovci\/\" \/>\n<meta property=\"article:modified_time\" content=\"2022-07-04T05:12:28+00:00\" \/>\n<meta property=\"og:image\" content=\"https:\/\/visitvinkovci.com\/wp-content\/uploads\/2022\/05\/Kratka-povijest-VK.jpg\" \/>\n\t<meta property=\"og:image:width\" content=\"800\" \/>\n\t<meta property=\"og:image:height\" content=\"453\" \/>\n\t<meta property=\"og:image:type\" content=\"image\/jpeg\" \/>\n<meta name=\"twitter:card\" content=\"summary_large_image\" \/>\n<meta name=\"twitter:label1\" content=\"Gesch\u00e4tzte Lesezeit\" \/>\n\t<meta name=\"twitter:data1\" content=\"1\u00a0Minute\" \/>\n<script type=\"application\/ld+json\" class=\"yoast-schema-graph\">{\"@context\":\"https:\\\/\\\/schema.org\",\"@graph\":[{\"@type\":\"WebPage\",\"@id\":\"https:\\\/\\\/visitvinkovci.com\\\/godine-zivota-vinkovaca\\\/kratka-povijest-vinkovaca\\\/\",\"url\":\"https:\\\/\\\/visitvinkovci.com\\\/godine-zivota-vinkovaca\\\/kratka-povijest-vinkovaca\\\/\",\"name\":\"Visit Vinkovci\",\"isPartOf\":{\"@id\":\"https:\\\/\\\/visitvinkovci.com\\\/de\\\/#website\"},\"primaryImageOfPage\":{\"@id\":\"https:\\\/\\\/visitvinkovci.com\\\/godine-zivota-vinkovaca\\\/kratka-povijest-vinkovaca\\\/#primaryimage\"},\"image\":{\"@id\":\"https:\\\/\\\/visitvinkovci.com\\\/godine-zivota-vinkovaca\\\/kratka-povijest-vinkovaca\\\/#primaryimage\"},\"thumbnailUrl\":\"https:\\\/\\\/visitvinkovci.com\\\/wp-content\\\/uploads\\\/2022\\\/05\\\/Kratka-povijest-VK.jpg\",\"datePublished\":\"2022-05-04T05:33:31+00:00\",\"dateModified\":\"2022-07-04T05:12:28+00:00\",\"description\":\"Turisti\u010dka zajednica grada Vinkovaca je organizacija koja djeluje po na\u010delu destinacijskog menad\u017ementa, a osnovana je radi promicanja i razvoja turizma Republike Hrvatske i gospodarskih interesa pravnih i fizi\u010dkih osoba koje pru\u017eaju ugostiteljske usluge i usluge u turizmu ili obavljaju drugu djelatnost neposredno povezanu s turizmom na na\u010din da upravljaju destinacijom na razini grada Vinkovaca.\",\"breadcrumb\":{\"@id\":\"https:\\\/\\\/visitvinkovci.com\\\/godine-zivota-vinkovaca\\\/kratka-povijest-vinkovaca\\\/#breadcrumb\"},\"inLanguage\":\"de\",\"potentialAction\":[{\"@type\":\"ReadAction\",\"target\":[\"https:\\\/\\\/visitvinkovci.com\\\/godine-zivota-vinkovaca\\\/kratka-povijest-vinkovaca\\\/\"]}]},{\"@type\":\"ImageObject\",\"inLanguage\":\"de\",\"@id\":\"https:\\\/\\\/visitvinkovci.com\\\/godine-zivota-vinkovaca\\\/kratka-povijest-vinkovaca\\\/#primaryimage\",\"url\":\"https:\\\/\\\/visitvinkovci.com\\\/wp-content\\\/uploads\\\/2022\\\/05\\\/Kratka-povijest-VK.jpg\",\"contentUrl\":\"https:\\\/\\\/visitvinkovci.com\\\/wp-content\\\/uploads\\\/2022\\\/05\\\/Kratka-povijest-VK.jpg\",\"width\":800,\"height\":453},{\"@type\":\"BreadcrumbList\",\"@id\":\"https:\\\/\\\/visitvinkovci.com\\\/godine-zivota-vinkovaca\\\/kratka-povijest-vinkovaca\\\/#breadcrumb\",\"itemListElement\":[{\"@type\":\"ListItem\",\"position\":1,\"name\":\"Home\",\"item\":\"https:\\\/\\\/visitvinkovci.com\\\/\"},{\"@type\":\"ListItem\",\"position\":2,\"name\":\"Godine \u017eivota Vinkovaca\",\"item\":\"https:\\\/\\\/visitvinkovci.com\\\/godine-zivota-vinkovaca\\\/\"},{\"@type\":\"ListItem\",\"position\":3,\"name\":\"Kratka povijest Vinkovaca\"}]},{\"@type\":\"WebSite\",\"@id\":\"https:\\\/\\\/visitvinkovci.com\\\/de\\\/#website\",\"url\":\"https:\\\/\\\/visitvinkovci.com\\\/de\\\/\",\"name\":\"Visit Vinkovci\",\"description\":\"\",\"publisher\":{\"@id\":\"https:\\\/\\\/visitvinkovci.com\\\/de\\\/#organization\"},\"alternateName\":\"VisitVk\",\"potentialAction\":[{\"@type\":\"SearchAction\",\"target\":{\"@type\":\"EntryPoint\",\"urlTemplate\":\"https:\\\/\\\/visitvinkovci.com\\\/de\\\/?s={search_term_string}\"},\"query-input\":{\"@type\":\"PropertyValueSpecification\",\"valueRequired\":true,\"valueName\":\"search_term_string\"}}],\"inLanguage\":\"de\"},{\"@type\":\"Organization\",\"@id\":\"https:\\\/\\\/visitvinkovci.com\\\/de\\\/#organization\",\"name\":\"Visit Vinkovci\",\"alternateName\":\"Visitvk\",\"url\":\"https:\\\/\\\/visitvinkovci.com\\\/de\\\/\",\"logo\":{\"@type\":\"ImageObject\",\"inLanguage\":\"de\",\"@id\":\"https:\\\/\\\/visitvinkovci.com\\\/de\\\/#\\\/schema\\\/logo\\\/image\\\/\",\"url\":\"https:\\\/\\\/visitvinkovci.com\\\/wp-content\\\/uploads\\\/2022\\\/01\\\/Vinkovci_Logo_Central_HR_COLOR.png\",\"contentUrl\":\"https:\\\/\\\/visitvinkovci.com\\\/wp-content\\\/uploads\\\/2022\\\/01\\\/Vinkovci_Logo_Central_HR_COLOR.png\",\"width\":400,\"height\":314,\"caption\":\"Visit Vinkovci\"},\"image\":{\"@id\":\"https:\\\/\\\/visitvinkovci.com\\\/de\\\/#\\\/schema\\\/logo\\\/image\\\/\"},\"sameAs\":[\"https:\\\/\\\/www.facebook.com\\\/visitvinkovci\\\/\"]}]}<\/script>\n<!-- \/ Yoast SEO plugin. -->","yoast_head_json":{"title":"Visit Vinkovci","description":"Der Tourismusverband der Stadt Vinkovci ist eine Organisation, die nach dem Prinzip des Destinationsmanagements arbeitet. Er wurde gegr\u00fcndet, um den Tourismus in der Republik Kroatien und die wirtschaftlichen Interessen von juristischen und nat\u00fcrlichen Personen, die Gastgewerbe- und Tourismusdienstleistungen erbringen oder andere Aktivit\u00e4ten aus\u00fcben, die in direktem Zusammenhang mit dem Tourismus stehen, so dass sie das die Destination auf der Stadtebene verwalten zu f\u00f6rdern und entwickeln.","robots":{"index":"index","follow":"follow","max-snippet":"max-snippet:-1","max-image-preview":"max-image-preview:large","max-video-preview":"max-video-preview:-1"},"canonical":"https:\/\/visitvinkovci.com\/de\/godine-zivota-vinkovaca\/kratka-povijest-vinkovaca\/","og_locale":"de_DE","og_type":"article","og_title":"Visit Vinkovci","og_description":"Turisti\u010dka zajednica grada Vinkovaca je organizacija koja djeluje po na\u010delu destinacijskog menad\u017ementa, a osnovana je radi promicanja i razvoja turizma Republike Hrvatske i gospodarskih interesa pravnih i fizi\u010dkih osoba koje pru\u017eaju ugostiteljske usluge i usluge u turizmu ili obavljaju drugu djelatnost neposredno povezanu s turizmom na na\u010din da upravljaju destinacijom na razini grada Vinkovaca.","og_url":"https:\/\/visitvinkovci.com\/de\/godine-zivota-vinkovaca\/kratka-povijest-vinkovaca\/","og_site_name":"Visit Vinkovci","article_publisher":"https:\/\/www.facebook.com\/visitvinkovci\/","article_modified_time":"2022-07-04T05:12:28+00:00","og_image":[{"width":800,"height":453,"url":"https:\/\/visitvinkovci.com\/wp-content\/uploads\/2022\/05\/Kratka-povijest-VK.jpg","type":"image\/jpeg"}],"twitter_card":"summary_large_image","twitter_misc":{"Gesch\u00e4tzte Lesezeit":"1\u00a0Minute"},"schema":{"@context":"https:\/\/schema.org","@graph":[{"@type":"WebPage","@id":"https:\/\/visitvinkovci.com\/godine-zivota-vinkovaca\/kratka-povijest-vinkovaca\/","url":"https:\/\/visitvinkovci.com\/godine-zivota-vinkovaca\/kratka-povijest-vinkovaca\/","name":"Visit Vinkovci","isPartOf":{"@id":"https:\/\/visitvinkovci.com\/de\/#website"},"primaryImageOfPage":{"@id":"https:\/\/visitvinkovci.com\/godine-zivota-vinkovaca\/kratka-povijest-vinkovaca\/#primaryimage"},"image":{"@id":"https:\/\/visitvinkovci.com\/godine-zivota-vinkovaca\/kratka-povijest-vinkovaca\/#primaryimage"},"thumbnailUrl":"https:\/\/visitvinkovci.com\/wp-content\/uploads\/2022\/05\/Kratka-povijest-VK.jpg","datePublished":"2022-05-04T05:33:31+00:00","dateModified":"2022-07-04T05:12:28+00:00","description":"Der Tourismusverband der Stadt Vinkovci ist eine Organisation, die nach dem Prinzip des Destinationsmanagements arbeitet. Er wurde gegr\u00fcndet, um den Tourismus in der Republik Kroatien und die wirtschaftlichen Interessen von juristischen und nat\u00fcrlichen Personen, die Gastgewerbe- und Tourismusdienstleistungen erbringen oder andere Aktivit\u00e4ten aus\u00fcben, die in direktem Zusammenhang mit dem Tourismus stehen, so dass sie das die Destination auf der Stadtebene verwalten zu f\u00f6rdern und entwickeln.","breadcrumb":{"@id":"https:\/\/visitvinkovci.com\/godine-zivota-vinkovaca\/kratka-povijest-vinkovaca\/#breadcrumb"},"inLanguage":"de","potentialAction":[{"@type":"ReadAction","target":["https:\/\/visitvinkovci.com\/godine-zivota-vinkovaca\/kratka-povijest-vinkovaca\/"]}]},{"@type":"ImageObject","inLanguage":"de","@id":"https:\/\/visitvinkovci.com\/godine-zivota-vinkovaca\/kratka-povijest-vinkovaca\/#primaryimage","url":"https:\/\/visitvinkovci.com\/wp-content\/uploads\/2022\/05\/Kratka-povijest-VK.jpg","contentUrl":"https:\/\/visitvinkovci.com\/wp-content\/uploads\/2022\/05\/Kratka-povijest-VK.jpg","width":800,"height":453},{"@type":"BreadcrumbList","@id":"https:\/\/visitvinkovci.com\/godine-zivota-vinkovaca\/kratka-povijest-vinkovaca\/#breadcrumb","itemListElement":[{"@type":"ListItem","position":1,"name":"Home","item":"https:\/\/visitvinkovci.com\/"},{"@type":"ListItem","position":2,"name":"Godine \u017eivota Vinkovaca","item":"https:\/\/visitvinkovci.com\/godine-zivota-vinkovaca\/"},{"@type":"ListItem","position":3,"name":"Kratka povijest Vinkovaca"}]},{"@type":"WebSite","@id":"https:\/\/visitvinkovci.com\/de\/#website","url":"https:\/\/visitvinkovci.com\/de\/","name":"Visit Vinkovci","description":"","publisher":{"@id":"https:\/\/visitvinkovci.com\/de\/#organization"},"alternateName":"VisitVk","potentialAction":[{"@type":"SearchAction","target":{"@type":"EntryPoint","urlTemplate":"https:\/\/visitvinkovci.com\/de\/?s={search_term_string}"},"query-input":{"@type":"PropertyValueSpecification","valueRequired":true,"valueName":"search_term_string"}}],"inLanguage":"de"},{"@type":"Organization","@id":"https:\/\/visitvinkovci.com\/de\/#organization","name":"Visit Vinkovci","alternateName":"Visitvk","url":"https:\/\/visitvinkovci.com\/de\/","logo":{"@type":"ImageObject","inLanguage":"de","@id":"https:\/\/visitvinkovci.com\/de\/#\/schema\/logo\/image\/","url":"https:\/\/visitvinkovci.com\/wp-content\/uploads\/2022\/01\/Vinkovci_Logo_Central_HR_COLOR.png","contentUrl":"https:\/\/visitvinkovci.com\/wp-content\/uploads\/2022\/01\/Vinkovci_Logo_Central_HR_COLOR.png","width":400,"height":314,"caption":"Visit Vinkovci"},"image":{"@id":"https:\/\/visitvinkovci.com\/de\/#\/schema\/logo\/image\/"},"sameAs":["https:\/\/www.facebook.com\/visitvinkovci\/"]}]}},"_links":{"self":[{"href":"https:\/\/visitvinkovci.com\/de\/wp-json\/wp\/v2\/pages\/4323","targetHints":{"allow":["GET"]}}],"collection":[{"href":"https:\/\/visitvinkovci.com\/de\/wp-json\/wp\/v2\/pages"}],"about":[{"href":"https:\/\/visitvinkovci.com\/de\/wp-json\/wp\/v2\/types\/page"}],"author":[{"embeddable":true,"href":"https:\/\/visitvinkovci.com\/de\/wp-json\/wp\/v2\/users\/1"}],"replies":[{"embeddable":true,"href":"https:\/\/visitvinkovci.com\/de\/wp-json\/wp\/v2\/comments?post=4323"}],"version-history":[{"count":5,"href":"https:\/\/visitvinkovci.com\/de\/wp-json\/wp\/v2\/pages\/4323\/revisions"}],"predecessor-version":[{"id":4336,"href":"https:\/\/visitvinkovci.com\/de\/wp-json\/wp\/v2\/pages\/4323\/revisions\/4336"}],"up":[{"embeddable":true,"href":"https:\/\/visitvinkovci.com\/de\/wp-json\/wp\/v2\/pages\/4291"}],"wp:featuredmedia":[{"embeddable":true,"href":"https:\/\/visitvinkovci.com\/de\/wp-json\/wp\/v2\/media\/4300"}],"wp:attachment":[{"href":"https:\/\/visitvinkovci.com\/de\/wp-json\/wp\/v2\/media?parent=4323"}],"curies":[{"name":"wp","href":"https:\/\/api.w.org\/{rel}","templated":true}]}}