{"id":4261,"date":"2022-04-25T13:42:24","date_gmt":"2022-04-25T11:42:24","guid":{"rendered":"https:\/\/visitvinkovci.com\/?page_id=4261"},"modified":"2025-04-03T14:43:25","modified_gmt":"2025-04-03T12:43:25","slug":"korisni-linkovi","status":"publish","type":"page","link":"https:\/\/visitvinkovci.com\/de\/korisni-linkovi\/","title":{"rendered":"Korisni linkovi"},"content":{"rendered":"<section class=\"l-section wpb_row height_large width_full\"><div class=\"l-section-overlay\" style=\"background:rgba(26,26,26,0.40)\"><\/div><div class=\"l-section-h i-cf\"><div class=\"g-cols vc_row via_flex valign_middle type_default\"><div class=\"vc_col-sm-12 wpb_column vc_column_container\"><div class=\"vc_column-inner\"><div class=\"wpb_wrapper\"><h1 class=\"w-post-elm post_title us_custom_836f727b has_text_color align_center entry-title color_link_inherit\">Korisni linkovi<\/h1><\/div><\/div><\/div><\/div><\/div><\/section>\n<section class=\"l-section wpb_row us_custom_eb849559 useful-links height_medium\"><div class=\"l-section-h i-cf\"><div class=\"g-cols vc_row via_flex valign_top type_default\"><div class=\"vc_col-sm-12 wpb_column vc_column_container\"><div class=\"vc_column-inner\"><div class=\"wpb_wrapper\"><div class=\"w-text\"><a target=\"_blank\" href=\"https:\/\/grad-vinkovci.hr\/hr\" rel=\"noopener\" class=\"w-text-h\"><i class=\"far fa-link\"><\/i><span class=\"w-text-value\">Grad Vinkovci<\/span><\/a><\/div><div class=\"w-text\"><a target=\"_blank\" href=\"https:\/\/www.visitvukovar-srijem.com\/\" rel=\"noopener\" class=\"w-text-h\"><i class=\"far fa-link\"><\/i><span class=\"w-text-value\">TZ Vukovarsko-srijemske \u017eupanije<\/span><\/a><\/div><div class=\"w-text\"><a target=\"_blank\" href=\"https:\/\/www.htz.hr\/hr-HR\" rel=\"noopener\" class=\"w-text-h\"><i class=\"far fa-link\"><\/i><span class=\"w-text-value\">Hrvatska turisti\u010dka zajednica (Business)<\/span><\/a><\/div><div class=\"w-text\"><a target=\"_blank\" href=\"https:\/\/croatia.hr\/\" rel=\"noopener\" class=\"w-text-h\"><i class=\"far fa-link\"><\/i><span class=\"w-text-value\">Hrvatska turisti\u010dka zajednica<\/span><\/a><\/div><div class=\"w-text\"><a target=\"_blank\" href=\"https:\/\/mint.gov.hr\/\" rel=\"noopener\" class=\"w-text-h\"><i class=\"far fa-link\"><\/i><span class=\"w-text-value\">Ministarstvo turizma i sporta<\/span><\/a><\/div><div class=\"w-text\"><a target=\"_blank\" href=\"https:\/\/www.vusz.hr\/\" rel=\"noopener\" class=\"w-text-h\"><i class=\"far fa-link\"><\/i><span class=\"w-text-value\">Vukovarsko srijemska \u017eupanija<\/span><\/a><\/div><div class=\"w-text\"><a target=\"_blank\" href=\"https:\/\/www.uhpa.hr\/\" rel=\"noopener\" class=\"w-text-h\"><i class=\"far fa-link\"><\/i><span class=\"w-text-value\">Udruga hrvatskih putni\u010dkih agencija<\/span><\/a><\/div><div class=\"w-text\"><a target=\"_blank\" href=\"https:\/\/novosti.hr\/\" rel=\"noopener\" class=\"w-text-h\"><i class=\"far fa-link\"><\/i><span class=\"w-text-value\">Nachrichten<\/span><\/a><\/div><div class=\"w-text\"><a target=\"_blank\" href=\"https:\/\/vktv.tv\/\" rel=\"noopener\" class=\"w-text-h\"><i class=\"far fa-link\"><\/i><span class=\"w-text-value\">Vinkova\u010dka televezija<\/span><\/a><\/div><div class=\"w-text\"><a target=\"_blank\" href=\"https:\/\/tz-opcinanijemci.hr\/\" rel=\"noopener\" class=\"w-text-h\"><i class=\"far fa-link\"><\/i><span class=\"w-text-value\">TZ Op\u0107ina Nijemci<\/span><\/a><\/div><div class=\"w-text\"><a target=\"_blank\" href=\"https:\/\/turizamilok.hr\/\" rel=\"noopener\" class=\"w-text-h\"><i class=\"far fa-link\"><\/i><span class=\"w-text-value\">Turizam Ilok<\/span><\/a><\/div><div class=\"w-text\"><a target=\"_blank\" href=\"https:\/\/turizamvukovar.hr\/\" rel=\"noopener\" class=\"w-text-h\"><i class=\"far fa-link\"><\/i><span class=\"w-text-value\">Turizam Vukovar<\/span><\/a><\/div><div class=\"w-text\"><a target=\"_blank\" href=\"https:\/\/tz-babinagreda.hr\/\" rel=\"noopener\" class=\"w-text-h\"><i class=\"far fa-link\"><\/i><span class=\"w-text-value\">TZ Babina Greda<\/span><\/a><\/div><div class=\"w-text\"><a target=\"_blank\" href=\"https:\/\/www.tz-zupanja.hr\/\" rel=\"noopener\" class=\"w-text-h\"><i class=\"far fa-link\"><\/i><span class=\"w-text-value\">TZ \u017dupanja<\/span><\/a><\/div><div class=\"w-text\"><a target=\"_blank\" href=\"https:\/\/visitspacva.hr\/\" rel=\"noopener\" class=\"w-text-h\"><i class=\"far fa-link\"><\/i><span class=\"w-text-value\">TZ Spa\u010dva<\/span><\/a><\/div><\/div><\/div><\/div><\/div><\/div><\/section>","protected":false},"excerpt":{"rendered":"Korisni linkovi Grad VinkovciTZ Vukovarsko-srijemske \u017eupanijeHrvatska turisti\u010dka zajednica (Business)Hrvatska turisti\u010dka zajednicaMinistarstvo turizma i sportaVukovarsko srijemska \u017eupanijaUdruga hrvatskih putni\u010dkih agencijaNovostiVinkova\u010dka televezijaTZ Op\u0107ina NijemciTurizam IlokTurizam VukovarTZ Babina GredaTZ \u017dupanjaTZ Spa\u010dva","protected":false},"author":1,"featured_media":9457,"parent":0,"menu_order":0,"comment_status":"closed","ping_status":"closed","template":"","meta":{"footnotes":""},"class_list":["post-4261","page","type-page","status-publish","has-post-thumbnail","hentry"],"acf":[],"yoast_head":"<!-- This site is optimized with the Yoast SEO plugin v27.5 - https:\/\/yoast.com\/product\/yoast-seo-wordpress\/ -->\n<title>Visit Vinkovci<\/title>\n<meta name=\"description\" content=\"Turisti\u010dka zajednica grada Vinkovaca je organizacija koja djeluje po na\u010delu destinacijskog menad\u017ementa, a osnovana je radi promicanja i razvoja turizma Republike Hrvatske i gospodarskih interesa pravnih i fizi\u010dkih osoba koje pru\u017eaju ugostiteljske usluge i usluge u turizmu ili obavljaju drugu djelatnost neposredno povezanu s turizmom na na\u010din da upravljaju destinacijom na razini grada Vinkovaca.\" \/>\n<meta name=\"robots\" content=\"index, follow, max-snippet:-1, max-image-preview:large, max-video-preview:-1\" \/>\n<link rel=\"canonical\" href=\"https:\/\/visitvinkovci.com\/de\/korisni-linkovi\/\" \/>\n<meta property=\"og:locale\" content=\"de_DE\" \/>\n<meta property=\"og:type\" content=\"article\" \/>\n<meta property=\"og:title\" content=\"Visit Vinkovci\" \/>\n<meta property=\"og:description\" content=\"Turisti\u010dka zajednica grada Vinkovaca je organizacija koja djeluje po na\u010delu destinacijskog menad\u017ementa, a osnovana je radi promicanja i razvoja turizma Republike Hrvatske i gospodarskih interesa pravnih i fizi\u010dkih osoba koje pru\u017eaju ugostiteljske usluge i usluge u turizmu ili obavljaju drugu djelatnost neposredno povezanu s turizmom na na\u010din da upravljaju destinacijom na razini grada Vinkovaca.\" \/>\n<meta property=\"og:url\" content=\"https:\/\/visitvinkovci.com\/de\/korisni-linkovi\/\" \/>\n<meta property=\"og:site_name\" content=\"Visit Vinkovci\" \/>\n<meta property=\"article:publisher\" content=\"https:\/\/www.facebook.com\/visitvinkovci\/\" \/>\n<meta property=\"article:modified_time\" content=\"2025-04-03T12:43:25+00:00\" \/>\n<meta property=\"og:image\" content=\"https:\/\/visitvinkovci.com\/wp-content\/uploads\/2025\/01\/VK-8-of-57.jpg\" \/>\n\t<meta property=\"og:image:width\" content=\"2000\" \/>\n\t<meta property=\"og:image:height\" content=\"1125\" \/>\n\t<meta property=\"og:image:type\" content=\"image\/jpeg\" \/>\n<meta name=\"twitter:card\" content=\"summary_large_image\" \/>\n<meta name=\"twitter:label1\" content=\"Gesch\u00e4tzte Lesezeit\" \/>\n\t<meta name=\"twitter:data1\" content=\"1\u00a0Minute\" \/>\n<script type=\"application\/ld+json\" class=\"yoast-schema-graph\">{\"@context\":\"https:\\\/\\\/schema.org\",\"@graph\":[{\"@type\":\"WebPage\",\"@id\":\"https:\\\/\\\/visitvinkovci.com\\\/korisni-linkovi\\\/\",\"url\":\"https:\\\/\\\/visitvinkovci.com\\\/korisni-linkovi\\\/\",\"name\":\"Visit Vinkovci\",\"isPartOf\":{\"@id\":\"https:\\\/\\\/visitvinkovci.com\\\/de\\\/#website\"},\"primaryImageOfPage\":{\"@id\":\"https:\\\/\\\/visitvinkovci.com\\\/korisni-linkovi\\\/#primaryimage\"},\"image\":{\"@id\":\"https:\\\/\\\/visitvinkovci.com\\\/korisni-linkovi\\\/#primaryimage\"},\"thumbnailUrl\":\"https:\\\/\\\/visitvinkovci.com\\\/wp-content\\\/uploads\\\/2025\\\/01\\\/VK-8-of-57.jpg\",\"datePublished\":\"2022-04-25T11:42:24+00:00\",\"dateModified\":\"2025-04-03T12:43:25+00:00\",\"description\":\"Turisti\u010dka zajednica grada Vinkovaca je organizacija koja djeluje po na\u010delu destinacijskog menad\u017ementa, a osnovana je radi promicanja i razvoja turizma Republike Hrvatske i gospodarskih interesa pravnih i fizi\u010dkih osoba koje pru\u017eaju ugostiteljske usluge i usluge u turizmu ili obavljaju drugu djelatnost neposredno povezanu s turizmom na na\u010din da upravljaju destinacijom na razini grada Vinkovaca.\",\"breadcrumb\":{\"@id\":\"https:\\\/\\\/visitvinkovci.com\\\/korisni-linkovi\\\/#breadcrumb\"},\"inLanguage\":\"de\",\"potentialAction\":[{\"@type\":\"ReadAction\",\"target\":[\"https:\\\/\\\/visitvinkovci.com\\\/korisni-linkovi\\\/\"]}]},{\"@type\":\"ImageObject\",\"inLanguage\":\"de\",\"@id\":\"https:\\\/\\\/visitvinkovci.com\\\/korisni-linkovi\\\/#primaryimage\",\"url\":\"https:\\\/\\\/visitvinkovci.com\\\/wp-content\\\/uploads\\\/2025\\\/01\\\/VK-8-of-57.jpg\",\"contentUrl\":\"https:\\\/\\\/visitvinkovci.com\\\/wp-content\\\/uploads\\\/2025\\\/01\\\/VK-8-of-57.jpg\",\"width\":2000,\"height\":1125},{\"@type\":\"BreadcrumbList\",\"@id\":\"https:\\\/\\\/visitvinkovci.com\\\/korisni-linkovi\\\/#breadcrumb\",\"itemListElement\":[{\"@type\":\"ListItem\",\"position\":1,\"name\":\"Home\",\"item\":\"https:\\\/\\\/visitvinkovci.com\\\/\"},{\"@type\":\"ListItem\",\"position\":2,\"name\":\"Korisni linkovi\"}]},{\"@type\":\"WebSite\",\"@id\":\"https:\\\/\\\/visitvinkovci.com\\\/de\\\/#website\",\"url\":\"https:\\\/\\\/visitvinkovci.com\\\/de\\\/\",\"name\":\"Visit Vinkovci\",\"description\":\"\",\"publisher\":{\"@id\":\"https:\\\/\\\/visitvinkovci.com\\\/de\\\/#organization\"},\"alternateName\":\"VisitVk\",\"potentialAction\":[{\"@type\":\"SearchAction\",\"target\":{\"@type\":\"EntryPoint\",\"urlTemplate\":\"https:\\\/\\\/visitvinkovci.com\\\/de\\\/?s={search_term_string}\"},\"query-input\":{\"@type\":\"PropertyValueSpecification\",\"valueRequired\":true,\"valueName\":\"search_term_string\"}}],\"inLanguage\":\"de\"},{\"@type\":\"Organization\",\"@id\":\"https:\\\/\\\/visitvinkovci.com\\\/de\\\/#organization\",\"name\":\"Visit Vinkovci\",\"alternateName\":\"Visitvk\",\"url\":\"https:\\\/\\\/visitvinkovci.com\\\/de\\\/\",\"logo\":{\"@type\":\"ImageObject\",\"inLanguage\":\"de\",\"@id\":\"https:\\\/\\\/visitvinkovci.com\\\/de\\\/#\\\/schema\\\/logo\\\/image\\\/\",\"url\":\"https:\\\/\\\/visitvinkovci.com\\\/wp-content\\\/uploads\\\/2022\\\/01\\\/Vinkovci_Logo_Central_HR_COLOR.png\",\"contentUrl\":\"https:\\\/\\\/visitvinkovci.com\\\/wp-content\\\/uploads\\\/2022\\\/01\\\/Vinkovci_Logo_Central_HR_COLOR.png\",\"width\":400,\"height\":314,\"caption\":\"Visit Vinkovci\"},\"image\":{\"@id\":\"https:\\\/\\\/visitvinkovci.com\\\/de\\\/#\\\/schema\\\/logo\\\/image\\\/\"},\"sameAs\":[\"https:\\\/\\\/www.facebook.com\\\/visitvinkovci\\\/\"]}]}<\/script>\n<!-- \/ Yoast SEO plugin. -->","yoast_head_json":{"title":"Visit Vinkovci","description":"Der Tourismusverband der Stadt Vinkovci ist eine Organisation, die nach dem Prinzip des Destinationsmanagements arbeitet. Er wurde gegr\u00fcndet, um den Tourismus in der Republik Kroatien und die wirtschaftlichen Interessen von juristischen und nat\u00fcrlichen Personen, die Gastgewerbe- und Tourismusdienstleistungen erbringen oder andere Aktivit\u00e4ten aus\u00fcben, die in direktem Zusammenhang mit dem Tourismus stehen, so dass sie das die Destination auf der Stadtebene verwalten zu f\u00f6rdern und entwickeln.","robots":{"index":"index","follow":"follow","max-snippet":"max-snippet:-1","max-image-preview":"max-image-preview:large","max-video-preview":"max-video-preview:-1"},"canonical":"https:\/\/visitvinkovci.com\/de\/korisni-linkovi\/","og_locale":"de_DE","og_type":"article","og_title":"Visit Vinkovci","og_description":"Turisti\u010dka zajednica grada Vinkovaca je organizacija koja djeluje po na\u010delu destinacijskog menad\u017ementa, a osnovana je radi promicanja i razvoja turizma Republike Hrvatske i gospodarskih interesa pravnih i fizi\u010dkih osoba koje pru\u017eaju ugostiteljske usluge i usluge u turizmu ili obavljaju drugu djelatnost neposredno povezanu s turizmom na na\u010din da upravljaju destinacijom na razini grada Vinkovaca.","og_url":"https:\/\/visitvinkovci.com\/de\/korisni-linkovi\/","og_site_name":"Visit Vinkovci","article_publisher":"https:\/\/www.facebook.com\/visitvinkovci\/","article_modified_time":"2025-04-03T12:43:25+00:00","og_image":[{"width":2000,"height":1125,"url":"https:\/\/visitvinkovci.com\/wp-content\/uploads\/2025\/01\/VK-8-of-57.jpg","type":"image\/jpeg"}],"twitter_card":"summary_large_image","twitter_misc":{"Gesch\u00e4tzte Lesezeit":"1\u00a0Minute"},"schema":{"@context":"https:\/\/schema.org","@graph":[{"@type":"WebPage","@id":"https:\/\/visitvinkovci.com\/korisni-linkovi\/","url":"https:\/\/visitvinkovci.com\/korisni-linkovi\/","name":"Visit Vinkovci","isPartOf":{"@id":"https:\/\/visitvinkovci.com\/de\/#website"},"primaryImageOfPage":{"@id":"https:\/\/visitvinkovci.com\/korisni-linkovi\/#primaryimage"},"image":{"@id":"https:\/\/visitvinkovci.com\/korisni-linkovi\/#primaryimage"},"thumbnailUrl":"https:\/\/visitvinkovci.com\/wp-content\/uploads\/2025\/01\/VK-8-of-57.jpg","datePublished":"2022-04-25T11:42:24+00:00","dateModified":"2025-04-03T12:43:25+00:00","description":"Der Tourismusverband der Stadt Vinkovci ist eine Organisation, die nach dem Prinzip des Destinationsmanagements arbeitet. Er wurde gegr\u00fcndet, um den Tourismus in der Republik Kroatien und die wirtschaftlichen Interessen von juristischen und nat\u00fcrlichen Personen, die Gastgewerbe- und Tourismusdienstleistungen erbringen oder andere Aktivit\u00e4ten aus\u00fcben, die in direktem Zusammenhang mit dem Tourismus stehen, so dass sie das die Destination auf der Stadtebene verwalten zu f\u00f6rdern und entwickeln.","breadcrumb":{"@id":"https:\/\/visitvinkovci.com\/korisni-linkovi\/#breadcrumb"},"inLanguage":"de","potentialAction":[{"@type":"ReadAction","target":["https:\/\/visitvinkovci.com\/korisni-linkovi\/"]}]},{"@type":"ImageObject","inLanguage":"de","@id":"https:\/\/visitvinkovci.com\/korisni-linkovi\/#primaryimage","url":"https:\/\/visitvinkovci.com\/wp-content\/uploads\/2025\/01\/VK-8-of-57.jpg","contentUrl":"https:\/\/visitvinkovci.com\/wp-content\/uploads\/2025\/01\/VK-8-of-57.jpg","width":2000,"height":1125},{"@type":"BreadcrumbList","@id":"https:\/\/visitvinkovci.com\/korisni-linkovi\/#breadcrumb","itemListElement":[{"@type":"ListItem","position":1,"name":"Home","item":"https:\/\/visitvinkovci.com\/"},{"@type":"ListItem","position":2,"name":"Korisni linkovi"}]},{"@type":"WebSite","@id":"https:\/\/visitvinkovci.com\/de\/#website","url":"https:\/\/visitvinkovci.com\/de\/","name":"Visit Vinkovci","description":"","publisher":{"@id":"https:\/\/visitvinkovci.com\/de\/#organization"},"alternateName":"VisitVk","potentialAction":[{"@type":"SearchAction","target":{"@type":"EntryPoint","urlTemplate":"https:\/\/visitvinkovci.com\/de\/?s={search_term_string}"},"query-input":{"@type":"PropertyValueSpecification","valueRequired":true,"valueName":"search_term_string"}}],"inLanguage":"de"},{"@type":"Organization","@id":"https:\/\/visitvinkovci.com\/de\/#organization","name":"Visit Vinkovci","alternateName":"Visitvk","url":"https:\/\/visitvinkovci.com\/de\/","logo":{"@type":"ImageObject","inLanguage":"de","@id":"https:\/\/visitvinkovci.com\/de\/#\/schema\/logo\/image\/","url":"https:\/\/visitvinkovci.com\/wp-content\/uploads\/2022\/01\/Vinkovci_Logo_Central_HR_COLOR.png","contentUrl":"https:\/\/visitvinkovci.com\/wp-content\/uploads\/2022\/01\/Vinkovci_Logo_Central_HR_COLOR.png","width":400,"height":314,"caption":"Visit Vinkovci"},"image":{"@id":"https:\/\/visitvinkovci.com\/de\/#\/schema\/logo\/image\/"},"sameAs":["https:\/\/www.facebook.com\/visitvinkovci\/"]}]}},"_links":{"self":[{"href":"https:\/\/visitvinkovci.com\/de\/wp-json\/wp\/v2\/pages\/4261","targetHints":{"allow":["GET"]}}],"collection":[{"href":"https:\/\/visitvinkovci.com\/de\/wp-json\/wp\/v2\/pages"}],"about":[{"href":"https:\/\/visitvinkovci.com\/de\/wp-json\/wp\/v2\/types\/page"}],"author":[{"embeddable":true,"href":"https:\/\/visitvinkovci.com\/de\/wp-json\/wp\/v2\/users\/1"}],"replies":[{"embeddable":true,"href":"https:\/\/visitvinkovci.com\/de\/wp-json\/wp\/v2\/comments?post=4261"}],"version-history":[{"count":10,"href":"https:\/\/visitvinkovci.com\/de\/wp-json\/wp\/v2\/pages\/4261\/revisions"}],"predecessor-version":[{"id":9707,"href":"https:\/\/visitvinkovci.com\/de\/wp-json\/wp\/v2\/pages\/4261\/revisions\/9707"}],"wp:featuredmedia":[{"embeddable":true,"href":"https:\/\/visitvinkovci.com\/de\/wp-json\/wp\/v2\/media\/9457"}],"wp:attachment":[{"href":"https:\/\/visitvinkovci.com\/de\/wp-json\/wp\/v2\/media?parent=4261"}],"curies":[{"name":"wp","href":"https:\/\/api.w.org\/{rel}","templated":true}]}}