{"id":4198,"date":"2022-04-07T14:04:13","date_gmt":"2022-04-07T12:04:13","guid":{"rendered":"https:\/\/visitvinkovci.com\/?page_id=4198"},"modified":"2025-08-18T11:32:31","modified_gmt":"2025-08-18T09:32:31","slug":"o-nama","status":"publish","type":"page","link":"https:\/\/visitvinkovci.com\/de\/o-nama\/","title":{"rendered":"\u00dcber uns"},"content":{"rendered":"<section class=\"l-section wpb_row height_large width_full\"><div class=\"l-section-overlay\" style=\"background:rgba(26,26,26,0.40)\"><\/div><div class=\"l-section-h i-cf\"><div class=\"g-cols vc_row via_flex valign_middle type_default\"><div class=\"vc_col-sm-12 wpb_column vc_column_container\"><div class=\"vc_column-inner\"><div class=\"wpb_wrapper\"><h1 class=\"w-post-elm post_title us_custom_836f727b has_text_color align_center entry-title color_link_inherit\">\u00dcber uns<\/h1><\/div><\/div><\/div><\/div><\/div><\/section>\n<section class=\"l-section wpb_row height_medium\"><div class=\"l-section-h i-cf\"><div class=\"g-cols vc_row via_flex valign_top type_default\"><div class=\"vc_col-sm-12 wpb_column vc_column_container\"><div class=\"vc_column-inner\"><div class=\"wpb_wrapper\"><div class=\"wpb_text_column\"><div class=\"wpb_wrapper\"><p>Der Tourismusverband der Stadt Vinkovci ist eine Organisation, die nach dem Prinzip des Destinationsmanagements arbeitet. Er wurde gegr\u00fcndet, um den Tourismus in der Republik Kroatien und die wirtschaftlichen Interessen von juristischen und nat\u00fcrlichen Personen, die Gastgewerbe- und Tourismusdienstleistungen erbringen oder andere Aktivit\u00e4ten aus\u00fcben, die in direktem Zusammenhang mit dem Tourismus stehen, so dass sie das die Destination auf der Stadtebene verwalten zu f\u00f6rdern und entwickeln.<\/p>\n<p>&nbsp;<\/p>\n<p>Die wichtigsten Aufgaben des Tourismusverbandes sind:<\/p>\n<ul>\n<li>Beteiligung an der Festlegung der Ziele der Tourismusentwicklung auf Stadtebene durch die Politik,<\/li>\n<li>Beteiligung an der Schaffung von Bedingungen f\u00fcr eine effiziente Koordinierung des \u00f6ffentlichen und des privaten Sektors,<\/li>\n<li>sonstige Aufgaben gem\u00e4\u00df Art. 9 9. der Satzung des Tourismusverbandes (Amtsblatt 6\/20)<\/li>\n<\/ul>\n<p>&nbsp;<\/p>\n<p>Der Tourismusverband erh\u00e4lt Einnahmen:<\/p>\n<ul>\n<li>aus einer Aufenthaltsgeb\u00fchr, die wir von unseren G\u00e4sten erbitten, gem\u00e4\u00df dem besonderen Gesetz,<\/li>\n<li>aus Beitr\u00e4gen unserer Mitglieder, gem\u00e4\u00df dem besonderen Gesetz,<\/li>\n<li>von der Aus\u00fcbung der in Artikel 10 des Gesetzes \u00fcber Tourismusverb\u00e4nde und die F\u00f6rderung des kroatischen Tourismus genannten T\u00e4tigkeiten<\/li>\n<\/ul>\n<p>&nbsp;<\/p>\n<p>Dar\u00fcber hinaus erh\u00e4lt der Tourismusverband Einnahmen:<\/p>\n<ul>\n<li>aus dem Haushalt der Stadt, der regionalen Selbstverwaltung und des Staates,<\/li>\n<li>durch Eigentum, das wir f\u00fcr uns arbeiten lassen,<\/li>\n<li>durch Spenden und Schenkungen usw.<\/li>\n<\/ul>\n<p>&nbsp;<\/p>\n<p>Organe des Verbandes:<\/p>\n<ul>\n<li>Die Vollversammlung<\/li>\n<li>Der Tourismusrat<\/li>\n<li>Der Pr\u00e4sident des Tourismusverbandes<\/li>\n<\/ul>\n<\/div><\/div><\/div><\/div><\/div><\/div><\/div><\/section><section class=\"l-section wpb_row height_auto\"><div class=\"l-section-h i-cf\"><div class=\"g-cols vc_row via_flex valign_top type_default\"><div class=\"vc_col-sm-12 wpb_column vc_column_container\"><div class=\"vc_column-inner\"><div class=\"wpb_wrapper\"><div class=\"w-actionbox us_custom_7f96e78e has_text_color color_light controls_bottom\"><div class=\"w-actionbox-text\"><h3 class=\"w-actionbox-title\">Sitz und Arbeitszeiten<\/h3><div class=\"w-actionbox-description\"><p>Sitz des Tourismusverbandes der Stadt Vinkovci: Trg bana Josipa \u0160ok\u010devi\u0107a 4, 32100 Vinkovci<\/p>\n<p>Wir sind montags bis freitags von 8.00 Uhr bis 16.00<br \/>\nUhr f\u00fcr Sie da, au\u00dfer an Feiertagen.<\/p>\n<\/div><\/div><\/div><\/div><\/div><\/div><\/div><\/div><\/section><section class=\"l-section wpb_row height_medium\"><div class=\"l-section-h i-cf\"><div class=\"g-cols vc_row via_flex valign_top type_default\"><div class=\"vc_col-sm-12 wpb_column vc_column_container\"><div class=\"vc_column-inner\"><div class=\"wpb_wrapper\"><div class=\"wpb_text_column\"><div class=\"wpb_wrapper\"><p>Direktor des Tourismusverbandes der Stadt Vinkovci<br \/>\nMartina Matkovi\u0107, dipl. oec.<br \/>\nTrg bana Josipa \u0160ok\u010devi\u0107a 4, 32100 Vinkovci<br \/>\nTel: 032\/334-653<\/p>\n<p>Fachliche Mitarbeiterin<br \/>\nAnita Tutek, mag. oec.<br \/>\nTel: 032\/334-653<\/p>\n<p>Fachliche Mitarbeiterin<br \/>\nKatarina Jeli\u0107, mag. oec.<br \/>\nTel: 032\/334-653<\/p>\n<p>Fachlicher Mitarbeiter<br \/>\nDejan Zloji\u0107, struc. bacc. oec.<br \/>\nTel: 032\/334-653<\/p>\n<\/div><\/div><\/div><\/div><\/div><\/div><\/div><\/section>","protected":false},"excerpt":{"rendered":"O nama Turisti\u010dka zajednica grada Vinkovaca je organizacija koja djeluje po na\u010delu destinacijskog menad\u017ementa, a osnovana je radi promicanja i razvoja turizma Republike Hrvatske i gospodarskih interesa pravnih i fizi\u010dkih...","protected":false},"author":1,"featured_media":5248,"parent":0,"menu_order":0,"comment_status":"closed","ping_status":"closed","template":"","meta":{"footnotes":""},"class_list":["post-4198","page","type-page","status-publish","has-post-thumbnail","hentry"],"acf":[],"yoast_head":"<!-- This site is optimized with the Yoast SEO plugin v27.3 - https:\/\/yoast.com\/product\/yoast-seo-wordpress\/ -->\n<title>O nama - Visit Vinkovci<\/title>\n<meta name=\"description\" content=\"Visit Vinkovci\" \/>\n<meta name=\"robots\" content=\"index, follow, max-snippet:-1, max-image-preview:large, max-video-preview:-1\" \/>\n<link rel=\"canonical\" href=\"https:\/\/visitvinkovci.com\/de\/o-nama\/\" \/>\n<meta property=\"og:locale\" content=\"de_DE\" \/>\n<meta property=\"og:type\" content=\"article\" \/>\n<meta property=\"og:title\" content=\"O nama - Visit Vinkovci\" \/>\n<meta property=\"og:description\" content=\"Visit Vinkovci\" \/>\n<meta property=\"og:url\" content=\"https:\/\/visitvinkovci.com\/de\/o-nama\/\" \/>\n<meta property=\"og:site_name\" content=\"Visit Vinkovci\" \/>\n<meta property=\"article:publisher\" content=\"https:\/\/www.facebook.com\/visitvinkovci\/\" \/>\n<meta property=\"article:modified_time\" content=\"2025-08-18T09:32:31+00:00\" \/>\n<meta property=\"og:image\" content=\"https:\/\/visitvinkovci.com\/wp-content\/uploads\/2022\/06\/o-namadokumentiGDPR-digitalna-pristupacnostpravo-na-pristup-info.jpg\" \/>\n\t<meta property=\"og:image:width\" content=\"2000\" \/>\n\t<meta property=\"og:image:height\" content=\"1600\" \/>\n\t<meta property=\"og:image:type\" content=\"image\/jpeg\" \/>\n<meta name=\"twitter:card\" content=\"summary_large_image\" \/>\n<meta name=\"twitter:label1\" content=\"Gesch\u00e4tzte Lesezeit\" \/>\n\t<meta name=\"twitter:data1\" content=\"2\u00a0Minuten\" \/>\n<script type=\"application\/ld+json\" class=\"yoast-schema-graph\">{\"@context\":\"https:\\\/\\\/schema.org\",\"@graph\":[{\"@type\":\"WebPage\",\"@id\":\"https:\\\/\\\/visitvinkovci.com\\\/o-nama\\\/\",\"url\":\"https:\\\/\\\/visitvinkovci.com\\\/o-nama\\\/\",\"name\":\"O nama - Visit Vinkovci\",\"isPartOf\":{\"@id\":\"https:\\\/\\\/visitvinkovci.com\\\/de\\\/#website\"},\"primaryImageOfPage\":{\"@id\":\"https:\\\/\\\/visitvinkovci.com\\\/o-nama\\\/#primaryimage\"},\"image\":{\"@id\":\"https:\\\/\\\/visitvinkovci.com\\\/o-nama\\\/#primaryimage\"},\"thumbnailUrl\":\"https:\\\/\\\/visitvinkovci.com\\\/wp-content\\\/uploads\\\/2022\\\/06\\\/o-namadokumentiGDPR-digitalna-pristupacnostpravo-na-pristup-info.jpg\",\"datePublished\":\"2022-04-07T12:04:13+00:00\",\"dateModified\":\"2025-08-18T09:32:31+00:00\",\"description\":\"Visit Vinkovci\",\"breadcrumb\":{\"@id\":\"https:\\\/\\\/visitvinkovci.com\\\/o-nama\\\/#breadcrumb\"},\"inLanguage\":\"de\",\"potentialAction\":[{\"@type\":\"ReadAction\",\"target\":[\"https:\\\/\\\/visitvinkovci.com\\\/o-nama\\\/\"]}]},{\"@type\":\"ImageObject\",\"inLanguage\":\"de\",\"@id\":\"https:\\\/\\\/visitvinkovci.com\\\/o-nama\\\/#primaryimage\",\"url\":\"https:\\\/\\\/visitvinkovci.com\\\/wp-content\\\/uploads\\\/2022\\\/06\\\/o-namadokumentiGDPR-digitalna-pristupacnostpravo-na-pristup-info.jpg\",\"contentUrl\":\"https:\\\/\\\/visitvinkovci.com\\\/wp-content\\\/uploads\\\/2022\\\/06\\\/o-namadokumentiGDPR-digitalna-pristupacnostpravo-na-pristup-info.jpg\",\"width\":2000,\"height\":1600},{\"@type\":\"BreadcrumbList\",\"@id\":\"https:\\\/\\\/visitvinkovci.com\\\/o-nama\\\/#breadcrumb\",\"itemListElement\":[{\"@type\":\"ListItem\",\"position\":1,\"name\":\"Home\",\"item\":\"https:\\\/\\\/visitvinkovci.com\\\/\"},{\"@type\":\"ListItem\",\"position\":2,\"name\":\"O nama\"}]},{\"@type\":\"WebSite\",\"@id\":\"https:\\\/\\\/visitvinkovci.com\\\/de\\\/#website\",\"url\":\"https:\\\/\\\/visitvinkovci.com\\\/de\\\/\",\"name\":\"Visit Vinkovci\",\"description\":\"\",\"publisher\":{\"@id\":\"https:\\\/\\\/visitvinkovci.com\\\/de\\\/#organization\"},\"alternateName\":\"VisitVk\",\"potentialAction\":[{\"@type\":\"SearchAction\",\"target\":{\"@type\":\"EntryPoint\",\"urlTemplate\":\"https:\\\/\\\/visitvinkovci.com\\\/de\\\/?s={search_term_string}\"},\"query-input\":{\"@type\":\"PropertyValueSpecification\",\"valueRequired\":true,\"valueName\":\"search_term_string\"}}],\"inLanguage\":\"de\"},{\"@type\":\"Organization\",\"@id\":\"https:\\\/\\\/visitvinkovci.com\\\/de\\\/#organization\",\"name\":\"Visit Vinkovci\",\"alternateName\":\"Visitvk\",\"url\":\"https:\\\/\\\/visitvinkovci.com\\\/de\\\/\",\"logo\":{\"@type\":\"ImageObject\",\"inLanguage\":\"de\",\"@id\":\"https:\\\/\\\/visitvinkovci.com\\\/de\\\/#\\\/schema\\\/logo\\\/image\\\/\",\"url\":\"https:\\\/\\\/visitvinkovci.com\\\/wp-content\\\/uploads\\\/2022\\\/01\\\/Vinkovci_Logo_Central_HR_COLOR.png\",\"contentUrl\":\"https:\\\/\\\/visitvinkovci.com\\\/wp-content\\\/uploads\\\/2022\\\/01\\\/Vinkovci_Logo_Central_HR_COLOR.png\",\"width\":400,\"height\":314,\"caption\":\"Visit Vinkovci\"},\"image\":{\"@id\":\"https:\\\/\\\/visitvinkovci.com\\\/de\\\/#\\\/schema\\\/logo\\\/image\\\/\"},\"sameAs\":[\"https:\\\/\\\/www.facebook.com\\\/visitvinkovci\\\/\"]}]}<\/script>\n<!-- \/ Yoast SEO plugin. -->","yoast_head_json":{"title":"O nama - Visit Vinkovci","description":"Visit Vinkovci","robots":{"index":"index","follow":"follow","max-snippet":"max-snippet:-1","max-image-preview":"max-image-preview:large","max-video-preview":"max-video-preview:-1"},"canonical":"https:\/\/visitvinkovci.com\/de\/o-nama\/","og_locale":"de_DE","og_type":"article","og_title":"O nama - Visit Vinkovci","og_description":"Visit Vinkovci","og_url":"https:\/\/visitvinkovci.com\/de\/o-nama\/","og_site_name":"Visit Vinkovci","article_publisher":"https:\/\/www.facebook.com\/visitvinkovci\/","article_modified_time":"2025-08-18T09:32:31+00:00","og_image":[{"width":2000,"height":1600,"url":"https:\/\/visitvinkovci.com\/wp-content\/uploads\/2022\/06\/o-namadokumentiGDPR-digitalna-pristupacnostpravo-na-pristup-info.jpg","type":"image\/jpeg"}],"twitter_card":"summary_large_image","twitter_misc":{"Gesch\u00e4tzte Lesezeit":"2\u00a0Minuten"},"schema":{"@context":"https:\/\/schema.org","@graph":[{"@type":"WebPage","@id":"https:\/\/visitvinkovci.com\/o-nama\/","url":"https:\/\/visitvinkovci.com\/o-nama\/","name":"O nama - Visit Vinkovci","isPartOf":{"@id":"https:\/\/visitvinkovci.com\/de\/#website"},"primaryImageOfPage":{"@id":"https:\/\/visitvinkovci.com\/o-nama\/#primaryimage"},"image":{"@id":"https:\/\/visitvinkovci.com\/o-nama\/#primaryimage"},"thumbnailUrl":"https:\/\/visitvinkovci.com\/wp-content\/uploads\/2022\/06\/o-namadokumentiGDPR-digitalna-pristupacnostpravo-na-pristup-info.jpg","datePublished":"2022-04-07T12:04:13+00:00","dateModified":"2025-08-18T09:32:31+00:00","description":"Visit Vinkovci","breadcrumb":{"@id":"https:\/\/visitvinkovci.com\/o-nama\/#breadcrumb"},"inLanguage":"de","potentialAction":[{"@type":"ReadAction","target":["https:\/\/visitvinkovci.com\/o-nama\/"]}]},{"@type":"ImageObject","inLanguage":"de","@id":"https:\/\/visitvinkovci.com\/o-nama\/#primaryimage","url":"https:\/\/visitvinkovci.com\/wp-content\/uploads\/2022\/06\/o-namadokumentiGDPR-digitalna-pristupacnostpravo-na-pristup-info.jpg","contentUrl":"https:\/\/visitvinkovci.com\/wp-content\/uploads\/2022\/06\/o-namadokumentiGDPR-digitalna-pristupacnostpravo-na-pristup-info.jpg","width":2000,"height":1600},{"@type":"BreadcrumbList","@id":"https:\/\/visitvinkovci.com\/o-nama\/#breadcrumb","itemListElement":[{"@type":"ListItem","position":1,"name":"Home","item":"https:\/\/visitvinkovci.com\/"},{"@type":"ListItem","position":2,"name":"O nama"}]},{"@type":"WebSite","@id":"https:\/\/visitvinkovci.com\/de\/#website","url":"https:\/\/visitvinkovci.com\/de\/","name":"Visit Vinkovci","description":"","publisher":{"@id":"https:\/\/visitvinkovci.com\/de\/#organization"},"alternateName":"VisitVk","potentialAction":[{"@type":"SearchAction","target":{"@type":"EntryPoint","urlTemplate":"https:\/\/visitvinkovci.com\/de\/?s={search_term_string}"},"query-input":{"@type":"PropertyValueSpecification","valueRequired":true,"valueName":"search_term_string"}}],"inLanguage":"de"},{"@type":"Organization","@id":"https:\/\/visitvinkovci.com\/de\/#organization","name":"Visit Vinkovci","alternateName":"Visitvk","url":"https:\/\/visitvinkovci.com\/de\/","logo":{"@type":"ImageObject","inLanguage":"de","@id":"https:\/\/visitvinkovci.com\/de\/#\/schema\/logo\/image\/","url":"https:\/\/visitvinkovci.com\/wp-content\/uploads\/2022\/01\/Vinkovci_Logo_Central_HR_COLOR.png","contentUrl":"https:\/\/visitvinkovci.com\/wp-content\/uploads\/2022\/01\/Vinkovci_Logo_Central_HR_COLOR.png","width":400,"height":314,"caption":"Visit Vinkovci"},"image":{"@id":"https:\/\/visitvinkovci.com\/de\/#\/schema\/logo\/image\/"},"sameAs":["https:\/\/www.facebook.com\/visitvinkovci\/"]}]}},"_links":{"self":[{"href":"https:\/\/visitvinkovci.com\/de\/wp-json\/wp\/v2\/pages\/4198","targetHints":{"allow":["GET"]}}],"collection":[{"href":"https:\/\/visitvinkovci.com\/de\/wp-json\/wp\/v2\/pages"}],"about":[{"href":"https:\/\/visitvinkovci.com\/de\/wp-json\/wp\/v2\/types\/page"}],"author":[{"embeddable":true,"href":"https:\/\/visitvinkovci.com\/de\/wp-json\/wp\/v2\/users\/1"}],"replies":[{"embeddable":true,"href":"https:\/\/visitvinkovci.com\/de\/wp-json\/wp\/v2\/comments?post=4198"}],"version-history":[{"count":23,"href":"https:\/\/visitvinkovci.com\/de\/wp-json\/wp\/v2\/pages\/4198\/revisions"}],"predecessor-version":[{"id":10489,"href":"https:\/\/visitvinkovci.com\/de\/wp-json\/wp\/v2\/pages\/4198\/revisions\/10489"}],"wp:featuredmedia":[{"embeddable":true,"href":"https:\/\/visitvinkovci.com\/de\/wp-json\/wp\/v2\/media\/5248"}],"wp:attachment":[{"href":"https:\/\/visitvinkovci.com\/de\/wp-json\/wp\/v2\/media?parent=4198"}],"curies":[{"name":"wp","href":"https:\/\/api.w.org\/{rel}","templated":true}]}}